{"id":1052,"date":"2019-08-15T20:50:53","date_gmt":"2019-08-15T19:50:53","guid":{"rendered":"http:\/\/stage.wbstudiotour.co.uk\/?page_id=1052"},"modified":"2025-09-10T13:06:33","modified_gmt":"2025-09-10T12:06:33","slug":"deluxe-tour","status":"publish","type":"page","link":"https:\/\/stage.wbstudiotour.co.uk\/de\/deluxe-tour\/","title":{"rendered":"Deluxe Tour"},"content":{"rendered":"<p class=\"intro-p\">Als Besitzer eines Deluxe Tour Tickets erhalten Sie bei Ihrem Besuch die ultimative VIP-Behandlung.<\/p>\n<p class=\"wysiwyg-intro\">Nachdem Sie in einem Vorzugsbereich nah am Eingang geparkt haben, werden Sie von einem unserer Mitarbeiter zum Treffpunkt f\u00fcr die Deluxe Tour gef\u00fchrt. Von dort aus werden Sie in die Eingangshalle begleitet, um Ihr Ticket und Ihr Gratis-Schl\u00fcsselband abzuholen. Dann k\u00f6nnen Sie die reservierten Sitzgelegenheiten nutzen, bevor Sie und Ihre Gruppe von Ihrem Tourf\u00fchrer abgeholt werden, um Ihre Reise hinter die Kulissen der Welt von Harry Potter zu beginnen.<\/p>\n<p class=\"wysiwyg-intro\">Ihr Deluxe Ticket beinhaltet eine zweist\u00fcndige, gef\u00fchrte Tour durch die echten Sets, Requisiten und Kost\u00fcme, auf der Sie hinter den Kulissen der Studios, in denen alles begann, die Geheimnisse der Filmproduktion erfahren. Wenn Sie den echten Steinboden in der ber\u00fchmten Gro\u00dfen Halle von Hogwarts betreten haben, erhalten Sie die einzigartige Gelegenheit, f\u00fcr ein exklusives Foto zur Eingangst\u00fcr der Zauberschule zur\u00fcckzukehren, was nur im Rahmen der Deluxe Tour m\u00f6glich ist.<\/p>\n<p class=\"wysiwyg-intro\">W\u00e4hrend Ihrer gef\u00fchrten Tour erkunden Sie die unglaublichen Sets, die in der Studio Tour ausgestellt sind, einschlie\u00dflich des Gemeinschaftsraums von Gryffindor, Dumbledores B\u00fcros und des kultigen Gleises 9\u00be, an dem die Originallok des Hogwarts-Express steht. Bevor Sie Ihre Reise fortsetzen, k\u00f6nnen Sie sogar einen Schluck erfrischendes Butterbier nehmen oder Butterbier-Eis probieren, das in einem Souvenir-Becher serviert wird, den Sie mit nach Hause nehmen k\u00f6nnen!<\/p>\n<p class=\"wysiwyg-intro\">Nachdem Sie die magische Winkelgasse entlangspaziert sind und einen Blick in Ollivanders und in Weasleys Zauberhafte Zauberscherze geworfen haben, k\u00f6nnen Sie das atemberaubende, ma\u00dfstabsgetreue Miniaturmodell von Schloss Hogwarts bewundern. Nach Abschluss Ihrer gef\u00fchrten Tour k\u00f6nnen Sie an einem Tisch in einem unserer Caf\u00e9s eine warme Mahlzeit und ein Getr\u00e4nk genie\u00dfen. Dann haben Sie Gelegenheit, die Studio Tour erneut zu betreten und Ihre Lieblings-Sets noch einmal zu besuchen, um f\u00fcr kostenlose Souvenir-Fotos zu posieren und genau wie die Besetzung im Film einen Video-Besenflug \u00fcber London zu absolvieren.<\/p>\n<p class=\"wysiwyg-intro\">Der Besuch endet in der Eingangshalle der Studio Tour, wo Sie nach einem Abstecher in den Studio-Laden als Andenken einen kostenlosen Souvenir-Tourf\u00fchrer mitnehmen k\u00f6nnen.<\/p>\n<p class=\"wysiwyg-intro\" style=\"text-align: center;\"><span class=\"btn btn--booking\"><a class=\"wbstl-btn yel\" href=\"https:\/\/tickets.wbstudiotour.co.uk\/webstore\/shop\/ViewItems.aspx?CG=HPTST2&#038;C=DLX1\">DELUXE TOUR TICKETS BUCHEN<\/a><\/span><\/p>\n","protected":false},"excerpt":{"rendered":"<p>Als Besitzer eines Deluxe Tour Tickets erhalten Sie bei Ihrem Besuch die ultimative VIP-Behandlung. Nachdem Sie in einem Vorzugsbereich nah am Eingang geparkt haben, werden Sie von einem unserer Mitarbeiter zum Treffpunkt f\u00fcr die Deluxe Tour gef\u00fchrt. Von dort aus werden Sie in die Eingangshalle begleitet, um Ihr Ticket und Ihr Gratis-Schl\u00fcsselband abzuholen. Dann k\u00f6nnen [&hellip;]<\/p>\n","protected":false},"author":6,"featured_media":16768,"parent":0,"menu_order":0,"comment_status":"closed","ping_status":"closed","template":"","meta":{"_acf_changed":false,"footnotes":""},"class_list":["post-1052","page","type-page","status-publish","has-post-thumbnail","hentry"],"translation":{"provider":"WPGlobus","version":"3.0.2","language":"de","enabled_languages":["en","es","de","fr","it"],"languages":{"en":{"title":true,"content":true,"excerpt":false},"es":{"title":true,"content":true,"excerpt":false},"de":{"title":true,"content":true,"excerpt":false},"fr":{"title":true,"content":true,"excerpt":false},"it":{"title":true,"content":true,"excerpt":false}}},"acf":{"add_cross_sell_to_page":{"ID":176,"post_author":"6","post_date":"2019-06-17 19:49:32","post_date_gmt":"2019-06-17 19:49:32","post_content":"","post_title":"{:en}Gift Tickets{:}{:es}LL\u00c9VATE UN POCO DE MAGIA{:}{:de}EIN ST\u00dcCK MAGIE KANN IHNEN GEH\u00d6REN{:}{:fr}EMPAREZ-VOUS D'UN PEU DE MAGIE{:}","post_excerpt":"","post_status":"publish","comment_status":"closed","ping_status":"closed","post_password":"","post_name":"gift-tickets","to_ping":"","pinged":"","post_modified":"2024-11-13 11:48:42","post_modified_gmt":"2024-11-13 11:48:42","post_content_filtered":"","post_parent":0,"guid":"http:\/\/stage.wbstudiotour.co.uk\/?post_type=wbstl_cross_sells&#038;p=176","menu_order":0,"post_type":"wbstl_cross_sells","post_mime_type":"","comment_count":"0","filter":"raw"},"add_newsletter_sign_up_next_to_cross_sell":true,"choose_sidebar_entries":[{"ID":152,"post_author":"6","post_date":"2019-06-17 18:21:25","post_date_gmt":"2019-06-17 18:21:25","post_content":"","post_title":"{:en}Getting Here{:}{:es}C\u00d3MO LLEGAR{:}{:de}ANREISE{:}{:fr}PLAN D'ACC\u00c8S{:}","post_excerpt":"","post_status":"publish","comment_status":"closed","ping_status":"closed","post_password":"","post_name":"getting-here","to_ping":"","pinged":"","post_modified":"2019-08-21 22:15:32","post_modified_gmt":"2019-08-21 21:15:32","post_content_filtered":"","post_parent":0,"guid":"http:\/\/stage.wbstudiotour.co.uk\/?post_type=wbstl_sidebar&#038;p=152","menu_order":0,"post_type":"wbstl_sidebar","post_mime_type":"","comment_count":"0","filter":"raw"},{"ID":161,"post_author":"6","post_date":"2019-06-17 18:25:14","post_date_gmt":"2019-06-17 18:25:14","post_content":"","post_title":"{:en}Explore the Tour{:}{:es}EXPLORAR EL TOUR{:}{:de}ENTDECKEN SIE DIE TOUR{:}{:fr}EXPLOREZ LE TOUR{:}","post_excerpt":"","post_status":"publish","comment_status":"closed","ping_status":"closed","post_password":"","post_name":"explore-the-tour","to_ping":"","pinged":"","post_modified":"2019-08-28 22:44:40","post_modified_gmt":"2019-08-28 21:44:40","post_content_filtered":"","post_parent":0,"guid":"http:\/\/stage.wbstudiotour.co.uk\/?post_type=wbstl_sidebar&#038;p=161","menu_order":0,"post_type":"wbstl_sidebar","post_mime_type":"","comment_count":"0","filter":"raw"}],"wbstl_use_fancy_lists":false,"wbstl_hero_video":"","wbstl_hv_mobile_placeholder":false,"wbstl_hv_tablet_placeholder":false,"wbstl_hv_subtitle":"","wbstl_hv_add_ticket_purchase_cta":false,"wbstl_ii_image":false,"wbstl_ii_content":"","add_cross_sell_to_page2":false,"wbstl_hv_cta_button_text":"","wbstl_hv_cta_link":"","wbstl_hv_show_cta_note":false,"wbstl_hv_cta_note":"","wbstl_hv_title_color":"","wbstl_hv_text_color":"","wbstl_hv_show_video_overlay":true,"wbstl_hv_cta_button_redeem_text":"wbstl_hv_cta_button_redeem_text","wbstl_hv_cta_redeem_link":""},"yoast_head":"<!-- This site is optimized with the Yoast SEO plugin v27.4 - https:\/\/yoast.com\/product\/yoast-seo-wordpress\/ -->\n<title>Deluxe Tour - Warner Bros. Studio Tour London<\/title>\n<meta name=\"robots\" content=\"index, follow, max-snippet:-1, max-image-preview:large, max-video-preview:-1\" \/>\n<link rel=\"canonical\" href=\"https:\/\/www.wbstudiotour.co.uk\/deluxe-tour\/\" \/>\n<meta property=\"og:locale\" content=\"de_DE\" \/>\n<meta property=\"og:type\" content=\"article\" \/>\n<meta property=\"og:title\" content=\"Deluxe Tour - Warner Bros. Studio Tour London\" \/>\n<meta property=\"og:url\" content=\"https:\/\/www.wbstudiotour.co.uk\/deluxe-tour\/\" \/>\n<meta property=\"og:site_name\" content=\"Warner Bros. Studio Tour London\" \/>\n<meta property=\"article:modified_time\" content=\"2025-09-10T12:06:33+00:00\" \/>\n<meta property=\"og:image\" content=\"http:\/\/www.wbstudiotour.co.uk\/wp-content\/uploads\/2022\/03\/2019_dumbledoreoffice_1-copy-scaled-1.jpeg\" \/>\n\t<meta property=\"og:image:width\" content=\"2560\" \/>\n\t<meta property=\"og:image:height\" content=\"1707\" \/>\n\t<meta property=\"og:image:type\" content=\"image\/jpeg\" \/>\n<meta name=\"twitter:card\" content=\"summary_large_image\" \/>\n<script type=\"application\/ld+json\" class=\"yoast-schema-graph\">{\"@context\":\"https:\\\/\\\/schema.org\",\"@graph\":[{\"@type\":\"ImageObject\",\"inLanguage\":\"de-DE\",\"@id\":\"https:\\\/\\\/www.wbstudiotour.co.uk\\\/deluxe-tour\\\/#primaryimage\",\"url\":\"https:\\\/\\\/stage.wbstudiotour.co.uk\\\/wp-content\\\/uploads\\\/2022\\\/03\\\/2019_dumbledoreoffice_1-copy-scaled-1.jpeg\",\"contentUrl\":\"https:\\\/\\\/stage.wbstudiotour.co.uk\\\/wp-content\\\/uploads\\\/2022\\\/03\\\/2019_dumbledoreoffice_1-copy-scaled-1.jpeg\",\"width\":2560,\"height\":1707,\"caption\":\"Deluxe Tour Dumbledore\"},{\"@type\":\"BreadcrumbList\",\"@id\":\"https:\\\/\\\/www.wbstudiotour.co.uk\\\/deluxe-tour\\\/#breadcrumb\",\"itemListElement\":[{\"@type\":\"ListItem\",\"position\":1,\"name\":\"Home\",\"item\":\"https:\\\/\\\/stage.wbstudiotour.co.uk\\\/\"},{\"@type\":\"ListItem\",\"position\":2,\"name\":\"Deluxe Tour\"}]},{\"@type\":\"WebSite\",\"@id\":\"https:\\\/\\\/www.wbstudiotour.co.uk\\\/fr\\\/#website\",\"url\":\"https:\\\/\\\/www.wbstudiotour.co.uk\\\/fr\\\/\",\"name\":\"Warner Bros. Studio Tour London\",\"description\":\"\",\"potentialAction\":[{\"@type\":\"SearchAction\",\"target\":{\"@type\":\"EntryPoint\",\"urlTemplate\":\"https:\\\/\\\/www.wbstudiotour.co.uk\\\/fr\\\/?s={search_term_string}\"},\"query-input\":{\"@type\":\"PropertyValueSpecification\",\"valueRequired\":true,\"valueName\":\"search_term_string\"}}],\"inLanguage\":\"de-DE\"}]}<\/script>\n<!-- \/ Yoast SEO plugin. -->","yoast_head_json":{"title":"Deluxe Tour - Warner Bros. Studio Tour London","robots":{"index":"index","follow":"follow","max-snippet":"max-snippet:-1","max-image-preview":"max-image-preview:large","max-video-preview":"max-video-preview:-1"},"canonical":"https:\/\/www.wbstudiotour.co.uk\/deluxe-tour\/","og_locale":"de_DE","og_type":"article","og_title":"Deluxe Tour - Warner Bros. Studio Tour London","og_url":"https:\/\/www.wbstudiotour.co.uk\/deluxe-tour\/","og_site_name":"Warner Bros. Studio Tour London","article_modified_time":"2025-09-10T12:06:33+00:00","og_image":[{"width":2560,"height":1707,"url":"http:\/\/www.wbstudiotour.co.uk\/wp-content\/uploads\/2022\/03\/2019_dumbledoreoffice_1-copy-scaled-1.jpeg","type":"image\/jpeg"}],"twitter_card":"summary_large_image","schema":{"@context":"https:\/\/schema.org","@graph":[{"@type":"ImageObject","inLanguage":"de-DE","@id":"https:\/\/www.wbstudiotour.co.uk\/deluxe-tour\/#primaryimage","url":"https:\/\/stage.wbstudiotour.co.uk\/wp-content\/uploads\/2022\/03\/2019_dumbledoreoffice_1-copy-scaled-1.jpeg","contentUrl":"https:\/\/stage.wbstudiotour.co.uk\/wp-content\/uploads\/2022\/03\/2019_dumbledoreoffice_1-copy-scaled-1.jpeg","width":2560,"height":1707,"caption":"Deluxe Tour Dumbledore"},{"@type":"BreadcrumbList","@id":"https:\/\/www.wbstudiotour.co.uk\/deluxe-tour\/#breadcrumb","itemListElement":[{"@type":"ListItem","position":1,"name":"Home","item":"https:\/\/stage.wbstudiotour.co.uk\/"},{"@type":"ListItem","position":2,"name":"Deluxe Tour"}]},{"@type":"WebSite","@id":"https:\/\/www.wbstudiotour.co.uk\/fr\/#website","url":"https:\/\/www.wbstudiotour.co.uk\/fr\/","name":"Warner Bros. Studio Tour London","description":"","potentialAction":[{"@type":"SearchAction","target":{"@type":"EntryPoint","urlTemplate":"https:\/\/www.wbstudiotour.co.uk\/fr\/?s={search_term_string}"},"query-input":{"@type":"PropertyValueSpecification","valueRequired":true,"valueName":"search_term_string"}}],"inLanguage":"de-DE"}]}},"_links":{"self":[{"href":"https:\/\/stage.wbstudiotour.co.uk\/de\/wp-json\/wp\/v2\/pages\/1052","targetHints":{"allow":["GET"]}}],"collection":[{"href":"https:\/\/stage.wbstudiotour.co.uk\/de\/wp-json\/wp\/v2\/pages"}],"about":[{"href":"https:\/\/stage.wbstudiotour.co.uk\/de\/wp-json\/wp\/v2\/types\/page"}],"author":[{"embeddable":true,"href":"https:\/\/stage.wbstudiotour.co.uk\/de\/wp-json\/wp\/v2\/users\/6"}],"replies":[{"embeddable":true,"href":"https:\/\/stage.wbstudiotour.co.uk\/de\/wp-json\/wp\/v2\/comments?post=1052"}],"version-history":[{"count":14,"href":"https:\/\/stage.wbstudiotour.co.uk\/de\/wp-json\/wp\/v2\/pages\/1052\/revisions"}],"predecessor-version":[{"id":36328,"href":"https:\/\/stage.wbstudiotour.co.uk\/de\/wp-json\/wp\/v2\/pages\/1052\/revisions\/36328"}],"wp:featuredmedia":[{"embeddable":true,"href":"https:\/\/stage.wbstudiotour.co.uk\/de\/wp-json\/wp\/v2\/media\/16768"}],"wp:attachment":[{"href":"https:\/\/stage.wbstudiotour.co.uk\/de\/wp-json\/wp\/v2\/media?parent=1052"}],"curies":[{"name":"wp","href":"https:\/\/api.w.org\/{rel}","templated":true}]}}