{"id":153,"date":"2019-01-20T07:45:34","date_gmt":"2019-01-20T07:45:34","guid":{"rendered":"http:\/\/stage.wbstudiotour.co.uk\/?page_id=153"},"modified":"2026-03-24T11:12:49","modified_gmt":"2026-03-24T11:12:49","slug":"getting-here","status":"publish","type":"page","link":"https:\/\/stage.wbstudiotour.co.uk\/de\/getting-here\/","title":{"rendered":"Anreise"},"content":{"rendered":"<h2>Shuttlebus von Watford Junction<\/h2>\n<p>Deine Anreise zur Studio Tour ist CO2-neutral, da unsere Busse elektrisch betrieben werden. Die Fahrt ist in deiner Eintrittskarte inbegriffen.<\/p>\n<p>Vom Bahnhof Watford Junction fahren regelm\u00e4\u00dfig Shuttlebusse zur Studio Tour, die Fahrzeit betr\u00e4gt etwa 15\u00a0Minuten. Die Busse fahren ab 09:20\u00a0Uhr mindestens alle 30\u00a0Minuten (mit zus\u00e4tzlichen Verbindungen ab 08:15\u00a0Uhr, wenn die erste Tour um 09:00\u00a0Uhr beginnt). Der letzte Shuttlebus zur\u00fcck zum Bahnhof Watford Junction f\u00e4hrt nach der letzten Studio Tour ab. Weitere Informationen dazu findest du im <a href=\"https:\/\/stage.wbstudiotour.co.uk\/opening-times\/\">Kalender mit den \u00d6ffnungszeiten<\/a>.<\/p>\n<p><a href=\"https:\/\/wbstl.liftango.com\/home?utm_source=wbstudiotour&amp;utm_medium=referral&amp;utm_campaign=gettinghere\">Klicke hier<\/a>, um unseren Live-Bus-Tracker anzuzeigen.<\/p>\n<p>Bitte beachte, dass E-Scooter weder in unserem Shuttlebus noch auf dem Gel\u00e4nde der Studio Tour erlaubt sind.<\/p>\n<hr \/>\n<h2>Anreise per Zug<\/h2>\n<p>Der der Studio-Tour am n\u00e4chsten gelegene Bahnhof ist Watford Junction, der direkt von London Euston (Fahrtdauer 20 Minuten) und Birmingham New Street (Fahrtdauer eine Stunde) aus angefahren wird.<\/p>\n<p>Es gibt noch andere Zugverbindungen von London Euston aus, bitte beachten Sie aber, dass diese nicht direkt verkehren und l\u00e4nger bis zur Watford Junction brauchen k\u00f6nnen.<\/p>\n<p>F\u00fcr die Verbindung zwischen London Euston und Watford Junction sind Oyster Cards g\u00fcltig.<\/p>\n<p><img loading=\"lazy\" decoding=\"async\" class=\"alignnone size-full wp-image-1122\" src=\"http:\/\/stage.wbstudiotour.co.uk\/wp-content\/uploads\/2019\/08\/map-getting-here.jpg\" alt=\"Map to Studio Tour\" width=\"1359\" height=\"1019\" srcset=\"https:\/\/stage.wbstudiotour.co.uk\/wp-content\/uploads\/2019\/08\/map-getting-here.jpg 1359w, https:\/\/stage.wbstudiotour.co.uk\/wp-content\/uploads\/2019\/08\/map-getting-here-300x225.jpg 300w, https:\/\/stage.wbstudiotour.co.uk\/wp-content\/uploads\/2019\/08\/map-getting-here-768x576.jpg 768w, https:\/\/stage.wbstudiotour.co.uk\/wp-content\/uploads\/2019\/08\/map-getting-here-1024x768.jpg 1024w\" sizes=\"auto, (max-width: 1359px) 100vw, 1359px\" \/><\/p>\n<hr \/>\n<h2>Anreise per Auto<\/h2>\n<h3>Parkm\u00f6glichkeiten<\/h3>\n<p>Sie k\u00f6nnen kostenlos auf unserem Parkplatz direkt vor der Studio-Tour parken. Eine Anzahl Behindertenparkpl\u00e4tze stehen in der N\u00e4he des Haupteingangs f\u00fcr entsprechend berechtigte Besucher zur Verf\u00fcgung.<\/p>\n<p>Wenn Sie auf den Parkplatz fahren, legen Sie bitte dem Parkplatzteam Ihre Buchungsbest\u00e4tigung vor. Wenn Sie einzeln anreisen, aber Teil einer Gruppe sind, brauchen Sie f\u00fcr jedes Fahrzeug eine Buchungsbest\u00e4tigung, die Sie beim Einfahren auf den Parkplatz vorzeigen m\u00fcssen.<\/p>\n<h3>Parken mit Priorit\u00e4t<\/h3>\n<p>Neben dem Eingang zur Studio-Tour kann mit Priorit\u00e4t geparkt werden. Dieser Service kostet \u00a3 10 (zus\u00e4tzlich zu Ihren Studio-Tour-Ticketgeb\u00fchren) und Sie k\u00f6nnen online daf\u00fcr zahlen.<\/p>\n<p>Das Parken mit Priorit\u00e4t kann nur online vor Ihrem Besuch gebucht werden und nicht am Tag des Besuchs selbst.<\/p>\n<p>Haben Sie E-Tickets ausgew\u00e4hlt, wird Ihr Ticket f\u00fcr Parken mit Priorit\u00e4t zusammen mit Ihren Tour-Tickets als E-Mail-Anhang zugestellt. Haben Sie sich f\u00fcr Zustellung per Post entschieden, erhalten Sie ein ausgedrucktes Ticket f\u00fcr Parken mit Priorit\u00e4t.<\/p>\n<p>Bitte zeigen Sie Ihr Parkticket bei Ihrer Ankunft vor \u2013 Sie erhalten einen Aufkleber f\u00fcr die Windschutzscheibe und k\u00f6nnen dann in den Parkbuchten in der N\u00e4he des Eingangs parken.<\/p>\n<h3>Anreise per Navigationsger\u00e4t<\/h3>\n<p>Unsere Postleitzahl lautet WD25 7LR. Wenn du zur Studio Tour kommst, weisen dir braune Verkehrsschilder mit der Aufschrift \u201eWarner Bros. Studio Tour\u201d den Weg zu unserem Eingang.<\/p>\n<p>Alternativ kannst du die Studio Tour auch mit der What3Words App mit den Suchbegriffen <a href=\"https:\/\/what3words.com\/stocks.jelly.film\">\/\/\/stocks.jelly.film<\/a> ansteuern.<\/p>\n<h3>ANREISE MIT DEM TAXI<\/h3>\n<p>Die Warner Bros. Studio Tour London hat einen Ausstiegs- und Abholpunkt, den du mit unserer Postleitzahl WD25 7LR oder der What3Words App mit den Suchbegriffen <a href=\"https:\/\/what3words.com\/stocks.jelly.film\">\/\/\/stocks.jelly.film<\/a> ansteuern kannst. Zur Sicherheit unserer Besucher empfehlen wir, nur im Voraus gebuchte lizenzierte Taxis zu nutzen. Die Studio Tour befindet sich in Leavesden und es gibt eine Reihe von Taxist\u00e4nden in dieser Gegend. Wenn du Hilfe brauchst, hilft dir ein Mitarbeiter an unserem Informationsschalter gerne weiter.<\/p>\n<h3>ABHOLUNG MIT DEM TAXI<\/h3>\n<p>Wenn du dich mit dem Taxi von der Studio Tour abholen l\u00e4sst, lautet der Abholpunkt f\u00fcr Taxis in What3Words <a href=\"https:\/\/what3words.com\/dame.palace.fairly\">\/\/\/dame.palace.fairly<\/a>.<\/p>\n<hr \/>\n<h2>WEGBESCHREIBUNGEN<\/h2>\n<h3>Aus N\u00f6rdlicher Richtung<\/h3>\n<p>Nehmen Sie die Ausfahrt 6a der M1 und fahren Sie auf die M25 in Richtung Heathrow. Verlassen Sie die M25 bei Ausfahrt 20 und fahren Sie auf der A41 weiter nach S\u00fcden in Richtung London (NW &amp; City). Bleiben Sie im Kreisverkehr Hunton Bridge auf der linken Spur. Ordnen Sie sich auf der linken Spur ein, um auf die A405 (St Albans) abzubiegen. Biegen Sie an der vor Ihnen liegenden Gabelung links ab und nehmen Sie dann die erste Ausfahrt des Kreisverkehrs, um zur Studio-Tour einzubiegen.<\/p>\n<h3>Anreise \u00fcber die M25<\/h3>\n<p>Rechtsl\u00e4ufig: Verlassen Sie die M25 an der Ausfahrt 19. Nehmen Sie die zweite Ausfahrt im Kreisverkehr Hunton Bridge und fahren Sie auf die A41 (Central London). Wechseln Sie auf die linke Spur, um auf die A405 (St Albans) abzubiegen. Biegen Sie an der vor Ihnen liegenden Gabelung links ab und nehmen Sie dann die erste Ausfahrt des Kreisverkehrs, um zur Studio-Tour einzubiegen.<\/p>\n<p>Linksl\u00e4ufig: Verlassen Sie die M25 bei Ausfahrt 20 und fahren Sie auf der A41 nach S\u00fcden in Richtung (NW &amp; City). Bleiben Sie im Kreisverkehr Hunton Bridge auf der linken Spur. Ordnen Sie sich auf der linken Spur ein, um auf die A405 (St Albans) abzubiegen. Biegen Sie an der Gabelung links ab und nehmen Sie dann die erste Ausfahrt des Kreisverkehrs, um zur Studio-Tour einzubiegen.<\/p>\n<h3>Anreise aus London<\/h3>\n<p>Verlassen Sie die M1 an der Ausfahrt 5 und fahren Sie etwa 4,8 km auf der A41 (North Watford). Nehmen Sie die vierte Ausfahrt im Kreisverkehr Hunton Bridge, die sie wieder auf die A41 bringt. Halten Sie sich links und nehmen Sie die erste Ausfahrt. Biegen Sie an der Stra\u00dfengabelung links ab und nehmen Sie dann die erste Ausfahrt des Kreisverkehrs, um zur Studio-Tour einzubiegen.<\/p>\n<hr \/>\n<h2>Busverbindungen<\/h2>\n<p>Gestalten Sie Ihre Anreise komplett stressfrei, indem Sie von Londons Stadtmitte aus direkt mit dem Bus zur Studio-Tour anreisen! Unser Partner Golden Tours bietet Ticketpakete f\u00fcr einen praktischen Transfer hin und zur\u00fcck im st\u00fcndlich fahrenden Bus. G\u00e4ste, die bereits ein Ticket haben, k\u00f6nnen auch nur Fahrkarten f\u00fcr den Transfer erwerben.<\/p>\n<p><a class=\"wbstl-btn blue\" href=\"https:\/\/stage.wbstudiotour.co.uk\/golden-tours-leaving-site-2\/\" target=\"_blank\" rel=\"noopener noreferrer\">LBUSTRANSFER VON LONDON UND TICKETPAKETE<\/a><\/p>\n<p><a class=\"wbstl-btn blue\" href=\"https:\/\/stage.wbstudiotour.co.uk\/golden-tours-leaving-site-3\/\" target=\"_blank\" rel=\"noopener noreferrer\">NUR BUSTRANSFER VON LONDON*<\/a><\/p>\n<p><em>*Nur f\u00fcr Personen, die bereits Tickets f\u00fcr die Studio-Tour erworben haben.<\/em><\/p>\n<hr \/>\n<h2>Anreise von Flugh\u00e4fen<\/h2>\n<p>Die Tour ist von allen vier gro\u00dfen Flugh\u00e4fen Londons leicht per Auto oder Bahn erreichbar:<\/p>\n<p>London Luton \u2013 27 Kilometer<br \/>\nLondon Heathrow \u2013 37 Kilometer<br \/>\nLondon Stansted \u2013 67 Kilometer<br \/>\nLondon Gatwick \u2013 93 Kilometer<\/p>\n","protected":false},"excerpt":{"rendered":"<p>Shuttlebus von Watford Junction Deine Anreise zur Studio Tour ist CO2-neutral, da unsere Busse elektrisch betrieben werden. Die Fahrt ist in deiner Eintrittskarte inbegriffen. Vom Bahnhof Watford Junction fahren regelm\u00e4\u00dfig Shuttlebusse zur Studio Tour, die Fahrzeit betr\u00e4gt etwa 15\u00a0Minuten. Die Busse fahren ab 09:20\u00a0Uhr mindestens alle 30\u00a0Minuten (mit zus\u00e4tzlichen Verbindungen ab 08:15\u00a0Uhr, wenn die erste [&hellip;]<\/p>\n","protected":false},"author":6,"featured_media":3359,"parent":0,"menu_order":0,"comment_status":"closed","ping_status":"closed","template":"","meta":{"_acf_changed":false,"footnotes":""},"class_list":["post-153","page","type-page","status-publish","has-post-thumbnail","hentry"],"translation":{"provider":"WPGlobus","version":"3.0.2","language":"de","enabled_languages":["en","es","de","fr","it"],"languages":{"en":{"title":true,"content":true,"excerpt":false},"es":{"title":true,"content":true,"excerpt":false},"de":{"title":true,"content":true,"excerpt":false},"fr":{"title":true,"content":true,"excerpt":false},"it":{"title":true,"content":true,"excerpt":false}}},"acf":{"add_cross_sell_to_page":{"ID":182,"post_author":"6","post_date":"2019-06-17 19:51:50","post_date_gmt":"2019-06-17 19:51:50","post_content":"","post_title":"Bus Transfers","post_excerpt":"","post_status":"publish","comment_status":"closed","ping_status":"closed","post_password":"","post_name":"bus-transfers","to_ping":"","pinged":"","post_modified":"2021-12-03 12:18:39","post_modified_gmt":"2021-12-03 12:18:39","post_content_filtered":"","post_parent":0,"guid":"http:\/\/stage.wbstudiotour.co.uk\/?post_type=wbstl_cross_sells&#038;p=182","menu_order":0,"post_type":"wbstl_cross_sells","post_mime_type":"","comment_count":"0","filter":"raw"},"add_newsletter_sign_up_next_to_cross_sell":true,"choose_sidebar_entries":[{"ID":1123,"post_author":"6","post_date":"2019-08-16 17:06:07","post_date_gmt":"2019-08-16 16:06:07","post_content":"","post_title":"Bus Transfers","post_excerpt":"","post_status":"publish","comment_status":"closed","ping_status":"closed","post_password":"","post_name":"bus-transfers","to_ping":"","pinged":"","post_modified":"2025-03-24 12:23:22","post_modified_gmt":"2025-03-24 12:23:22","post_content_filtered":"","post_parent":0,"guid":"http:\/\/stage.wbstudiotour.co.uk\/?post_type=wbstl_sidebar&#038;p=1123","menu_order":0,"post_type":"wbstl_sidebar","post_mime_type":"","comment_count":"0","filter":"raw"},{"ID":161,"post_author":"6","post_date":"2019-06-17 18:25:14","post_date_gmt":"2019-06-17 18:25:14","post_content":"","post_title":"{:en}Explore the Tour{:}{:es}EXPLORAR EL TOUR{:}{:de}ENTDECKEN SIE DIE TOUR{:}{:fr}EXPLOREZ LE TOUR{:}","post_excerpt":"","post_status":"publish","comment_status":"closed","ping_status":"closed","post_password":"","post_name":"explore-the-tour","to_ping":"","pinged":"","post_modified":"2019-08-28 22:44:40","post_modified_gmt":"2019-08-28 21:44:40","post_content_filtered":"","post_parent":0,"guid":"http:\/\/stage.wbstudiotour.co.uk\/?post_type=wbstl_sidebar&#038;p=161","menu_order":0,"post_type":"wbstl_sidebar","post_mime_type":"","comment_count":"0","filter":"raw"},{"ID":787,"post_author":"6","post_date":"2019-07-17 21:36:06","post_date_gmt":"2019-07-17 21:36:06","post_content":"","post_title":"{:en}When You Arrive{:}{:es}CUANDO LLEGUES{:}{:de}WENN DU ANKOMMST{:}{:fr}QUAND VOUS ARRIVEZ{:}","post_excerpt":"","post_status":"publish","comment_status":"closed","ping_status":"closed","post_password":"","post_name":"when-you-arrive","to_ping":"","pinged":"","post_modified":"2019-12-05 15:08:06","post_modified_gmt":"2019-12-05 15:08:06","post_content_filtered":"","post_parent":0,"guid":"http:\/\/stage.wbstudiotour.co.uk\/?post_type=wbstl_sidebar&#038;p=787","menu_order":0,"post_type":"wbstl_sidebar","post_mime_type":"","comment_count":"0","filter":"raw"},{"ID":157,"post_author":"6","post_date":"2019-06-17 18:23:26","post_date_gmt":"2019-06-17 18:23:26","post_content":"","post_title":"{:en}Enhance Your Visit{:}{:es}MEJORA TU VISITA{:}{:de}ENTSTANDEN SIE IHREN BESUCH{:}{:fr}ENRICHIR VOTRE VISITE{:}","post_excerpt":"","post_status":"publish","comment_status":"closed","ping_status":"closed","post_password":"","post_name":"enhance-your-visit","to_ping":"","pinged":"","post_modified":"2022-10-10 12:34:01","post_modified_gmt":"2022-10-10 11:34:01","post_content_filtered":"","post_parent":0,"guid":"http:\/\/stage.wbstudiotour.co.uk\/?post_type=wbstl_sidebar&#038;p=157","menu_order":0,"post_type":"wbstl_sidebar","post_mime_type":"","comment_count":"0","filter":"raw"}],"wbstl_use_fancy_lists":false,"wbstl_hero_video":"","wbstl_hv_mobile_placeholder":false,"wbstl_hv_tablet_placeholder":false,"wbstl_hv_subtitle":"","wbstl_hv_add_ticket_purchase_cta":false,"wbstl_ii_image":"https:\/\/stage.wbstudiotour.co.uk\/wp-content\/uploads\/2019\/08\/Getting-Here.jpg","wbstl_ii_content":"","add_cross_sell_to_page2":false,"wbstl_hv_cta_button_text":"","wbstl_hv_cta_link":"","wbstl_hv_show_cta_note":false,"wbstl_hv_cta_note":"","wbstl_hv_title_color":"","wbstl_hv_text_color":"","wbstl_hv_show_video_overlay":true,"wbstl_hv_cta_button_redeem_text":"","wbstl_hv_cta_redeem_link":""},"yoast_head":"<!-- This site is optimized with the Yoast SEO plugin v27.4 - https:\/\/yoast.com\/product\/yoast-seo-wordpress\/ -->\n<title>How to get to Warner Bros. Studio Tour London - Warner Bros. Studio Tour London<\/title>\n<meta name=\"robots\" content=\"index, follow, max-snippet:-1, max-image-preview:large, max-video-preview:-1\" \/>\n<link rel=\"canonical\" href=\"https:\/\/stage.wbstudiotour.co.uk\/getting-here\/\" \/>\n<meta property=\"og:locale\" content=\"de_DE\" \/>\n<meta property=\"og:type\" content=\"article\" \/>\n<meta property=\"og:title\" content=\"Getting to Warner Bros. Studio Tour London\" \/>\n<meta property=\"og:description\" content=\"Find out where to park, how to get here, where to drop off and train stations. See how you can get here from Euston or Watford Juction.\" \/>\n<meta property=\"og:url\" content=\"https:\/\/stage.wbstudiotour.co.uk\/getting-here\/\" \/>\n<meta property=\"og:site_name\" content=\"Warner Bros. Studio Tour London\" \/>\n<meta property=\"article:modified_time\" content=\"2026-03-24T11:12:49+00:00\" \/>\n<meta property=\"og:image\" content=\"http:\/\/stage.wbstudiotour.co.uk\/wp-content\/uploads\/2019\/12\/header-getting-here-hogwarts-express.jpg\" \/>\n\t<meta property=\"og:image:width\" content=\"2048\" \/>\n\t<meta property=\"og:image:height\" content=\"1365\" \/>\n\t<meta property=\"og:image:type\" content=\"image\/jpeg\" \/>\n<meta name=\"twitter:card\" content=\"summary_large_image\" \/>\n<meta name=\"twitter:title\" content=\"Getting to Warner Bros. Studio Tour London\" \/>\n<meta name=\"twitter:description\" content=\"Find out where to park, how to get here, where to drop off and train stations. See how you can get here from Euston or Watford Juction.\" \/>\n<meta name=\"twitter:image\" content=\"http:\/\/stage.wbstudiotour.co.uk\/wp-content\/uploads\/2019\/12\/header-getting-here-hogwarts-express.jpg\" \/>\n<script type=\"application\/ld+json\" class=\"yoast-schema-graph\">{\"@context\":\"https:\\\/\\\/schema.org\",\"@graph\":[{\"@type\":\"ImageObject\",\"inLanguage\":\"de-DE\",\"@id\":\"https:\\\/\\\/stage.wbstudiotour.co.uk\\\/getting-here\\\/#primaryimage\",\"url\":\"https:\\\/\\\/stage.wbstudiotour.co.uk\\\/wp-content\\\/uploads\\\/2019\\\/12\\\/header-getting-here-hogwarts-express.jpg\",\"contentUrl\":\"https:\\\/\\\/stage.wbstudiotour.co.uk\\\/wp-content\\\/uploads\\\/2019\\\/12\\\/header-getting-here-hogwarts-express.jpg\",\"width\":2048,\"height\":1365},{\"@type\":\"BreadcrumbList\",\"@id\":\"https:\\\/\\\/stage.wbstudiotour.co.uk\\\/getting-here\\\/#breadcrumb\",\"itemListElement\":[{\"@type\":\"ListItem\",\"position\":1,\"name\":\"Home\",\"item\":\"https:\\\/\\\/stage.wbstudiotour.co.uk\\\/\"},{\"@type\":\"ListItem\",\"position\":2,\"name\":\"Getting Here\"}]},{\"@type\":\"WebSite\",\"@id\":\"https:\\\/\\\/www.wbstudiotour.co.uk\\\/fr\\\/#website\",\"url\":\"https:\\\/\\\/www.wbstudiotour.co.uk\\\/fr\\\/\",\"name\":\"Warner Bros. Studio Tour London\",\"description\":\"\",\"potentialAction\":[{\"@type\":\"SearchAction\",\"target\":{\"@type\":\"EntryPoint\",\"urlTemplate\":\"https:\\\/\\\/www.wbstudiotour.co.uk\\\/fr\\\/?s={search_term_string}\"},\"query-input\":{\"@type\":\"PropertyValueSpecification\",\"valueRequired\":true,\"valueName\":\"search_term_string\"}}],\"inLanguage\":\"de-DE\"}]}<\/script>\n<!-- \/ Yoast SEO plugin. -->","yoast_head_json":{"title":"How to get to Warner Bros. Studio Tour London - Warner Bros. Studio Tour London","robots":{"index":"index","follow":"follow","max-snippet":"max-snippet:-1","max-image-preview":"max-image-preview:large","max-video-preview":"max-video-preview:-1"},"canonical":"https:\/\/stage.wbstudiotour.co.uk\/getting-here\/","og_locale":"de_DE","og_type":"article","og_title":"Getting to Warner Bros. Studio Tour London","og_description":"Find out where to park, how to get here, where to drop off and train stations. See how you can get here from Euston or Watford Juction.","og_url":"https:\/\/stage.wbstudiotour.co.uk\/getting-here\/","og_site_name":"Warner Bros. Studio Tour London","article_modified_time":"2026-03-24T11:12:49+00:00","og_image":[{"width":2048,"height":1365,"url":"http:\/\/stage.wbstudiotour.co.uk\/wp-content\/uploads\/2019\/12\/header-getting-here-hogwarts-express.jpg","type":"image\/jpeg"}],"twitter_card":"summary_large_image","twitter_title":"Getting to Warner Bros. Studio Tour London","twitter_description":"Find out where to park, how to get here, where to drop off and train stations. See how you can get here from Euston or Watford Juction.","twitter_image":"http:\/\/stage.wbstudiotour.co.uk\/wp-content\/uploads\/2019\/12\/header-getting-here-hogwarts-express.jpg","schema":{"@context":"https:\/\/schema.org","@graph":[{"@type":"ImageObject","inLanguage":"de-DE","@id":"https:\/\/stage.wbstudiotour.co.uk\/getting-here\/#primaryimage","url":"https:\/\/stage.wbstudiotour.co.uk\/wp-content\/uploads\/2019\/12\/header-getting-here-hogwarts-express.jpg","contentUrl":"https:\/\/stage.wbstudiotour.co.uk\/wp-content\/uploads\/2019\/12\/header-getting-here-hogwarts-express.jpg","width":2048,"height":1365},{"@type":"BreadcrumbList","@id":"https:\/\/stage.wbstudiotour.co.uk\/getting-here\/#breadcrumb","itemListElement":[{"@type":"ListItem","position":1,"name":"Home","item":"https:\/\/stage.wbstudiotour.co.uk\/"},{"@type":"ListItem","position":2,"name":"Getting Here"}]},{"@type":"WebSite","@id":"https:\/\/www.wbstudiotour.co.uk\/fr\/#website","url":"https:\/\/www.wbstudiotour.co.uk\/fr\/","name":"Warner Bros. Studio Tour London","description":"","potentialAction":[{"@type":"SearchAction","target":{"@type":"EntryPoint","urlTemplate":"https:\/\/www.wbstudiotour.co.uk\/fr\/?s={search_term_string}"},"query-input":{"@type":"PropertyValueSpecification","valueRequired":true,"valueName":"search_term_string"}}],"inLanguage":"de-DE"}]}},"_links":{"self":[{"href":"https:\/\/stage.wbstudiotour.co.uk\/de\/wp-json\/wp\/v2\/pages\/153","targetHints":{"allow":["GET"]}}],"collection":[{"href":"https:\/\/stage.wbstudiotour.co.uk\/de\/wp-json\/wp\/v2\/pages"}],"about":[{"href":"https:\/\/stage.wbstudiotour.co.uk\/de\/wp-json\/wp\/v2\/types\/page"}],"author":[{"embeddable":true,"href":"https:\/\/stage.wbstudiotour.co.uk\/de\/wp-json\/wp\/v2\/users\/6"}],"replies":[{"embeddable":true,"href":"https:\/\/stage.wbstudiotour.co.uk\/de\/wp-json\/wp\/v2\/comments?post=153"}],"version-history":[{"count":78,"href":"https:\/\/stage.wbstudiotour.co.uk\/de\/wp-json\/wp\/v2\/pages\/153\/revisions"}],"predecessor-version":[{"id":37176,"href":"https:\/\/stage.wbstudiotour.co.uk\/de\/wp-json\/wp\/v2\/pages\/153\/revisions\/37176"}],"wp:featuredmedia":[{"embeddable":true,"href":"https:\/\/stage.wbstudiotour.co.uk\/de\/wp-json\/wp\/v2\/media\/3359"}],"wp:attachment":[{"href":"https:\/\/stage.wbstudiotour.co.uk\/de\/wp-json\/wp\/v2\/media?parent=153"}],"curies":[{"name":"wp","href":"https:\/\/api.w.org\/{rel}","templated":true}]}}