{"id":155,"date":"2019-06-17T18:21:54","date_gmt":"2019-06-17T18:21:54","guid":{"rendered":"http:\/\/stage.wbstudiotour.co.uk\/?page_id=155"},"modified":"2025-07-01T12:04:02","modified_gmt":"2025-07-01T11:04:02","slug":"enhance-your-visit","status":"publish","type":"page","link":"https:\/\/stage.wbstudiotour.co.uk\/de\/enhance-your-visit\/","title":{"rendered":"Machen Sie Mehr Aus Ihrem Besuch"},"content":{"rendered":"<h2>Aktivit\u00e4tenpass<\/h2>\n<p>Machen Sie noch mehr aus Ihrer Tour und holen Sie sich bei Ihrem Besuch einen kostenlosten Aktivit\u00e4tenpass, der eine lustige Schnitzeljagd nach dem Goldenen Schnatz, R\u00e4tsel und Quizfragen enth\u00e4lt. Im Pass ist auch Platz f\u00fcr Souvenirstempel, die an wichtigen Punkten innerhalb der Tour wie Gleis 9 \u00be und Gringotts Bank gesammelt werden k\u00f6nnen.<\/p>\n<p>P\u00e4sse erhalten Sie \u00fcberall im Verlauf der Studio Tour von unserem Personal.<\/p>\n<p><img loading=\"lazy\" decoding=\"async\" class=\"alignnone wp-image-18948 size-large\" src=\"http:\/\/stage.wbstudiotour.co.uk\/wp-content\/uploads\/2022\/10\/Activity-Passport-1024x726.jpg\" alt=\"Enhance your visit with a free activity passport\" width=\"1024\" height=\"726\" srcset=\"https:\/\/stage.wbstudiotour.co.uk\/wp-content\/uploads\/2022\/10\/Activity-Passport-1024x726.jpg 1024w, https:\/\/stage.wbstudiotour.co.uk\/wp-content\/uploads\/2022\/10\/Activity-Passport-300x213.jpg 300w, https:\/\/stage.wbstudiotour.co.uk\/wp-content\/uploads\/2022\/10\/Activity-Passport-768x545.jpg 768w, https:\/\/stage.wbstudiotour.co.uk\/wp-content\/uploads\/2022\/10\/Activity-Passport.jpg 1197w\" sizes=\"auto, (max-width: 1024px) 100vw, 1024px\" \/><\/p>\n<hr \/>\n<h2>Souvenir-Tourf\u00fchrer<\/h2>\n<p>Unser Souvenir-Tourf\u00fchrer ist das ideale Andenken, das Sie zur Erinnerung an die Studio Tour mit nach Hause nehmen k\u00f6nnen. Er enth\u00e4lt ausf\u00fchrliche Informationen \u00fcber die Harry-Potter-Filmreihe, einschlie\u00dflich vieler Einblicke hinter die Kulissen.<\/p>\n<p>Sie k\u00f6nnen sich Ihren Souvenir-Tourf\u00fchrer f\u00fcr nur <strong>\u00a3 9,95<\/strong> bei Ihrer Buchung reservieren lassen und dann bei der Tour abholen. Wir empfehlen Ihnen, ihn erst beim Verlassen der Tour am Informationsschalter abzuholen, um sich nicht die \u00dcberraschung zu verderben.<\/p>\n<p>Den Souvenir-Tourf\u00fchrer gibt es auch gebunden f\u00fcr <strong>\u00a3 14,95<\/strong>.<\/p>\n<hr \/>\n<h2>Digitaler Tourf\u00fchrer<\/h2>\n<p>Unsere tragbaren digitalen Tourf\u00fchrer enthalten faszinierende Fakten \u00fcber die Sets, Kost\u00fcme und Requisiten, die im Rahmen der Studio Tour ausgestellt sind. Unsere digitalen Tourf\u00fchrer gibt es mit Untertiteln f\u00fcr unsere geh\u00f6rlosen Besucher.<\/p>\n<p>Sehen Sie sich neu produzierte Interviews mit den Filmemachern und exklusive Einblicke hinter die Kulissen an. F\u00fcr nur <strong>\u00a3 5,25<\/strong> k\u00f6nnen Sie einen digitalen Tourf\u00fchrer mieten. Reservieren Sie ihn entweder bei Ihrer Buchung oder mieten Sie ihn bei Ihrer Ankunft in der Eingangshalle.<\/p>\n<p>Au\u00dferdem gibt es digitale Tourf\u00fchrer im Paket f\u00fcr Gruppen f\u00fcr <strong>\u00a3 13,95<\/strong> (Sie sparen bis zu <strong>\u00a3 7,05<\/strong>). Das Gruppenpaket gilt f\u00fcr drei bis vier Besucher.<\/p>\n<p><iframe loading=\"lazy\" title=\"Digital Guide - Warner Bros. Studio Tour London\" width=\"848\" height=\"477\" src=\"https:\/\/www.youtube-nocookie.com\/embed\/Jr7Fu9fWjIg?feature=oembed\" frameborder=\"0\" allow=\"accelerometer; autoplay; clipboard-write; encrypted-media; gyroscope; picture-in-picture; web-share\" referrerpolicy=\"strict-origin-when-cross-origin\" allowfullscreen><\/iframe><\/p>\n<hr \/>\n<h2>Gr\u00fcne Bildschirm Erfahrung<\/h2>\n<p>Nutzen Sie die Chance, Greenscreen-Technologie am eigenen Leib zu erleben und auf einem Besen \u00fcber London zu reiten, genau wie die Besetzung im Film! In einer Hogwarts-Robe d\u00fcrfen Sie einen Besen besteigen und herausfinden, wie Harry und seine Freunde zum Fliegen gebracht wurden.<\/p>\n<p>Nehmen Sie ein Andenken an Ihren Besenritt in Form eines Fotos, einer DVD oder eines USB-Speichermediums in HD mit nach Hause \u2013 sie sind Bestandteil vieler Pakete.<\/p>\n<p><img loading=\"lazy\" decoding=\"async\" class=\"alignnone wp-image-18959 size-full\" src=\"http:\/\/stage.wbstudiotour.co.uk\/wp-content\/uploads\/2022\/10\/Green-Screen-Experience-1.jpg\" alt=\"Green Screen Experience at Warner Bros. Studio Tour London\" width=\"1000\" height=\"713\" srcset=\"https:\/\/stage.wbstudiotour.co.uk\/wp-content\/uploads\/2022\/10\/Green-Screen-Experience-1.jpg 1000w, https:\/\/stage.wbstudiotour.co.uk\/wp-content\/uploads\/2022\/10\/Green-Screen-Experience-1-300x214.jpg 300w, https:\/\/stage.wbstudiotour.co.uk\/wp-content\/uploads\/2022\/10\/Green-Screen-Experience-1-768x548.jpg 768w\" sizes=\"auto, (max-width: 1000px) 100vw, 1000px\" \/><\/p>\n","protected":false},"excerpt":{"rendered":"<p>Aktivit\u00e4tenpass Machen Sie noch mehr aus Ihrer Tour und holen Sie sich bei Ihrem Besuch einen kostenlosten Aktivit\u00e4tenpass, der eine lustige Schnitzeljagd nach dem Goldenen Schnatz, R\u00e4tsel und Quizfragen enth\u00e4lt. Im Pass ist auch Platz f\u00fcr Souvenirstempel, die an wichtigen Punkten innerhalb der Tour wie Gleis 9 \u00be und Gringotts Bank gesammelt werden k\u00f6nnen. P\u00e4sse [&hellip;]<\/p>\n","protected":false},"author":6,"featured_media":1054,"parent":0,"menu_order":0,"comment_status":"closed","ping_status":"closed","template":"","meta":{"_acf_changed":false,"footnotes":""},"class_list":["post-155","page","type-page","status-publish","has-post-thumbnail","hentry"],"translation":{"provider":"WPGlobus","version":"3.0.2","language":"de","enabled_languages":["en","es","de","fr","it"],"languages":{"en":{"title":true,"content":true,"excerpt":false},"es":{"title":true,"content":true,"excerpt":false},"de":{"title":true,"content":true,"excerpt":false},"fr":{"title":true,"content":true,"excerpt":false},"it":{"title":true,"content":true,"excerpt":false}}},"acf":{"add_cross_sell_to_page":false,"add_newsletter_sign_up_next_to_cross_sell":false,"choose_sidebar_entries":[{"ID":152,"post_author":"6","post_date":"2019-06-17 18:21:25","post_date_gmt":"2019-06-17 18:21:25","post_content":"","post_title":"{:en}Getting Here{:}{:es}C\u00d3MO LLEGAR{:}{:de}ANREISE{:}{:fr}PLAN D'ACC\u00c8S{:}","post_excerpt":"","post_status":"publish","comment_status":"closed","ping_status":"closed","post_password":"","post_name":"getting-here","to_ping":"","pinged":"","post_modified":"2019-08-21 22:15:32","post_modified_gmt":"2019-08-21 21:15:32","post_content_filtered":"","post_parent":0,"guid":"http:\/\/stage.wbstudiotour.co.uk\/?post_type=wbstl_sidebar&#038;p=152","menu_order":0,"post_type":"wbstl_sidebar","post_mime_type":"","comment_count":"0","filter":"raw"},{"ID":161,"post_author":"6","post_date":"2019-06-17 18:25:14","post_date_gmt":"2019-06-17 18:25:14","post_content":"","post_title":"{:en}Explore the Tour{:}{:es}EXPLORAR EL TOUR{:}{:de}ENTDECKEN SIE DIE TOUR{:}{:fr}EXPLOREZ LE TOUR{:}","post_excerpt":"","post_status":"publish","comment_status":"closed","ping_status":"closed","post_password":"","post_name":"explore-the-tour","to_ping":"","pinged":"","post_modified":"2019-08-28 22:44:40","post_modified_gmt":"2019-08-28 21:44:40","post_content_filtered":"","post_parent":0,"guid":"http:\/\/stage.wbstudiotour.co.uk\/?post_type=wbstl_sidebar&#038;p=161","menu_order":0,"post_type":"wbstl_sidebar","post_mime_type":"","comment_count":"0","filter":"raw"}],"wbstl_use_fancy_lists":false,"wbstl_hero_video":"","wbstl_hv_mobile_placeholder":false,"wbstl_hv_tablet_placeholder":false,"wbstl_hv_subtitle":"","wbstl_hv_add_ticket_purchase_cta":false,"wbstl_ii_image":false,"wbstl_ii_content":"","add_cross_sell_to_page2":false,"wbstl_hv_cta_button_text":"","wbstl_hv_cta_link":"","wbstl_hv_show_cta_note":false,"wbstl_hv_cta_note":"","wbstl_hv_title_color":"","wbstl_hv_text_color":"","wbstl_hv_show_video_overlay":true,"wbstl_hv_cta_button_redeem_text":"wbstl_hv_cta_button_redeem_text","wbstl_hv_cta_redeem_link":""},"yoast_head":"<!-- This site is optimized with the Yoast SEO plugin v27.4 - https:\/\/yoast.com\/product\/yoast-seo-wordpress\/ -->\n<title>Machen Sie Mehr Aus Ihrem Besuch - Warner Bros. Studio Tour London<\/title>\n<meta name=\"robots\" content=\"index, follow, max-snippet:-1, max-image-preview:large, max-video-preview:-1\" \/>\n<link rel=\"canonical\" href=\"https:\/\/www.wbstudiotour.co.uk\/enhance-your-visit\/\" \/>\n<meta property=\"og:locale\" content=\"de_DE\" \/>\n<meta property=\"og:type\" content=\"article\" \/>\n<meta property=\"og:title\" content=\"Machen Sie Mehr Aus Ihrem Besuch - Warner Bros. Studio Tour London\" \/>\n<meta property=\"og:url\" content=\"https:\/\/www.wbstudiotour.co.uk\/enhance-your-visit\/\" \/>\n<meta property=\"og:site_name\" content=\"Warner Bros. Studio Tour London\" \/>\n<meta property=\"article:modified_time\" content=\"2025-07-01T11:04:02+00:00\" \/>\n<meta property=\"og:image\" content=\"http:\/\/www.wbstudiotour.co.uk\/wp-content\/uploads\/2019\/08\/Enhance-Hero.jpg\" \/>\n\t<meta property=\"og:image:width\" content=\"1920\" \/>\n\t<meta property=\"og:image:height\" content=\"1279\" \/>\n\t<meta property=\"og:image:type\" content=\"image\/jpeg\" \/>\n<meta name=\"twitter:card\" content=\"summary_large_image\" \/>\n<script type=\"application\/ld+json\" class=\"yoast-schema-graph\">{\"@context\":\"https:\\\/\\\/schema.org\",\"@graph\":[{\"@type\":\"ImageObject\",\"inLanguage\":\"de-DE\",\"@id\":\"https:\\\/\\\/www.wbstudiotour.co.uk\\\/enhance-your-visit\\\/#primaryimage\",\"url\":\"https:\\\/\\\/stage.wbstudiotour.co.uk\\\/wp-content\\\/uploads\\\/2019\\\/08\\\/Enhance-Hero.jpg\",\"contentUrl\":\"https:\\\/\\\/stage.wbstudiotour.co.uk\\\/wp-content\\\/uploads\\\/2019\\\/08\\\/Enhance-Hero.jpg\",\"width\":1920,\"height\":1279},{\"@type\":\"BreadcrumbList\",\"@id\":\"https:\\\/\\\/www.wbstudiotour.co.uk\\\/enhance-your-visit\\\/#breadcrumb\",\"itemListElement\":[{\"@type\":\"ListItem\",\"position\":1,\"name\":\"Home\",\"item\":\"https:\\\/\\\/stage.wbstudiotour.co.uk\\\/\"},{\"@type\":\"ListItem\",\"position\":2,\"name\":\"Enhance Your Visit\"}]},{\"@type\":\"WebSite\",\"@id\":\"https:\\\/\\\/www.wbstudiotour.co.uk\\\/fr\\\/#website\",\"url\":\"https:\\\/\\\/www.wbstudiotour.co.uk\\\/fr\\\/\",\"name\":\"Warner Bros. Studio Tour London\",\"description\":\"\",\"potentialAction\":[{\"@type\":\"SearchAction\",\"target\":{\"@type\":\"EntryPoint\",\"urlTemplate\":\"https:\\\/\\\/www.wbstudiotour.co.uk\\\/fr\\\/?s={search_term_string}\"},\"query-input\":{\"@type\":\"PropertyValueSpecification\",\"valueRequired\":true,\"valueName\":\"search_term_string\"}}],\"inLanguage\":\"de-DE\"}]}<\/script>\n<!-- \/ Yoast SEO plugin. -->","yoast_head_json":{"title":"Machen Sie Mehr Aus Ihrem Besuch - Warner Bros. Studio Tour London","robots":{"index":"index","follow":"follow","max-snippet":"max-snippet:-1","max-image-preview":"max-image-preview:large","max-video-preview":"max-video-preview:-1"},"canonical":"https:\/\/www.wbstudiotour.co.uk\/enhance-your-visit\/","og_locale":"de_DE","og_type":"article","og_title":"Machen Sie Mehr Aus Ihrem Besuch - Warner Bros. Studio Tour London","og_url":"https:\/\/www.wbstudiotour.co.uk\/enhance-your-visit\/","og_site_name":"Warner Bros. Studio Tour London","article_modified_time":"2025-07-01T11:04:02+00:00","og_image":[{"width":1920,"height":1279,"url":"http:\/\/www.wbstudiotour.co.uk\/wp-content\/uploads\/2019\/08\/Enhance-Hero.jpg","type":"image\/jpeg"}],"twitter_card":"summary_large_image","schema":{"@context":"https:\/\/schema.org","@graph":[{"@type":"ImageObject","inLanguage":"de-DE","@id":"https:\/\/www.wbstudiotour.co.uk\/enhance-your-visit\/#primaryimage","url":"https:\/\/stage.wbstudiotour.co.uk\/wp-content\/uploads\/2019\/08\/Enhance-Hero.jpg","contentUrl":"https:\/\/stage.wbstudiotour.co.uk\/wp-content\/uploads\/2019\/08\/Enhance-Hero.jpg","width":1920,"height":1279},{"@type":"BreadcrumbList","@id":"https:\/\/www.wbstudiotour.co.uk\/enhance-your-visit\/#breadcrumb","itemListElement":[{"@type":"ListItem","position":1,"name":"Home","item":"https:\/\/stage.wbstudiotour.co.uk\/"},{"@type":"ListItem","position":2,"name":"Enhance Your Visit"}]},{"@type":"WebSite","@id":"https:\/\/www.wbstudiotour.co.uk\/fr\/#website","url":"https:\/\/www.wbstudiotour.co.uk\/fr\/","name":"Warner Bros. Studio Tour London","description":"","potentialAction":[{"@type":"SearchAction","target":{"@type":"EntryPoint","urlTemplate":"https:\/\/www.wbstudiotour.co.uk\/fr\/?s={search_term_string}"},"query-input":{"@type":"PropertyValueSpecification","valueRequired":true,"valueName":"search_term_string"}}],"inLanguage":"de-DE"}]}},"_links":{"self":[{"href":"https:\/\/stage.wbstudiotour.co.uk\/de\/wp-json\/wp\/v2\/pages\/155","targetHints":{"allow":["GET"]}}],"collection":[{"href":"https:\/\/stage.wbstudiotour.co.uk\/de\/wp-json\/wp\/v2\/pages"}],"about":[{"href":"https:\/\/stage.wbstudiotour.co.uk\/de\/wp-json\/wp\/v2\/types\/page"}],"author":[{"embeddable":true,"href":"https:\/\/stage.wbstudiotour.co.uk\/de\/wp-json\/wp\/v2\/users\/6"}],"replies":[{"embeddable":true,"href":"https:\/\/stage.wbstudiotour.co.uk\/de\/wp-json\/wp\/v2\/comments?post=155"}],"version-history":[{"count":49,"href":"https:\/\/stage.wbstudiotour.co.uk\/de\/wp-json\/wp\/v2\/pages\/155\/revisions"}],"predecessor-version":[{"id":34535,"href":"https:\/\/stage.wbstudiotour.co.uk\/de\/wp-json\/wp\/v2\/pages\/155\/revisions\/34535"}],"wp:featuredmedia":[{"embeddable":true,"href":"https:\/\/stage.wbstudiotour.co.uk\/de\/wp-json\/wp\/v2\/media\/1054"}],"wp:attachment":[{"href":"https:\/\/stage.wbstudiotour.co.uk\/de\/wp-json\/wp\/v2\/media?parent=155"}],"curies":[{"name":"wp","href":"https:\/\/api.w.org\/{rel}","templated":true}]}}