{"id":753,"date":"2019-07-17T21:10:07","date_gmt":"2019-07-17T21:10:07","guid":{"rendered":"http:\/\/stage.wbstudiotour.co.uk\/?page_id=753"},"modified":"2024-09-02T13:43:18","modified_gmt":"2024-09-02T12:43:18","slug":"studio-shops","status":"publish","type":"page","link":"https:\/\/stage.wbstudiotour.co.uk\/de\/studio-shops\/","title":{"rendered":"STUDIO-L\u00c4DEN"},"content":{"rendered":"<h2>DIE STUDIO-L\u00c4DEN<\/h2>\n<p>Unser Studio-Laden bietet eine Reihe von ausgew\u00e4hlten Sammlerst\u00fccken, originalgetreuen Zauberst\u00e4ben, S\u00fc\u00dfigkeiten, Kleidung und vieles mehr. Einige der Waren gibt es ausschlie\u00dflich in der Studio Tour als besonderes Erinnerungsst\u00fcck f\u00fcr Sie.<\/p>\n<p>Sie ben\u00f6tigen ein f\u00fcr den Tag Ihres Besuchs g\u00fcltiges Ticket, um den Studio-Laden zu besuchen, da dieser Bestandteil der Tour ist.<\/p>\n<p><img loading=\"lazy\" decoding=\"async\" class=\"aligncenter wp-image-1240 size-full\" src=\"http:\/\/stage.wbstudiotour.co.uk\/wp-content\/uploads\/2019\/08\/studio-shop.jpg\" alt=\"Studio Shop\" width=\"1000\" height=\"667\" srcset=\"https:\/\/stage.wbstudiotour.co.uk\/wp-content\/uploads\/2019\/08\/studio-shop.jpg 1000w, https:\/\/stage.wbstudiotour.co.uk\/wp-content\/uploads\/2019\/08\/studio-shop-300x200.jpg 300w, https:\/\/stage.wbstudiotour.co.uk\/wp-content\/uploads\/2019\/08\/studio-shop-768x512.jpg 768w\" sizes=\"auto, (max-width: 1000px) 100vw, 1000px\" \/><\/p>\n<h2>DER FORBIDDEN FOREST SHOP<\/h2>\n<p>Der Forbidden Forest Shop ist eine Neuheit f\u00fcr 2017 und bietet eine Vielzahl an Souvenirs mit Waldmotiven, von Aragog-Pl\u00fcschtieren und Pfefferminzkr\u00f6ten bis zum \u201eVerbotener Wald\u201c-Print, exklusiv entworfen f\u00fcr die Studio Tour vom Grafikdesign-Duo MinaLima.<\/p>\n<p><img loading=\"lazy\" decoding=\"async\" class=\"aligncenter size-full wp-image-1241\" src=\"http:\/\/stage.wbstudiotour.co.uk\/wp-content\/uploads\/2019\/08\/Forbidden-Forest-Shop.jpg\" alt=\"The Forbidden Forest Shop\" width=\"1200\" height=\"800\" srcset=\"https:\/\/stage.wbstudiotour.co.uk\/wp-content\/uploads\/2019\/08\/Forbidden-Forest-Shop.jpg 1200w, https:\/\/stage.wbstudiotour.co.uk\/wp-content\/uploads\/2019\/08\/Forbidden-Forest-Shop-300x200.jpg 300w, https:\/\/stage.wbstudiotour.co.uk\/wp-content\/uploads\/2019\/08\/Forbidden-Forest-Shop-768x512.jpg 768w, https:\/\/stage.wbstudiotour.co.uk\/wp-content\/uploads\/2019\/08\/Forbidden-Forest-Shop-1024x683.jpg 1024w\" sizes=\"auto, (max-width: 1200px) 100vw, 1200px\" \/><\/p>\n<h2>DER RAILWAY SHOP<\/h2>\n<p>Nach dem Betreten von Gleis 9\u00be haben Sie die Chance, unseren Railway Shop zu erkunden, der viele Souvenirs, Geschenke, Haushaltswaren, Kleidung und mehr bietet. Halten Sie Ausschau nach Tickets f\u00fcr den Hogwarts Express und Schokofr\u00f6sche f\u00fcr Ihre Reise.<\/p>\n<p><img loading=\"lazy\" decoding=\"async\" class=\"aligncenter size-full wp-image-1242\" src=\"http:\/\/stage.wbstudiotour.co.uk\/wp-content\/uploads\/2019\/08\/Railway-Shop-Image.jpg\" alt=\"The Railway Shop\" width=\"1000\" height=\"666\" srcset=\"https:\/\/stage.wbstudiotour.co.uk\/wp-content\/uploads\/2019\/08\/Railway-Shop-Image.jpg 1000w, https:\/\/stage.wbstudiotour.co.uk\/wp-content\/uploads\/2019\/08\/Railway-Shop-Image-300x200.jpg 300w, https:\/\/stage.wbstudiotour.co.uk\/wp-content\/uploads\/2019\/08\/Railway-Shop-Image-768x511.jpg 768w\" sizes=\"auto, (max-width: 1000px) 100vw, 1000px\" \/><\/p>\n","protected":false},"excerpt":{"rendered":"<p>DIE STUDIO-L\u00c4DEN Unser Studio-Laden bietet eine Reihe von ausgew\u00e4hlten Sammlerst\u00fccken, originalgetreuen Zauberst\u00e4ben, S\u00fc\u00dfigkeiten, Kleidung und vieles mehr. Einige der Waren gibt es ausschlie\u00dflich in der Studio Tour als besonderes Erinnerungsst\u00fcck f\u00fcr Sie. Sie ben\u00f6tigen ein f\u00fcr den Tag Ihres Besuchs g\u00fcltiges Ticket, um den Studio-Laden zu besuchen, da dieser Bestandteil der Tour ist. DER FORBIDDEN [&hellip;]<\/p>\n","protected":false},"author":6,"featured_media":1239,"parent":0,"menu_order":0,"comment_status":"closed","ping_status":"closed","template":"","meta":{"_acf_changed":false,"footnotes":""},"class_list":["post-753","page","type-page","status-publish","has-post-thumbnail","hentry"],"translation":{"provider":"WPGlobus","version":"3.0.2","language":"de","enabled_languages":["en","es","de","fr","it"],"languages":{"en":{"title":true,"content":true,"excerpt":false},"es":{"title":true,"content":true,"excerpt":false},"de":{"title":true,"content":true,"excerpt":false},"fr":{"title":true,"content":true,"excerpt":false},"it":{"title":true,"content":true,"excerpt":false}}},"acf":{"add_cross_sell_to_page":false,"add_newsletter_sign_up_next_to_cross_sell":false,"choose_sidebar_entries":[{"ID":152,"post_author":"6","post_date":"2019-06-17 18:21:25","post_date_gmt":"2019-06-17 18:21:25","post_content":"","post_title":"{:en}Getting Here{:}{:es}C\u00d3MO LLEGAR{:}{:de}ANREISE{:}{:fr}PLAN D'ACC\u00c8S{:}","post_excerpt":"","post_status":"publish","comment_status":"closed","ping_status":"closed","post_password":"","post_name":"getting-here","to_ping":"","pinged":"","post_modified":"2019-08-21 22:15:32","post_modified_gmt":"2019-08-21 21:15:32","post_content_filtered":"","post_parent":0,"guid":"http:\/\/stage.wbstudiotour.co.uk\/?post_type=wbstl_sidebar&#038;p=152","menu_order":0,"post_type":"wbstl_sidebar","post_mime_type":"","comment_count":"0","filter":"raw"},{"ID":157,"post_author":"6","post_date":"2019-06-17 18:23:26","post_date_gmt":"2019-06-17 18:23:26","post_content":"","post_title":"{:en}Enhance Your Visit{:}{:es}MEJORA TU VISITA{:}{:de}ENTSTANDEN SIE IHREN BESUCH{:}{:fr}ENRICHIR VOTRE VISITE{:}","post_excerpt":"","post_status":"publish","comment_status":"closed","ping_status":"closed","post_password":"","post_name":"enhance-your-visit","to_ping":"","pinged":"","post_modified":"2022-10-10 12:34:01","post_modified_gmt":"2022-10-10 11:34:01","post_content_filtered":"","post_parent":0,"guid":"http:\/\/stage.wbstudiotour.co.uk\/?post_type=wbstl_sidebar&#038;p=157","menu_order":0,"post_type":"wbstl_sidebar","post_mime_type":"","comment_count":"0","filter":"raw"},{"ID":159,"post_author":"6","post_date":"2019-06-17 18:24:04","post_date_gmt":"2019-06-17 18:24:04","post_content":"","post_title":"{:en}Food & Drink{:}{:es}COMIDA Y BEBIDA{:}","post_excerpt":"","post_status":"publish","comment_status":"closed","ping_status":"closed","post_password":"","post_name":"food-drink","to_ping":"","pinged":"","post_modified":"2025-06-11 15:29:22","post_modified_gmt":"2025-06-11 14:29:22","post_content_filtered":"","post_parent":0,"guid":"http:\/\/stage.wbstudiotour.co.uk\/?post_type=wbstl_sidebar&#038;p=159","menu_order":0,"post_type":"wbstl_sidebar","post_mime_type":"","comment_count":"0","filter":"raw"}],"wbstl_use_fancy_lists":false,"wbstl_hero_video":"","wbstl_hv_mobile_placeholder":false,"wbstl_hv_tablet_placeholder":false,"wbstl_hv_subtitle":"","wbstl_hv_add_ticket_purchase_cta":false,"wbstl_ii_image":false,"wbstl_ii_content":"","add_cross_sell_to_page2":false,"wbstl_hv_title_color":"","wbstl_hv_text_color":"","wbstl_hv_cta_button_text":"","wbstl_hv_cta_link":"","wbstl_hv_show_cta_note":false,"wbstl_hv_cta_note":"","wbstl_hv_show_video_overlay":true,"wbstl_hv_cta_button_redeem_text":"wbstl_hv_cta_button_redeem_text","wbstl_hv_cta_redeem_link":""},"yoast_head":"<!-- This site is optimized with the Yoast SEO plugin v27.4 - https:\/\/yoast.com\/product\/yoast-seo-wordpress\/ -->\n<title>Studio Tour Shops - Warner Bros. Studio Tour London<\/title>\n<meta name=\"robots\" content=\"index, follow, max-snippet:-1, max-image-preview:large, max-video-preview:-1\" \/>\n<link rel=\"canonical\" href=\"https:\/\/www.wbstudiotour.co.uk\/studio-shops\/\" \/>\n<meta property=\"og:locale\" content=\"de_DE\" \/>\n<meta property=\"og:type\" content=\"article\" \/>\n<meta property=\"og:title\" content=\"STUDIO-L\u00c4DEN - Warner Bros. Studio Tour London\" \/>\n<meta property=\"og:url\" content=\"https:\/\/www.wbstudiotour.co.uk\/studio-shops\/\" \/>\n<meta property=\"og:site_name\" content=\"Warner Bros. Studio Tour London\" \/>\n<meta property=\"article:modified_time\" content=\"2024-09-02T12:43:18+00:00\" \/>\n<meta property=\"og:image\" content=\"https:\/\/www.wbstudiotour.co.uk\/wp-content\/uploads\/2019\/08\/Railway-Shop.jpg\" \/>\n\t<meta property=\"og:image:width\" content=\"1916\" \/>\n\t<meta property=\"og:image:height\" content=\"852\" \/>\n\t<meta property=\"og:image:type\" content=\"image\/jpeg\" \/>\n<meta name=\"twitter:card\" content=\"summary_large_image\" \/>\n<script type=\"application\/ld+json\" class=\"yoast-schema-graph\">{\"@context\":\"https:\\\/\\\/schema.org\",\"@graph\":[{\"@type\":\"ImageObject\",\"inLanguage\":\"de-DE\",\"@id\":\"https:\\\/\\\/www.wbstudiotour.co.uk\\\/studio-shops\\\/#primaryimage\",\"url\":\"https:\\\/\\\/stage.wbstudiotour.co.uk\\\/wp-content\\\/uploads\\\/2019\\\/08\\\/Railway-Shop.jpg\",\"contentUrl\":\"https:\\\/\\\/stage.wbstudiotour.co.uk\\\/wp-content\\\/uploads\\\/2019\\\/08\\\/Railway-Shop.jpg\",\"width\":1916,\"height\":852,\"caption\":\"Studio Tour Railway Shop\"},{\"@type\":\"BreadcrumbList\",\"@id\":\"https:\\\/\\\/www.wbstudiotour.co.uk\\\/studio-shops\\\/#breadcrumb\",\"itemListElement\":[{\"@type\":\"ListItem\",\"position\":1,\"name\":\"Home\",\"item\":\"https:\\\/\\\/stage.wbstudiotour.co.uk\\\/\"},{\"@type\":\"ListItem\",\"position\":2,\"name\":\"Studio Tour Shops\"}]},{\"@type\":\"WebSite\",\"@id\":\"https:\\\/\\\/www.wbstudiotour.co.uk\\\/fr\\\/#website\",\"url\":\"https:\\\/\\\/www.wbstudiotour.co.uk\\\/fr\\\/\",\"name\":\"Warner Bros. Studio Tour London\",\"description\":\"\",\"potentialAction\":[{\"@type\":\"SearchAction\",\"target\":{\"@type\":\"EntryPoint\",\"urlTemplate\":\"https:\\\/\\\/www.wbstudiotour.co.uk\\\/fr\\\/?s={search_term_string}\"},\"query-input\":{\"@type\":\"PropertyValueSpecification\",\"valueRequired\":true,\"valueName\":\"search_term_string\"}}],\"inLanguage\":\"de-DE\"}]}<\/script>\n<!-- \/ Yoast SEO plugin. -->","yoast_head_json":{"title":"Studio Tour Shops - Warner Bros. Studio Tour London","robots":{"index":"index","follow":"follow","max-snippet":"max-snippet:-1","max-image-preview":"max-image-preview:large","max-video-preview":"max-video-preview:-1"},"canonical":"https:\/\/www.wbstudiotour.co.uk\/studio-shops\/","og_locale":"de_DE","og_type":"article","og_title":"STUDIO-L\u00c4DEN - Warner Bros. Studio Tour London","og_url":"https:\/\/www.wbstudiotour.co.uk\/studio-shops\/","og_site_name":"Warner Bros. Studio Tour London","article_modified_time":"2024-09-02T12:43:18+00:00","og_image":[{"width":1916,"height":852,"url":"https:\/\/www.wbstudiotour.co.uk\/wp-content\/uploads\/2019\/08\/Railway-Shop.jpg","type":"image\/jpeg"}],"twitter_card":"summary_large_image","schema":{"@context":"https:\/\/schema.org","@graph":[{"@type":"ImageObject","inLanguage":"de-DE","@id":"https:\/\/www.wbstudiotour.co.uk\/studio-shops\/#primaryimage","url":"https:\/\/stage.wbstudiotour.co.uk\/wp-content\/uploads\/2019\/08\/Railway-Shop.jpg","contentUrl":"https:\/\/stage.wbstudiotour.co.uk\/wp-content\/uploads\/2019\/08\/Railway-Shop.jpg","width":1916,"height":852,"caption":"Studio Tour Railway Shop"},{"@type":"BreadcrumbList","@id":"https:\/\/www.wbstudiotour.co.uk\/studio-shops\/#breadcrumb","itemListElement":[{"@type":"ListItem","position":1,"name":"Home","item":"https:\/\/stage.wbstudiotour.co.uk\/"},{"@type":"ListItem","position":2,"name":"Studio Tour Shops"}]},{"@type":"WebSite","@id":"https:\/\/www.wbstudiotour.co.uk\/fr\/#website","url":"https:\/\/www.wbstudiotour.co.uk\/fr\/","name":"Warner Bros. Studio Tour London","description":"","potentialAction":[{"@type":"SearchAction","target":{"@type":"EntryPoint","urlTemplate":"https:\/\/www.wbstudiotour.co.uk\/fr\/?s={search_term_string}"},"query-input":{"@type":"PropertyValueSpecification","valueRequired":true,"valueName":"search_term_string"}}],"inLanguage":"de-DE"}]}},"_links":{"self":[{"href":"https:\/\/stage.wbstudiotour.co.uk\/de\/wp-json\/wp\/v2\/pages\/753","targetHints":{"allow":["GET"]}}],"collection":[{"href":"https:\/\/stage.wbstudiotour.co.uk\/de\/wp-json\/wp\/v2\/pages"}],"about":[{"href":"https:\/\/stage.wbstudiotour.co.uk\/de\/wp-json\/wp\/v2\/types\/page"}],"author":[{"embeddable":true,"href":"https:\/\/stage.wbstudiotour.co.uk\/de\/wp-json\/wp\/v2\/users\/6"}],"replies":[{"embeddable":true,"href":"https:\/\/stage.wbstudiotour.co.uk\/de\/wp-json\/wp\/v2\/comments?post=753"}],"version-history":[{"count":10,"href":"https:\/\/stage.wbstudiotour.co.uk\/de\/wp-json\/wp\/v2\/pages\/753\/revisions"}],"predecessor-version":[{"id":28311,"href":"https:\/\/stage.wbstudiotour.co.uk\/de\/wp-json\/wp\/v2\/pages\/753\/revisions\/28311"}],"wp:featuredmedia":[{"embeddable":true,"href":"https:\/\/stage.wbstudiotour.co.uk\/de\/wp-json\/wp\/v2\/media\/1239"}],"wp:attachment":[{"href":"https:\/\/stage.wbstudiotour.co.uk\/de\/wp-json\/wp\/v2\/media?parent=753"}],"curies":[{"name":"wp","href":"https:\/\/api.w.org\/{rel}","templated":true}]}}