{"id":788,"date":"2019-01-20T07:45:00","date_gmt":"2019-01-20T07:45:00","guid":{"rendered":"http:\/\/stage.wbstudiotour.co.uk\/?page_id=788"},"modified":"2024-10-23T10:32:01","modified_gmt":"2024-10-23T09:32:01","slug":"when-you-arrive","status":"publish","type":"page","link":"https:\/\/stage.wbstudiotour.co.uk\/de\/when-you-arrive\/","title":{"rendered":"Bei der Ankunft"},"content":{"rendered":"<h2>Eintrittszeit<\/h2>\n<p>The <a href=\"\/studio-shops\/\">Studio Shop<\/a> is available to access after your Studio Tour. Due to the one-way system in place, it is currently not possible to visit the shop before your allocated time slot.<\/p>\n<p>Bei Ankunft werden Sie und Ihre Taschen kontrolliert, bevor Sie die Studio-Tour betreten. Wir bitten Sie, keine gro\u00dfen Gep\u00e4ckst\u00fccke oder mehrere Taschen mitzubringen. Bitte ber\u00fccksichtigen Sie dies bei der Planung Ihrer Ankunftszeit und bei der \u00dcberlegung, was Sie mit hineinnehmen m\u00f6chten. Bestimmte Gegenst\u00e4nde d\u00fcrfen nicht mitgef\u00fchrt werden. <a href=\"\/wp-content\/uploads\/2019\/09\/WBSTL-Prohibited-Items.pdf\" target=\"_blank\" rel=\"noopener noreferrer\">Mehr Informationen dazu finden Sie hier<\/a>.<\/p>\n<hr \/>\n<h2 id=\"parking\">Parkm\u00f6glichkeiten<\/h2>\n<p>Sie k\u00f6nnen kostenlos auf unserem Parkplatz direkt vor der Studio-Tour parken. Wenn Sie auf den Parkplatz fahren, legen Sie bitte dem Parkplatzteam Ihre Buchungsbest\u00e4tigung vor. Wenn Sie einzeln anreisen, aber Teil einer Gruppe sind, brauchen Sie f\u00fcr jedes Fahrzeug eine Buchungsbest\u00e4tigung, die Sie beim Einfahren auf den Parkplatz vorzeigen m\u00fcssen.<\/p>\n<p>Eine Anzahl Behindertenparkpl\u00e4tze steht in der N\u00e4he des Haupteingangs f\u00fcr entsprechend berechtigte Besucher zur Verf\u00fcgung. Bitte denken Sie daran, am Tag Ihres Besuchs Ihren Behindertenparkausweis mitzubringen und ihn gut sichtbar in Ihrem Auto zu hinterlegen.<\/p>\n<p>Alle registrierten Blindenhunde, Signalhunde und andere Hunde zur Assistenz von Behinderten sind bei der Studio-Tour willkommen. Wenn Sie zu Ihrem Besuch einen Assistenzhund mitbringen m\u00f6chten, bringen Sie bitte zur Identifikation des Hundes Ausweisdokumente oder ein entsprechendes Geschirr mit. Wenn Sie eine Wasserschale f\u00fcr Ihren Hund ben\u00f6tigen, helfen unsere Mitarbeiter Ihnen auf Anfrage gerne weiter. Sonstige Hunde und andere Haustiere sind bei der Tour nicht zugelassen und d\u00fcrfen aus Sicherheitsgr\u00fcnden nicht im Auto zur\u00fcckgelassen werden. Die Tour ist so aufgebaut, dass G\u00e4ste vor Ende ihres Besuchs nicht zum Parkplatz zur\u00fcckkehren k\u00f6nnen.<\/p>\n<h3>Parken mit Priorit\u00e4t<\/h3>\n<p>Neben dem Eingang zur Studio-Tour kann mit Priorit\u00e4t geparkt werden. Dieser Service kostet \u00a3 10 (zus\u00e4tzlich zu Ihren Studio-Tour-Ticketgeb\u00fchren) und Sie k\u00f6nnen online daf\u00fcr zahlen. <\/p>\n<p>Das Parken mit Priorit\u00e4t kann nur online vor Ihrem Besuch gebucht werden und nicht am Tag des Besuchs selbst. <\/p>\n<p>Haben Sie E-Tickets ausgew\u00e4hlt, wird Ihr Ticket f\u00fcr Parken mit Priorit\u00e4t zusammen mit Ihren Tour-Tickets als E-Mail-Anhang zugestellt. Haben Sie sich f\u00fcr Zustellung per Post entschieden, erhalten Sie ein ausgedrucktes Ticket f\u00fcr Parken mit Priorit\u00e4t. <\/p>\n<p>Bitte zeigen Sie Ihr Parkticket bei Ihrer Ankunft vor \u2013 Sie erhalten einen Aufkleber f\u00fcr die Windschutzscheibe und k\u00f6nnen dann in den Parkbuchten in der N\u00e4he des Eingangs parken.<\/p>\n<div class=\"aligncenter size-full\"><iframe loading=\"lazy\" title=\"Arriving By Car - Warner Bros. Studio Tour London\" width=\"848\" height=\"477\" src=\"https:\/\/www.youtube-nocookie.com\/embed\/NrFPOyjIba4?feature=oembed\" frameborder=\"0\" allow=\"accelerometer; autoplay; clipboard-write; encrypted-media; gyroscope; picture-in-picture; web-share\" referrerpolicy=\"strict-origin-when-cross-origin\" allowfullscreen><\/iframe><\/div>\n<hr \/>\n<h2>Ausstiegsstellen<\/h2>\n<p>Sie k\u00f6nnen Besucher gerne auf unserem Parkplatz aussteigen lassen, auch wenn Sie selbst nicht an der Studio-Tour teilnehmen. Fragen Sie unser Parkplatz-Team, wie Sie am besten zu einer der vorgesehenen Ausstiegsstellen finden.<\/p>\n<hr \/>\n<h2>Ticketabholung<\/h2>\n<p>Wenn Sie eine E-Mail zur Buchungsbest\u00e4tigung erhalten haben, k\u00f6nnen Sie Ihre Tickets am Ticketschalter oder den Ticketautomaten au\u00dferhalb des Haupteingangs abholen. Wenn Sie sich Ihre Tickets per Post erhalten haben, k\u00f6nnen Sie nach Ankunft direkt die Studio-Tour betreten.<\/p>\n<p>Alle Tickets f\u00fcr die Warner Bros. Studio-Tour London m\u00fcssen im Voraus gebucht werden. Nur Besucher mit Buchungsbest\u00e4tigung werden hineingelassen. Die Buchungsbest\u00e4tigung wird bei der Ankunft vor Einfahrt auf den Parkplatz \u00fcberpr\u00fcft.<\/p>\n<div class=\"aligncenter size-full\"><iframe loading=\"lazy\" title=\"Ticket Collection - Warner Bros. Studio Tour London\" width=\"848\" height=\"477\" src=\"https:\/\/www.youtube-nocookie.com\/embed\/EtIQvkoC4IU?feature=oembed\" frameborder=\"0\" allow=\"accelerometer; autoplay; clipboard-write; encrypted-media; gyroscope; picture-in-picture; web-share\" referrerpolicy=\"strict-origin-when-cross-origin\" allowfullscreen><\/iframe><\/div>\n<hr \/>\n<h2>Studio-Tour-Karte<\/h2>\n<p>Benutzen Sie diese Karte, um Ihren Besuch zu planen und sich bei der Warner Bros. Studio-Tour London zurechtzufinden. <a href=\"http:\/\/stage.wbstudiotour.co.uk\/wp-content\/uploads\/2019\/11\/wbstl-printable-map-2021.pdf\" target=\"_blank\" rel=\"noopener noreferrer\">Laden Sie die Karte hier herunter<\/a>. <\/p>\n<p><a href=\"http:\/\/stage.wbstudiotour.co.uk\/wp-content\/uploads\/2019\/11\/wbstl-printable-map-2021.pdf\" target=\"_blank\" rel=\"http:\/\/stage.wbstudiotour.co.uk\/wp-content\/uploads\/2019\/11\/wbstl-printable-map-2021.pdf noopener noreferrer\"><img loading=\"lazy\" decoding=\"async\" class=\"aligncenter wp-image-3043 size-large\" title=\"Warner Bros. Studio Tour Map\" src=\"http:\/\/stage.wbstudiotour.co.uk\/wp-content\/uploads\/2019\/11\/studio-tour-map.png\" alt=\"Warner Bros. Studio Tour Map\" width=\"1024\" height=\"845\" srcset=\"https:\/\/stage.wbstudiotour.co.uk\/wp-content\/uploads\/2019\/11\/studio-tour-map.png 10752w, https:\/\/stage.wbstudiotour.co.uk\/wp-content\/uploads\/2019\/11\/studio-tour-map-300x248.png 300w, https:\/\/stage.wbstudiotour.co.uk\/wp-content\/uploads\/2019\/11\/studio-tour-map-1024x845.png 1024w, https:\/\/stage.wbstudiotour.co.uk\/wp-content\/uploads\/2019\/11\/studio-tour-map-768x634.png 768w, https:\/\/stage.wbstudiotour.co.uk\/wp-content\/uploads\/2019\/11\/studio-tour-map-1536x1268.png 1536w, https:\/\/stage.wbstudiotour.co.uk\/wp-content\/uploads\/2019\/11\/studio-tour-map-2048x1690.png 2048w\" sizes=\"auto, (max-width: 1024px) 100vw, 1024px\" \/><\/a><\/p>\n<hr \/>\n<h2>Fotografieren<\/h2>\n<p>Fotografieren und Filmen mit Handkameras und Mobilger\u00e4ten ist in allen Bereichen der Studio-Tour erlaubt, mit Ausnahme des Vorschau-Kinos und der Greenscreen-Bereiche. Beachten Sie bitte, dass das Filmen mit Stativen und sonstiger Spezialausr\u00fcstung zum Fotografieren nicht gestattet ist.<\/p>\n<div class=\"aligncenter size-full\"><iframe loading=\"lazy\" title=\"Taking Photos - Warner Bros. Studio Tour London\" width=\"848\" height=\"477\" src=\"https:\/\/www.youtube-nocookie.com\/embed\/bUYhLzNkPdM?feature=oembed\" frameborder=\"0\" allow=\"accelerometer; autoplay; clipboard-write; encrypted-media; gyroscope; picture-in-picture; web-share\" referrerpolicy=\"strict-origin-when-cross-origin\" allowfullscreen><\/iframe><\/div>\n<hr \/>\n<h2 id=\"cloakroom\">Garderobe<\/h2>\n<p>M\u00e4ntel und Taschen k\u00f6nnen Sie kostenlos in der Garderobe zur\u00fccklassen. Bitte lassen Sie Buggys und Kinderwagen, soweit m\u00f6glich, in der Garderobe zur\u00fcck, da der Platz innerhalb der Studio-Tour beschr\u00e4nkt ist. Bitte beachten Sie, dass wir f\u00fcr zur\u00fcckgelassene Gegenst\u00e4nde keine Haftung \u00fcbernehmen.<\/p>\n<div class=\"aligncenter size-full\"><iframe loading=\"lazy\" title=\"Cloakroom - Warner Bros. Studio Tour London\" width=\"848\" height=\"477\" src=\"https:\/\/www.youtube-nocookie.com\/embed\/ArrexCd08NE?feature=oembed\" frameborder=\"0\" allow=\"accelerometer; autoplay; clipboard-write; encrypted-media; gyroscope; picture-in-picture; web-share\" referrerpolicy=\"strict-origin-when-cross-origin\" allowfullscreen><\/iframe><\/div>\n","protected":false},"excerpt":{"rendered":"<p>Eintrittszeit The Studio Shop is available to access after your Studio Tour. Due to the one-way system in place, it is currently not possible to visit the shop before your allocated time slot. Bei Ankunft werden Sie und Ihre Taschen kontrolliert, bevor Sie die Studio-Tour betreten. Wir bitten Sie, keine gro\u00dfen Gep\u00e4ckst\u00fccke oder mehrere Taschen [&hellip;]<\/p>\n","protected":false},"author":6,"featured_media":1258,"parent":0,"menu_order":0,"comment_status":"closed","ping_status":"closed","template":"","meta":{"_acf_changed":false,"footnotes":""},"class_list":["post-788","page","type-page","status-publish","has-post-thumbnail","hentry"],"translation":{"provider":"WPGlobus","version":"3.0.2","language":"de","enabled_languages":["en","es","de","fr","it"],"languages":{"en":{"title":true,"content":true,"excerpt":false},"es":{"title":true,"content":true,"excerpt":false},"de":{"title":true,"content":true,"excerpt":false},"fr":{"title":true,"content":true,"excerpt":false},"it":{"title":true,"content":true,"excerpt":false}}},"acf":{"add_cross_sell_to_page":false,"add_newsletter_sign_up_next_to_cross_sell":true,"choose_sidebar_entries":[{"ID":159,"post_author":"6","post_date":"2019-06-17 18:24:04","post_date_gmt":"2019-06-17 18:24:04","post_content":"","post_title":"{:en}Food & Drink{:}{:es}COMIDA Y BEBIDA{:}","post_excerpt":"","post_status":"publish","comment_status":"closed","ping_status":"closed","post_password":"","post_name":"food-drink","to_ping":"","pinged":"","post_modified":"2025-06-11 15:29:22","post_modified_gmt":"2025-06-11 14:29:22","post_content_filtered":"","post_parent":0,"guid":"http:\/\/stage.wbstudiotour.co.uk\/?post_type=wbstl_sidebar&#038;p=159","menu_order":0,"post_type":"wbstl_sidebar","post_mime_type":"","comment_count":"0","filter":"raw"},{"ID":152,"post_author":"6","post_date":"2019-06-17 18:21:25","post_date_gmt":"2019-06-17 18:21:25","post_content":"","post_title":"{:en}Getting Here{:}{:es}C\u00d3MO LLEGAR{:}{:de}ANREISE{:}{:fr}PLAN D'ACC\u00c8S{:}","post_excerpt":"","post_status":"publish","comment_status":"closed","ping_status":"closed","post_password":"","post_name":"getting-here","to_ping":"","pinged":"","post_modified":"2019-08-21 22:15:32","post_modified_gmt":"2019-08-21 21:15:32","post_content_filtered":"","post_parent":0,"guid":"http:\/\/stage.wbstudiotour.co.uk\/?post_type=wbstl_sidebar&#038;p=152","menu_order":0,"post_type":"wbstl_sidebar","post_mime_type":"","comment_count":"0","filter":"raw"},{"ID":161,"post_author":"6","post_date":"2019-06-17 18:25:14","post_date_gmt":"2019-06-17 18:25:14","post_content":"","post_title":"{:en}Explore the Tour{:}{:es}EXPLORAR EL TOUR{:}{:de}ENTDECKEN SIE DIE TOUR{:}{:fr}EXPLOREZ LE TOUR{:}","post_excerpt":"","post_status":"publish","comment_status":"closed","ping_status":"closed","post_password":"","post_name":"explore-the-tour","to_ping":"","pinged":"","post_modified":"2019-08-28 22:44:40","post_modified_gmt":"2019-08-28 21:44:40","post_content_filtered":"","post_parent":0,"guid":"http:\/\/stage.wbstudiotour.co.uk\/?post_type=wbstl_sidebar&#038;p=161","menu_order":0,"post_type":"wbstl_sidebar","post_mime_type":"","comment_count":"0","filter":"raw"}],"wbstl_use_fancy_lists":false,"wbstl_hero_video":"","wbstl_hv_mobile_placeholder":false,"wbstl_hv_tablet_placeholder":false,"wbstl_hv_subtitle":"","wbstl_hv_add_ticket_purchase_cta":false,"wbstl_ii_image":false,"wbstl_ii_content":"","add_cross_sell_to_page2":false,"wbstl_hv_cta_button_text":"","wbstl_hv_cta_link":"","wbstl_hv_show_cta_note":false,"wbstl_hv_cta_note":"","wbstl_hv_title_color":"","wbstl_hv_text_color":"","wbstl_hv_show_video_overlay":true,"wbstl_hv_cta_button_redeem_text":"wbstl_hv_cta_button_redeem_text","wbstl_hv_cta_redeem_link":""},"yoast_head":"<!-- This site is optimized with the Yoast SEO plugin v27.4 - https:\/\/yoast.com\/product\/yoast-seo-wordpress\/ -->\n<title>Bei der Ankunft - Warner Bros. Studio Tour London<\/title>\n<meta name=\"robots\" content=\"index, follow, max-snippet:-1, max-image-preview:large, max-video-preview:-1\" \/>\n<link rel=\"canonical\" href=\"https:\/\/www.wbstudiotour.co.uk\/when-you-arrive\/\" \/>\n<meta property=\"og:locale\" content=\"de_DE\" \/>\n<meta property=\"og:type\" content=\"article\" \/>\n<meta property=\"og:title\" content=\"Bei der Ankunft - Warner Bros. Studio Tour London\" \/>\n<meta property=\"og:url\" content=\"https:\/\/www.wbstudiotour.co.uk\/when-you-arrive\/\" \/>\n<meta property=\"og:site_name\" content=\"Warner Bros. Studio Tour London\" \/>\n<meta property=\"article:modified_time\" content=\"2024-10-23T09:32:01+00:00\" \/>\n<meta property=\"og:image\" content=\"http:\/\/www.wbstudiotour.co.uk\/wp-content\/uploads\/2019\/08\/When-You-Arrive.jpg\" \/>\n\t<meta property=\"og:image:width\" content=\"1920\" \/>\n\t<meta property=\"og:image:height\" content=\"1280\" \/>\n\t<meta property=\"og:image:type\" content=\"image\/jpeg\" \/>\n<meta name=\"twitter:card\" content=\"summary_large_image\" \/>\n<script type=\"application\/ld+json\" class=\"yoast-schema-graph\">{\"@context\":\"https:\\\/\\\/schema.org\",\"@graph\":[{\"@type\":\"ImageObject\",\"inLanguage\":\"de-DE\",\"@id\":\"https:\\\/\\\/www.wbstudiotour.co.uk\\\/when-you-arrive\\\/#primaryimage\",\"url\":\"https:\\\/\\\/stage.wbstudiotour.co.uk\\\/wp-content\\\/uploads\\\/2019\\\/08\\\/When-You-Arrive.jpg\",\"contentUrl\":\"https:\\\/\\\/stage.wbstudiotour.co.uk\\\/wp-content\\\/uploads\\\/2019\\\/08\\\/When-You-Arrive.jpg\",\"width\":1920,\"height\":1280,\"caption\":\"Close up of Hogwarts model\"},{\"@type\":\"BreadcrumbList\",\"@id\":\"https:\\\/\\\/www.wbstudiotour.co.uk\\\/when-you-arrive\\\/#breadcrumb\",\"itemListElement\":[{\"@type\":\"ListItem\",\"position\":1,\"name\":\"Home\",\"item\":\"https:\\\/\\\/stage.wbstudiotour.co.uk\\\/\"},{\"@type\":\"ListItem\",\"position\":2,\"name\":\"When You Arrive\"}]},{\"@type\":\"WebSite\",\"@id\":\"https:\\\/\\\/www.wbstudiotour.co.uk\\\/fr\\\/#website\",\"url\":\"https:\\\/\\\/www.wbstudiotour.co.uk\\\/fr\\\/\",\"name\":\"Warner Bros. Studio Tour London\",\"description\":\"\",\"potentialAction\":[{\"@type\":\"SearchAction\",\"target\":{\"@type\":\"EntryPoint\",\"urlTemplate\":\"https:\\\/\\\/www.wbstudiotour.co.uk\\\/fr\\\/?s={search_term_string}\"},\"query-input\":{\"@type\":\"PropertyValueSpecification\",\"valueRequired\":true,\"valueName\":\"search_term_string\"}}],\"inLanguage\":\"de-DE\"}]}<\/script>\n<!-- \/ Yoast SEO plugin. -->","yoast_head_json":{"title":"Bei der Ankunft - Warner Bros. Studio Tour London","robots":{"index":"index","follow":"follow","max-snippet":"max-snippet:-1","max-image-preview":"max-image-preview:large","max-video-preview":"max-video-preview:-1"},"canonical":"https:\/\/www.wbstudiotour.co.uk\/when-you-arrive\/","og_locale":"de_DE","og_type":"article","og_title":"Bei der Ankunft - Warner Bros. Studio Tour London","og_url":"https:\/\/www.wbstudiotour.co.uk\/when-you-arrive\/","og_site_name":"Warner Bros. Studio Tour London","article_modified_time":"2024-10-23T09:32:01+00:00","og_image":[{"width":1920,"height":1280,"url":"http:\/\/www.wbstudiotour.co.uk\/wp-content\/uploads\/2019\/08\/When-You-Arrive.jpg","type":"image\/jpeg"}],"twitter_card":"summary_large_image","schema":{"@context":"https:\/\/schema.org","@graph":[{"@type":"ImageObject","inLanguage":"de-DE","@id":"https:\/\/www.wbstudiotour.co.uk\/when-you-arrive\/#primaryimage","url":"https:\/\/stage.wbstudiotour.co.uk\/wp-content\/uploads\/2019\/08\/When-You-Arrive.jpg","contentUrl":"https:\/\/stage.wbstudiotour.co.uk\/wp-content\/uploads\/2019\/08\/When-You-Arrive.jpg","width":1920,"height":1280,"caption":"Close up of Hogwarts model"},{"@type":"BreadcrumbList","@id":"https:\/\/www.wbstudiotour.co.uk\/when-you-arrive\/#breadcrumb","itemListElement":[{"@type":"ListItem","position":1,"name":"Home","item":"https:\/\/stage.wbstudiotour.co.uk\/"},{"@type":"ListItem","position":2,"name":"When You Arrive"}]},{"@type":"WebSite","@id":"https:\/\/www.wbstudiotour.co.uk\/fr\/#website","url":"https:\/\/www.wbstudiotour.co.uk\/fr\/","name":"Warner Bros. Studio Tour London","description":"","potentialAction":[{"@type":"SearchAction","target":{"@type":"EntryPoint","urlTemplate":"https:\/\/www.wbstudiotour.co.uk\/fr\/?s={search_term_string}"},"query-input":{"@type":"PropertyValueSpecification","valueRequired":true,"valueName":"search_term_string"}}],"inLanguage":"de-DE"}]}},"_links":{"self":[{"href":"https:\/\/stage.wbstudiotour.co.uk\/de\/wp-json\/wp\/v2\/pages\/788","targetHints":{"allow":["GET"]}}],"collection":[{"href":"https:\/\/stage.wbstudiotour.co.uk\/de\/wp-json\/wp\/v2\/pages"}],"about":[{"href":"https:\/\/stage.wbstudiotour.co.uk\/de\/wp-json\/wp\/v2\/types\/page"}],"author":[{"embeddable":true,"href":"https:\/\/stage.wbstudiotour.co.uk\/de\/wp-json\/wp\/v2\/users\/6"}],"replies":[{"embeddable":true,"href":"https:\/\/stage.wbstudiotour.co.uk\/de\/wp-json\/wp\/v2\/comments?post=788"}],"version-history":[{"count":21,"href":"https:\/\/stage.wbstudiotour.co.uk\/de\/wp-json\/wp\/v2\/pages\/788\/revisions"}],"predecessor-version":[{"id":28984,"href":"https:\/\/stage.wbstudiotour.co.uk\/de\/wp-json\/wp\/v2\/pages\/788\/revisions\/28984"}],"wp:featuredmedia":[{"embeddable":true,"href":"https:\/\/stage.wbstudiotour.co.uk\/de\/wp-json\/wp\/v2\/media\/1258"}],"wp:attachment":[{"href":"https:\/\/stage.wbstudiotour.co.uk\/de\/wp-json\/wp\/v2\/media?parent=788"}],"curies":[{"name":"wp","href":"https:\/\/api.w.org\/{rel}","templated":true}]}}