{"id":816,"date":"2019-07-19T17:40:30","date_gmt":"2019-07-19T17:40:30","guid":{"rendered":"http:\/\/stage.wbstudiotour.co.uk\/?page_id=816"},"modified":"2025-04-04T10:53:44","modified_gmt":"2025-04-04T09:53:44","slug":"our-history","status":"publish","type":"page","link":"https:\/\/stage.wbstudiotour.co.uk\/de\/our-history\/","title":{"rendered":"Unsere Geschichte"},"content":{"rendered":"<p>Leavesden war mehr als zehn Jahre lang die Heimat der Harry-Potter-Filmreihe. Da die Buchreihe noch nicht komplett ver\u00f6ffentlicht war, als die Filme gedreht wurden, hob die Produktionscrew viele bekannte Sets, Requisiten und Kost\u00fcme auf, die speziell f\u00fcr die Filme angefertigt worden waren \u2013 f\u00fcr den Fall dass sie sp\u00e4ter in der Reihe noch gebraucht w\u00fcrden.<\/p>\n<p>Als die Dreharbeiten zu Harry Potter und die Heiligt\u00fcmer des Todes \u2013 Teil 2 2010 endeten, blieb der Produktionscrew ein reicher Schatz aus Tausenden von detaillierten und aufwendig gefertigten Requisiten, von denen viele bei einer normalen Produktion nicht aufgehoben worden w\u00e4ren.<\/p>\n<p>Das Team hinter der Warner Bros. Studio Tour London \u2013 The Making of Harry Potter wollte diese ber\u00fchmten Requisiten, Kost\u00fcme und Sets bewahren und ausstellen, damit Harry-Potter-Fans die Magie des Filmemachens aus erster Hand erleben k\u00f6nnen. Viele der Darsteller und Mitarbeiter der Filme kehrten an die Sets zur\u00fcck, um ihre Erinnerungen an die Dreharbeiten aufzuzeichnen, und am 31. Mai 2012 \u00f6ffnete die Studio Tour ihre Pforten.<\/p>\n<p>In unmittelbarer Nachbarschaft zu den aktiven Filmstudios gelegen, in denen alle acht Harry-Potter-Filme gedreht worden waren, bietet die Studio Tour ihren Besuchern die einzigartige Gelegenheit, zwei Studios und ein Studiogel\u00e4nde voller Original-Sets, Animatronik-Kreaturen und atemberaubender Spezialeffekte zu erkunden.<\/p>\n<p><iframe loading=\"lazy\" title=\"Grand Opening of Warner Bros. Studio Tour London - The Making of Harry Potter\" width=\"848\" height=\"477\" src=\"https:\/\/www.youtube-nocookie.com\/embed\/8LG27MWzbL8?feature=oembed\" frameborder=\"0\" allow=\"accelerometer; autoplay; clipboard-write; encrypted-media; gyroscope; picture-in-picture; web-share\" referrerpolicy=\"strict-origin-when-cross-origin\" allowfullscreen><\/iframe><\/p>\n<p><span class=\"wysiwyg-flourish hourglass\"><span class=\"admin-placeholder\">hourglass Flourish Here<\/span><\/span><\/p>\n<h2 style=\"text-align: center;\">HARRY POTTER UND DER STEIN DER WEISEN<\/h2>\n<hr class=\"short\" \/>\n<p style=\"text-align: center;\"><img loading=\"lazy\" decoding=\"async\" class=\"wp-image-1171 size-full aligncenter\" src=\"http:\/\/stage.wbstudiotour.co.uk\/wp-content\/uploads\/2019\/08\/HPSS_1.jpg\" alt=\"Still from Harry Potter and the Philosopher's Stone with Harry and Hagrid\" width=\"580\" height=\"380\" srcset=\"https:\/\/stage.wbstudiotour.co.uk\/wp-content\/uploads\/2019\/08\/HPSS_1.jpg 580w, https:\/\/stage.wbstudiotour.co.uk\/wp-content\/uploads\/2019\/08\/HPSS_1-300x197.jpg 300w\" sizes=\"auto, (max-width: 580px) 100vw, 580px\" \/><\/p>\n<p>Die Dreharbeiten zu \u201eHarry Potter und der Stein der Weisen\u201c begannen am Freitag, dem 29. September 2000, und die Gro\u00dfe Halle war eins der ersten Sets, das gebaut wurde: ein riesiger, eindrucksvoller Saal, in dem mehr als 400 Kinder Platz fanden. Im weiteren Verlauf wurde es zu einem Haupt-Set, das in sieben der Harry-Potter-Filme vorkommt (die Gro\u00dfe Halle taucht in \u201eHarry Potter und die Heiligt\u00fcmer des Todes \u2013 Teil 1\u201c nicht auf), und jetzt in der Studio Tour permanent f\u00fcr Besucher zug\u00e4nglich ist.<\/p>\n<p>In der Gro\u00dfen Halle finden sich eine Reihe von Wandleuchtern (jeder voll funktionsf\u00e4hig), die die vier H\u00e4user von Hogwarts repr\u00e4sentieren: Gryffindor, Ravenclaw, Slytherin und Hufflepuff. Hinter dem Lehrertisch befinden sich aufwendig gestaltete Hauspunkte-Stundengl\u00e4ser. Dieser wundersch\u00f6ne Mechanismus wurde f\u00fcr den ersten Film erschaffen, und jede Sanduhr enth\u00e4lt Zehntausende indischer Glasperlen. Ger\u00fcchte besagen, sein Bau habe zu einer landesweiten Glasperlen-Knappheit gef\u00fchrt!<\/p>\n<p><span class=\"wysiwyg-flourish hourglass\"><span class=\"admin-placeholder\">hourglass Flourish Here<\/span><\/span><\/p>\n<h2 style=\"text-align: center;\">HARRY POTTER UND DIE KAMMER DES SCHRECKENS<\/h2>\n<hr class=\"short\" \/>\n<p style=\"text-align: center;\"><img loading=\"lazy\" decoding=\"async\" class=\"alignnone size-full wp-image-1172 aligncenter\" src=\"http:\/\/stage.wbstudiotour.co.uk\/wp-content\/uploads\/2019\/08\/HPSS_2.jpg\" alt=\"Still from Harry Potter and the Chamber of Secrets with Harry dueling\" width=\"580\" height=\"380\" srcset=\"https:\/\/stage.wbstudiotour.co.uk\/wp-content\/uploads\/2019\/08\/HPSS_2.jpg 580w, https:\/\/stage.wbstudiotour.co.uk\/wp-content\/uploads\/2019\/08\/HPSS_2-300x197.jpg 300w\" sizes=\"auto, (max-width: 580px) 100vw, 580px\" \/><\/p>\n<p>Die Produktion von Harry Potter und die Kammer des Schreckens begann am Montag, den 19. November 2001 \u2013 nur drei Tage nach der Ver\u00f6ffentlichung des ersten Harry-Potter-Films.<\/p>\n<p>Hier traf das Publikum zum ersten Mal den Hauselfen Dobby. Rob Bliss von der Ausstattungsabteilung der Leavesden Studios war verantwortlich f\u00fcr den Entwurf von Dobbys Aussehen. Nick Dudman, der Leiter f\u00fcr Fabelwesen-Effekte, und sein Team erschufen ein beeindruckendes Modell, damit die Schauspieler am Set ein Gegen\u00fcber hatten, auf das sie reagieren konnten. Der ganze Vorgang dauerte drei Monate, und der endg\u00fcltige Dobby, wie man ihn im Film sieht, wurde am Computer gestaltet.<\/p>\n<p>Das ber\u00fchmte Set f\u00fcr Dumbledores B\u00fcro war das erste, das f\u00fcr den Film konzipiert und gebaut wurde. Das B\u00fcro enth\u00e4lt eine riesige Bibliothek, doch bei den B\u00fcchern handelt es sich in Wirklichkeit haupts\u00e4chlich um ledergebundene Telefonb\u00fccher!<\/p>\n<p><span class=\"wysiwyg-flourish hourglass\"><span class=\"admin-placeholder\">hourglass Flourish Here<\/span><\/span><\/p>\n<h2 style=\"text-align: center;\">HARRY POTTER UND DER GEFANGENE VON ASKABAN<\/h2>\n<hr class=\"short\" \/>\n<p style=\"text-align: center;\"><img loading=\"lazy\" decoding=\"async\" class=\"alignnone size-full wp-image-1173 aligncenter\" src=\"http:\/\/stage.wbstudiotour.co.uk\/wp-content\/uploads\/2019\/08\/HPSS_3.jpg\" alt=\"Still from Harry Potter and the Prisoner of Azkaban with Hermonie, Ron and Harry looking out a window\" width=\"580\" height=\"380\" srcset=\"https:\/\/stage.wbstudiotour.co.uk\/wp-content\/uploads\/2019\/08\/HPSS_3.jpg 580w, https:\/\/stage.wbstudiotour.co.uk\/wp-content\/uploads\/2019\/08\/HPSS_3-300x197.jpg 300w\" sizes=\"auto, (max-width: 580px) 100vw, 580px\" \/><\/p>\n<p>Die Hauptdreharbeiten zu \u201eHarry Potter und der Gefangene von Askaban\u201c in den Leavesden Studios begannen am Montag, dem 24. Februar 2003.<\/p>\n<p>Eines der am schwierigsten zu bauenden Set-Elemente war der Fahrende Ritter, der in diesem Film vorkommt. Das Publikum sieht, wie der Bus Harry durch die Stra\u00dfen Londons f\u00e4hrt, und trotz seiner drei Stockwerke wurden diese Bilder nicht am Computer gestaltet. Der Bus wurde nach London gefahren, was aufwendige Planung erforderte, da seine drei Stockwerke aus Komponenten zweier Doppeldeckerbusse zusammengebaut waren. Die Route nach London musste unter Ber\u00fccksichtigung seiner H\u00f6he sorgf\u00e4ltig geplant werden \u2013 Br\u00fccken kamen nicht in Frage!<\/p>\n<p>In diesem Film treten zum ersten Mal die Dementoren auf. Regisseur Alfonso Cuar\u00f3n und Produzent David Heyman experimentierten mit verschiedenen Methoden, um es so zu erscheinen lassen, als w\u00fcrden die Dementoren schweben. Zun\u00e4chst holte man Puppenspieler ans Set, um gro\u00dfe Stoffbahnen in einem Wassertank zu bewegen, was die Illusion des Schwebens erzeugte. Diese Bewegungen wurden sp\u00e4ter jedoch durch visuelle Effekte erzeugt.<\/p>\n<p><span class=\"wysiwyg-flourish hourglass\"><span class=\"admin-placeholder\">hourglass Flourish Here<\/span><\/span><\/p>\n<h2 style=\"text-align: center;\">HARRY POTTER UND DER FEUERKELCH<\/h2>\n<hr class=\"short\" \/>\n<p style=\"text-align: center;\"><img loading=\"lazy\" decoding=\"async\" class=\"alignnone size-full wp-image-1174 aligncenter\" src=\"http:\/\/stage.wbstudiotour.co.uk\/wp-content\/uploads\/2019\/08\/HPSS_4.jpg\" alt=\"Still of Harry from Harry Potter and the Goblet of Fire\" width=\"580\" height=\"380\" srcset=\"https:\/\/stage.wbstudiotour.co.uk\/wp-content\/uploads\/2019\/08\/HPSS_4.jpg 580w, https:\/\/stage.wbstudiotour.co.uk\/wp-content\/uploads\/2019\/08\/HPSS_4-300x197.jpg 300w\" sizes=\"auto, (max-width: 580px) 100vw, 580px\" \/><\/p>\n<p>Die Dreharbeiten zu \u201eHarry Potter und der Feuerkelch\u201c begannen am Dienstag, dem 4. Mai 2004.<\/p>\n<p>In den Studios wurde ein riesiger Wassertank installiert, um die Unterwasserszenen des Trimagischen Turniers zu filmen. Dies ist der gr\u00f6\u00dfte Unterwasser-Filmtank in Europa und fasst \u00fcber zwei Millionen Liter Wasser.<\/p>\n<p>Bei den Dreharbeiten verbrachte Daniel Radcliffe so viel Zeit unter Wasser im Tauchtank, dass er dabei seinen PADI-Tauchschein machen konnte. Viel Zeit wurde darauf verwendet, auszuprobieren, wie man es so aussehen lassen k\u00f6nnte, als h\u00e4tte er Schwimmh\u00e4ute an den H\u00e4nden. Dies wurde schlie\u00dflich mithilfe sehr feiner Damenstrumpfhosen erreicht, die Daniel sich \u00fcber H\u00e4nde und Arme zog!<\/p>\n<p>John Richardsons Spezialeffekte-Team baute f\u00fcr diesen Film einen voll funktionalen, feuerspuckenden ungarischen Hornschwanz-Drachen, der mit einem Flammenwerfer mit zehn Metern Reichweite ausgestattet war. Schlie\u00dflich beschlossen die Produzenten, dass die Drachen vom Team f\u00fcr Visuelle Effekte erstellt werden sollten, aber der Drache erhielt bei der Premiere am Londoner Leicester Square einen Ehrenplatz.<\/p>\n<p><span class=\"wysiwyg-flourish hourglass\"><span class=\"admin-placeholder\">hourglass Flourish Here<\/span><\/span><\/p>\n<h2 style=\"text-align: center;\">HARRY POTTER UND DER ORDEN DES PH\u00d6NIX<\/h2>\n<hr class=\"short\" \/>\n<p style=\"text-align: center;\"><img loading=\"lazy\" decoding=\"async\" class=\"aligncenter wp-image-1175 size-full\" src=\"http:\/\/stage.wbstudiotour.co.uk\/wp-content\/uploads\/2019\/08\/HPSS_5.jpg\" alt=\"Still of Dumbledore\" width=\"580\" height=\"380\" srcset=\"https:\/\/stage.wbstudiotour.co.uk\/wp-content\/uploads\/2019\/08\/HPSS_5.jpg 580w, https:\/\/stage.wbstudiotour.co.uk\/wp-content\/uploads\/2019\/08\/HPSS_5-300x197.jpg 300w\" sizes=\"auto, (max-width: 580px) 100vw, 580px\" \/><\/p>\n<p>Die Dreharbeiten zu \u201eHarry Potter und der Orden des Ph\u00f6nix\u201c begannen am Montag, dem 6. Februar 2006.<\/p>\n<p>In diesem Film lernt das Publikum erstmals das Set des Ministeriums f\u00fcr Zauberei kennen. Dieses Set war das gr\u00f6\u00dfte aller f\u00fcr die Harry-Potter-Filme geschaffenen Sets. Tats\u00e4chlich w\u00fcrden im Atrium des Ministeriums f\u00fcr Zauberei 50 Londoner Busse Platz finden, und der Bau des Sets dauerte 22 Wochen. Das Set ist von der viktorianischen Architektur Londons inspiriert, besonders die Kacheln, die echt wirken, aber tats\u00e4chlich aus Holzfaserplatten bestehen!<\/p>\n<p>Der f\u00fcnfte Film enthielt auch das ersten komplette Bluescreen-Set der Reihe, da die Halle der Prophezeiung ausschlie\u00dflich vor einem Bluescreen gedreht wurde.<\/p>\n<p>Vierzig niedliche K\u00e4tzchen wurden f\u00fcr die geschmacklosen Wandteller in Umbridges B\u00fcro fotografiert \u2013 die K\u00e4tzchen wurden zu Haustieren, deren neue Besitzer nichts von ihrer Ber\u00fchmtheit ahnten.<\/p>\n<p><span class=\"wysiwyg-flourish hourglass\"><span class=\"admin-placeholder\">hourglass Flourish Here<\/span><\/span><\/p>\n<h2 style=\"text-align: center;\">HARRY POTTER UND DER HALBBLUTPRINZ<\/h2>\n<hr class=\"short\" \/>\n<p style=\"text-align: center;\"><img loading=\"lazy\" decoding=\"async\" class=\"aligncenter wp-image-1176 size-full\" src=\"http:\/\/stage.wbstudiotour.co.uk\/wp-content\/uploads\/2019\/08\/HPSS_6.jpg\" alt=\"Still of Malfoy from Harry Potter and the Half Blood Prince\" width=\"580\" height=\"380\" srcset=\"https:\/\/stage.wbstudiotour.co.uk\/wp-content\/uploads\/2019\/08\/HPSS_6.jpg 580w, https:\/\/stage.wbstudiotour.co.uk\/wp-content\/uploads\/2019\/08\/HPSS_6-300x197.jpg 300w\" sizes=\"auto, (max-width: 580px) 100vw, 580px\" \/><\/p>\n<p>Die Hauptdreharbeiten zum sechsten Film, \u201eHarry Potter und der Halbblutprinz\u201c, begannen am Montag, dem 24. September 2007.<\/p>\n<p>W\u00e4hrend des Drehs wurde Rupert Grint 21 Jahre alt, und Besetzung und Crew feierten in der Studiokantine eine Kinder-Mottoparty.<\/p>\n<p>In diesem Film wurde ein Modell des Fuchsbaus angez\u00fcndet und teilweise zerst\u00f6rt. Anschlie\u00dfend wurden das gesamte Innere und \u00c4u\u00dfere des Sets auf dem Studiogel\u00e4nde f\u00fcr die letzten Filme wieder aufgebaut und neu eingerichtet. Die verkohlten W\u00e4nde wurden kurzerhand neu verputzt und nat\u00fcrlich behielt das Set alle vertrauten Eigenheiten der Weasleys bei.<\/p>\n<p><span class=\"wysiwyg-flourish hourglass\"><span class=\"admin-placeholder\">hourglass Flourish Here<\/span><\/span><\/p>\n<h2 style=\"text-align: center;\">HARRY POTTER UND DIE HEILIGT\u00dcMER DES TODES \u2013 TEIL 1 UND 2<\/h2>\n<hr class=\"short\" \/>\n<p style=\"text-align: center;\"><img loading=\"lazy\" decoding=\"async\" class=\"alignnone size-full wp-image-1177 aligncenter\" src=\"http:\/\/stage.wbstudiotour.co.uk\/wp-content\/uploads\/2019\/08\/HPSS_7b.jpg\" alt=\"Still of Harry from Harry Potter and the Deathly Hallows\" width=\"580\" height=\"380\" srcset=\"https:\/\/stage.wbstudiotour.co.uk\/wp-content\/uploads\/2019\/08\/HPSS_7b.jpg 580w, https:\/\/stage.wbstudiotour.co.uk\/wp-content\/uploads\/2019\/08\/HPSS_7b-300x197.jpg 300w\" sizes=\"auto, (max-width: 580px) 100vw, 580px\" \/><\/p>\n<p>Die Dreharbeiten zu \u201eHarry Potter und die Heiligt\u00fcmer des Todes \u2013 Teil 1\u201c begannen am 19. Februar 2009, und der zweite Teil, \u201eHarry Potter und die Heiligt\u00fcmer des Todes \u2013 Teil 2\u201c wurde direkt im Anschluss an Teil 1 gedreht.<\/p>\n<p>F\u00fcnf 32-Tonner voller Styropor waren n\u00f6tig, um den bei der Zerst\u00f6rung von Hogwarts entstandenen Schutt am Ende des letzten Films herzustellen.<\/p>\n<p>Daniel Radcliffe verbrauchte bei den Dreharbeiten zur Harry-Potter-Filmreihe 160 Brillen und etwa 70 Zauberst\u00e4be. \u00dcber 10 Jahre hinweg wurden in den Leavesden Studios die unglaubliche Anzahl von 588 Sets erschaffen.<\/p>\n","protected":false},"excerpt":{"rendered":"<p>Leavesden war mehr als zehn Jahre lang die Heimat der Harry-Potter-Filmreihe. Da die Buchreihe noch nicht komplett ver\u00f6ffentlicht war, als die Filme gedreht wurden, hob die Produktionscrew viele bekannte Sets, Requisiten und Kost\u00fcme auf, die speziell f\u00fcr die Filme angefertigt worden waren \u2013 f\u00fcr den Fall dass sie sp\u00e4ter in der Reihe noch gebraucht w\u00fcrden. [&hellip;]<\/p>\n","protected":false},"author":6,"featured_media":3351,"parent":0,"menu_order":0,"comment_status":"closed","ping_status":"closed","template":"","meta":{"_acf_changed":false,"footnotes":""},"class_list":["post-816","page","type-page","status-publish","has-post-thumbnail","hentry"],"translation":{"provider":"WPGlobus","version":"3.0.2","language":"de","enabled_languages":["en","es","de","fr","it"],"languages":{"en":{"title":true,"content":true,"excerpt":false},"es":{"title":true,"content":true,"excerpt":false},"de":{"title":true,"content":true,"excerpt":false},"fr":{"title":true,"content":true,"excerpt":false},"it":{"title":true,"content":true,"excerpt":false}}},"acf":{"add_cross_sell_to_page":false,"add_newsletter_sign_up_next_to_cross_sell":false,"choose_sidebar_entries":[{"ID":152,"post_author":"6","post_date":"2019-06-17 18:21:25","post_date_gmt":"2019-06-17 18:21:25","post_content":"","post_title":"{:en}Getting Here{:}{:es}C\u00d3MO LLEGAR{:}{:de}ANREISE{:}{:fr}PLAN D'ACC\u00c8S{:}","post_excerpt":"","post_status":"publish","comment_status":"closed","ping_status":"closed","post_password":"","post_name":"getting-here","to_ping":"","pinged":"","post_modified":"2019-08-21 22:15:32","post_modified_gmt":"2019-08-21 21:15:32","post_content_filtered":"","post_parent":0,"guid":"http:\/\/stage.wbstudiotour.co.uk\/?post_type=wbstl_sidebar&#038;p=152","menu_order":0,"post_type":"wbstl_sidebar","post_mime_type":"","comment_count":"0","filter":"raw"},{"ID":161,"post_author":"6","post_date":"2019-06-17 18:25:14","post_date_gmt":"2019-06-17 18:25:14","post_content":"","post_title":"{:en}Explore the Tour{:}{:es}EXPLORAR EL TOUR{:}{:de}ENTDECKEN SIE DIE TOUR{:}{:fr}EXPLOREZ LE TOUR{:}","post_excerpt":"","post_status":"publish","comment_status":"closed","ping_status":"closed","post_password":"","post_name":"explore-the-tour","to_ping":"","pinged":"","post_modified":"2019-08-28 22:44:40","post_modified_gmt":"2019-08-28 21:44:40","post_content_filtered":"","post_parent":0,"guid":"http:\/\/stage.wbstudiotour.co.uk\/?post_type=wbstl_sidebar&#038;p=161","menu_order":0,"post_type":"wbstl_sidebar","post_mime_type":"","comment_count":"0","filter":"raw"},{"ID":157,"post_author":"6","post_date":"2019-06-17 18:23:26","post_date_gmt":"2019-06-17 18:23:26","post_content":"","post_title":"{:en}Enhance Your Visit{:}{:es}MEJORA TU VISITA{:}{:de}ENTSTANDEN SIE IHREN BESUCH{:}{:fr}ENRICHIR VOTRE VISITE{:}","post_excerpt":"","post_status":"publish","comment_status":"closed","ping_status":"closed","post_password":"","post_name":"enhance-your-visit","to_ping":"","pinged":"","post_modified":"2022-10-10 12:34:01","post_modified_gmt":"2022-10-10 11:34:01","post_content_filtered":"","post_parent":0,"guid":"http:\/\/stage.wbstudiotour.co.uk\/?post_type=wbstl_sidebar&#038;p=157","menu_order":0,"post_type":"wbstl_sidebar","post_mime_type":"","comment_count":"0","filter":"raw"}],"wbstl_use_fancy_lists":false,"wbstl_hero_video":"","wbstl_hv_mobile_placeholder":false,"wbstl_hv_tablet_placeholder":false,"wbstl_hv_subtitle":"","wbstl_hv_add_ticket_purchase_cta":false,"wbstl_ii_image":false,"wbstl_ii_content":"","add_cross_sell_to_page2":false,"wbstl_hv_title_color":"","wbstl_hv_text_color":"","wbstl_hv_show_video_overlay":true,"wbstl_hv_cta_button_text":"","wbstl_hv_cta_link":"","wbstl_hv_show_cta_note":false,"wbstl_hv_cta_note":"","wbstl_hv_cta_button_redeem_text":"wbstl_hv_cta_button_redeem_text","wbstl_hv_cta_redeem_link":""},"yoast_head":"<!-- This site is optimized with the Yoast SEO plugin v27.4 - https:\/\/yoast.com\/product\/yoast-seo-wordpress\/ -->\n<title>Unsere Geschichte - Warner Bros. Studio Tour London<\/title>\n<meta name=\"robots\" content=\"index, follow, max-snippet:-1, max-image-preview:large, max-video-preview:-1\" \/>\n<link rel=\"canonical\" href=\"https:\/\/www.wbstudiotour.co.uk\/our-history\/\" \/>\n<meta property=\"og:locale\" content=\"de_DE\" \/>\n<meta property=\"og:type\" content=\"article\" \/>\n<meta property=\"og:title\" content=\"Unsere Geschichte - Warner Bros. Studio Tour London\" \/>\n<meta property=\"og:url\" content=\"https:\/\/www.wbstudiotour.co.uk\/our-history\/\" \/>\n<meta property=\"og:site_name\" content=\"Warner Bros. Studio Tour London\" \/>\n<meta property=\"article:modified_time\" content=\"2025-04-04T09:53:44+00:00\" \/>\n<meta property=\"og:image\" content=\"https:\/\/www.wbstudiotour.co.uk\/wp-content\/uploads\/2019\/12\/header-entrance-with-people.jpg\" \/>\n\t<meta property=\"og:image:width\" content=\"1920\" \/>\n\t<meta property=\"og:image:height\" content=\"1166\" \/>\n\t<meta property=\"og:image:type\" content=\"image\/jpeg\" \/>\n<meta name=\"twitter:card\" content=\"summary_large_image\" \/>\n<script type=\"application\/ld+json\" class=\"yoast-schema-graph\">{\"@context\":\"https:\\\/\\\/schema.org\",\"@graph\":[{\"@type\":\"ImageObject\",\"inLanguage\":\"de-DE\",\"@id\":\"https:\\\/\\\/www.wbstudiotour.co.uk\\\/our-history\\\/#primaryimage\",\"url\":\"https:\\\/\\\/stage.wbstudiotour.co.uk\\\/wp-content\\\/uploads\\\/2019\\\/12\\\/header-entrance-with-people.jpg\",\"contentUrl\":\"https:\\\/\\\/stage.wbstudiotour.co.uk\\\/wp-content\\\/uploads\\\/2019\\\/12\\\/header-entrance-with-people.jpg\",\"width\":1920,\"height\":1166},{\"@type\":\"BreadcrumbList\",\"@id\":\"https:\\\/\\\/www.wbstudiotour.co.uk\\\/our-history\\\/#breadcrumb\",\"itemListElement\":[{\"@type\":\"ListItem\",\"position\":1,\"name\":\"Home\",\"item\":\"https:\\\/\\\/stage.wbstudiotour.co.uk\\\/\"},{\"@type\":\"ListItem\",\"position\":2,\"name\":\"About The Studio Tour\"}]},{\"@type\":\"WebSite\",\"@id\":\"https:\\\/\\\/www.wbstudiotour.co.uk\\\/fr\\\/#website\",\"url\":\"https:\\\/\\\/www.wbstudiotour.co.uk\\\/fr\\\/\",\"name\":\"Warner Bros. Studio Tour London\",\"description\":\"\",\"potentialAction\":[{\"@type\":\"SearchAction\",\"target\":{\"@type\":\"EntryPoint\",\"urlTemplate\":\"https:\\\/\\\/www.wbstudiotour.co.uk\\\/fr\\\/?s={search_term_string}\"},\"query-input\":{\"@type\":\"PropertyValueSpecification\",\"valueRequired\":true,\"valueName\":\"search_term_string\"}}],\"inLanguage\":\"de-DE\"}]}<\/script>\n<!-- \/ Yoast SEO plugin. -->","yoast_head_json":{"title":"Unsere Geschichte - Warner Bros. Studio Tour London","robots":{"index":"index","follow":"follow","max-snippet":"max-snippet:-1","max-image-preview":"max-image-preview:large","max-video-preview":"max-video-preview:-1"},"canonical":"https:\/\/www.wbstudiotour.co.uk\/our-history\/","og_locale":"de_DE","og_type":"article","og_title":"Unsere Geschichte - Warner Bros. Studio Tour London","og_url":"https:\/\/www.wbstudiotour.co.uk\/our-history\/","og_site_name":"Warner Bros. Studio Tour London","article_modified_time":"2025-04-04T09:53:44+00:00","og_image":[{"width":1920,"height":1166,"url":"https:\/\/www.wbstudiotour.co.uk\/wp-content\/uploads\/2019\/12\/header-entrance-with-people.jpg","type":"image\/jpeg"}],"twitter_card":"summary_large_image","schema":{"@context":"https:\/\/schema.org","@graph":[{"@type":"ImageObject","inLanguage":"de-DE","@id":"https:\/\/www.wbstudiotour.co.uk\/our-history\/#primaryimage","url":"https:\/\/stage.wbstudiotour.co.uk\/wp-content\/uploads\/2019\/12\/header-entrance-with-people.jpg","contentUrl":"https:\/\/stage.wbstudiotour.co.uk\/wp-content\/uploads\/2019\/12\/header-entrance-with-people.jpg","width":1920,"height":1166},{"@type":"BreadcrumbList","@id":"https:\/\/www.wbstudiotour.co.uk\/our-history\/#breadcrumb","itemListElement":[{"@type":"ListItem","position":1,"name":"Home","item":"https:\/\/stage.wbstudiotour.co.uk\/"},{"@type":"ListItem","position":2,"name":"About The Studio Tour"}]},{"@type":"WebSite","@id":"https:\/\/www.wbstudiotour.co.uk\/fr\/#website","url":"https:\/\/www.wbstudiotour.co.uk\/fr\/","name":"Warner Bros. Studio Tour London","description":"","potentialAction":[{"@type":"SearchAction","target":{"@type":"EntryPoint","urlTemplate":"https:\/\/www.wbstudiotour.co.uk\/fr\/?s={search_term_string}"},"query-input":{"@type":"PropertyValueSpecification","valueRequired":true,"valueName":"search_term_string"}}],"inLanguage":"de-DE"}]}},"_links":{"self":[{"href":"https:\/\/stage.wbstudiotour.co.uk\/de\/wp-json\/wp\/v2\/pages\/816","targetHints":{"allow":["GET"]}}],"collection":[{"href":"https:\/\/stage.wbstudiotour.co.uk\/de\/wp-json\/wp\/v2\/pages"}],"about":[{"href":"https:\/\/stage.wbstudiotour.co.uk\/de\/wp-json\/wp\/v2\/types\/page"}],"author":[{"embeddable":true,"href":"https:\/\/stage.wbstudiotour.co.uk\/de\/wp-json\/wp\/v2\/users\/6"}],"replies":[{"embeddable":true,"href":"https:\/\/stage.wbstudiotour.co.uk\/de\/wp-json\/wp\/v2\/comments?post=816"}],"version-history":[{"count":6,"href":"https:\/\/stage.wbstudiotour.co.uk\/de\/wp-json\/wp\/v2\/pages\/816\/revisions"}],"predecessor-version":[{"id":33854,"href":"https:\/\/stage.wbstudiotour.co.uk\/de\/wp-json\/wp\/v2\/pages\/816\/revisions\/33854"}],"wp:featuredmedia":[{"embeddable":true,"href":"https:\/\/stage.wbstudiotour.co.uk\/de\/wp-json\/wp\/v2\/media\/3351"}],"wp:attachment":[{"href":"https:\/\/stage.wbstudiotour.co.uk\/de\/wp-json\/wp\/v2\/media?parent=816"}],"curies":[{"name":"wp","href":"https:\/\/api.w.org\/{rel}","templated":true}]}}