{"id":823,"date":"2019-07-19T17:46:05","date_gmt":"2019-07-19T17:46:05","guid":{"rendered":"http:\/\/stage.wbstudiotour.co.uk\/?page_id=823"},"modified":"2025-02-26T12:06:48","modified_gmt":"2025-02-26T12:06:48","slug":"facilities","status":"publish","type":"page","link":"https:\/\/stage.wbstudiotour.co.uk\/de\/facilities\/","title":{"rendered":"Einrichtungen"},"content":{"rendered":"<h2 class=\"wysiwyg-title\">Eingangshalle Der Studio Tour<\/h2>\n<h3 class=\"wysiwyg-subtitle\">Garderobe<\/h3>\n<p>M\u00e4ntel und Taschen k\u00f6nnen Sie kostenlos in der Garderobe zur\u00fccklassen. Bitte lassen Sie Buggys und Kinderwagen, soweit m\u00f6glich, in der Garderobe zur\u00fcck, da der Platz innerhalb der Studio Tour beschr\u00e4nkt ist. Bitte beachten Sie, dass wir f\u00fcr zur\u00fcckgelassene Gegenst\u00e4nde keine Haftung \u00fcbernehmen.\n<\/p>\n<p>Bei der Ankunft werden Sie und Ihre Taschen kontrolliert, bevor Sie die Studio Tour betreten. Wir bitten Sie hierbei um Ihre Unterst\u00fctzung.<\/p>\n<h3 class=\"wysiwyg-subtitle\">Geldautomaten<\/h3>\n<p>Wir haben einen Geldautomaten in unserer Eingangshalle, an dem Sie kostenfrei Geld abheben k\u00f6nnen.<\/p>\n<h3 class=\"wysiwyg-subtitle\">Toiletten<\/h3>\n<p>Toiletten befinden sich in unserer Eingangshalle. Wickelm\u00f6glichkeiten gibt es in jedem Toilettenblock. Es gibt eine barrierefreie Toilette, die Platz f\u00fcr eine behinderte Person und bis zu zwei Betreuer bietet.<\/p>\n<h3 class=\"wysiwyg-subtitle\">Essen und Trinken<\/h3>\n<p>Wenn Sie schon vor Ihrem vereinbarten Termin ankommen, schauen Sie auf einen Imbiss in unserem Studio-Caf\u00e9 oder bei Starbucks in unserer Eingangshalle vorbei.<\/p>\n<p>F\u00fcr Eltern von Kleinkindern gibt es im Studio-Caf\u00e9 hei\u00dfes Wasser, mit dem Sie Fl\u00e4schchen aufw\u00e4rmen k\u00f6nnen.<\/p>\n<h3 class=\"wysiwyg-subtitle\">Einkaufen<\/h3>\n<p>St\u00f6bern Sie ganz entspannt entweder vor oder nach Ihrer Tour im Angebot unseres Studio-Ladens. Nur wenn Sie ein Ticket haben, erhalten Sie Zugang zum Studio-Laden. Viele der dort erh\u00e4ltlichen Gegenst\u00e4nde werden aber auch \u00fcber unseren Online-Shop verkauft.<\/p>\n<hr \/>\n<h2 class=\"wysiwyg-title\">In Der Studio Tour<\/h2>\n<h3 class=\"wysiwyg-subtitle\">Toiletten<\/h3>\n<p>Alle Toiletten sind leicht zug\u00e4nglich, und Behindertentoiletten finden sich in regelm\u00e4\u00dfigen Abst\u00e4nden im Bereich der gesamten Studio Tour. Wickelm\u00f6glichkeiten gibt es in jedem Toilettenblock.<\/p>\n<h3 class=\"wysiwyg-subtitle\">Eltern-Kind-Zimmer<\/h3>\n<p>Ein privater Bereich f\u00fcr Eltern, die ihre Kinder f\u00fcttern m\u00f6chten, mit Stillsessel und Wickeltischen findet sich neben dem Caf\u00e9 auf dem Studiogel\u00e4nde. Dort erhalten Sie auch hei\u00dfes Wasser zum Aufw\u00e4rmen von Babyfl\u00e4schchen.<\/p>\n<h3 class=\"wysiwyg-subtitle\">Essen Und Trinken<\/h3>\n<p>Genie\u00dfen Sie warme Mahlzeiten, Sandwiches oder Snacks in unserem Caf\u00e9 auf dem Studiogel\u00e4nde, das auf halbem Weg durch die Studio Tour gelegen ist. Je nach Wetter und Vorlieben k\u00f6nnen Sie innen oder au\u00dfen sitzen.<\/p>\n<p>Auf dem Studiogel\u00e4nde haben Sie auch die Gelegenheit, ein sch\u00e4umendes Butterbier zu probieren. Der Geschmack des alkoholfreien Getr\u00e4nks erinnert an Butterkekse und Karamell.<\/p>\n","protected":false},"excerpt":{"rendered":"<p>Eingangshalle Der Studio Tour Garderobe M\u00e4ntel und Taschen k\u00f6nnen Sie kostenlos in der Garderobe zur\u00fccklassen. Bitte lassen Sie Buggys und Kinderwagen, soweit m\u00f6glich, in der Garderobe zur\u00fcck, da der Platz innerhalb der Studio Tour beschr\u00e4nkt ist. Bitte beachten Sie, dass wir f\u00fcr zur\u00fcckgelassene Gegenst\u00e4nde keine Haftung \u00fcbernehmen. Bei der Ankunft werden Sie und Ihre Taschen [&hellip;]<\/p>\n","protected":false},"author":6,"featured_media":3350,"parent":0,"menu_order":0,"comment_status":"closed","ping_status":"closed","template":"","meta":{"_acf_changed":false,"footnotes":""},"class_list":["post-823","page","type-page","status-publish","has-post-thumbnail","hentry"],"translation":{"provider":"WPGlobus","version":"3.0.2","language":"de","enabled_languages":["en","es","de","fr","it"],"languages":{"en":{"title":true,"content":true,"excerpt":false},"es":{"title":true,"content":true,"excerpt":false},"de":{"title":true,"content":true,"excerpt":false},"fr":{"title":true,"content":true,"excerpt":false},"it":{"title":true,"content":true,"excerpt":false}}},"acf":{"add_cross_sell_to_page":false,"add_newsletter_sign_up_next_to_cross_sell":false,"choose_sidebar_entries":[{"ID":787,"post_author":"6","post_date":"2019-07-17 21:36:06","post_date_gmt":"2019-07-17 21:36:06","post_content":"","post_title":"{:en}When You Arrive{:}{:es}CUANDO LLEGUES{:}{:de}WENN DU ANKOMMST{:}{:fr}QUAND VOUS ARRIVEZ{:}","post_excerpt":"","post_status":"publish","comment_status":"closed","ping_status":"closed","post_password":"","post_name":"when-you-arrive","to_ping":"","pinged":"","post_modified":"2019-12-05 15:08:06","post_modified_gmt":"2019-12-05 15:08:06","post_content_filtered":"","post_parent":0,"guid":"http:\/\/stage.wbstudiotour.co.uk\/?post_type=wbstl_sidebar&#038;p=787","menu_order":0,"post_type":"wbstl_sidebar","post_mime_type":"","comment_count":"0","filter":"raw"},{"ID":159,"post_author":"6","post_date":"2019-06-17 18:24:04","post_date_gmt":"2019-06-17 18:24:04","post_content":"","post_title":"{:en}Food & Drink{:}{:es}COMIDA Y BEBIDA{:}","post_excerpt":"","post_status":"publish","comment_status":"closed","ping_status":"closed","post_password":"","post_name":"food-drink","to_ping":"","pinged":"","post_modified":"2025-06-11 15:29:22","post_modified_gmt":"2025-06-11 14:29:22","post_content_filtered":"","post_parent":0,"guid":"http:\/\/stage.wbstudiotour.co.uk\/?post_type=wbstl_sidebar&#038;p=159","menu_order":0,"post_type":"wbstl_sidebar","post_mime_type":"","comment_count":"0","filter":"raw"}],"wbstl_use_fancy_lists":false,"wbstl_hero_video":"","wbstl_hv_mobile_placeholder":false,"wbstl_hv_tablet_placeholder":false,"wbstl_hv_subtitle":"","wbstl_hv_add_ticket_purchase_cta":false,"wbstl_ii_image":false,"wbstl_ii_content":"","add_cross_sell_to_page2":false,"wbstl_hv_cta_button_text":"","wbstl_hv_cta_link":"","wbstl_hv_show_cta_note":false,"wbstl_hv_cta_note":"","wbstl_hv_title_color":"","wbstl_hv_text_color":"","wbstl_hv_show_video_overlay":true,"wbstl_hv_cta_button_redeem_text":"wbstl_hv_cta_button_redeem_text","wbstl_hv_cta_redeem_link":""},"yoast_head":"<!-- This site is optimized with the Yoast SEO plugin v27.4 - https:\/\/yoast.com\/product\/yoast-seo-wordpress\/ -->\n<title>Einrichtungen - Warner Bros. Studio Tour London<\/title>\n<meta name=\"robots\" content=\"index, follow, max-snippet:-1, max-image-preview:large, max-video-preview:-1\" \/>\n<link rel=\"canonical\" href=\"https:\/\/www.wbstudiotour.co.uk\/facilities\/\" \/>\n<meta property=\"og:locale\" content=\"de_DE\" \/>\n<meta property=\"og:type\" content=\"article\" \/>\n<meta property=\"og:title\" content=\"Einrichtungen - Warner Bros. Studio Tour London\" \/>\n<meta property=\"og:url\" content=\"https:\/\/www.wbstudiotour.co.uk\/facilities\/\" \/>\n<meta property=\"og:site_name\" content=\"Warner Bros. Studio Tour London\" \/>\n<meta property=\"article:modified_time\" content=\"2025-02-26T12:06:48+00:00\" \/>\n<meta property=\"og:image\" content=\"https:\/\/www.wbstudiotour.co.uk\/wp-content\/uploads\/2019\/12\/header-facilities-entrance.jpg\" \/>\n\t<meta property=\"og:image:width\" content=\"1920\" \/>\n\t<meta property=\"og:image:height\" content=\"1039\" \/>\n\t<meta property=\"og:image:type\" content=\"image\/jpeg\" \/>\n<meta name=\"twitter:card\" content=\"summary_large_image\" \/>\n<script type=\"application\/ld+json\" class=\"yoast-schema-graph\">{\"@context\":\"https:\\\/\\\/schema.org\",\"@graph\":[{\"@type\":\"ImageObject\",\"inLanguage\":\"de-DE\",\"@id\":\"https:\\\/\\\/www.wbstudiotour.co.uk\\\/facilities\\\/#primaryimage\",\"url\":\"https:\\\/\\\/stage.wbstudiotour.co.uk\\\/wp-content\\\/uploads\\\/2019\\\/12\\\/header-facilities-entrance.jpg\",\"contentUrl\":\"https:\\\/\\\/stage.wbstudiotour.co.uk\\\/wp-content\\\/uploads\\\/2019\\\/12\\\/header-facilities-entrance.jpg\",\"width\":1920,\"height\":1039},{\"@type\":\"BreadcrumbList\",\"@id\":\"https:\\\/\\\/www.wbstudiotour.co.uk\\\/facilities\\\/#breadcrumb\",\"itemListElement\":[{\"@type\":\"ListItem\",\"position\":1,\"name\":\"Home\",\"item\":\"https:\\\/\\\/stage.wbstudiotour.co.uk\\\/\"},{\"@type\":\"ListItem\",\"position\":2,\"name\":\"Facilities\"}]},{\"@type\":\"WebSite\",\"@id\":\"https:\\\/\\\/www.wbstudiotour.co.uk\\\/fr\\\/#website\",\"url\":\"https:\\\/\\\/www.wbstudiotour.co.uk\\\/fr\\\/\",\"name\":\"Warner Bros. Studio Tour London\",\"description\":\"\",\"potentialAction\":[{\"@type\":\"SearchAction\",\"target\":{\"@type\":\"EntryPoint\",\"urlTemplate\":\"https:\\\/\\\/www.wbstudiotour.co.uk\\\/fr\\\/?s={search_term_string}\"},\"query-input\":{\"@type\":\"PropertyValueSpecification\",\"valueRequired\":true,\"valueName\":\"search_term_string\"}}],\"inLanguage\":\"de-DE\"}]}<\/script>\n<!-- \/ Yoast SEO plugin. -->","yoast_head_json":{"title":"Einrichtungen - Warner Bros. Studio Tour London","robots":{"index":"index","follow":"follow","max-snippet":"max-snippet:-1","max-image-preview":"max-image-preview:large","max-video-preview":"max-video-preview:-1"},"canonical":"https:\/\/www.wbstudiotour.co.uk\/facilities\/","og_locale":"de_DE","og_type":"article","og_title":"Einrichtungen - Warner Bros. Studio Tour London","og_url":"https:\/\/www.wbstudiotour.co.uk\/facilities\/","og_site_name":"Warner Bros. Studio Tour London","article_modified_time":"2025-02-26T12:06:48+00:00","og_image":[{"width":1920,"height":1039,"url":"https:\/\/www.wbstudiotour.co.uk\/wp-content\/uploads\/2019\/12\/header-facilities-entrance.jpg","type":"image\/jpeg"}],"twitter_card":"summary_large_image","schema":{"@context":"https:\/\/schema.org","@graph":[{"@type":"ImageObject","inLanguage":"de-DE","@id":"https:\/\/www.wbstudiotour.co.uk\/facilities\/#primaryimage","url":"https:\/\/stage.wbstudiotour.co.uk\/wp-content\/uploads\/2019\/12\/header-facilities-entrance.jpg","contentUrl":"https:\/\/stage.wbstudiotour.co.uk\/wp-content\/uploads\/2019\/12\/header-facilities-entrance.jpg","width":1920,"height":1039},{"@type":"BreadcrumbList","@id":"https:\/\/www.wbstudiotour.co.uk\/facilities\/#breadcrumb","itemListElement":[{"@type":"ListItem","position":1,"name":"Home","item":"https:\/\/stage.wbstudiotour.co.uk\/"},{"@type":"ListItem","position":2,"name":"Facilities"}]},{"@type":"WebSite","@id":"https:\/\/www.wbstudiotour.co.uk\/fr\/#website","url":"https:\/\/www.wbstudiotour.co.uk\/fr\/","name":"Warner Bros. Studio Tour London","description":"","potentialAction":[{"@type":"SearchAction","target":{"@type":"EntryPoint","urlTemplate":"https:\/\/www.wbstudiotour.co.uk\/fr\/?s={search_term_string}"},"query-input":{"@type":"PropertyValueSpecification","valueRequired":true,"valueName":"search_term_string"}}],"inLanguage":"de-DE"}]}},"_links":{"self":[{"href":"https:\/\/stage.wbstudiotour.co.uk\/de\/wp-json\/wp\/v2\/pages\/823","targetHints":{"allow":["GET"]}}],"collection":[{"href":"https:\/\/stage.wbstudiotour.co.uk\/de\/wp-json\/wp\/v2\/pages"}],"about":[{"href":"https:\/\/stage.wbstudiotour.co.uk\/de\/wp-json\/wp\/v2\/types\/page"}],"author":[{"embeddable":true,"href":"https:\/\/stage.wbstudiotour.co.uk\/de\/wp-json\/wp\/v2\/users\/6"}],"replies":[{"embeddable":true,"href":"https:\/\/stage.wbstudiotour.co.uk\/de\/wp-json\/wp\/v2\/comments?post=823"}],"version-history":[{"count":9,"href":"https:\/\/stage.wbstudiotour.co.uk\/de\/wp-json\/wp\/v2\/pages\/823\/revisions"}],"predecessor-version":[{"id":29756,"href":"https:\/\/stage.wbstudiotour.co.uk\/de\/wp-json\/wp\/v2\/pages\/823\/revisions\/29756"}],"wp:featuredmedia":[{"embeddable":true,"href":"https:\/\/stage.wbstudiotour.co.uk\/de\/wp-json\/wp\/v2\/media\/3350"}],"wp:attachment":[{"href":"https:\/\/stage.wbstudiotour.co.uk\/de\/wp-json\/wp\/v2\/media?parent=823"}],"curies":[{"name":"wp","href":"https:\/\/api.w.org\/{rel}","templated":true}]}}