{"id":1052,"date":"2019-08-15T20:50:53","date_gmt":"2019-08-15T19:50:53","guid":{"rendered":"http:\/\/stage.wbstudiotour.co.uk\/?page_id=1052"},"modified":"2025-09-10T13:06:33","modified_gmt":"2025-09-10T12:06:33","slug":"deluxe-tour","status":"publish","type":"page","link":"https:\/\/stage.wbstudiotour.co.uk\/es\/deluxe-tour\/","title":{"rendered":"Excursi\u00f3n De Lujo"},"content":{"rendered":"<p class=\"intro-p\">Como propietario de una entrada para la excursi\u00f3n de lujo recibir\u00e1s un aut\u00e9ntico tratamiento VIP durante tu visita.<\/p>\n<p>Una vez que aparques en la zona prioritaria pr\u00f3xima a la entrada, un miembro del personal te dirigir\u00e1 al punto de encuentro de la excursi\u00f3n de lujo. All\u00ed te acompa\u00f1ar\u00e1n al vest\u00edbulo para que recojas tus entradas y tu correa de recuerdo. A continuaci\u00f3n, podr\u00e1s disfrutar de la zona de asientos reservados antes de conocer a tu gu\u00eda y al resto de tu grupo para comenzar el viaje al mundo entre bastidores de Harry Potter.<\/p>\n<p>Tu entrada para la excursi\u00f3n de lujo incluye una visita guiada de dos horas en la que te rodear\u00e1n los decorados, el atrezo y el vestuario de las pel\u00edculas, y donde podr\u00e1s conocer secretos entre bambalinas en los estudios donde empez\u00f3 todo. Despu\u00e9s de pisar el suelo de piedra aut\u00e9ntica del emblem\u00e1tico Gran Comedor de Hogwarts, tendr\u00e1s la oportunidad de volver a la entrada del Colegio de Magia para hacerte una foto exclusiva, disponible solo como parte del paquete de lujo.<\/p>\n<p>Durante tu visita guiada explorar\u00e1s los impresionantes decorados del Studio Tour, como la sala Com\u00fan de Gryffindor, el despacho de Dumbledore y el emblem\u00e1tico And\u00e9n Nueve y Tres Cuartos, que alberga la locomotora original del expreso de Hogwarts. Antes de continuar el recorrido, podr\u00e1s tomar una refrescante cerveza de mantequilla, o probar el helado de cerveza de mantequilla, en un vaso de recuerdo que podr\u00e1s llevarte a casa.<\/p>\n<p>Despu\u00e9s de recorrer el Callej\u00f3n Diagon y echar un vistazo en Ollivanders y Sortilegios Weasley, podr\u00e1s maravillarte ante la deslumbrante maqueta en miniatura del castillo de Hogwarts. Cuando termine tu visita guiada, disfrutar\u00e1s de una comida caliente y una bebida en una mesa reservada en uno de nuestros caf\u00e9s. Despu\u00e9s, podr\u00e1s volver a entrar en el Studio Tour para ver de nuevo tus decorados favoritos y posar para fotos de recuerdo exclusivas y el v\u00eddeo del vuelo en escoba sobre Londres como lo habr\u00eda hecho el reparto durante el rodaje.<\/p>\n<p>La visita finalizar\u00e1 en el vest\u00edbulo del Studio Tour, donde podr\u00e1s llevarte un libro gu\u00eda gratuito de recuerdo despu\u00e9s de visitar la tienda del Studio.<\/p>\n<p class=\"text-align-center\" style=\"text-align: center;\"><span class=\"btn btn--booking\"><a class=\"wbstl-btn yel\" href=\"https:\/\/tickets.wbstudiotour.co.uk\/webstore\/shop\/ViewItems.aspx?CG=HPTST2&#038;C=DLX1\">RESERVAR ENTRADAS PARA LA EXCURSI\u00d3N DE LUJO<\/a><\/span><\/p>\n","protected":false},"excerpt":{"rendered":"<p>Como propietario de una entrada para la excursi\u00f3n de lujo recibir\u00e1s un aut\u00e9ntico tratamiento VIP durante tu visita. Una vez que aparques en la zona prioritaria pr\u00f3xima a la entrada, un miembro del personal te dirigir\u00e1 al punto de encuentro de la excursi\u00f3n de lujo. All\u00ed te acompa\u00f1ar\u00e1n al vest\u00edbulo para que recojas tus entradas [&hellip;]<\/p>\n","protected":false},"author":6,"featured_media":16768,"parent":0,"menu_order":0,"comment_status":"closed","ping_status":"closed","template":"","meta":{"_acf_changed":false,"footnotes":""},"class_list":["post-1052","page","type-page","status-publish","has-post-thumbnail","hentry"],"translation":{"provider":"WPGlobus","version":"3.0.2","language":"es","enabled_languages":["en","es","de","fr","it"],"languages":{"en":{"title":true,"content":true,"excerpt":false},"es":{"title":true,"content":true,"excerpt":false},"de":{"title":true,"content":true,"excerpt":false},"fr":{"title":true,"content":true,"excerpt":false},"it":{"title":true,"content":true,"excerpt":false}}},"acf":{"add_cross_sell_to_page":{"ID":176,"post_author":"6","post_date":"2019-06-17 19:49:32","post_date_gmt":"2019-06-17 19:49:32","post_content":"","post_title":"{:en}Gift Tickets{:}{:es}LL\u00c9VATE UN POCO DE MAGIA{:}{:de}EIN ST\u00dcCK MAGIE KANN IHNEN GEH\u00d6REN{:}{:fr}EMPAREZ-VOUS D'UN PEU DE MAGIE{:}","post_excerpt":"","post_status":"publish","comment_status":"closed","ping_status":"closed","post_password":"","post_name":"gift-tickets","to_ping":"","pinged":"","post_modified":"2024-11-13 11:48:42","post_modified_gmt":"2024-11-13 11:48:42","post_content_filtered":"","post_parent":0,"guid":"http:\/\/stage.wbstudiotour.co.uk\/?post_type=wbstl_cross_sells&#038;p=176","menu_order":0,"post_type":"wbstl_cross_sells","post_mime_type":"","comment_count":"0","filter":"raw"},"add_newsletter_sign_up_next_to_cross_sell":true,"choose_sidebar_entries":[{"ID":152,"post_author":"6","post_date":"2019-06-17 18:21:25","post_date_gmt":"2019-06-17 18:21:25","post_content":"","post_title":"{:en}Getting Here{:}{:es}C\u00d3MO LLEGAR{:}{:de}ANREISE{:}{:fr}PLAN D'ACC\u00c8S{:}","post_excerpt":"","post_status":"publish","comment_status":"closed","ping_status":"closed","post_password":"","post_name":"getting-here","to_ping":"","pinged":"","post_modified":"2019-08-21 22:15:32","post_modified_gmt":"2019-08-21 21:15:32","post_content_filtered":"","post_parent":0,"guid":"http:\/\/stage.wbstudiotour.co.uk\/?post_type=wbstl_sidebar&#038;p=152","menu_order":0,"post_type":"wbstl_sidebar","post_mime_type":"","comment_count":"0","filter":"raw"},{"ID":161,"post_author":"6","post_date":"2019-06-17 18:25:14","post_date_gmt":"2019-06-17 18:25:14","post_content":"","post_title":"{:en}Explore the Tour{:}{:es}EXPLORAR EL TOUR{:}{:de}ENTDECKEN SIE DIE TOUR{:}{:fr}EXPLOREZ LE TOUR{:}","post_excerpt":"","post_status":"publish","comment_status":"closed","ping_status":"closed","post_password":"","post_name":"explore-the-tour","to_ping":"","pinged":"","post_modified":"2019-08-28 22:44:40","post_modified_gmt":"2019-08-28 21:44:40","post_content_filtered":"","post_parent":0,"guid":"http:\/\/stage.wbstudiotour.co.uk\/?post_type=wbstl_sidebar&#038;p=161","menu_order":0,"post_type":"wbstl_sidebar","post_mime_type":"","comment_count":"0","filter":"raw"}],"wbstl_use_fancy_lists":false,"wbstl_hero_video":"","wbstl_hv_mobile_placeholder":false,"wbstl_hv_tablet_placeholder":false,"wbstl_hv_subtitle":"","wbstl_hv_add_ticket_purchase_cta":false,"wbstl_ii_image":false,"wbstl_ii_content":"","add_cross_sell_to_page2":false,"wbstl_hv_cta_button_text":"","wbstl_hv_cta_link":"","wbstl_hv_show_cta_note":false,"wbstl_hv_cta_note":"","wbstl_hv_title_color":"","wbstl_hv_text_color":"","wbstl_hv_show_video_overlay":true,"wbstl_hv_cta_button_redeem_text":"wbstl_hv_cta_button_redeem_text","wbstl_hv_cta_redeem_link":""},"yoast_head":"<!-- This site is optimized with the Yoast SEO plugin v27.4 - https:\/\/yoast.com\/product\/yoast-seo-wordpress\/ -->\n<title>Excursi\u00f3n De Lujo - Warner Bros. Studio Tour London<\/title>\n<meta name=\"robots\" content=\"index, follow, max-snippet:-1, max-image-preview:large, max-video-preview:-1\" \/>\n<link rel=\"canonical\" href=\"https:\/\/www.wbstudiotour.co.uk\/deluxe-tour\/\" \/>\n<meta property=\"og:locale\" content=\"es_ES\" \/>\n<meta property=\"og:type\" content=\"article\" \/>\n<meta property=\"og:title\" content=\"Excursi\u00f3n De Lujo - Warner Bros. Studio Tour London\" \/>\n<meta property=\"og:url\" content=\"https:\/\/www.wbstudiotour.co.uk\/deluxe-tour\/\" \/>\n<meta property=\"og:site_name\" content=\"Warner Bros. Studio Tour London\" \/>\n<meta property=\"article:modified_time\" content=\"2025-09-10T12:06:33+00:00\" \/>\n<meta property=\"og:image\" content=\"http:\/\/www.wbstudiotour.co.uk\/wp-content\/uploads\/2022\/03\/2019_dumbledoreoffice_1-copy-scaled-1.jpeg\" \/>\n\t<meta property=\"og:image:width\" content=\"2560\" \/>\n\t<meta property=\"og:image:height\" content=\"1707\" \/>\n\t<meta property=\"og:image:type\" content=\"image\/jpeg\" \/>\n<meta name=\"twitter:card\" content=\"summary_large_image\" \/>\n<script type=\"application\/ld+json\" class=\"yoast-schema-graph\">{\"@context\":\"https:\\\/\\\/schema.org\",\"@graph\":[{\"@type\":\"ImageObject\",\"inLanguage\":\"es-ES\",\"@id\":\"https:\\\/\\\/www.wbstudiotour.co.uk\\\/deluxe-tour\\\/#primaryimage\",\"url\":\"https:\\\/\\\/stage.wbstudiotour.co.uk\\\/wp-content\\\/uploads\\\/2022\\\/03\\\/2019_dumbledoreoffice_1-copy-scaled-1.jpeg\",\"contentUrl\":\"https:\\\/\\\/stage.wbstudiotour.co.uk\\\/wp-content\\\/uploads\\\/2022\\\/03\\\/2019_dumbledoreoffice_1-copy-scaled-1.jpeg\",\"width\":2560,\"height\":1707,\"caption\":\"Deluxe Tour Dumbledore\"},{\"@type\":\"BreadcrumbList\",\"@id\":\"https:\\\/\\\/www.wbstudiotour.co.uk\\\/deluxe-tour\\\/#breadcrumb\",\"itemListElement\":[{\"@type\":\"ListItem\",\"position\":1,\"name\":\"Home\",\"item\":\"https:\\\/\\\/stage.wbstudiotour.co.uk\\\/\"},{\"@type\":\"ListItem\",\"position\":2,\"name\":\"Deluxe Tour\"}]},{\"@type\":\"WebSite\",\"@id\":\"https:\\\/\\\/www.wbstudiotour.co.uk\\\/fr\\\/#website\",\"url\":\"https:\\\/\\\/www.wbstudiotour.co.uk\\\/fr\\\/\",\"name\":\"Warner Bros. Studio Tour London\",\"description\":\"\",\"potentialAction\":[{\"@type\":\"SearchAction\",\"target\":{\"@type\":\"EntryPoint\",\"urlTemplate\":\"https:\\\/\\\/www.wbstudiotour.co.uk\\\/fr\\\/?s={search_term_string}\"},\"query-input\":{\"@type\":\"PropertyValueSpecification\",\"valueRequired\":true,\"valueName\":\"search_term_string\"}}],\"inLanguage\":\"es-ES\"}]}<\/script>\n<!-- \/ Yoast SEO plugin. -->","yoast_head_json":{"title":"Excursi\u00f3n De Lujo - Warner Bros. Studio Tour London","robots":{"index":"index","follow":"follow","max-snippet":"max-snippet:-1","max-image-preview":"max-image-preview:large","max-video-preview":"max-video-preview:-1"},"canonical":"https:\/\/www.wbstudiotour.co.uk\/deluxe-tour\/","og_locale":"es_ES","og_type":"article","og_title":"Excursi\u00f3n De Lujo - Warner Bros. Studio Tour London","og_url":"https:\/\/www.wbstudiotour.co.uk\/deluxe-tour\/","og_site_name":"Warner Bros. Studio Tour London","article_modified_time":"2025-09-10T12:06:33+00:00","og_image":[{"width":2560,"height":1707,"url":"http:\/\/www.wbstudiotour.co.uk\/wp-content\/uploads\/2022\/03\/2019_dumbledoreoffice_1-copy-scaled-1.jpeg","type":"image\/jpeg"}],"twitter_card":"summary_large_image","schema":{"@context":"https:\/\/schema.org","@graph":[{"@type":"ImageObject","inLanguage":"es-ES","@id":"https:\/\/www.wbstudiotour.co.uk\/deluxe-tour\/#primaryimage","url":"https:\/\/stage.wbstudiotour.co.uk\/wp-content\/uploads\/2022\/03\/2019_dumbledoreoffice_1-copy-scaled-1.jpeg","contentUrl":"https:\/\/stage.wbstudiotour.co.uk\/wp-content\/uploads\/2022\/03\/2019_dumbledoreoffice_1-copy-scaled-1.jpeg","width":2560,"height":1707,"caption":"Deluxe Tour Dumbledore"},{"@type":"BreadcrumbList","@id":"https:\/\/www.wbstudiotour.co.uk\/deluxe-tour\/#breadcrumb","itemListElement":[{"@type":"ListItem","position":1,"name":"Home","item":"https:\/\/stage.wbstudiotour.co.uk\/"},{"@type":"ListItem","position":2,"name":"Deluxe Tour"}]},{"@type":"WebSite","@id":"https:\/\/www.wbstudiotour.co.uk\/fr\/#website","url":"https:\/\/www.wbstudiotour.co.uk\/fr\/","name":"Warner Bros. Studio Tour London","description":"","potentialAction":[{"@type":"SearchAction","target":{"@type":"EntryPoint","urlTemplate":"https:\/\/www.wbstudiotour.co.uk\/fr\/?s={search_term_string}"},"query-input":{"@type":"PropertyValueSpecification","valueRequired":true,"valueName":"search_term_string"}}],"inLanguage":"es-ES"}]}},"_links":{"self":[{"href":"https:\/\/stage.wbstudiotour.co.uk\/es\/wp-json\/wp\/v2\/pages\/1052","targetHints":{"allow":["GET"]}}],"collection":[{"href":"https:\/\/stage.wbstudiotour.co.uk\/es\/wp-json\/wp\/v2\/pages"}],"about":[{"href":"https:\/\/stage.wbstudiotour.co.uk\/es\/wp-json\/wp\/v2\/types\/page"}],"author":[{"embeddable":true,"href":"https:\/\/stage.wbstudiotour.co.uk\/es\/wp-json\/wp\/v2\/users\/6"}],"replies":[{"embeddable":true,"href":"https:\/\/stage.wbstudiotour.co.uk\/es\/wp-json\/wp\/v2\/comments?post=1052"}],"version-history":[{"count":14,"href":"https:\/\/stage.wbstudiotour.co.uk\/es\/wp-json\/wp\/v2\/pages\/1052\/revisions"}],"predecessor-version":[{"id":36328,"href":"https:\/\/stage.wbstudiotour.co.uk\/es\/wp-json\/wp\/v2\/pages\/1052\/revisions\/36328"}],"wp:featuredmedia":[{"embeddable":true,"href":"https:\/\/stage.wbstudiotour.co.uk\/es\/wp-json\/wp\/v2\/media\/16768"}],"wp:attachment":[{"href":"https:\/\/stage.wbstudiotour.co.uk\/es\/wp-json\/wp\/v2\/media?parent=1052"}],"curies":[{"name":"wp","href":"https:\/\/api.w.org\/{rel}","templated":true}]}}