{"id":153,"date":"2019-01-20T07:45:34","date_gmt":"2019-01-20T07:45:34","guid":{"rendered":"http:\/\/stage.wbstudiotour.co.uk\/?page_id=153"},"modified":"2026-03-24T11:12:49","modified_gmt":"2026-03-24T11:12:49","slug":"getting-here","status":"publish","type":"page","link":"https:\/\/stage.wbstudiotour.co.uk\/es\/getting-here\/","title":{"rendered":"C\u00f3mo Llegar"},"content":{"rendered":"<h2>Autob\u00fas de enlace desde Watford Junction<\/h2>\n<p>Tu viaje al Studio Tour est\u00e1 libre de carbono, ya que nuestros autobuses funcionan con electricidad. Este viaje est\u00e1 incluido como parte de tu entrada.<\/p>\n<p>Los autobuses lanzadera regulares circulan desde Watford Junction hasta el Studio Tour con un tiempo de viaje de aproximadamente 15\u00a0minutos. Los autobuses pasan al menos cada 30\u00a0minutos a partir de las 9:20\u00a0h (con servicios adicionales disponibles desde las 8:15\u00a0h cuando la primera visita es a las 9:00\u00a0h). El \u00faltimo autob\u00fas lanzadera de regreso a Watford Junction saldr\u00e1 del Studio Tour cuando este se cierre. Para obtener m\u00e1s informaci\u00f3n al respecto, consulta el <a href=\"https:\/\/stage.wbstudiotour.co.uk\/opening-times\/\">calendario de horarios de apertura<\/a>.<\/p>\n<p><a href=\"https:\/\/wbstl.liftango.com\/home?utm_source=wbstudiotour&amp;utm_medium=referral&amp;utm_campaign=gettinghere\">Haz clic aqu\u00ed<\/a> para ver nuestro rastreador de autob\u00fas en tiempo real.<\/p>\n<p>Ten en cuenta que no se permiten patinetes el\u00e9ctricos en nuestro autob\u00fas lanzadera ni en el Studio Tour.<\/p>\n<hr \/>\n<h2>Viaje en tren<\/h2>\n<p>La estaci\u00f3n de tren m\u00e1s cercana al Studio Tour es la de Watford Junction. Hay trenes directos a esta estaci\u00f3n desde London Euston (trayecto de 20 minutos) y Birmingham New Street (trayecto de una hora).<\/p>\n<p>Desde London Euston salen otros trenes no directos, pero ten en cuenta que tardar\u00e1n m\u00e1s tiempo en llegar a Watford Junction.<\/p>\n<p>La Oyster card de Londres es v\u00e1lida para viajar entre las estaciones de Euston y Watford Junction.<\/p>\n<p><img loading=\"lazy\" decoding=\"async\" class=\"alignnone size-full wp-image-1122\" src=\"http:\/\/stage.wbstudiotour.co.uk\/wp-content\/uploads\/2019\/08\/map-getting-here.jpg\" alt=\"Map to Studio Tour\" width=\"1359\" height=\"1019\" srcset=\"https:\/\/stage.wbstudiotour.co.uk\/wp-content\/uploads\/2019\/08\/map-getting-here.jpg 1359w, https:\/\/stage.wbstudiotour.co.uk\/wp-content\/uploads\/2019\/08\/map-getting-here-300x225.jpg 300w, https:\/\/stage.wbstudiotour.co.uk\/wp-content\/uploads\/2019\/08\/map-getting-here-768x576.jpg 768w, https:\/\/stage.wbstudiotour.co.uk\/wp-content\/uploads\/2019\/08\/map-getting-here-1024x768.jpg 1024w\" sizes=\"auto, (max-width: 1359px) 100vw, 1359px\" \/><\/p>\n<hr \/>\n<h2>Viaje por carretera<\/h2>\n<h3>Aparcamiento<\/h3>\n<p>Puedes aparcar de forma gratuita en nuestro aparcamiento, a las puertas del Studio Tour. Existen varias zonas de aparcamiento para discapacitados, convenientemente se\u00f1alizadas y cercanas a la entrada principal, para los visitantes que las necesiten.<\/p>\n<p>Al entrar en el aparcamiento, ten preparada la confirmaci\u00f3n de tu reserva para mostr\u00e1rsela al personal del aparcamiento. Si formas parte de un grupo que viaja de forma independiente, todos los veh\u00edculos tendr\u00e1n que presentar una confirmaci\u00f3n de reserva a la entrada del aparcamiento.<\/p>\n<h3>Aparcamiento prioritario<\/h3>\n<p>P&#8221;El aparcamiento prioritario est\u00e1 situado junto a la entrada del Studio Tour y se puede reservar online junto con las entradas por un coste adicional de 10 \u00a3.<\/p>\n<p>El aparcamiento prioritario solo est\u00e1 disponible mediante reserva anticipada a la visita y no se puede adquirir el mismo d\u00eda.<\/p>\n<p>Si has seleccionado las entradas electr\u00f3nicas, la entrada para el aparcamiento prioritario se te enviar\u00e1 junto con el resto de las entradas como archivo adjunto en el correo electr\u00f3nico. Si has escogido la opci\u00f3n de recibir las entradas por correo postal, recibir\u00e1s tambi\u00e9n una entrada impresa para el aparcamiento prioritario.<\/p>\n<p>Muestra la entrada del aparcamiento prioritario cuando llegues al Studio Tour, te entregar\u00e1n una pegatina para el parabrisas y te dar\u00e1n las indicaciones para llegar a las plazas de aparcamiento prioritario cercanas a la entrada.&#8221;<\/p>\n<h3>Usa navegaci\u00f3n por sat\u00e9lite<\/h3>\n<p>Nuestro c\u00f3digo postal es WD25 7LR. A medida que te acerques al Studio Tour, las se\u00f1ales de tr\u00e1fico marrones etiquetadas con \u201cWarner Bros. Studio Tour\u201d te ayudar\u00e1n a llegar a nuestra entrada.<\/p>\n<p>Como alternativa, puedes llegar hasta el Studio Tour utilizando la aplicaci\u00f3n What3Words con las palabras clave <a href=\"https:\/\/what3words.com\/stocks.jelly.film\">\/\/\/stocks.jelly.film<\/a>.<\/p>\n<h3>VIAJAR EN TAXI<\/h3>\n<p>Warner Bros. Studio Tour London tiene un punto de llegada y recogida al que puedes llegar utilizando nuestro c\u00f3digo postal WD25 7LR o la aplicaci\u00f3n What3Words con las palabras clave <a href=\"https:\/\/what3words.com\/stocks.jelly.film\">\/\/\/stocks.jelly.film<\/a>. Para la seguridad de todos nuestros visitantes, recomendamos utilizar taxis con licencia y reserva previa. El Studio Tour se encuentra en Leavesden y en esta zona hay varios taxis locales. Si necesitas ayuda, un miembro del personal de nuestro mostrador de informaci\u00f3n estar\u00e1 encantado de ayudarte.<\/p>\n<h3>RECOGIDA EN TAXI<\/h3>\n<p>Si te recogen en el Studio Tour en taxi, el punto de recogida de taxis en What3Words es <a href=\"https:\/\/what3words.com\/dame.palace.fairly\">\/\/\/dame.palace.fairly<\/a>.<\/p>\n<hr \/>\n<h2>INDICACIONES<\/h2>\n<h3>Llegada desde el Norte<\/h3>\n<p>Toma la salida 6a de la M1 y entra en la M25 (Heathrow). Toma la salida 20 de la M25 y ve en direcci\u00f3n sureste por la A41 hacia Londres (NW C). Sigue en el carril izquierdo en la rotonda de Hunton Bridge. Pasa al carril izquierdo para entrar en la A4O5 (St. Albans). Toma la bifurcaci\u00f3n a la izquierda, y despu\u00e9s la primera salida de la rotonda para entrar en el Studio Tour.<\/p>\n<h3>Llegada desde la M25<\/h3>\n<p>Toma la salida 19 de la M25. En la rotonda de Hunton Bridge, toma la segunda salida a la A41 (Central London) y col\u00f3cate en el carril izquierdo para entrar en la A405 (St. Albans). Toma la bifurcaci\u00f3n a la izquierda, y despu\u00e9s la primera salida de la rotonda para entrar en el Studio Tour.<\/p>\n<p>Toma la salida 20 de la M25 y ve al sureste por la A41 hacia Londres (NW C). Sigue en el carril izquierdo en la rotonda de Hunton Bridge. Pasa al carril izquierdo para entrar en la A4O5 (St. Albans). Toma la bifurcaci\u00f3n a la izquierda, y despu\u00e9s la primera salida de la rotonda para entrar en el Studio Tour.<\/p>\n<h3>Llegada desde Londres<\/h3>\n<p>Toma la salida 5 de la M1 y toma la A41 (North Watford) durante unos 5 kil\u00f3metros. Toma la cuarta salida de la rotonda de Hunton Bridge para volver a la A41. Mantente en el carril izquierdo y toma la primera salida. Mantente a la izquierda en la bifurcaci\u00f3n, y despu\u00e9s toma la primera salida de la rotonda para entrar en el Studio Tour.<\/p>\n<hr \/>\n<h2>Viajes en autob\u00fas<\/h2>\n<p>\u00a1Viaja al Studio Tour en un autob\u00fas directo desde el centro de Londres, y ah\u00f3rrate problemas! Nuestro socio destacado, Golden Tours, ofrece unas pr\u00e1cticas ofertas de entrada + viaje de vuelta en un autob\u00fas especial con aire acondicionado. Si ya tienes entrada, tambi\u00e9n es posible comprar solo el viaje.<\/p>\n<p><a class=\"wbstl-btn blue\" href=\"https:\/\/stage.wbstudiotour.co.uk\/golden-tours-leaving-site-2\/\" target=\"_blank\" rel=\"noopener noreferrer\">PAQUETES DE TRASLADO EN AUTOB\u00daS Y ENTRADA DESDE LONDRES<\/a><\/p>\n<p><a class=\"wbstl-btn blue\" href=\"https:\/\/stage.wbstudiotour.co.uk\/golden-tours-leaving-site-3\/\" target=\"_blank\" rel=\"noopener noreferrer\">\u00daNICAMENTE TRASLADO EN AUTOB\u00daS DESDE LONDRES*<\/a><\/p>\n<p><em>* Solo disponible para quienes ya hayan comprado entradas para el Studio Tour.<\/em><\/p>\n<hr \/>\n<h2>Viaje desde un aeropuerto<\/h2>\n<p>Es f\u00e1cil llegar por carretera o tren desde los cuatro principales aeropuertos de Londres:<\/p>\n<p>Londres Luton 27 kil\u00f3metros<br \/>\nLondres Heathrow 37 kil\u00f3metros<br \/>\nLondres Stansted 75 kil\u00f3metros<br \/>\nLondres Gatwick 93 kil\u00f3metros<\/p>\n","protected":false},"excerpt":{"rendered":"<p>Autob\u00fas de enlace desde Watford Junction Tu viaje al Studio Tour est\u00e1 libre de carbono, ya que nuestros autobuses funcionan con electricidad. Este viaje est\u00e1 incluido como parte de tu entrada. Los autobuses lanzadera regulares circulan desde Watford Junction hasta el Studio Tour con un tiempo de viaje de aproximadamente 15\u00a0minutos. Los autobuses pasan al [&hellip;]<\/p>\n","protected":false},"author":6,"featured_media":3359,"parent":0,"menu_order":0,"comment_status":"closed","ping_status":"closed","template":"","meta":{"_acf_changed":false,"footnotes":""},"class_list":["post-153","page","type-page","status-publish","has-post-thumbnail","hentry"],"translation":{"provider":"WPGlobus","version":"3.0.2","language":"es","enabled_languages":["en","es","de","fr","it"],"languages":{"en":{"title":true,"content":true,"excerpt":false},"es":{"title":true,"content":true,"excerpt":false},"de":{"title":true,"content":true,"excerpt":false},"fr":{"title":true,"content":true,"excerpt":false},"it":{"title":true,"content":true,"excerpt":false}}},"acf":{"add_cross_sell_to_page":{"ID":182,"post_author":"6","post_date":"2019-06-17 19:51:50","post_date_gmt":"2019-06-17 19:51:50","post_content":"","post_title":"Bus Transfers","post_excerpt":"","post_status":"publish","comment_status":"closed","ping_status":"closed","post_password":"","post_name":"bus-transfers","to_ping":"","pinged":"","post_modified":"2021-12-03 12:18:39","post_modified_gmt":"2021-12-03 12:18:39","post_content_filtered":"","post_parent":0,"guid":"http:\/\/stage.wbstudiotour.co.uk\/?post_type=wbstl_cross_sells&#038;p=182","menu_order":0,"post_type":"wbstl_cross_sells","post_mime_type":"","comment_count":"0","filter":"raw"},"add_newsletter_sign_up_next_to_cross_sell":true,"choose_sidebar_entries":[{"ID":1123,"post_author":"6","post_date":"2019-08-16 17:06:07","post_date_gmt":"2019-08-16 16:06:07","post_content":"","post_title":"Bus Transfers","post_excerpt":"","post_status":"publish","comment_status":"closed","ping_status":"closed","post_password":"","post_name":"bus-transfers","to_ping":"","pinged":"","post_modified":"2025-03-24 12:23:22","post_modified_gmt":"2025-03-24 12:23:22","post_content_filtered":"","post_parent":0,"guid":"http:\/\/stage.wbstudiotour.co.uk\/?post_type=wbstl_sidebar&#038;p=1123","menu_order":0,"post_type":"wbstl_sidebar","post_mime_type":"","comment_count":"0","filter":"raw"},{"ID":161,"post_author":"6","post_date":"2019-06-17 18:25:14","post_date_gmt":"2019-06-17 18:25:14","post_content":"","post_title":"{:en}Explore the Tour{:}{:es}EXPLORAR EL TOUR{:}{:de}ENTDECKEN SIE DIE TOUR{:}{:fr}EXPLOREZ LE TOUR{:}","post_excerpt":"","post_status":"publish","comment_status":"closed","ping_status":"closed","post_password":"","post_name":"explore-the-tour","to_ping":"","pinged":"","post_modified":"2019-08-28 22:44:40","post_modified_gmt":"2019-08-28 21:44:40","post_content_filtered":"","post_parent":0,"guid":"http:\/\/stage.wbstudiotour.co.uk\/?post_type=wbstl_sidebar&#038;p=161","menu_order":0,"post_type":"wbstl_sidebar","post_mime_type":"","comment_count":"0","filter":"raw"},{"ID":787,"post_author":"6","post_date":"2019-07-17 21:36:06","post_date_gmt":"2019-07-17 21:36:06","post_content":"","post_title":"{:en}When You Arrive{:}{:es}CUANDO LLEGUES{:}{:de}WENN DU ANKOMMST{:}{:fr}QUAND VOUS ARRIVEZ{:}","post_excerpt":"","post_status":"publish","comment_status":"closed","ping_status":"closed","post_password":"","post_name":"when-you-arrive","to_ping":"","pinged":"","post_modified":"2019-12-05 15:08:06","post_modified_gmt":"2019-12-05 15:08:06","post_content_filtered":"","post_parent":0,"guid":"http:\/\/stage.wbstudiotour.co.uk\/?post_type=wbstl_sidebar&#038;p=787","menu_order":0,"post_type":"wbstl_sidebar","post_mime_type":"","comment_count":"0","filter":"raw"},{"ID":157,"post_author":"6","post_date":"2019-06-17 18:23:26","post_date_gmt":"2019-06-17 18:23:26","post_content":"","post_title":"{:en}Enhance Your Visit{:}{:es}MEJORA TU VISITA{:}{:de}ENTSTANDEN SIE IHREN BESUCH{:}{:fr}ENRICHIR VOTRE VISITE{:}","post_excerpt":"","post_status":"publish","comment_status":"closed","ping_status":"closed","post_password":"","post_name":"enhance-your-visit","to_ping":"","pinged":"","post_modified":"2022-10-10 12:34:01","post_modified_gmt":"2022-10-10 11:34:01","post_content_filtered":"","post_parent":0,"guid":"http:\/\/stage.wbstudiotour.co.uk\/?post_type=wbstl_sidebar&#038;p=157","menu_order":0,"post_type":"wbstl_sidebar","post_mime_type":"","comment_count":"0","filter":"raw"}],"wbstl_use_fancy_lists":false,"wbstl_hero_video":"","wbstl_hv_mobile_placeholder":false,"wbstl_hv_tablet_placeholder":false,"wbstl_hv_subtitle":"","wbstl_hv_add_ticket_purchase_cta":false,"wbstl_ii_image":"https:\/\/stage.wbstudiotour.co.uk\/wp-content\/uploads\/2019\/08\/Getting-Here.jpg","wbstl_ii_content":"","add_cross_sell_to_page2":false,"wbstl_hv_cta_button_text":"","wbstl_hv_cta_link":"","wbstl_hv_show_cta_note":false,"wbstl_hv_cta_note":"","wbstl_hv_title_color":"","wbstl_hv_text_color":"","wbstl_hv_show_video_overlay":true,"wbstl_hv_cta_button_redeem_text":"","wbstl_hv_cta_redeem_link":""},"yoast_head":"<!-- This site is optimized with the Yoast SEO plugin v27.4 - https:\/\/yoast.com\/product\/yoast-seo-wordpress\/ -->\n<title>How to get to Warner Bros. Studio Tour London - Warner Bros. Studio Tour London<\/title>\n<meta name=\"robots\" content=\"index, follow, max-snippet:-1, max-image-preview:large, max-video-preview:-1\" \/>\n<link rel=\"canonical\" href=\"https:\/\/stage.wbstudiotour.co.uk\/getting-here\/\" \/>\n<meta property=\"og:locale\" content=\"es_ES\" \/>\n<meta property=\"og:type\" content=\"article\" \/>\n<meta property=\"og:title\" content=\"Getting to Warner Bros. Studio Tour London\" \/>\n<meta property=\"og:description\" content=\"Find out where to park, how to get here, where to drop off and train stations. See how you can get here from Euston or Watford Juction.\" \/>\n<meta property=\"og:url\" content=\"https:\/\/stage.wbstudiotour.co.uk\/getting-here\/\" \/>\n<meta property=\"og:site_name\" content=\"Warner Bros. Studio Tour London\" \/>\n<meta property=\"article:modified_time\" content=\"2026-03-24T11:12:49+00:00\" \/>\n<meta property=\"og:image\" content=\"http:\/\/stage.wbstudiotour.co.uk\/wp-content\/uploads\/2019\/12\/header-getting-here-hogwarts-express.jpg\" \/>\n\t<meta property=\"og:image:width\" content=\"2048\" \/>\n\t<meta property=\"og:image:height\" content=\"1365\" \/>\n\t<meta property=\"og:image:type\" content=\"image\/jpeg\" \/>\n<meta name=\"twitter:card\" content=\"summary_large_image\" \/>\n<meta name=\"twitter:title\" content=\"Getting to Warner Bros. Studio Tour London\" \/>\n<meta name=\"twitter:description\" content=\"Find out where to park, how to get here, where to drop off and train stations. See how you can get here from Euston or Watford Juction.\" \/>\n<meta name=\"twitter:image\" content=\"http:\/\/stage.wbstudiotour.co.uk\/wp-content\/uploads\/2019\/12\/header-getting-here-hogwarts-express.jpg\" \/>\n<script type=\"application\/ld+json\" class=\"yoast-schema-graph\">{\"@context\":\"https:\\\/\\\/schema.org\",\"@graph\":[{\"@type\":\"ImageObject\",\"inLanguage\":\"es-ES\",\"@id\":\"https:\\\/\\\/stage.wbstudiotour.co.uk\\\/getting-here\\\/#primaryimage\",\"url\":\"https:\\\/\\\/stage.wbstudiotour.co.uk\\\/wp-content\\\/uploads\\\/2019\\\/12\\\/header-getting-here-hogwarts-express.jpg\",\"contentUrl\":\"https:\\\/\\\/stage.wbstudiotour.co.uk\\\/wp-content\\\/uploads\\\/2019\\\/12\\\/header-getting-here-hogwarts-express.jpg\",\"width\":2048,\"height\":1365},{\"@type\":\"BreadcrumbList\",\"@id\":\"https:\\\/\\\/stage.wbstudiotour.co.uk\\\/getting-here\\\/#breadcrumb\",\"itemListElement\":[{\"@type\":\"ListItem\",\"position\":1,\"name\":\"Home\",\"item\":\"https:\\\/\\\/stage.wbstudiotour.co.uk\\\/\"},{\"@type\":\"ListItem\",\"position\":2,\"name\":\"Getting Here\"}]},{\"@type\":\"WebSite\",\"@id\":\"https:\\\/\\\/www.wbstudiotour.co.uk\\\/fr\\\/#website\",\"url\":\"https:\\\/\\\/www.wbstudiotour.co.uk\\\/fr\\\/\",\"name\":\"Warner Bros. Studio Tour London\",\"description\":\"\",\"potentialAction\":[{\"@type\":\"SearchAction\",\"target\":{\"@type\":\"EntryPoint\",\"urlTemplate\":\"https:\\\/\\\/www.wbstudiotour.co.uk\\\/fr\\\/?s={search_term_string}\"},\"query-input\":{\"@type\":\"PropertyValueSpecification\",\"valueRequired\":true,\"valueName\":\"search_term_string\"}}],\"inLanguage\":\"es-ES\"}]}<\/script>\n<!-- \/ Yoast SEO plugin. -->","yoast_head_json":{"title":"How to get to Warner Bros. Studio Tour London - Warner Bros. Studio Tour London","robots":{"index":"index","follow":"follow","max-snippet":"max-snippet:-1","max-image-preview":"max-image-preview:large","max-video-preview":"max-video-preview:-1"},"canonical":"https:\/\/stage.wbstudiotour.co.uk\/getting-here\/","og_locale":"es_ES","og_type":"article","og_title":"Getting to Warner Bros. Studio Tour London","og_description":"Find out where to park, how to get here, where to drop off and train stations. See how you can get here from Euston or Watford Juction.","og_url":"https:\/\/stage.wbstudiotour.co.uk\/getting-here\/","og_site_name":"Warner Bros. Studio Tour London","article_modified_time":"2026-03-24T11:12:49+00:00","og_image":[{"width":2048,"height":1365,"url":"http:\/\/stage.wbstudiotour.co.uk\/wp-content\/uploads\/2019\/12\/header-getting-here-hogwarts-express.jpg","type":"image\/jpeg"}],"twitter_card":"summary_large_image","twitter_title":"Getting to Warner Bros. Studio Tour London","twitter_description":"Find out where to park, how to get here, where to drop off and train stations. See how you can get here from Euston or Watford Juction.","twitter_image":"http:\/\/stage.wbstudiotour.co.uk\/wp-content\/uploads\/2019\/12\/header-getting-here-hogwarts-express.jpg","schema":{"@context":"https:\/\/schema.org","@graph":[{"@type":"ImageObject","inLanguage":"es-ES","@id":"https:\/\/stage.wbstudiotour.co.uk\/getting-here\/#primaryimage","url":"https:\/\/stage.wbstudiotour.co.uk\/wp-content\/uploads\/2019\/12\/header-getting-here-hogwarts-express.jpg","contentUrl":"https:\/\/stage.wbstudiotour.co.uk\/wp-content\/uploads\/2019\/12\/header-getting-here-hogwarts-express.jpg","width":2048,"height":1365},{"@type":"BreadcrumbList","@id":"https:\/\/stage.wbstudiotour.co.uk\/getting-here\/#breadcrumb","itemListElement":[{"@type":"ListItem","position":1,"name":"Home","item":"https:\/\/stage.wbstudiotour.co.uk\/"},{"@type":"ListItem","position":2,"name":"Getting Here"}]},{"@type":"WebSite","@id":"https:\/\/www.wbstudiotour.co.uk\/fr\/#website","url":"https:\/\/www.wbstudiotour.co.uk\/fr\/","name":"Warner Bros. Studio Tour London","description":"","potentialAction":[{"@type":"SearchAction","target":{"@type":"EntryPoint","urlTemplate":"https:\/\/www.wbstudiotour.co.uk\/fr\/?s={search_term_string}"},"query-input":{"@type":"PropertyValueSpecification","valueRequired":true,"valueName":"search_term_string"}}],"inLanguage":"es-ES"}]}},"_links":{"self":[{"href":"https:\/\/stage.wbstudiotour.co.uk\/es\/wp-json\/wp\/v2\/pages\/153","targetHints":{"allow":["GET"]}}],"collection":[{"href":"https:\/\/stage.wbstudiotour.co.uk\/es\/wp-json\/wp\/v2\/pages"}],"about":[{"href":"https:\/\/stage.wbstudiotour.co.uk\/es\/wp-json\/wp\/v2\/types\/page"}],"author":[{"embeddable":true,"href":"https:\/\/stage.wbstudiotour.co.uk\/es\/wp-json\/wp\/v2\/users\/6"}],"replies":[{"embeddable":true,"href":"https:\/\/stage.wbstudiotour.co.uk\/es\/wp-json\/wp\/v2\/comments?post=153"}],"version-history":[{"count":78,"href":"https:\/\/stage.wbstudiotour.co.uk\/es\/wp-json\/wp\/v2\/pages\/153\/revisions"}],"predecessor-version":[{"id":37176,"href":"https:\/\/stage.wbstudiotour.co.uk\/es\/wp-json\/wp\/v2\/pages\/153\/revisions\/37176"}],"wp:featuredmedia":[{"embeddable":true,"href":"https:\/\/stage.wbstudiotour.co.uk\/es\/wp-json\/wp\/v2\/media\/3359"}],"wp:attachment":[{"href":"https:\/\/stage.wbstudiotour.co.uk\/es\/wp-json\/wp\/v2\/media?parent=153"}],"curies":[{"name":"wp","href":"https:\/\/api.w.org\/{rel}","templated":true}]}}