{"id":155,"date":"2019-06-17T18:21:54","date_gmt":"2019-06-17T18:21:54","guid":{"rendered":"http:\/\/stage.wbstudiotour.co.uk\/?page_id=155"},"modified":"2025-07-01T12:04:02","modified_gmt":"2025-07-01T11:04:02","slug":"enhance-your-visit","status":"publish","type":"page","link":"https:\/\/stage.wbstudiotour.co.uk\/es\/enhance-your-visit\/","title":{"rendered":"Mejora Tu Visita"},"content":{"rendered":"<h2>Pasaporte De Actividades<\/h2>\n<p>Aseg\u00farate de recoger un Pasaporte de actividades gratuito durante tu visita: incluye una divertida caza de la snitch dorada, puzles y preguntas para mejorar tu experiencia. En el pasaporte tambi\u00e9n hay espacio para los sellos de recuerdo que podr\u00e1s conseguir en distintos lugares clave del recorrido, como el And\u00e9n 9 \u00be o el banco de Gringotts.<\/p>\n<p>Puedes pedir tu pasaporte a un miembro del equipo en cualquier momento del Studio Tour.<\/p>\n<p><img loading=\"lazy\" decoding=\"async\" class=\"alignnone wp-image-18948 size-large\" src=\"http:\/\/stage.wbstudiotour.co.uk\/wp-content\/uploads\/2022\/10\/Activity-Passport-1024x726.jpg\" alt=\"Enhance your visit with a free activity passport\" width=\"1024\" height=\"726\" srcset=\"https:\/\/stage.wbstudiotour.co.uk\/wp-content\/uploads\/2022\/10\/Activity-Passport-1024x726.jpg 1024w, https:\/\/stage.wbstudiotour.co.uk\/wp-content\/uploads\/2022\/10\/Activity-Passport-300x213.jpg 300w, https:\/\/stage.wbstudiotour.co.uk\/wp-content\/uploads\/2022\/10\/Activity-Passport-768x545.jpg 768w, https:\/\/stage.wbstudiotour.co.uk\/wp-content\/uploads\/2022\/10\/Activity-Passport.jpg 1197w\" sizes=\"auto, (max-width: 1024px) 100vw, 1024px\" \/><\/p>\n<hr \/>\n<h2>Libro De Recuerdo<\/h2>\n<p>Este libro de recuerdo har\u00e1 que tu visita al Studio Tour permanezca para siempre en tu memoria. Contiene informaci\u00f3n sobre la saga cinematogr\u00e1fica de Harry Potter, con muchos secretos de los rodajes.<\/p>\n<p>Puedes reservar tu libro de recuerdo a la vez que tus entradas por solo <strong>9,95 \u00a3<\/strong> y recogerlo en el Studio Tour. Te recomendamos que lo recojas en nuestra ventanilla de informaci\u00f3n al finalizar la visita, para que no te desvele ninguna sorpresa.<\/p>\n<p>Tambi\u00e9n hay una versi\u00f3n del libro de recuerdo en tapa dura por <strong>14,95 \u00a3<\/strong>.<\/p>\n<hr \/>\n<h2>Experiencia De Pantalla Verde<\/h2>\n<p>\u00a1Aprovecha la oportunidad de probar la tecnolog\u00eda de pantalla verde y vuela en una escoba sobre Londres como lo hicieron los actores durante el rodaje! En cuanto te pongas el uniforme de Hogwarts, podr\u00e1s subirte a la escoba y ver c\u00f3mo se consigui\u00f3 hacer volar a Harry y sus amigos.<\/p>\n<p>Ll\u00e9vate a casa un recuerdo de tu vuelo en escoba en forma de foto, DVD o USB HD, disponibles con distintas presentaciones.<\/p>\n<p><img loading=\"lazy\" decoding=\"async\" class=\"alignnone wp-image-18959 size-full\" src=\"http:\/\/stage.wbstudiotour.co.uk\/wp-content\/uploads\/2022\/10\/Green-Screen-Experience-1.jpg\" alt=\"Green Screen Experience at Warner Bros. Studio Tour London\" width=\"1000\" height=\"713\" srcset=\"https:\/\/stage.wbstudiotour.co.uk\/wp-content\/uploads\/2022\/10\/Green-Screen-Experience-1.jpg 1000w, https:\/\/stage.wbstudiotour.co.uk\/wp-content\/uploads\/2022\/10\/Green-Screen-Experience-1-300x214.jpg 300w, https:\/\/stage.wbstudiotour.co.uk\/wp-content\/uploads\/2022\/10\/Green-Screen-Experience-1-768x548.jpg 768w\" sizes=\"auto, (max-width: 1000px) 100vw, 1000px\" \/><\/p>\n","protected":false},"excerpt":{"rendered":"<p>Pasaporte De Actividades Aseg\u00farate de recoger un Pasaporte de actividades gratuito durante tu visita: incluye una divertida caza de la snitch dorada, puzles y preguntas para mejorar tu experiencia. En el pasaporte tambi\u00e9n hay espacio para los sellos de recuerdo que podr\u00e1s conseguir en distintos lugares clave del recorrido, como el And\u00e9n 9 \u00be o [&hellip;]<\/p>\n","protected":false},"author":6,"featured_media":1054,"parent":0,"menu_order":0,"comment_status":"closed","ping_status":"closed","template":"","meta":{"_acf_changed":false,"footnotes":""},"class_list":["post-155","page","type-page","status-publish","has-post-thumbnail","hentry"],"translation":{"provider":"WPGlobus","version":"3.0.2","language":"es","enabled_languages":["en","es","de","fr","it"],"languages":{"en":{"title":true,"content":true,"excerpt":false},"es":{"title":true,"content":true,"excerpt":false},"de":{"title":true,"content":true,"excerpt":false},"fr":{"title":true,"content":true,"excerpt":false},"it":{"title":true,"content":true,"excerpt":false}}},"acf":{"add_cross_sell_to_page":false,"add_newsletter_sign_up_next_to_cross_sell":false,"choose_sidebar_entries":[{"ID":152,"post_author":"6","post_date":"2019-06-17 18:21:25","post_date_gmt":"2019-06-17 18:21:25","post_content":"","post_title":"{:en}Getting Here{:}{:es}C\u00d3MO LLEGAR{:}{:de}ANREISE{:}{:fr}PLAN D'ACC\u00c8S{:}","post_excerpt":"","post_status":"publish","comment_status":"closed","ping_status":"closed","post_password":"","post_name":"getting-here","to_ping":"","pinged":"","post_modified":"2019-08-21 22:15:32","post_modified_gmt":"2019-08-21 21:15:32","post_content_filtered":"","post_parent":0,"guid":"http:\/\/stage.wbstudiotour.co.uk\/?post_type=wbstl_sidebar&#038;p=152","menu_order":0,"post_type":"wbstl_sidebar","post_mime_type":"","comment_count":"0","filter":"raw"},{"ID":161,"post_author":"6","post_date":"2019-06-17 18:25:14","post_date_gmt":"2019-06-17 18:25:14","post_content":"","post_title":"{:en}Explore the Tour{:}{:es}EXPLORAR EL TOUR{:}{:de}ENTDECKEN SIE DIE TOUR{:}{:fr}EXPLOREZ LE TOUR{:}","post_excerpt":"","post_status":"publish","comment_status":"closed","ping_status":"closed","post_password":"","post_name":"explore-the-tour","to_ping":"","pinged":"","post_modified":"2019-08-28 22:44:40","post_modified_gmt":"2019-08-28 21:44:40","post_content_filtered":"","post_parent":0,"guid":"http:\/\/stage.wbstudiotour.co.uk\/?post_type=wbstl_sidebar&#038;p=161","menu_order":0,"post_type":"wbstl_sidebar","post_mime_type":"","comment_count":"0","filter":"raw"}],"wbstl_use_fancy_lists":false,"wbstl_hero_video":"","wbstl_hv_mobile_placeholder":false,"wbstl_hv_tablet_placeholder":false,"wbstl_hv_subtitle":"","wbstl_hv_add_ticket_purchase_cta":false,"wbstl_ii_image":false,"wbstl_ii_content":"","add_cross_sell_to_page2":false,"wbstl_hv_cta_button_text":"","wbstl_hv_cta_link":"","wbstl_hv_show_cta_note":false,"wbstl_hv_cta_note":"","wbstl_hv_title_color":"","wbstl_hv_text_color":"","wbstl_hv_show_video_overlay":true,"wbstl_hv_cta_button_redeem_text":"wbstl_hv_cta_button_redeem_text","wbstl_hv_cta_redeem_link":""},"yoast_head":"<!-- This site is optimized with the Yoast SEO plugin v27.4 - https:\/\/yoast.com\/product\/yoast-seo-wordpress\/ -->\n<title>Mejora Tu Visita - Warner Bros. Studio Tour London<\/title>\n<meta name=\"robots\" content=\"index, follow, max-snippet:-1, max-image-preview:large, max-video-preview:-1\" \/>\n<link rel=\"canonical\" href=\"https:\/\/www.wbstudiotour.co.uk\/enhance-your-visit\/\" \/>\n<meta property=\"og:locale\" content=\"es_ES\" \/>\n<meta property=\"og:type\" content=\"article\" \/>\n<meta property=\"og:title\" content=\"Mejora Tu Visita - Warner Bros. Studio Tour London\" \/>\n<meta property=\"og:url\" content=\"https:\/\/www.wbstudiotour.co.uk\/enhance-your-visit\/\" \/>\n<meta property=\"og:site_name\" content=\"Warner Bros. Studio Tour London\" \/>\n<meta property=\"article:modified_time\" content=\"2025-07-01T11:04:02+00:00\" \/>\n<meta property=\"og:image\" content=\"http:\/\/www.wbstudiotour.co.uk\/wp-content\/uploads\/2019\/08\/Enhance-Hero.jpg\" \/>\n\t<meta property=\"og:image:width\" content=\"1920\" \/>\n\t<meta property=\"og:image:height\" content=\"1279\" \/>\n\t<meta property=\"og:image:type\" content=\"image\/jpeg\" \/>\n<meta name=\"twitter:card\" content=\"summary_large_image\" \/>\n<script type=\"application\/ld+json\" class=\"yoast-schema-graph\">{\"@context\":\"https:\\\/\\\/schema.org\",\"@graph\":[{\"@type\":\"ImageObject\",\"inLanguage\":\"es-ES\",\"@id\":\"https:\\\/\\\/www.wbstudiotour.co.uk\\\/enhance-your-visit\\\/#primaryimage\",\"url\":\"https:\\\/\\\/stage.wbstudiotour.co.uk\\\/wp-content\\\/uploads\\\/2019\\\/08\\\/Enhance-Hero.jpg\",\"contentUrl\":\"https:\\\/\\\/stage.wbstudiotour.co.uk\\\/wp-content\\\/uploads\\\/2019\\\/08\\\/Enhance-Hero.jpg\",\"width\":1920,\"height\":1279},{\"@type\":\"BreadcrumbList\",\"@id\":\"https:\\\/\\\/www.wbstudiotour.co.uk\\\/enhance-your-visit\\\/#breadcrumb\",\"itemListElement\":[{\"@type\":\"ListItem\",\"position\":1,\"name\":\"Home\",\"item\":\"https:\\\/\\\/stage.wbstudiotour.co.uk\\\/\"},{\"@type\":\"ListItem\",\"position\":2,\"name\":\"Enhance Your Visit\"}]},{\"@type\":\"WebSite\",\"@id\":\"https:\\\/\\\/www.wbstudiotour.co.uk\\\/fr\\\/#website\",\"url\":\"https:\\\/\\\/www.wbstudiotour.co.uk\\\/fr\\\/\",\"name\":\"Warner Bros. Studio Tour London\",\"description\":\"\",\"potentialAction\":[{\"@type\":\"SearchAction\",\"target\":{\"@type\":\"EntryPoint\",\"urlTemplate\":\"https:\\\/\\\/www.wbstudiotour.co.uk\\\/fr\\\/?s={search_term_string}\"},\"query-input\":{\"@type\":\"PropertyValueSpecification\",\"valueRequired\":true,\"valueName\":\"search_term_string\"}}],\"inLanguage\":\"es-ES\"}]}<\/script>\n<!-- \/ Yoast SEO plugin. -->","yoast_head_json":{"title":"Mejora Tu Visita - Warner Bros. Studio Tour London","robots":{"index":"index","follow":"follow","max-snippet":"max-snippet:-1","max-image-preview":"max-image-preview:large","max-video-preview":"max-video-preview:-1"},"canonical":"https:\/\/www.wbstudiotour.co.uk\/enhance-your-visit\/","og_locale":"es_ES","og_type":"article","og_title":"Mejora Tu Visita - Warner Bros. Studio Tour London","og_url":"https:\/\/www.wbstudiotour.co.uk\/enhance-your-visit\/","og_site_name":"Warner Bros. Studio Tour London","article_modified_time":"2025-07-01T11:04:02+00:00","og_image":[{"width":1920,"height":1279,"url":"http:\/\/www.wbstudiotour.co.uk\/wp-content\/uploads\/2019\/08\/Enhance-Hero.jpg","type":"image\/jpeg"}],"twitter_card":"summary_large_image","schema":{"@context":"https:\/\/schema.org","@graph":[{"@type":"ImageObject","inLanguage":"es-ES","@id":"https:\/\/www.wbstudiotour.co.uk\/enhance-your-visit\/#primaryimage","url":"https:\/\/stage.wbstudiotour.co.uk\/wp-content\/uploads\/2019\/08\/Enhance-Hero.jpg","contentUrl":"https:\/\/stage.wbstudiotour.co.uk\/wp-content\/uploads\/2019\/08\/Enhance-Hero.jpg","width":1920,"height":1279},{"@type":"BreadcrumbList","@id":"https:\/\/www.wbstudiotour.co.uk\/enhance-your-visit\/#breadcrumb","itemListElement":[{"@type":"ListItem","position":1,"name":"Home","item":"https:\/\/stage.wbstudiotour.co.uk\/"},{"@type":"ListItem","position":2,"name":"Enhance Your Visit"}]},{"@type":"WebSite","@id":"https:\/\/www.wbstudiotour.co.uk\/fr\/#website","url":"https:\/\/www.wbstudiotour.co.uk\/fr\/","name":"Warner Bros. Studio Tour London","description":"","potentialAction":[{"@type":"SearchAction","target":{"@type":"EntryPoint","urlTemplate":"https:\/\/www.wbstudiotour.co.uk\/fr\/?s={search_term_string}"},"query-input":{"@type":"PropertyValueSpecification","valueRequired":true,"valueName":"search_term_string"}}],"inLanguage":"es-ES"}]}},"_links":{"self":[{"href":"https:\/\/stage.wbstudiotour.co.uk\/es\/wp-json\/wp\/v2\/pages\/155","targetHints":{"allow":["GET"]}}],"collection":[{"href":"https:\/\/stage.wbstudiotour.co.uk\/es\/wp-json\/wp\/v2\/pages"}],"about":[{"href":"https:\/\/stage.wbstudiotour.co.uk\/es\/wp-json\/wp\/v2\/types\/page"}],"author":[{"embeddable":true,"href":"https:\/\/stage.wbstudiotour.co.uk\/es\/wp-json\/wp\/v2\/users\/6"}],"replies":[{"embeddable":true,"href":"https:\/\/stage.wbstudiotour.co.uk\/es\/wp-json\/wp\/v2\/comments?post=155"}],"version-history":[{"count":49,"href":"https:\/\/stage.wbstudiotour.co.uk\/es\/wp-json\/wp\/v2\/pages\/155\/revisions"}],"predecessor-version":[{"id":34535,"href":"https:\/\/stage.wbstudiotour.co.uk\/es\/wp-json\/wp\/v2\/pages\/155\/revisions\/34535"}],"wp:featuredmedia":[{"embeddable":true,"href":"https:\/\/stage.wbstudiotour.co.uk\/es\/wp-json\/wp\/v2\/media\/1054"}],"wp:attachment":[{"href":"https:\/\/stage.wbstudiotour.co.uk\/es\/wp-json\/wp\/v2\/media?parent=155"}],"curies":[{"name":"wp","href":"https:\/\/api.w.org\/{rel}","templated":true}]}}