{"id":28694,"date":"2024-10-10T09:12:02","date_gmt":"2024-10-10T08:12:02","guid":{"rendered":"https:\/\/stage.wbstudiotour.co.uk\/?page_id=28694"},"modified":"2025-12-03T14:47:31","modified_gmt":"2025-12-03T14:47:31","slug":"dinner-at-the-hogwarts-table","status":"publish","type":"page","link":"https:\/\/stage.wbstudiotour.co.uk\/es\/dinner-at-the-hogwarts-table\/","title":{"rendered":"Tickets and Dinner Package"},"content":{"rendered":"<h2 class=\"serif-headline\" style=\"text-align: center;\">Dinner at The Hogwarts Table<\/h2>\n<hr \/>\n<p style=\"text-align: center;\">Extend the magic of your visit at The Hogwarts Table, with our dinner package &#8211; a three-course dinner featuring creative dishes inspired by the Harry Potter film series.<\/p>\n<p style=\"text-align: center;\">Each course offers an imaginative choice of four dishes, with starters inspired by recognisable Hogwarts locations. For the main course, show your house pride with a house-themed dish or discover what the other Hogwarts houses have to offer. To finish, choose from a selection of beautifully crafted desserts or a cheese board \u2013 and for Butterbeer fans, the Butterbeer sticky toffee pudding is not to be missed.<\/p>\n<p style=\"text-align: center;\">The package includes Studio Tour entry at\u00a0<span style=\"text-decoration: underline;\"><strong>14:00<\/strong><\/span>,\u00a0<span style=\"text-decoration: underline;\"><strong>14:30<\/strong><\/span>\u00a0or\u00a0<span style=\"text-decoration: underline;\"><strong>15:30<\/strong><\/span>, Butterbeer, a Souvenir Guidebook and a three-course dinner served at either\u00a0<span style=\"text-decoration: underline;\"><strong>18:00<\/strong><\/span>,\u00a0<span style=\"text-decoration: underline;\"><strong>18:30<\/strong><\/span>\u00a0or\u00a0<span style=\"text-decoration: underline;\"><strong>19:30<\/strong><\/span>. Entry times vary depending on date and availability \u2013 please note that each tour entry time corresponds to a specific dining time.<\/p>\n<p style=\"text-align: center;\"><strong>This dining experience does not take place in the Great Hall set.<\/strong><\/p>\n<p style=\"text-align: center;\"><img loading=\"lazy\" decoding=\"async\" class=\" wp-image-34218 aligncenter\" src=\"http:\/\/stage.wbstudiotour.co.uk\/wp-content\/uploads\/2025\/06\/DATHT-jpeg.jpg\" alt=\"\" width=\"1080\" height=\"352\" srcset=\"https:\/\/stage.wbstudiotour.co.uk\/wp-content\/uploads\/2025\/06\/DATHT-jpeg.jpg 801w, https:\/\/stage.wbstudiotour.co.uk\/wp-content\/uploads\/2025\/06\/DATHT-jpeg-300x98.jpg 300w, https:\/\/stage.wbstudiotour.co.uk\/wp-content\/uploads\/2025\/06\/DATHT-jpeg-768x250.jpg 768w\" sizes=\"auto, (max-width: 1080px) 100vw, 1080px\" \/><\/p>\n<p style=\"text-align: center;\"><a class=\"wbstl-btn blue\" href=\"https:\/\/tickets.wbstudiotour.co.uk\/webstore\/shop\/viewitems.aspx?cg=din&amp;c=din\">BOOK NOW<\/a><\/p>\n<p style=\"text-align: center;\"><strong>Studio Tour tickets are included in this package<br \/>\n<\/strong><\/p>\n<p style=\"text-align: center;\"><strong>Important dining information: <\/strong><\/p>\n<p style=\"text-align: center;\"><em>If you have any food allergies or intolerances, please <a href=\"mailto:TheHogwartsTable@wbstudiotour.co.uk\">contact us<\/a> at least 48 hours prior to the date of your visit.<br \/>\nWe allow a 20-minute arrival grace period. Please <a href=\"mailto:TheHogwartsTable@wbstudiotour.co.uk\">contact us<\/a> if you are running later than 20 minutes after your booked dining time.<br \/>\nTables are available for a maximum of six people.<\/em><\/p>\n<p style=\"text-align: center;\">Please note that menu options may change seasonally and are subject to availability.<\/p>\n<p style=\"text-align: center;\"><strong><a href=\"https:\/\/stage.wbstudiotour.co.uk\/dinner-at-the-hogwarts-table-terms-and-conditions\/\">Terms and conditions<\/a><\/strong><\/p>\n<hr \/>\n<h5 style=\"text-align: center;\">Dinner at The Hogwarts Table &#8211; \u00a3155 per person<\/h5>\n<h4 style=\"text-align: center;\"><b>Tickets include:<\/b><\/h4>\n<p style=\"text-align: center;\">\u00b7 Studio Tour entry<br \/>\n\u00b7 Three-course dinner at The Hogwarts Table<br \/>\n\u00b7 Butterbeer in a souvenir tankard<br \/>\n\u00b7 Souvenir Guidebook<\/p>\n<ul id=\"gateway-page-links\">\n<li style=\"background-image: linear-gradient(rgba(0,0,0,.3), rgba(0,0,0,.4)), url('http:\/\/stage.wbstudiotour.co.uk\/wp-content\/uploads\/2025\/06\/WBSTL160924_HogwartsTable_HR-9.jpg'); width: 100%; background-position: middle;\">\n<h3>Food Menu<\/h3>\n<p><a class=\"wbstl-btn wht\" href=\"http:\/\/stage.wbstudiotour.co.uk\/wp-content\/uploads\/2025\/01\/DATHT-Dining-Menu.pdf\">VIEW MENU<\/a><\/li>\n<li style=\"background-image: linear-gradient(rgba(0,0,0,.3), rgba(0,0,0,.4)), url('http:\/\/stage.wbstudiotour.co.uk\/wp-content\/uploads\/2024\/10\/WBSTL_DarkArts_20240916_IMG_2737-scaled-1.jpg');\">\n<h3>Dessert Menu<\/h3>\n<p><a class=\"wbstl-btn wht\" href=\"http:\/\/stage.wbstudiotour.co.uk\/wp-content\/uploads\/2025\/01\/DATHT-Dessert-Menu.pdf\">VIEW MENU<\/a><\/li>\n<li style=\"background-image: linear-gradient(rgba(0,0,0,.3), rgba(0,0,0,.4)), url('http:\/\/stage.wbstudiotour.co.uk\/wp-content\/uploads\/2024\/10\/WBSTL_DarkArts_20240916_IMG_2709-scaled-1.jpg');\">\n<h3>Drinks Menu<\/h3>\n<p><a class=\"wbstl-btn wht\" href=\"https:\/\/s32508.pcdn.co\/wp-content\/uploads\/2024\/10\/datht-drinks-menu.pdf\">VIEW MENU<\/a><\/li>\n<\/ul>\n<p style=\"text-align: center;\"><strong>Please note that menu options may change seasonally<\/strong><\/p>\n<hr \/>\n<h5 style=\"text-align: center;\"><strong>The Hogwarts Table, located in the Food Hall<\/strong><\/h5>\n<p><img loading=\"lazy\" decoding=\"async\" class=\"alignnone size-full wp-image-34497\" src=\"http:\/\/stage.wbstudiotour.co.uk\/wp-content\/uploads\/2025\/06\/DATHT-jpeg-1-1.jpg\" alt=\"\" width=\"1602\" height=\"522\" srcset=\"https:\/\/stage.wbstudiotour.co.uk\/wp-content\/uploads\/2025\/06\/DATHT-jpeg-1-1.jpg 1602w, https:\/\/stage.wbstudiotour.co.uk\/wp-content\/uploads\/2025\/06\/DATHT-jpeg-1-1-300x98.jpg 300w, https:\/\/stage.wbstudiotour.co.uk\/wp-content\/uploads\/2025\/06\/DATHT-jpeg-1-1-1024x334.jpg 1024w, https:\/\/stage.wbstudiotour.co.uk\/wp-content\/uploads\/2025\/06\/DATHT-jpeg-1-1-768x250.jpg 768w, https:\/\/stage.wbstudiotour.co.uk\/wp-content\/uploads\/2025\/06\/DATHT-jpeg-1-1-1536x500.jpg 1536w\" sizes=\"auto, (max-width: 1602px) 100vw, 1602px\" \/><\/p>\n<hr \/>\n<h2 class=\"serif-headline\" style=\"text-align: center;\">DINNER AT THE HOGWARTS TABLE FAQs<\/h2>\n<p>&nbsp;<\/p>\n<p><strong>Is Dinner at The Hogwarts Table in the Great Hall?<br \/>\n<\/strong>Dinner at The\u00a0Hogwarts\u00a0Table is\u00a0not\u00a0located within the Great Hall. While it draws inspiration from the iconic set, the dining location is in a separate, specially designed area within the Studio Tour Hub.<\/p>\n<p><strong>If I am running late, or early, can I still have my dinner?<\/strong><br \/>\nWhile we will make every effort to accommodate adjustments to your reservation, please arrive at your scheduled time. We cannot guarantee a table if you arrive early or late. If you anticipate being late or early, <strong><a href=\"https:\/\/stage.wbstudiotour.co.uk\/contact-us\/contact-form\/\">contact us<\/a><\/strong>\u00a0as soon as possible so we can attempt to rearrange your seating. However, we are unable to promise availability outside your reserved time slot.<\/p>\n<p style=\"text-align: left;\"><b>Do you accommodate allergies and intolerances?<\/b><br \/>\nWe cannot guarantee that food will be prepared in an allergen-free space. If you or anyone in your party has allergies and\/or dietary requirements, please <strong><a href=\"https:\/\/stage.wbstudiotour.co.uk\/contact-us\/contact-form\/\">contact us<\/a><\/strong> at least 48 hours before your visit. Failure to do so may result in us being unable to cater to your needs and we may not be able to honour your reservation.<\/p>\n<p style=\"text-align: left;\"><b>Can I bring other people not having the dinner package?<\/b><br \/>\nUnfortunately, we cannot provide extra seating for individuals who do not have a reservation at The Hogwarts Table. To ensure we have enough seats available, all visitors must have a reservation. If you have a baby requiring a highchair, please <strong><a href=\"https:\/\/stage.wbstudiotour.co.uk\/contact-us\/contact-form\/\">contact us<\/a><\/strong>\u00a0in advance, and we will be happy to accommodate them.<\/p>\n<p><b><strong>Can I get a refund for part of the Dinner at The Hogwarts Table package if I don&#8217;t use everything included?<\/strong><\/b><br \/>\nThe Dinner at The Hogwarts Table package is a set experience and we\u2019re unable to offer partial refunds for any unused elements. This includes if you choose not to attend or opt out of certain inclusions.<\/p>\n<p style=\"text-align: left;\"><b>Is your meat halal?<\/b><br \/>\nOur meat suppliers are not halal compliant, however, we do provide vegetarian alternatives. If you require more information about accommodations for religious dietary laws, please <strong><a href=\"https:\/\/stage.wbstudiotour.co.uk\/contact-us\/contact-form\/\">contact us<\/a><\/strong>\u00a048 hours before your visit.<\/p>\n","protected":false},"excerpt":{"rendered":"<p>Dinner at The Hogwarts Table Extend the magic of your visit at The Hogwarts Table, with our dinner package &#8211; a three-course dinner featuring creative dishes inspired by the Harry Potter film series. Each course offers an imaginative choice of four dishes, with starters inspired by recognisable Hogwarts locations. For the main course, show your [&hellip;]<\/p>\n","protected":false},"author":48,"featured_media":34186,"parent":0,"menu_order":0,"comment_status":"closed","ping_status":"closed","template":"pagetmplt-full-width.php","meta":{"_acf_changed":false,"footnotes":""},"class_list":["post-28694","page","type-page","status-publish","has-post-thumbnail","hentry"],"translation":{"provider":"WPGlobus","version":"3.0.2","language":"es","enabled_languages":["en","es","de","fr","it"],"languages":{"en":{"title":true,"content":true,"excerpt":false},"es":{"title":false,"content":false,"excerpt":false},"de":{"title":false,"content":false,"excerpt":false},"fr":{"title":false,"content":false,"excerpt":false},"it":{"title":false,"content":false,"excerpt":false}}},"acf":{"add_cross_sell_to_page":{"ID":176,"post_author":"6","post_date":"2019-06-17 19:49:32","post_date_gmt":"2019-06-17 19:49:32","post_content":"","post_title":"{:en}Gift Tickets{:}{:es}LL\u00c9VATE UN POCO DE MAGIA{:}{:de}EIN ST\u00dcCK MAGIE KANN IHNEN GEH\u00d6REN{:}{:fr}EMPAREZ-VOUS D'UN PEU DE MAGIE{:}","post_excerpt":"","post_status":"publish","comment_status":"closed","ping_status":"closed","post_password":"","post_name":"gift-tickets","to_ping":"","pinged":"","post_modified":"2024-11-13 11:48:42","post_modified_gmt":"2024-11-13 11:48:42","post_content_filtered":"","post_parent":0,"guid":"http:\/\/stage.wbstudiotour.co.uk\/?post_type=wbstl_cross_sells&#038;p=176","menu_order":0,"post_type":"wbstl_cross_sells","post_mime_type":"","comment_count":"0","filter":"raw"},"add_cross_sell_to_page2":{"ID":29371,"post_author":"48","post_date":"2024-11-13 10:36:14","post_date_gmt":"2024-11-13 10:36:14","post_content":"","post_title":"Afternoon Tea","post_excerpt":"","post_status":"publish","comment_status":"closed","ping_status":"closed","post_password":"","post_name":"afternoon-tea","to_ping":"","pinged":"","post_modified":"2024-11-13 10:36:14","post_modified_gmt":"2024-11-13 10:36:14","post_content_filtered":"","post_parent":0,"guid":"https:\/\/stage.wbstudiotour.co.uk\/?post_type=wbstl_cross_sells&#038;p=29371","menu_order":0,"post_type":"wbstl_cross_sells","post_mime_type":"","comment_count":"0","filter":"raw"},"add_newsletter_sign_up_next_to_cross_sell":false,"choose_sidebar_entries":[{"ID":28696,"post_author":"48","post_date":"2024-10-10 09:12:27","post_date_gmt":"2024-10-10 08:12:27","post_content":"","post_title":"Food Menu","post_excerpt":"","post_status":"publish","comment_status":"closed","ping_status":"closed","post_password":"","post_name":"food-menu","to_ping":"","pinged":"","post_modified":"2024-10-10 09:12:27","post_modified_gmt":"2024-10-10 08:12:27","post_content_filtered":"","post_parent":0,"guid":"https:\/\/stage.wbstudiotour.co.uk\/?post_type=wbstl_sidebar&#038;p=28696","menu_order":0,"post_type":"wbstl_sidebar","post_mime_type":"","comment_count":"0","filter":"raw"},{"ID":28697,"post_author":"48","post_date":"2024-10-10 09:12:31","post_date_gmt":"2024-10-10 08:12:31","post_content":"","post_title":"Dessert Menu","post_excerpt":"","post_status":"publish","comment_status":"closed","ping_status":"closed","post_password":"","post_name":"dessert-menu","to_ping":"","pinged":"","post_modified":"2024-10-10 09:12:31","post_modified_gmt":"2024-10-10 08:12:31","post_content_filtered":"","post_parent":0,"guid":"https:\/\/stage.wbstudiotour.co.uk\/?post_type=wbstl_sidebar&#038;p=28697","menu_order":0,"post_type":"wbstl_sidebar","post_mime_type":"","comment_count":"0","filter":"raw"},{"ID":28698,"post_author":"48","post_date":"2024-10-10 09:12:10","post_date_gmt":"2024-10-10 08:12:10","post_content":"","post_title":"Drinks Menu","post_excerpt":"","post_status":"publish","comment_status":"closed","ping_status":"closed","post_password":"","post_name":"drinks-menu","to_ping":"","pinged":"","post_modified":"2024-10-10 09:12:10","post_modified_gmt":"2024-10-10 08:12:10","post_content_filtered":"","post_parent":0,"guid":"https:\/\/stage.wbstudiotour.co.uk\/?post_type=wbstl_sidebar&#038;p=28698","menu_order":0,"post_type":"wbstl_sidebar","post_mime_type":"","comment_count":"0","filter":"raw"},{"ID":28699,"post_author":"48","post_date":"2024-10-10 09:12:16","post_date_gmt":"2024-10-10 08:12:16","post_content":"","post_title":"Terms and Conditions","post_excerpt":"","post_status":"publish","comment_status":"closed","ping_status":"closed","post_password":"","post_name":"terms-and-conditions","to_ping":"","pinged":"","post_modified":"2024-10-10 09:12:16","post_modified_gmt":"2024-10-10 08:12:16","post_content_filtered":"","post_parent":0,"guid":"https:\/\/stage.wbstudiotour.co.uk\/?post_type=wbstl_sidebar&#038;p=28699","menu_order":0,"post_type":"wbstl_sidebar","post_mime_type":"","comment_count":"0","filter":"raw"}],"wbstl_use_fancy_lists":false,"wbstl_hero_video":"","wbstl_hv_mobile_placeholder":false,"wbstl_hv_tablet_placeholder":false,"wbstl_hv_title_color":"","wbstl_hv_text_color":"","wbstl_hv_subtitle":"","wbstl_hv_show_video_overlay":true,"wbstl_hv_add_ticket_purchase_cta":false,"wbstl_hv_cta_button_text":"","wbstl_hv_cta_link":"","wbstl_hv_show_cta_note":false,"wbstl_hv_cta_note":"","wbstl_hv_cta_button_redeem_text":"wbstl_hv_cta_button_redeem_text","wbstl_hv_cta_redeem_link":"","wbstl_ii_image":false,"wbstl_ii_content":"","alternate_page_title":"","fw_flexible_content":false},"yoast_head":"<!-- This site is optimized with the Yoast SEO plugin v27.4 - https:\/\/yoast.com\/product\/yoast-seo-wordpress\/ -->\n<title>Tickets and Dinner Package - Warner Bros. Studio Tour London<\/title>\n<meta name=\"robots\" content=\"index, follow, max-snippet:-1, max-image-preview:large, max-video-preview:-1\" \/>\n<link rel=\"canonical\" href=\"https:\/\/www.wbstudiotour.co.uk\/dinner-at-the-hogwarts-table\/\" \/>\n<meta property=\"og:locale\" content=\"es_ES\" \/>\n<meta property=\"og:type\" content=\"article\" \/>\n<meta property=\"og:title\" content=\"Tickets and Dinner Package - Warner Bros. Studio Tour London\" \/>\n<meta property=\"og:url\" content=\"https:\/\/www.wbstudiotour.co.uk\/dinner-at-the-hogwarts-table\/\" \/>\n<meta property=\"og:site_name\" content=\"Warner Bros. Studio Tour London\" \/>\n<meta property=\"article:modified_time\" content=\"2025-12-03T14:47:31+00:00\" \/>\n<meta property=\"og:image\" content=\"http:\/\/www.wbstudiotour.co.uk\/wp-content\/uploads\/2025\/05\/WBSTL_HITS_19.11.24_IMG_5896-LR-11.jpg\" \/>\n\t<meta property=\"og:image:width\" content=\"2048\" \/>\n\t<meta property=\"og:image:height\" content=\"1365\" \/>\n\t<meta property=\"og:image:type\" content=\"image\/jpeg\" \/>\n<meta name=\"twitter:card\" content=\"summary_large_image\" \/>\n<script type=\"application\/ld+json\" class=\"yoast-schema-graph\">{\"@context\":\"https:\\\/\\\/schema.org\",\"@graph\":[{\"@type\":\"ImageObject\",\"inLanguage\":\"es-ES\",\"@id\":\"https:\\\/\\\/www.wbstudiotour.co.uk\\\/dinner-at-the-hogwarts-table\\\/#primaryimage\",\"url\":\"https:\\\/\\\/stage.wbstudiotour.co.uk\\\/wp-content\\\/uploads\\\/2025\\\/05\\\/WBSTL_HITS_19.11.24_IMG_5896-LR-11.jpg\",\"contentUrl\":\"https:\\\/\\\/stage.wbstudiotour.co.uk\\\/wp-content\\\/uploads\\\/2025\\\/05\\\/WBSTL_HITS_19.11.24_IMG_5896-LR-11.jpg\",\"width\":2048,\"height\":1365},{\"@type\":\"BreadcrumbList\",\"@id\":\"https:\\\/\\\/www.wbstudiotour.co.uk\\\/dinner-at-the-hogwarts-table\\\/#breadcrumb\",\"itemListElement\":[{\"@type\":\"ListItem\",\"position\":1,\"name\":\"Home\",\"item\":\"https:\\\/\\\/stage.wbstudiotour.co.uk\\\/\"},{\"@type\":\"ListItem\",\"position\":2,\"name\":\"Tickets and Dinner Package\"}]},{\"@type\":\"WebSite\",\"@id\":\"https:\\\/\\\/www.wbstudiotour.co.uk\\\/fr\\\/#website\",\"url\":\"https:\\\/\\\/www.wbstudiotour.co.uk\\\/fr\\\/\",\"name\":\"Warner Bros. Studio Tour London\",\"description\":\"\",\"potentialAction\":[{\"@type\":\"SearchAction\",\"target\":{\"@type\":\"EntryPoint\",\"urlTemplate\":\"https:\\\/\\\/www.wbstudiotour.co.uk\\\/fr\\\/?s={search_term_string}\"},\"query-input\":{\"@type\":\"PropertyValueSpecification\",\"valueRequired\":true,\"valueName\":\"search_term_string\"}}],\"inLanguage\":\"es-ES\"}]}<\/script>\n<!-- \/ Yoast SEO plugin. -->","yoast_head_json":{"title":"Tickets and Dinner Package - Warner Bros. Studio Tour London","robots":{"index":"index","follow":"follow","max-snippet":"max-snippet:-1","max-image-preview":"max-image-preview:large","max-video-preview":"max-video-preview:-1"},"canonical":"https:\/\/www.wbstudiotour.co.uk\/dinner-at-the-hogwarts-table\/","og_locale":"es_ES","og_type":"article","og_title":"Tickets and Dinner Package - Warner Bros. Studio Tour London","og_url":"https:\/\/www.wbstudiotour.co.uk\/dinner-at-the-hogwarts-table\/","og_site_name":"Warner Bros. Studio Tour London","article_modified_time":"2025-12-03T14:47:31+00:00","og_image":[{"width":2048,"height":1365,"url":"http:\/\/www.wbstudiotour.co.uk\/wp-content\/uploads\/2025\/05\/WBSTL_HITS_19.11.24_IMG_5896-LR-11.jpg","type":"image\/jpeg"}],"twitter_card":"summary_large_image","schema":{"@context":"https:\/\/schema.org","@graph":[{"@type":"ImageObject","inLanguage":"es-ES","@id":"https:\/\/www.wbstudiotour.co.uk\/dinner-at-the-hogwarts-table\/#primaryimage","url":"https:\/\/stage.wbstudiotour.co.uk\/wp-content\/uploads\/2025\/05\/WBSTL_HITS_19.11.24_IMG_5896-LR-11.jpg","contentUrl":"https:\/\/stage.wbstudiotour.co.uk\/wp-content\/uploads\/2025\/05\/WBSTL_HITS_19.11.24_IMG_5896-LR-11.jpg","width":2048,"height":1365},{"@type":"BreadcrumbList","@id":"https:\/\/www.wbstudiotour.co.uk\/dinner-at-the-hogwarts-table\/#breadcrumb","itemListElement":[{"@type":"ListItem","position":1,"name":"Home","item":"https:\/\/stage.wbstudiotour.co.uk\/"},{"@type":"ListItem","position":2,"name":"Tickets and Dinner Package"}]},{"@type":"WebSite","@id":"https:\/\/www.wbstudiotour.co.uk\/fr\/#website","url":"https:\/\/www.wbstudiotour.co.uk\/fr\/","name":"Warner Bros. Studio Tour London","description":"","potentialAction":[{"@type":"SearchAction","target":{"@type":"EntryPoint","urlTemplate":"https:\/\/www.wbstudiotour.co.uk\/fr\/?s={search_term_string}"},"query-input":{"@type":"PropertyValueSpecification","valueRequired":true,"valueName":"search_term_string"}}],"inLanguage":"es-ES"}]}},"_links":{"self":[{"href":"https:\/\/stage.wbstudiotour.co.uk\/es\/wp-json\/wp\/v2\/pages\/28694","targetHints":{"allow":["GET"]}}],"collection":[{"href":"https:\/\/stage.wbstudiotour.co.uk\/es\/wp-json\/wp\/v2\/pages"}],"about":[{"href":"https:\/\/stage.wbstudiotour.co.uk\/es\/wp-json\/wp\/v2\/types\/page"}],"author":[{"embeddable":true,"href":"https:\/\/stage.wbstudiotour.co.uk\/es\/wp-json\/wp\/v2\/users\/48"}],"replies":[{"embeddable":true,"href":"https:\/\/stage.wbstudiotour.co.uk\/es\/wp-json\/wp\/v2\/comments?post=28694"}],"version-history":[{"count":37,"href":"https:\/\/stage.wbstudiotour.co.uk\/es\/wp-json\/wp\/v2\/pages\/28694\/revisions"}],"predecessor-version":[{"id":36933,"href":"https:\/\/stage.wbstudiotour.co.uk\/es\/wp-json\/wp\/v2\/pages\/28694\/revisions\/36933"}],"wp:featuredmedia":[{"embeddable":true,"href":"https:\/\/stage.wbstudiotour.co.uk\/es\/wp-json\/wp\/v2\/media\/34186"}],"wp:attachment":[{"href":"https:\/\/stage.wbstudiotour.co.uk\/es\/wp-json\/wp\/v2\/media?parent=28694"}],"curies":[{"name":"wp","href":"https:\/\/api.w.org\/{rel}","templated":true}]}}