{"id":489,"date":"2019-07-11T18:03:34","date_gmt":"2019-07-11T18:03:34","guid":{"rendered":"http:\/\/stage.wbstudiotour.co.uk\/?page_id=489"},"modified":"2025-06-16T10:40:16","modified_gmt":"2025-06-16T09:40:16","slug":"private-events","status":"publish","type":"page","link":"https:\/\/stage.wbstudiotour.co.uk\/es\/private-events\/","title":{"rendered":"EVENTOS PRIVADOS"},"content":{"rendered":"","protected":false},"excerpt":{"rendered":"","protected":false},"author":6,"featured_media":0,"parent":0,"menu_order":0,"comment_status":"closed","ping_status":"closed","template":"pagetmplt-private-events-list.php","meta":{"_acf_changed":false,"footnotes":""},"class_list":["post-489","page","type-page","status-publish","hentry"],"translation":{"provider":"WPGlobus","version":"3.0.2","language":"es","enabled_languages":["en","es","de","fr","it"],"languages":{"en":{"title":true,"content":false,"excerpt":false},"es":{"title":true,"content":false,"excerpt":false},"de":{"title":true,"content":false,"excerpt":false},"fr":{"title":true,"content":false,"excerpt":false},"it":{"title":false,"content":false,"excerpt":false}}},"acf":{"add_cross_sell_to_page":false,"add_newsletter_sign_up_next_to_cross_sell":false,"choose_sidebar_entries":false,"wbstl_use_fancy_lists":false,"wbstl_hero_video":"https:\/\/wbgreattvideosource.s3.amazonaws.com\/wbstl-events-31072024.mp4","wbstl_hv_mobile_placeholder":"https:\/\/stage.wbstudiotour.co.uk\/wp-content\/uploads\/2019\/07\/Private-Events-Mobile.jpg","wbstl_hv_tablet_placeholder":"https:\/\/stage.wbstudiotour.co.uk\/wp-content\/uploads\/2019\/07\/Private-Events-Mobile.jpg","wbstl_hv_subtitle":"Our dedicated events team are on hand to create and deliver unique events that will exceed your guests\u2019 expectations","wbstl_private_events_list":[{"wbstl_pel_image":{"ID":4769,"id":4769,"title":"header-great-hall-dinner","filename":"header-great-hall-dinner-scaled-e1583849936255.jpg","filesize":69812,"url":"https:\/\/stage.wbstudiotour.co.uk\/wp-content\/uploads\/2020\/03\/header-great-hall-dinner-scaled-e1583849936255.jpg","link":"https:\/\/stage.wbstudiotour.co.uk\/es\/private-events\/header-great-hall-dinner\/","alt":"Dinner in the Great Hall","author":"6","description":"","caption":"","name":"header-great-hall-dinner","status":"inherit","uploaded_to":489,"date":"2020-03-10 14:11:03","modified":"2020-03-10 14:11:19","menu_order":0,"mime_type":"image\/jpeg","type":"image","subtype":"jpeg","icon":"https:\/\/stage.wbstudiotour.co.uk\/wp-includes\/images\/media\/default.png","width":800,"height":534,"sizes":{"thumbnail":"https:\/\/stage.wbstudiotour.co.uk\/wp-content\/uploads\/2020\/03\/header-great-hall-dinner-scaled-e1583849936255.jpg","thumbnail-width":150,"thumbnail-height":100,"medium":"https:\/\/stage.wbstudiotour.co.uk\/wp-content\/uploads\/2020\/03\/header-great-hall-dinner-scaled-e1583849936255.jpg","medium-width":300,"medium-height":200,"medium_large":"https:\/\/stage.wbstudiotour.co.uk\/wp-content\/uploads\/2020\/03\/header-great-hall-dinner-scaled-e1583849936255.jpg","medium_large-width":768,"medium_large-height":513,"large":"https:\/\/stage.wbstudiotour.co.uk\/wp-content\/uploads\/2020\/03\/header-great-hall-dinner-scaled-e1583849936255.jpg","large-width":800,"large-height":534,"1536x1536":"https:\/\/stage.wbstudiotour.co.uk\/wp-content\/uploads\/2020\/03\/header-great-hall-dinner-scaled-e1583849936255.jpg","1536x1536-width":800,"1536x1536-height":534,"2048x2048":"https:\/\/stage.wbstudiotour.co.uk\/wp-content\/uploads\/2020\/03\/header-great-hall-dinner-scaled-e1583849936255.jpg","2048x2048-width":800,"2048x2048-height":534}},"wbstl_pel_title":"Exclusive","wbstl_pel_description":"Private morning and evening packages are available for guests to experience the authentic sets from the Harry Potter film series.","wbstl_pel_button_text":"FIND OUT MORE","wbstl_pel_link":"\/private-event-type\/exclusive-packages\/"},{"wbstl_pel_image":{"ID":4772,"id":4772,"title":"header-christmas-dinner-great-hall","filename":"header-christmas-dinner-great-hall-scaled-e1583850077501.jpg","filesize":116930,"url":"https:\/\/stage.wbstudiotour.co.uk\/wp-content\/uploads\/2020\/03\/header-christmas-dinner-great-hall-scaled-e1583850077501.jpg","link":"https:\/\/stage.wbstudiotour.co.uk\/es\/private-events\/header-christmas-dinner-great-hall\/","alt":"Christmas dinner in the Great Hall","author":"6","description":"","caption":"","name":"header-christmas-dinner-great-hall","status":"inherit","uploaded_to":489,"date":"2020-03-10 14:13:16","modified":"2020-03-10 14:13:35","menu_order":0,"mime_type":"image\/jpeg","type":"image","subtype":"jpeg","icon":"https:\/\/stage.wbstudiotour.co.uk\/wp-includes\/images\/media\/default.png","width":800,"height":534,"sizes":{"thumbnail":"https:\/\/stage.wbstudiotour.co.uk\/wp-content\/uploads\/2020\/03\/header-christmas-dinner-great-hall-scaled-e1583850077501.jpg","thumbnail-width":150,"thumbnail-height":100,"medium":"https:\/\/stage.wbstudiotour.co.uk\/wp-content\/uploads\/2020\/03\/header-christmas-dinner-great-hall-scaled-e1583850077501.jpg","medium-width":300,"medium-height":200,"medium_large":"https:\/\/stage.wbstudiotour.co.uk\/wp-content\/uploads\/2020\/03\/header-christmas-dinner-great-hall-scaled-e1583850077501.jpg","medium_large-width":768,"medium_large-height":513,"large":"https:\/\/stage.wbstudiotour.co.uk\/wp-content\/uploads\/2020\/03\/header-christmas-dinner-great-hall-scaled-e1583850077501.jpg","large-width":800,"large-height":534,"1536x1536":"https:\/\/stage.wbstudiotour.co.uk\/wp-content\/uploads\/2020\/03\/header-christmas-dinner-great-hall-scaled-e1583850077501.jpg","1536x1536-width":800,"1536x1536-height":534,"2048x2048":"https:\/\/stage.wbstudiotour.co.uk\/wp-content\/uploads\/2020\/03\/header-christmas-dinner-great-hall-scaled-e1583850077501.jpg","2048x2048-width":800,"2048x2048-height":534}},"wbstl_pel_title":"Christmas","wbstl_pel_description":"Experience the authentic sets dressed with festive props from the film series.","wbstl_pel_button_text":"FIND OUT MORE","wbstl_pel_link":"\/private-event-type\/christmas\/"},{"wbstl_pel_image":{"ID":26933,"id":26933,"title":"2","filename":"2.jpg","filesize":422556,"url":"https:\/\/stage.wbstudiotour.co.uk\/wp-content\/uploads\/2024\/03\/2.jpg","link":"https:\/\/stage.wbstudiotour.co.uk\/es\/private-events\/meetings-and-conferences\/attachment\/2\/","alt":"","author":"48","description":"","caption":"","name":"2","status":"inherit","uploaded_to":26929,"date":"2024-03-08 16:46:45","modified":"2024-03-08 16:46:45","menu_order":0,"mime_type":"image\/jpeg","type":"image","subtype":"jpeg","icon":"https:\/\/stage.wbstudiotour.co.uk\/wp-includes\/images\/media\/default.png","width":2016,"height":1512,"sizes":{"thumbnail":"https:\/\/stage.wbstudiotour.co.uk\/wp-content\/uploads\/2024\/03\/2-150x150.jpg","thumbnail-width":150,"thumbnail-height":150,"medium":"https:\/\/stage.wbstudiotour.co.uk\/wp-content\/uploads\/2024\/03\/2-300x225.jpg","medium-width":300,"medium-height":225,"medium_large":"https:\/\/stage.wbstudiotour.co.uk\/wp-content\/uploads\/2024\/03\/2-768x576.jpg","medium_large-width":768,"medium_large-height":576,"large":"https:\/\/stage.wbstudiotour.co.uk\/wp-content\/uploads\/2024\/03\/2-1024x768.jpg","large-width":1024,"large-height":768,"1536x1536":"https:\/\/stage.wbstudiotour.co.uk\/wp-content\/uploads\/2024\/03\/2-1536x1152.jpg","1536x1536-width":1536,"1536x1536-height":1152,"2048x2048":"https:\/\/stage.wbstudiotour.co.uk\/wp-content\/uploads\/2024\/03\/2.jpg","2048x2048-width":2016,"2048x2048-height":1512}},"wbstl_pel_title":"Meetings & Conferences","wbstl_pel_description":"Packages available for meetings and conferences, with the opportunity to explore the studio tour.","wbstl_pel_button_text":"FIND OUT MORE","wbstl_pel_link":"\/private-events\/meetings-and-conferences\/"}],"wbstl_hv_add_ticket_purchase_cta":false,"wbstl_ii_image":false,"wbstl_ii_content":"","wbstl_private_events_list_title":"PACKAGES","wbstl_hv_title_color":"","wbstl_hv_text_color":"","wbstl_hv_cta_button_text":"","wbstl_hv_cta_link":"","wbstl_hv_show_cta_note":false,"wbstl_hv_cta_note":"","wbstl_hv_show_video_overlay":true,"wbstl_hv_cta_button_redeem_text":"wbstl_hv_cta_button_redeem_text","wbstl_hv_cta_redeem_link":""},"yoast_head":"<!-- This site is optimized with the Yoast SEO plugin v27.4 - https:\/\/yoast.com\/product\/yoast-seo-wordpress\/ -->\n<title>EVENTOS PRIVADOS - Warner Bros. Studio Tour London<\/title>\n<meta name=\"robots\" content=\"index, follow, max-snippet:-1, max-image-preview:large, max-video-preview:-1\" \/>\n<link rel=\"canonical\" href=\"https:\/\/www.wbstudiotour.co.uk\/fr\/private-events\/\" \/>\n<meta property=\"og:locale\" content=\"es_ES\" \/>\n<meta property=\"og:type\" content=\"article\" \/>\n<meta property=\"og:title\" content=\"EVENTOS PRIVADOS - Warner Bros. Studio Tour London\" \/>\n<meta property=\"og:url\" content=\"https:\/\/www.wbstudiotour.co.uk\/fr\/private-events\/\" \/>\n<meta property=\"og:site_name\" content=\"Warner Bros. Studio Tour London\" \/>\n<meta property=\"article:modified_time\" content=\"2025-06-16T09:40:16+00:00\" \/>\n<meta name=\"twitter:card\" content=\"summary_large_image\" \/>\n<script type=\"application\/ld+json\" class=\"yoast-schema-graph\">{\"@context\":\"https:\\\/\\\/schema.org\",\"@graph\":[{\"@type\":\"BreadcrumbList\",\"@id\":\"https:\\\/\\\/www.wbstudiotour.co.uk\\\/fr\\\/private-events\\\/#breadcrumb\",\"itemListElement\":[{\"@type\":\"ListItem\",\"position\":1,\"name\":\"Home\",\"item\":\"https:\\\/\\\/stage.wbstudiotour.co.uk\\\/\"},{\"@type\":\"ListItem\",\"position\":2,\"name\":\"\u00c9V\u00c9NEMENTS PRIV\u00c9S\"}]},{\"@type\":\"WebSite\",\"@id\":\"https:\\\/\\\/www.wbstudiotour.co.uk\\\/fr\\\/#website\",\"url\":\"https:\\\/\\\/www.wbstudiotour.co.uk\\\/fr\\\/\",\"name\":\"Warner Bros. Studio Tour London\",\"description\":\"\",\"potentialAction\":[{\"@type\":\"SearchAction\",\"target\":{\"@type\":\"EntryPoint\",\"urlTemplate\":\"https:\\\/\\\/www.wbstudiotour.co.uk\\\/fr\\\/?s={search_term_string}\"},\"query-input\":{\"@type\":\"PropertyValueSpecification\",\"valueRequired\":true,\"valueName\":\"search_term_string\"}}],\"inLanguage\":\"es-ES\"}]}<\/script>\n<!-- \/ Yoast SEO plugin. -->","yoast_head_json":{"title":"EVENTOS PRIVADOS - Warner Bros. Studio Tour London","robots":{"index":"index","follow":"follow","max-snippet":"max-snippet:-1","max-image-preview":"max-image-preview:large","max-video-preview":"max-video-preview:-1"},"canonical":"https:\/\/www.wbstudiotour.co.uk\/fr\/private-events\/","og_locale":"es_ES","og_type":"article","og_title":"EVENTOS PRIVADOS - Warner Bros. Studio Tour London","og_url":"https:\/\/www.wbstudiotour.co.uk\/fr\/private-events\/","og_site_name":"Warner Bros. Studio Tour London","article_modified_time":"2025-06-16T09:40:16+00:00","twitter_card":"summary_large_image","schema":{"@context":"https:\/\/schema.org","@graph":[{"@type":"BreadcrumbList","@id":"https:\/\/www.wbstudiotour.co.uk\/fr\/private-events\/#breadcrumb","itemListElement":[{"@type":"ListItem","position":1,"name":"Home","item":"https:\/\/stage.wbstudiotour.co.uk\/"},{"@type":"ListItem","position":2,"name":"\u00c9V\u00c9NEMENTS PRIV\u00c9S"}]},{"@type":"WebSite","@id":"https:\/\/www.wbstudiotour.co.uk\/fr\/#website","url":"https:\/\/www.wbstudiotour.co.uk\/fr\/","name":"Warner Bros. Studio Tour London","description":"","potentialAction":[{"@type":"SearchAction","target":{"@type":"EntryPoint","urlTemplate":"https:\/\/www.wbstudiotour.co.uk\/fr\/?s={search_term_string}"},"query-input":{"@type":"PropertyValueSpecification","valueRequired":true,"valueName":"search_term_string"}}],"inLanguage":"es-ES"}]}},"_links":{"self":[{"href":"https:\/\/stage.wbstudiotour.co.uk\/es\/wp-json\/wp\/v2\/pages\/489","targetHints":{"allow":["GET"]}}],"collection":[{"href":"https:\/\/stage.wbstudiotour.co.uk\/es\/wp-json\/wp\/v2\/pages"}],"about":[{"href":"https:\/\/stage.wbstudiotour.co.uk\/es\/wp-json\/wp\/v2\/types\/page"}],"author":[{"embeddable":true,"href":"https:\/\/stage.wbstudiotour.co.uk\/es\/wp-json\/wp\/v2\/users\/6"}],"replies":[{"embeddable":true,"href":"https:\/\/stage.wbstudiotour.co.uk\/es\/wp-json\/wp\/v2\/comments?post=489"}],"version-history":[{"count":8,"href":"https:\/\/stage.wbstudiotour.co.uk\/es\/wp-json\/wp\/v2\/pages\/489\/revisions"}],"predecessor-version":[{"id":34404,"href":"https:\/\/stage.wbstudiotour.co.uk\/es\/wp-json\/wp\/v2\/pages\/489\/revisions\/34404"}],"wp:attachment":[{"href":"https:\/\/stage.wbstudiotour.co.uk\/es\/wp-json\/wp\/v2\/media?parent=489"}],"curies":[{"name":"wp","href":"https:\/\/api.w.org\/{rel}","templated":true}]}}