{"id":69,"date":"2019-06-03T22:42:26","date_gmt":"2019-06-03T22:42:26","guid":{"rendered":"http:\/\/localhost:8888\/wbstl\/?page_id=69"},"modified":"2025-11-04T17:52:01","modified_gmt":"2025-11-04T17:52:01","slug":"additional-needs","status":"publish","type":"page","link":"https:\/\/stage.wbstudiotour.co.uk\/es\/additional-needs\/","title":{"rendered":"Necesidades Adicionales"},"content":{"rendered":"<p>Nuestro servicial y amable personal est\u00e1 repartido por todo el Studio Tour para ayudarte a que tengas la mejor experiencia posible.<\/p>\n<p>Inf\u00f3rmanos sobre tus necesidades espec\u00edficas para que podamos complacerlas llamando al n\u00famero del equipo de atenci\u00f3n a los visitantes +44 (0)800 640 4550.<\/p>\n<p style=\"font-weight: 400; text-align: center;\"><a class=\"wbstl-btn\" href=\"http:\/\/stage.wbstudiotour.co.uk\/wp-content\/uploads\/2020\/01\/wbstl-accessibility-guide.pdf\" target=\"_blank\" rel=\"noopener noreferrer\">ACCESSIBILITY GUIDE<\/a><\/p>\n<p style=\"font-weight: 400; text-align: center;\"><a class=\"wbstl-btn\" href=\"https:\/\/stage.wbstudiotour.co.uk\/wp-content\/uploads\/2019\/12\/autism-guide.pdf\" target=\"_blank\" rel=\"noopener noreferrer\">AUTISM GUIDE<\/a><\/p>\n<hr \/>\n<h2 class=\"wysiwyg-title\">Billetes De Reserva<\/h2>\n<h4 class=\"wysiwyg-subtitle\">Cuidadores<\/h4>\n<p>Con cada visitante discapacitado puede entrar gratis su cuidador. Puedes realizar esta reserva a trav\u00e9s de nuestro equipo de atenci\u00f3n a los visitantes. Adem\u00e1s de ofrecer asistencia al visitante, el cuidador tendr\u00e1 que acreditarse al entrar al Studio Tour de una de las siguientes formas:<\/p>\n<ul>\n<li>Carta o notificaci\u00f3n del derecho de Prestaci\u00f3n de Independencia Personal<\/li>\n<li>Carta de tu m\u00e9dico<\/li>\n<li>Placa de aparcamiento para discapacitados o pase Freedom Pass<\/li>\n<\/ul>\n<p>Si tienes alguna duda sobre la notificaci\u00f3n de derecho, com\u00e9ntasela a un miembro del equipo de atenci\u00f3n a los visitantes antes de tu visita.<\/p>\n<h4 class=\"wysiwyg-subtitle\">INT\u00c9RPRETES DEL LENGUAJE DE SIGNOS BRIT\u00c1NICO<\/h4>\n<p>Para ayudar a los visitantes sordos o con dificultades auditivas, ofrecemos int\u00e9rpretes del lenguaje de signos brit\u00e1nico sin coste adicional. El int\u00e9rprete te acompa\u00f1ar\u00e1 durante toda la visita y se reunir\u00e1 contigo en el vest\u00edbulo de la entrada.<\/p>\n<p>Estos int\u00e9rpretes est\u00e1n disponibles en todo momento (salvo problemas de disponibilidad) y deben reservarse con al menos 14 d\u00edas de antelaci\u00f3n. Si bien lo m\u00e1s sencillo es reservarlos a la vez que se compra una entrada, tambi\u00e9n pueden a\u00f1adirse m\u00e1s tarde, siempre que se haga con la antelaci\u00f3n suficiente.<\/p>\n<p id=\"access\">Para a\u00f1adir un int\u00e9rprete de signos a una reserva o informarte sobre c\u00f3mo comprar entradas con int\u00e9rprete, contacta con nuestro equipo de atenci\u00f3n a los visitantes en el n.\u00ba +44 (0)800 640 4550.<\/p>\n<h3><strong>Visitas Audioguiadas<\/strong><\/h3>\n<p>Para mejorar la experiencia de personas con discapacidad visual, hemos implementado audiodescripciones en el Tour sin coste adicional. Un miembro del equipo acompa\u00f1ar\u00e1 a tu grupo durante la visita para aportar informaci\u00f3n y datos adicionales sobre decorados, vestuario y atrezo de muestra.<\/p>\n<p id=\"access\">Este servicio depender\u00e1 de la disponibilidad del personal y ser\u00e1 necesario reservarlo con 14 d\u00edas de antelaci\u00f3n. Ten en cuenta que establecemos un m\u00e1ximo de 8 personas por grupo, y podr\u00edamos tener que pedirte que te unas a otro si no hay suficiente staff. Para organizar este aspecto de la visita, ponte en contacto con nuestro equipo de atenci\u00f3n a los visitantes: +44 (0)800 640 4550.<\/p>\n<hr \/>\n<h2 class=\"wysiwyg-title\">Acceso<\/h2>\n<h4 class=\"wysiwyg-subtitle\">Perros De Asistencia<\/h4>\n<p>En el Studio Tour pueden entrar perros gu\u00eda registrados, para sordos y de asistencia. Si quieres visitar el Studio con un perro de asistencia, lleva contigo su identificaci\u00f3n formal, as\u00ed como cualquier documentaci\u00f3n o chaleco necesarios<\/p>\n<p>Si tu perro necesita un cuenco de agua, nuestro personal te lo facilitar\u00e1. No est\u00e1 permitida la entrada al recinto a otro tipo de perros o mascotas. Tampoco pueden quedarse en los veh\u00edculos por razones de seguridad. La visita est\u00e1 organizada de forma que los visitantes no podr\u00e1n regresar al aparcamiento hasta que finalice.<\/p>\n<h4 class=\"wysiwyg-subtitle\">Sillas De Ruedas<\/h4>\n<p>Es posible entrar al Studio Tour con sillas de ruedas manuales y el\u00e9ctricas, pero necesitamos saberlo con anticipaci\u00f3n debido al l\u00edmite de asientos de la sala de cine, al comienzo de la visita. El plano del recinto tambi\u00e9n nos obliga a limitar el n\u00famero de silla de ruedas en el tramo final de la visita. Com\u00e9ntale al equipo de atenci\u00f3n a los visitantes cualquier duda relativa a la accesibilidad antes de realizar tu reserva, y h\u00e1blales de tus necesidades concretas.<\/p>\n<p>Gran parte del Studio Tour puede recorrerse en silla de ruedas, pero en algunas \u00e1reas puede resultar complicado, como el suelo empedrado del callej\u00f3n Diagon o el suelo de pizarra del Gran Comedor. Solo se puede acceder al puente de Hogwarts por una peque\u00f1a escalera. No existe otro acceso porque el puente, al ser un decorado original, tiene una superficie inestable que no se puede recorrer en silla de ruedas. El Autob\u00fas Noct\u00e1mbulo tambi\u00e9n tiene una peque\u00f1a plataforma de embarque a la que no se puede acceder en sillas de ruedas.<\/p>\n<p>Los visitantes podr\u00e1n hacerse fotos en dos puntos de las \u00e1reas de pantalla verde: en uno de ellos, podr\u00e1n volar en escoba como los actores de las pel\u00edculas. Los visitantes tienen que ser capaces de subirse a la escoba. Podemos facilitar cinturones de seguridad a los visitantes si as\u00ed lo desean.<\/p>\n<h4 class=\"wysiwyg-subtitle\">Vech\u00edculoas De Movilidad Reducida<\/h4>\n<p id=\"guides\">Por razones de salud y seguridad, no permitimos la entrada al recinto de veh\u00edculos de movilidad reducida o esc\u00fateres el\u00e9ctricos con una anchura superior a 86 cm. Disponemos de varias sillas de ruedas manuales para todos los visitantes que lleguen al recinto con este tipo de veh\u00edculos. Informa a un miembro del equipo de atenci\u00f3n a los visitantes antes de tu visita para que podamos tener todo listo con antelaci\u00f3n.<\/p>\n<hr \/>\n<h2 class=\"wysiwyg-title\">Gu\u00edas Y Ayuda<\/h2>\n<h4 class=\"wysiwyg-subtitle\">Gu\u00ecas Digitales<\/h4>\n<p>Nuestras gu\u00edas digitales port\u00e1tiles incluyen contenidos adicionales del Studio Tour, pero no funcionan como gu\u00edas sonoras para las personas ciegas o con problemas de visi\u00f3n.<\/p>\n<p>Disponemos de bucles de inducci\u00f3n personales, que pueden solicitarse en el vest\u00edbulo. Requieren aud\u00edfonos que dispongan de posici\u00f3n T, y pueden reservarse con antelaci\u00f3n a trav\u00e9s de nuestro equipo de atenci\u00f3n a los visitantes.<\/p>\n<p>Nuestras gu\u00edas audiovisuales port\u00e1tiles hacen que el Studio Tour cobre vida con datos cinematogr\u00e1ficos fascinantes, metraje exclusivo entre bastidores y entrevistas con el equipo y el reparto. La narraci\u00f3n est\u00e1 en ingl\u00e9s y tambi\u00e9n se encuentra disponible en alem\u00e1n, franc\u00e9s, italiano, espa\u00f1ol, japon\u00e9s, mandar\u00edn, portugu\u00e9s brasile\u00f1o y ruso.<\/p>\n<p>Algunos contenidos de las gu\u00edas digitales tambi\u00e9n pueden verse con subt\u00edtulos. Para m\u00e1s informaci\u00f3n, ponte en contacto con un miembro de nuestro equipo en el punto de recogida, al comenzar la visita.<\/p>\n<h4 class=\"wysiwyg-subtitle\">Subt\u00edtulos<\/h4>\n<p>Durante la visita habr\u00e1 diferentes visionados, pero los v\u00eddeos no tendr\u00e1n subt\u00edtulos. Sin embargo, podemos facilitarte un iPad con una versi\u00f3n del filme para gente con dificultades auditivas. Este servicio depender\u00e1 de la disponibilidad de los aparatos y es necesario reservarlo con antelaci\u00f3n a trav\u00e9s de nuestro equipo de atenci\u00f3n a los visitantes, en el tel\u00e9fono +44 (0)800 640 4550. Tendr\u00e1s que devolver el aparato a un miembro del equipo cuando accedas a la secci\u00f3n guiada de la visita en el Gran Comedor.<\/p>\n<h4 class=\"wysiwyg-subtitle\">Ayuduas De Audici\u00f3n<\/h4>\n<p>Se han instalado bucles de inducci\u00f3n por todo el recinto, compatibles con gran parte de los aud\u00edfonos con la funci\u00f3n de bobina telef\u00f3nica o posici\u00f3n T. Tambi\u00e9n se facilitan bucles de inducci\u00f3n personales para nuestras gu\u00edas digitales. Podr\u00e1s recogerlos junto con tu gu\u00eda digital en el vest\u00edbulo del Studio Tour.<\/p>\n<p>Hay protectores de o\u00eddos para que los visitantes sensibles al ruido puedan usarlos durante la sesi\u00f3n de cine. Solic\u00edtalos a un miembro del equipo a tu llegada.<\/p>\n<p id=\"arrival\">Si tienes alguna duda relativa a los bucles de inducci\u00f3n o el uso de aud\u00edfonos dentro del Studio Tour, com\u00e9ntaselo a un miembro de nuestro equipo, o por tel\u00e9fono en el n\u00famero +44 (0)800 640 4550.<\/p>\n<hr \/>\n<h2 class=\"wysiwyg-title\">Llegando<\/h2>\n<h4 class=\"wysiwyg-subtitle\">Aparcamiento<\/h4>\n<p>Puedes aparcar de forma gratuita en nuestro aparcamiento, a las puertas del Studio Tour. Existen varias zonas de aparcamiento para discapacitados, convenientemente se\u00f1alizadas y cerca de la entrada principal, para los visitantes que las necesiten.<\/p>\n<p>El d\u00eda de tu visita, comprueba que llevas contigo tu placa de aparcamiento para discapacitados y col\u00f3cala en el parabrisas de tu coche. Para m\u00e1s informaci\u00f3n o consultas espec\u00edficas, habla con un miembro del personal de aparcamiento a tu llegada.<\/p>\n<h4 class=\"wysiwyg-subtitle\">Conseguir Entradas<\/h4>\n<p>Para recoger la entrada gratuita para tu cuidador, tendr\u00e1s que presentar una prueba de cumplimiento de requisitos, en forma de carta o notificaci\u00f3n, del derecho de Prestaci\u00f3n de Independencia Personal. Tambi\u00e9n aceptamos una carta de tu m\u00e9dico, una placa de aparcamiento para discapacitados o un pase Freedom Pass.<\/p>\n<h4 class=\"wysiwyg-subtitle\">Aseos<\/h4>\n<p>Adem\u00e1s de los aseos adaptados que hay a lo largo del Studio Tour, los visitantes pueden utilizar nuestras instalaciones de accesibilidad adicional. Este espacio est\u00e1 totalmente adaptado e incluye un elevador, un banco de vestuario de altura ajustable, ducha, aseo y lavabo. La sala es lo suficientemente grande como para ofrecer espacio para un usuario de silla de ruedas y dos cuidadores. Rogamos a nuestros visitantes que traigan sus propias eslingas para utilizar el elevador, puesto que nosotros no las facilitamos.<\/p>\n<p>Si necesitas utilizar este espacio durante tu visita, dir\u00edgete a un miembro del personal para que te ayude a encontrarlo. Hay personal a tu disposici\u00f3n en el mostrador de informaci\u00f3n del vest\u00edbulo y a lo largo de la visita.<\/p>\n<p>Para obtener m\u00e1s informaci\u00f3n sobre esta o alguna otra de nuestras instalaciones adaptadas, ponte en contacto con el equipo de atenci\u00f3n a los visitantes llamando al +44 (0)800 640 4550.<\/p>\n","protected":false},"excerpt":{"rendered":"<p>Nuestro servicial y amable personal est\u00e1 repartido por todo el Studio Tour para ayudarte a que tengas la mejor experiencia posible. Inf\u00f3rmanos sobre tus necesidades espec\u00edficas para que podamos complacerlas llamando al n\u00famero del equipo de atenci\u00f3n a los visitantes . ACCESSIBILITY GUIDE AUTISM GUIDE Billetes De Reserva Cuidadores Con cada visitante discapacitado puede entrar [&hellip;]<\/p>\n","protected":false},"author":6,"featured_media":72,"parent":0,"menu_order":0,"comment_status":"closed","ping_status":"closed","template":"","meta":{"_acf_changed":false,"footnotes":""},"class_list":["post-69","page","type-page","status-publish","has-post-thumbnail","hentry"],"translation":{"provider":"WPGlobus","version":"3.0.2","language":"es","enabled_languages":["en","es","de","fr","it"],"languages":{"en":{"title":true,"content":true,"excerpt":false},"es":{"title":true,"content":true,"excerpt":false},"de":{"title":true,"content":true,"excerpt":false},"fr":{"title":true,"content":true,"excerpt":false},"it":{"title":true,"content":true,"excerpt":false}}},"acf":{"choose_sidebar_entries":[{"ID":157,"post_author":"6","post_date":"2019-06-17 18:23:26","post_date_gmt":"2019-06-17 18:23:26","post_content":"","post_title":"{:en}Enhance Your Visit{:}{:es}MEJORA TU VISITA{:}{:de}ENTSTANDEN SIE IHREN BESUCH{:}{:fr}ENRICHIR VOTRE VISITE{:}","post_excerpt":"","post_status":"publish","comment_status":"closed","ping_status":"closed","post_password":"","post_name":"enhance-your-visit","to_ping":"","pinged":"","post_modified":"2022-10-10 12:34:01","post_modified_gmt":"2022-10-10 11:34:01","post_content_filtered":"","post_parent":0,"guid":"http:\/\/stage.wbstudiotour.co.uk\/?post_type=wbstl_sidebar&#038;p=157","menu_order":0,"post_type":"wbstl_sidebar","post_mime_type":"","comment_count":"0","filter":"raw"},{"ID":152,"post_author":"6","post_date":"2019-06-17 18:21:25","post_date_gmt":"2019-06-17 18:21:25","post_content":"","post_title":"{:en}Getting Here{:}{:es}C\u00d3MO LLEGAR{:}{:de}ANREISE{:}{:fr}PLAN D'ACC\u00c8S{:}","post_excerpt":"","post_status":"publish","comment_status":"closed","ping_status":"closed","post_password":"","post_name":"getting-here","to_ping":"","pinged":"","post_modified":"2019-08-21 22:15:32","post_modified_gmt":"2019-08-21 21:15:32","post_content_filtered":"","post_parent":0,"guid":"http:\/\/stage.wbstudiotour.co.uk\/?post_type=wbstl_sidebar&#038;p=152","menu_order":0,"post_type":"wbstl_sidebar","post_mime_type":"","comment_count":"0","filter":"raw"},{"ID":159,"post_author":"6","post_date":"2019-06-17 18:24:04","post_date_gmt":"2019-06-17 18:24:04","post_content":"","post_title":"{:en}Food & Drink{:}{:es}COMIDA Y BEBIDA{:}","post_excerpt":"","post_status":"publish","comment_status":"closed","ping_status":"closed","post_password":"","post_name":"food-drink","to_ping":"","pinged":"","post_modified":"2025-06-11 15:29:22","post_modified_gmt":"2025-06-11 14:29:22","post_content_filtered":"","post_parent":0,"guid":"http:\/\/stage.wbstudiotour.co.uk\/?post_type=wbstl_sidebar&#038;p=159","menu_order":0,"post_type":"wbstl_sidebar","post_mime_type":"","comment_count":"0","filter":"raw"}],"add_cross_sell_to_page":{"ID":176,"post_author":"6","post_date":"2019-06-17 19:49:32","post_date_gmt":"2019-06-17 19:49:32","post_content":"","post_title":"{:en}Gift Tickets{:}{:es}LL\u00c9VATE UN POCO DE MAGIA{:}{:de}EIN ST\u00dcCK MAGIE KANN IHNEN GEH\u00d6REN{:}{:fr}EMPAREZ-VOUS D'UN PEU DE MAGIE{:}","post_excerpt":"","post_status":"publish","comment_status":"closed","ping_status":"closed","post_password":"","post_name":"gift-tickets","to_ping":"","pinged":"","post_modified":"2024-11-13 11:48:42","post_modified_gmt":"2024-11-13 11:48:42","post_content_filtered":"","post_parent":0,"guid":"http:\/\/stage.wbstudiotour.co.uk\/?post_type=wbstl_cross_sells&#038;p=176","menu_order":0,"post_type":"wbstl_cross_sells","post_mime_type":"","comment_count":"0","filter":"raw"},"add_newsletter_sign_up_next_to_cross_sell":true,"wbstl_use_fancy_lists":false,"wbstl_hero_video":"","wbstl_hv_mobile_placeholder":false,"wbstl_hv_tablet_placeholder":false,"wbstl_hv_subtitle":"","wbstl_hv_add_ticket_purchase_cta":false,"wbstl_ii_image":false,"wbstl_ii_content":"","add_cross_sell_to_page2":false,"wbstl_hv_cta_button_text":"","wbstl_hv_cta_link":"","wbstl_hv_show_cta_note":false,"wbstl_hv_cta_note":"","wbstl_hv_title_color":"","wbstl_hv_text_color":"","wbstl_hv_show_video_overlay":true,"wbstl_hv_cta_button_redeem_text":"wbstl_hv_cta_button_redeem_text","wbstl_hv_cta_redeem_link":""},"yoast_head":"<!-- This site is optimized with the Yoast SEO plugin v27.4 - https:\/\/yoast.com\/product\/yoast-seo-wordpress\/ -->\n<title>Tour Accessibility - Warner Bros. Studio Tour London<\/title>\n<meta name=\"robots\" content=\"index, follow, max-snippet:-1, max-image-preview:large, max-video-preview:-1\" \/>\n<link rel=\"canonical\" href=\"https:\/\/www.wbstudiotour.co.uk\/additional-needs\/\" \/>\n<meta property=\"og:locale\" content=\"es_ES\" \/>\n<meta property=\"og:type\" content=\"article\" \/>\n<meta property=\"og:title\" content=\"Necesidades Adicionales - Warner Bros. Studio Tour London\" \/>\n<meta property=\"og:url\" content=\"https:\/\/www.wbstudiotour.co.uk\/additional-needs\/\" \/>\n<meta property=\"og:site_name\" content=\"Warner Bros. Studio Tour London\" \/>\n<meta property=\"article:modified_time\" content=\"2025-11-04T17:52:01+00:00\" \/>\n<meta property=\"og:image\" content=\"http:\/\/www.wbstudiotour.co.uk\/wp-content\/uploads\/2019\/06\/Additional-Needs.jpg\" \/>\n\t<meta property=\"og:image:width\" content=\"1919\" \/>\n\t<meta property=\"og:image:height\" content=\"881\" \/>\n\t<meta property=\"og:image:type\" content=\"image\/jpeg\" \/>\n<meta name=\"twitter:card\" content=\"summary_large_image\" \/>\n<script type=\"application\/ld+json\" class=\"yoast-schema-graph\">{\"@context\":\"https:\\\/\\\/schema.org\",\"@graph\":[{\"@type\":\"ImageObject\",\"inLanguage\":\"es-ES\",\"@id\":\"https:\\\/\\\/www.wbstudiotour.co.uk\\\/additional-needs\\\/#primaryimage\",\"url\":\"https:\\\/\\\/stage.wbstudiotour.co.uk\\\/wp-content\\\/uploads\\\/2019\\\/06\\\/Additional-Needs.jpg\",\"contentUrl\":\"https:\\\/\\\/stage.wbstudiotour.co.uk\\\/wp-content\\\/uploads\\\/2019\\\/06\\\/Additional-Needs.jpg\",\"width\":1919,\"height\":881,\"caption\":\"Wheelchair access to the ticket window\"},{\"@type\":\"BreadcrumbList\",\"@id\":\"https:\\\/\\\/www.wbstudiotour.co.uk\\\/additional-needs\\\/#breadcrumb\",\"itemListElement\":[{\"@type\":\"ListItem\",\"position\":1,\"name\":\"Home\",\"item\":\"https:\\\/\\\/stage.wbstudiotour.co.uk\\\/\"},{\"@type\":\"ListItem\",\"position\":2,\"name\":\"Additional Needs\"}]},{\"@type\":\"WebSite\",\"@id\":\"https:\\\/\\\/www.wbstudiotour.co.uk\\\/fr\\\/#website\",\"url\":\"https:\\\/\\\/www.wbstudiotour.co.uk\\\/fr\\\/\",\"name\":\"Warner Bros. Studio Tour London\",\"description\":\"\",\"potentialAction\":[{\"@type\":\"SearchAction\",\"target\":{\"@type\":\"EntryPoint\",\"urlTemplate\":\"https:\\\/\\\/www.wbstudiotour.co.uk\\\/fr\\\/?s={search_term_string}\"},\"query-input\":{\"@type\":\"PropertyValueSpecification\",\"valueRequired\":true,\"valueName\":\"search_term_string\"}}],\"inLanguage\":\"es-ES\"}]}<\/script>\n<!-- \/ Yoast SEO plugin. -->","yoast_head_json":{"title":"Tour Accessibility - Warner Bros. Studio Tour London","robots":{"index":"index","follow":"follow","max-snippet":"max-snippet:-1","max-image-preview":"max-image-preview:large","max-video-preview":"max-video-preview:-1"},"canonical":"https:\/\/www.wbstudiotour.co.uk\/additional-needs\/","og_locale":"es_ES","og_type":"article","og_title":"Necesidades Adicionales - Warner Bros. Studio Tour London","og_url":"https:\/\/www.wbstudiotour.co.uk\/additional-needs\/","og_site_name":"Warner Bros. Studio Tour London","article_modified_time":"2025-11-04T17:52:01+00:00","og_image":[{"width":1919,"height":881,"url":"http:\/\/www.wbstudiotour.co.uk\/wp-content\/uploads\/2019\/06\/Additional-Needs.jpg","type":"image\/jpeg"}],"twitter_card":"summary_large_image","schema":{"@context":"https:\/\/schema.org","@graph":[{"@type":"ImageObject","inLanguage":"es-ES","@id":"https:\/\/www.wbstudiotour.co.uk\/additional-needs\/#primaryimage","url":"https:\/\/stage.wbstudiotour.co.uk\/wp-content\/uploads\/2019\/06\/Additional-Needs.jpg","contentUrl":"https:\/\/stage.wbstudiotour.co.uk\/wp-content\/uploads\/2019\/06\/Additional-Needs.jpg","width":1919,"height":881,"caption":"Wheelchair access to the ticket window"},{"@type":"BreadcrumbList","@id":"https:\/\/www.wbstudiotour.co.uk\/additional-needs\/#breadcrumb","itemListElement":[{"@type":"ListItem","position":1,"name":"Home","item":"https:\/\/stage.wbstudiotour.co.uk\/"},{"@type":"ListItem","position":2,"name":"Additional Needs"}]},{"@type":"WebSite","@id":"https:\/\/www.wbstudiotour.co.uk\/fr\/#website","url":"https:\/\/www.wbstudiotour.co.uk\/fr\/","name":"Warner Bros. Studio Tour London","description":"","potentialAction":[{"@type":"SearchAction","target":{"@type":"EntryPoint","urlTemplate":"https:\/\/www.wbstudiotour.co.uk\/fr\/?s={search_term_string}"},"query-input":{"@type":"PropertyValueSpecification","valueRequired":true,"valueName":"search_term_string"}}],"inLanguage":"es-ES"}]}},"_links":{"self":[{"href":"https:\/\/stage.wbstudiotour.co.uk\/es\/wp-json\/wp\/v2\/pages\/69","targetHints":{"allow":["GET"]}}],"collection":[{"href":"https:\/\/stage.wbstudiotour.co.uk\/es\/wp-json\/wp\/v2\/pages"}],"about":[{"href":"https:\/\/stage.wbstudiotour.co.uk\/es\/wp-json\/wp\/v2\/types\/page"}],"author":[{"embeddable":true,"href":"https:\/\/stage.wbstudiotour.co.uk\/es\/wp-json\/wp\/v2\/users\/6"}],"replies":[{"embeddable":true,"href":"https:\/\/stage.wbstudiotour.co.uk\/es\/wp-json\/wp\/v2\/comments?post=69"}],"version-history":[{"count":120,"href":"https:\/\/stage.wbstudiotour.co.uk\/es\/wp-json\/wp\/v2\/pages\/69\/revisions"}],"predecessor-version":[{"id":36722,"href":"https:\/\/stage.wbstudiotour.co.uk\/es\/wp-json\/wp\/v2\/pages\/69\/revisions\/36722"}],"wp:featuredmedia":[{"embeddable":true,"href":"https:\/\/stage.wbstudiotour.co.uk\/es\/wp-json\/wp\/v2\/media\/72"}],"wp:attachment":[{"href":"https:\/\/stage.wbstudiotour.co.uk\/es\/wp-json\/wp\/v2\/media?parent=69"}],"curies":[{"name":"wp","href":"https:\/\/api.w.org\/{rel}","templated":true}]}}