{"id":788,"date":"2019-01-20T07:45:00","date_gmt":"2019-01-20T07:45:00","guid":{"rendered":"http:\/\/stage.wbstudiotour.co.uk\/?page_id=788"},"modified":"2024-10-23T10:32:01","modified_gmt":"2024-10-23T09:32:01","slug":"when-you-arrive","status":"publish","type":"page","link":"https:\/\/stage.wbstudiotour.co.uk\/es\/when-you-arrive\/","title":{"rendered":"Al llegar"},"content":{"rendered":"<h2>Hora de entrada<\/h2>\n<p>The <a href=\"\/studio-shops\/\">Studio Shop<\/a> is available to access after your Studio Tour. Due to the one-way system in place, it is currently not possible to visit the shop before your allocated time slot.<\/p>\n<p>\nSi te pierdes tu hora de visita, no podemos garantizarte la entrada. Cuando llegues al Studio Tour, tendr\u00e1s que pasar un control de seguridad y revisaremos tus bolsas antes de entrar. Te rogamos que no traigas muchos bultos ni equipaje grande. Ten esto en cuenta cuando planifiques la hora de llegada y lo que vas a llevar contigo. No est\u00e1 permitido acceder al tour con ciertos art\u00edculos. Para obtener m\u00e1s informaci\u00f3n, <a href=\"\/wp-content\/uploads\/2019\/09\/WBSTL-Prohibited-Items.pdf\" target=\"_blank\" rel=\"noopener noreferrer\">haz clic aqu\u00ed<\/a>. Te rogamos que colabores con nuestro personal durante este proceso.<\/p>\n<hr \/>\n<h2 id=\"parking\">Aparcamiento<\/h2>\n<p>El aparcamiento se proporciona de forma gratuita en nuestro aparcamiento justo fuera del Tour Studio. Al entrar en el aparcamiento, aseg\u00farese de que su confirmaci\u00f3n de reserva est\u00e9 lista para mostrar nuestro equipo de aparcamiento. Si se visita como parte de un grupo que viaja de forma independiente, cada veh\u00edculo requerir\u00e1 una confirmaci\u00f3n de la reserva para mostrar en la entrada del aparcamiento.<\/p>\n<p>Existen varias zonas de aparcamiento para discapacitados, convenientemente se\u00f1alizadas y cercanas a la entrada principal, para los visitantes que las necesiten. El d\u00eda de tu visita, comprueba que llevas contigo tu placa de aparcamiento para discapacitados y col\u00f3cala en el parabrisas de tu coche.<\/p>\n<p>En el Studio Tour pueden entrar perros gu\u00eda registrados, para sordos y de asistencia. Si quieres visitar el Studio con un perro de asistencia, lleva contigo su identificaci\u00f3n formal, as\u00ed como cualquier documentaci\u00f3n o chaleco necesarios. Si tu perro necesita un cuenco de agua, nuestro personal te lo facilitar\u00e1 con mucho gusto. No est\u00e1 permitida la entrada al recinto a otro tipo de perros o mascotas. Tampoco pueden quedarse en los veh\u00edculos por motivos de seguridad. La visita est\u00e1 organizada de forma que los visitantes no podr\u00e1n regresar al aparcamiento hasta que finalice.<\/p>\n<h3>Aparcamiento prioritario<\/h3>\n<p>El aparcamiento prioritario est\u00e1 situado junto a la entrada del Studio Tour y se puede reservar online junto con las entradas por un coste adicional de 10 \u00a3. <\/p>\n<p>El aparcamiento prioritario solo est\u00e1 disponible mediante reserva anticipada a la visita y no se puede adquirir el mismo d\u00eda. <\/p>\n<p>Si has seleccionado las entradas electr\u00f3nicas, la entrada para el aparcamiento prioritario se te enviar\u00e1 junto con el resto de las entradas como archivo adjunto en el correo electr\u00f3nico. Si has escogido la opci\u00f3n de recibir las entradas por correo postal, recibir\u00e1s tambi\u00e9n una entrada impresa para el aparcamiento prioritario. <\/p>\n<p>Muestra la entrada del aparcamiento prioritario cuando llegues al Studio Tour, te entregar\u00e1n una pegatina para el parabrisas y te dar\u00e1n las indicaciones para llegar a las plazas de aparcamiento prioritario cercanas a la entrada.<\/p>\n<div class=\"aligncenter size-full\"><iframe loading=\"lazy\" title=\"Arriving By Car - Warner Bros. Studio Tour London\" width=\"848\" height=\"477\" src=\"https:\/\/www.youtube-nocookie.com\/embed\/NrFPOyjIba4?feature=oembed\" frameborder=\"0\" allow=\"accelerometer; autoplay; clipboard-write; encrypted-media; gyroscope; picture-in-picture; web-share\" referrerpolicy=\"strict-origin-when-cross-origin\" allowfullscreen><\/iframe><\/div>\n<hr \/>\n<h2>Puntos para dejar a los visitantes<\/h2>\n<p>Aunque no vayas a visitar el Studio Tour, puedes dejar a visitantes en nuestro aparcamiento. Si necesitas indicaciones sobre las zonas donde dejar a los visitantes, pregunta a un miembro de nuestro equipo de aparcamiento.<\/p>\n<hr \/>\n<h2>Recogida de entradas<\/h2>\n<p>Mostrando tu correo de confirmaci\u00f3n de reserva, podr\u00e1s recoger tus entradas en la ventanilla de entradas o en los terminales autom\u00e1ticos que est\u00e1n junto a la entrada principal. Si ya has recibido tus entradas por correo, podr\u00e1s entrar en el Studio Tour en cuanto llegues.<\/p>\n<p>Las entradas para el Warner Bros. Studio Tour Londres deben reservarse con antelaci\u00f3n. Solo se permite la entrada a los visitantes que tengan una confirmaci\u00f3n de reserva, que se comprobar\u00e1 a su llegada antes de entrar en el aparcamiento.<\/p>\n<div class=\"aligncenter size-full\"><iframe loading=\"lazy\" title=\"Ticket Collection - Warner Bros. Studio Tour London\" width=\"848\" height=\"477\" src=\"https:\/\/www.youtube-nocookie.com\/embed\/EtIQvkoC4IU?feature=oembed\" frameborder=\"0\" allow=\"accelerometer; autoplay; clipboard-write; encrypted-media; gyroscope; picture-in-picture; web-share\" referrerpolicy=\"strict-origin-when-cross-origin\" allowfullscreen><\/iframe><\/div>\n<hr \/>\n<h2>Mapa del Studio Tour<\/h2>\n<p>Utiliza este mapa para planificar tu visita y orientarte dentro del Warner Bros. Studio Tour Londres. <a href=\"http:\/\/stage.wbstudiotour.co.uk\/wp-content\/uploads\/2019\/11\/wbstl-printable-map-2021.pdf\" target=\"_blank\" rel=\"noopener noreferrer\">Descargar el mapa<\/a>.<\/p>\n<p><a href=\"http:\/\/stage.wbstudiotour.co.uk\/wp-content\/uploads\/2019\/11\/wbstl-printable-map-2021.pdf\" target=\"_blank\" rel=\"http:\/\/stage.wbstudiotour.co.uk\/wp-content\/uploads\/2019\/11\/wbstl-printable-map-2021.pdf noopener noreferrer\"><img loading=\"lazy\" decoding=\"async\" class=\"aligncenter wp-image-3043 size-large\" title=\"Warner Bros. Studio Tour Map\" src=\"http:\/\/stage.wbstudiotour.co.uk\/wp-content\/uploads\/2019\/11\/studio-tour-map.png\" alt=\"Warner Bros. Studio Tour Map\" width=\"1024\" height=\"845\" srcset=\"https:\/\/stage.wbstudiotour.co.uk\/wp-content\/uploads\/2019\/11\/studio-tour-map.png 10752w, https:\/\/stage.wbstudiotour.co.uk\/wp-content\/uploads\/2019\/11\/studio-tour-map-300x248.png 300w, https:\/\/stage.wbstudiotour.co.uk\/wp-content\/uploads\/2019\/11\/studio-tour-map-1024x845.png 1024w, https:\/\/stage.wbstudiotour.co.uk\/wp-content\/uploads\/2019\/11\/studio-tour-map-768x634.png 768w, https:\/\/stage.wbstudiotour.co.uk\/wp-content\/uploads\/2019\/11\/studio-tour-map-1536x1268.png 1536w, https:\/\/stage.wbstudiotour.co.uk\/wp-content\/uploads\/2019\/11\/studio-tour-map-2048x1690.png 2048w\" sizes=\"auto, (max-width: 1024px) 100vw, 1024px\" \/><\/a><\/p>\n<hr \/>\n<h2>Toma de fotograf\u00edas<\/h2>\n<p>El Studio Tour permite sacar fotos y grabar v\u00eddeos con c\u00e1maras port\u00e1tiles y dispositivos m\u00f3viles en casi todo el recinto, salvo dentro del cine y en las \u00e1reas de pantalla verde. No podr\u00e1s acceder con tr\u00edpodes u otros accesorios de fotograf\u00eda especializados.<\/p>\n<div class=\"aligncenter size-full\"><iframe loading=\"lazy\" title=\"Taking Photos - Warner Bros. Studio Tour London\" width=\"848\" height=\"477\" src=\"https:\/\/www.youtube-nocookie.com\/embed\/bUYhLzNkPdM?feature=oembed\" frameborder=\"0\" allow=\"accelerometer; autoplay; clipboard-write; encrypted-media; gyroscope; picture-in-picture; web-share\" referrerpolicy=\"strict-origin-when-cross-origin\" allowfullscreen><\/iframe><\/div>\n<hr \/>\n<h2 id=\"cloakroom\">Guardarropa<\/h2>\n<p>En el guardarropa puedes dejar tus abrigos y bolsas gratis. Si es posible, deja tambi\u00e9n all\u00ed tu cochecito de beb\u00e9, porque el espacio del Studio Tour es limitado. Ten en cuenta que los objetos se depositan bajo la responsabilidad del visitante.<\/p>\n<div class=\"aligncenter size-full\"><iframe loading=\"lazy\" title=\"Cloakroom - Warner Bros. Studio Tour London\" width=\"848\" height=\"477\" src=\"https:\/\/www.youtube-nocookie.com\/embed\/ArrexCd08NE?feature=oembed\" frameborder=\"0\" allow=\"accelerometer; autoplay; clipboard-write; encrypted-media; gyroscope; picture-in-picture; web-share\" referrerpolicy=\"strict-origin-when-cross-origin\" allowfullscreen><\/iframe><\/div>\n","protected":false},"excerpt":{"rendered":"<p>Hora de entrada The Studio Shop is available to access after your Studio Tour. Due to the one-way system in place, it is currently not possible to visit the shop before your allocated time slot. Si te pierdes tu hora de visita, no podemos garantizarte la entrada. Cuando llegues al Studio Tour, tendr\u00e1s que pasar [&hellip;]<\/p>\n","protected":false},"author":6,"featured_media":1258,"parent":0,"menu_order":0,"comment_status":"closed","ping_status":"closed","template":"","meta":{"_acf_changed":false,"footnotes":""},"class_list":["post-788","page","type-page","status-publish","has-post-thumbnail","hentry"],"translation":{"provider":"WPGlobus","version":"3.0.2","language":"es","enabled_languages":["en","es","de","fr","it"],"languages":{"en":{"title":true,"content":true,"excerpt":false},"es":{"title":true,"content":true,"excerpt":false},"de":{"title":true,"content":true,"excerpt":false},"fr":{"title":true,"content":true,"excerpt":false},"it":{"title":true,"content":true,"excerpt":false}}},"acf":{"add_cross_sell_to_page":false,"add_newsletter_sign_up_next_to_cross_sell":true,"choose_sidebar_entries":[{"ID":159,"post_author":"6","post_date":"2019-06-17 18:24:04","post_date_gmt":"2019-06-17 18:24:04","post_content":"","post_title":"{:en}Food & Drink{:}{:es}COMIDA Y BEBIDA{:}","post_excerpt":"","post_status":"publish","comment_status":"closed","ping_status":"closed","post_password":"","post_name":"food-drink","to_ping":"","pinged":"","post_modified":"2025-06-11 15:29:22","post_modified_gmt":"2025-06-11 14:29:22","post_content_filtered":"","post_parent":0,"guid":"http:\/\/stage.wbstudiotour.co.uk\/?post_type=wbstl_sidebar&#038;p=159","menu_order":0,"post_type":"wbstl_sidebar","post_mime_type":"","comment_count":"0","filter":"raw"},{"ID":152,"post_author":"6","post_date":"2019-06-17 18:21:25","post_date_gmt":"2019-06-17 18:21:25","post_content":"","post_title":"{:en}Getting Here{:}{:es}C\u00d3MO LLEGAR{:}{:de}ANREISE{:}{:fr}PLAN D'ACC\u00c8S{:}","post_excerpt":"","post_status":"publish","comment_status":"closed","ping_status":"closed","post_password":"","post_name":"getting-here","to_ping":"","pinged":"","post_modified":"2019-08-21 22:15:32","post_modified_gmt":"2019-08-21 21:15:32","post_content_filtered":"","post_parent":0,"guid":"http:\/\/stage.wbstudiotour.co.uk\/?post_type=wbstl_sidebar&#038;p=152","menu_order":0,"post_type":"wbstl_sidebar","post_mime_type":"","comment_count":"0","filter":"raw"},{"ID":161,"post_author":"6","post_date":"2019-06-17 18:25:14","post_date_gmt":"2019-06-17 18:25:14","post_content":"","post_title":"{:en}Explore the Tour{:}{:es}EXPLORAR EL TOUR{:}{:de}ENTDECKEN SIE DIE TOUR{:}{:fr}EXPLOREZ LE TOUR{:}","post_excerpt":"","post_status":"publish","comment_status":"closed","ping_status":"closed","post_password":"","post_name":"explore-the-tour","to_ping":"","pinged":"","post_modified":"2019-08-28 22:44:40","post_modified_gmt":"2019-08-28 21:44:40","post_content_filtered":"","post_parent":0,"guid":"http:\/\/stage.wbstudiotour.co.uk\/?post_type=wbstl_sidebar&#038;p=161","menu_order":0,"post_type":"wbstl_sidebar","post_mime_type":"","comment_count":"0","filter":"raw"}],"wbstl_use_fancy_lists":false,"wbstl_hero_video":"","wbstl_hv_mobile_placeholder":false,"wbstl_hv_tablet_placeholder":false,"wbstl_hv_subtitle":"","wbstl_hv_add_ticket_purchase_cta":false,"wbstl_ii_image":false,"wbstl_ii_content":"","add_cross_sell_to_page2":false,"wbstl_hv_cta_button_text":"","wbstl_hv_cta_link":"","wbstl_hv_show_cta_note":false,"wbstl_hv_cta_note":"","wbstl_hv_title_color":"","wbstl_hv_text_color":"","wbstl_hv_show_video_overlay":true,"wbstl_hv_cta_button_redeem_text":"wbstl_hv_cta_button_redeem_text","wbstl_hv_cta_redeem_link":""},"yoast_head":"<!-- This site is optimized with the Yoast SEO plugin v27.4 - https:\/\/yoast.com\/product\/yoast-seo-wordpress\/ -->\n<title>Al llegar - Warner Bros. Studio Tour London<\/title>\n<meta name=\"robots\" content=\"index, follow, max-snippet:-1, max-image-preview:large, max-video-preview:-1\" \/>\n<link rel=\"canonical\" href=\"https:\/\/www.wbstudiotour.co.uk\/when-you-arrive\/\" \/>\n<meta property=\"og:locale\" content=\"es_ES\" \/>\n<meta property=\"og:type\" content=\"article\" \/>\n<meta property=\"og:title\" content=\"Al llegar - Warner Bros. Studio Tour London\" \/>\n<meta property=\"og:url\" content=\"https:\/\/www.wbstudiotour.co.uk\/when-you-arrive\/\" \/>\n<meta property=\"og:site_name\" content=\"Warner Bros. Studio Tour London\" \/>\n<meta property=\"article:modified_time\" content=\"2024-10-23T09:32:01+00:00\" \/>\n<meta property=\"og:image\" content=\"http:\/\/www.wbstudiotour.co.uk\/wp-content\/uploads\/2019\/08\/When-You-Arrive.jpg\" \/>\n\t<meta property=\"og:image:width\" content=\"1920\" \/>\n\t<meta property=\"og:image:height\" content=\"1280\" \/>\n\t<meta property=\"og:image:type\" content=\"image\/jpeg\" \/>\n<meta name=\"twitter:card\" content=\"summary_large_image\" \/>\n<script type=\"application\/ld+json\" class=\"yoast-schema-graph\">{\"@context\":\"https:\\\/\\\/schema.org\",\"@graph\":[{\"@type\":\"ImageObject\",\"inLanguage\":\"es-ES\",\"@id\":\"https:\\\/\\\/www.wbstudiotour.co.uk\\\/when-you-arrive\\\/#primaryimage\",\"url\":\"https:\\\/\\\/stage.wbstudiotour.co.uk\\\/wp-content\\\/uploads\\\/2019\\\/08\\\/When-You-Arrive.jpg\",\"contentUrl\":\"https:\\\/\\\/stage.wbstudiotour.co.uk\\\/wp-content\\\/uploads\\\/2019\\\/08\\\/When-You-Arrive.jpg\",\"width\":1920,\"height\":1280,\"caption\":\"Close up of Hogwarts model\"},{\"@type\":\"BreadcrumbList\",\"@id\":\"https:\\\/\\\/www.wbstudiotour.co.uk\\\/when-you-arrive\\\/#breadcrumb\",\"itemListElement\":[{\"@type\":\"ListItem\",\"position\":1,\"name\":\"Home\",\"item\":\"https:\\\/\\\/stage.wbstudiotour.co.uk\\\/\"},{\"@type\":\"ListItem\",\"position\":2,\"name\":\"When You Arrive\"}]},{\"@type\":\"WebSite\",\"@id\":\"https:\\\/\\\/www.wbstudiotour.co.uk\\\/fr\\\/#website\",\"url\":\"https:\\\/\\\/www.wbstudiotour.co.uk\\\/fr\\\/\",\"name\":\"Warner Bros. Studio Tour London\",\"description\":\"\",\"potentialAction\":[{\"@type\":\"SearchAction\",\"target\":{\"@type\":\"EntryPoint\",\"urlTemplate\":\"https:\\\/\\\/www.wbstudiotour.co.uk\\\/fr\\\/?s={search_term_string}\"},\"query-input\":{\"@type\":\"PropertyValueSpecification\",\"valueRequired\":true,\"valueName\":\"search_term_string\"}}],\"inLanguage\":\"es-ES\"}]}<\/script>\n<!-- \/ Yoast SEO plugin. -->","yoast_head_json":{"title":"Al llegar - Warner Bros. Studio Tour London","robots":{"index":"index","follow":"follow","max-snippet":"max-snippet:-1","max-image-preview":"max-image-preview:large","max-video-preview":"max-video-preview:-1"},"canonical":"https:\/\/www.wbstudiotour.co.uk\/when-you-arrive\/","og_locale":"es_ES","og_type":"article","og_title":"Al llegar - Warner Bros. Studio Tour London","og_url":"https:\/\/www.wbstudiotour.co.uk\/when-you-arrive\/","og_site_name":"Warner Bros. Studio Tour London","article_modified_time":"2024-10-23T09:32:01+00:00","og_image":[{"width":1920,"height":1280,"url":"http:\/\/www.wbstudiotour.co.uk\/wp-content\/uploads\/2019\/08\/When-You-Arrive.jpg","type":"image\/jpeg"}],"twitter_card":"summary_large_image","schema":{"@context":"https:\/\/schema.org","@graph":[{"@type":"ImageObject","inLanguage":"es-ES","@id":"https:\/\/www.wbstudiotour.co.uk\/when-you-arrive\/#primaryimage","url":"https:\/\/stage.wbstudiotour.co.uk\/wp-content\/uploads\/2019\/08\/When-You-Arrive.jpg","contentUrl":"https:\/\/stage.wbstudiotour.co.uk\/wp-content\/uploads\/2019\/08\/When-You-Arrive.jpg","width":1920,"height":1280,"caption":"Close up of Hogwarts model"},{"@type":"BreadcrumbList","@id":"https:\/\/www.wbstudiotour.co.uk\/when-you-arrive\/#breadcrumb","itemListElement":[{"@type":"ListItem","position":1,"name":"Home","item":"https:\/\/stage.wbstudiotour.co.uk\/"},{"@type":"ListItem","position":2,"name":"When You Arrive"}]},{"@type":"WebSite","@id":"https:\/\/www.wbstudiotour.co.uk\/fr\/#website","url":"https:\/\/www.wbstudiotour.co.uk\/fr\/","name":"Warner Bros. Studio Tour London","description":"","potentialAction":[{"@type":"SearchAction","target":{"@type":"EntryPoint","urlTemplate":"https:\/\/www.wbstudiotour.co.uk\/fr\/?s={search_term_string}"},"query-input":{"@type":"PropertyValueSpecification","valueRequired":true,"valueName":"search_term_string"}}],"inLanguage":"es-ES"}]}},"_links":{"self":[{"href":"https:\/\/stage.wbstudiotour.co.uk\/es\/wp-json\/wp\/v2\/pages\/788","targetHints":{"allow":["GET"]}}],"collection":[{"href":"https:\/\/stage.wbstudiotour.co.uk\/es\/wp-json\/wp\/v2\/pages"}],"about":[{"href":"https:\/\/stage.wbstudiotour.co.uk\/es\/wp-json\/wp\/v2\/types\/page"}],"author":[{"embeddable":true,"href":"https:\/\/stage.wbstudiotour.co.uk\/es\/wp-json\/wp\/v2\/users\/6"}],"replies":[{"embeddable":true,"href":"https:\/\/stage.wbstudiotour.co.uk\/es\/wp-json\/wp\/v2\/comments?post=788"}],"version-history":[{"count":21,"href":"https:\/\/stage.wbstudiotour.co.uk\/es\/wp-json\/wp\/v2\/pages\/788\/revisions"}],"predecessor-version":[{"id":28984,"href":"https:\/\/stage.wbstudiotour.co.uk\/es\/wp-json\/wp\/v2\/pages\/788\/revisions\/28984"}],"wp:featuredmedia":[{"embeddable":true,"href":"https:\/\/stage.wbstudiotour.co.uk\/es\/wp-json\/wp\/v2\/media\/1258"}],"wp:attachment":[{"href":"https:\/\/stage.wbstudiotour.co.uk\/es\/wp-json\/wp\/v2\/media?parent=788"}],"curies":[{"name":"wp","href":"https:\/\/api.w.org\/{rel}","templated":true}]}}