{"id":816,"date":"2019-07-19T17:40:30","date_gmt":"2019-07-19T17:40:30","guid":{"rendered":"http:\/\/stage.wbstudiotour.co.uk\/?page_id=816"},"modified":"2025-04-04T10:53:44","modified_gmt":"2025-04-04T09:53:44","slug":"our-history","status":"publish","type":"page","link":"https:\/\/stage.wbstudiotour.co.uk\/es\/our-history\/","title":{"rendered":"Nuestra Historia"},"content":{"rendered":"<p>La saga de pel\u00edculas de Harry Potter se rod\u00f3 en Leavesden durante m\u00e1s de diez a\u00f1os. Como se segu\u00edan publicando los libros de la saga mientras se rodaban las pel\u00edculas, el equipo de producci\u00f3n conserv\u00f3 muchos de los decorados, atrezo y ropas que se crearon para las pel\u00edculas, por si volv\u00edan a ser necesarios en una entrega posterior.<\/p>\n<p>Cuando concluy\u00f3 el rodaje de Harry Potter y las Reliquias de la Muerte, Parte 2 en 2010, el equipo de producci\u00f3n hab\u00eda acumulado miles de complejos y hermosos artefactos, muchos de los cuales no se habr\u00edan conservado en una producci\u00f3n normal.<\/p>\n<p>El equipo de Warner Bros. Studio Tour Londres: La creaci\u00f3n de Harry Potter quiso conservar y exhibir estos emblem\u00e1ticos decorados, atrezo y ropas para que los fans de Harry Potter pudiesen vivir de primera mano la magia del cine. Muchos actores y miembros de la producci\u00f3n regresaron al estudio para volver a montar los decorados y grabar sus recuerdos de los rodajes, y el 31 de marzo de 2012 el Studio Tour abri\u00f3 sus puertas.<\/p>\n<p>Situado junto a los estudios de cine donde se rodaron las ocho pel\u00edculas de Harry Potter, el Studio Tour ofrece a sus visitantes una experiencia \u00fanica: visitar dos sets de rodaje y un plat\u00f3 repletos de decorados originales, criaturas animatr\u00f3nicas e impresionantes efectos especiales.<\/p>\n<p><iframe loading=\"lazy\" title=\"Grand Opening of Warner Bros. Studio Tour London - The Making of Harry Potter\" width=\"848\" height=\"477\" src=\"https:\/\/www.youtube-nocookie.com\/embed\/8LG27MWzbL8?feature=oembed\" frameborder=\"0\" allow=\"accelerometer; autoplay; clipboard-write; encrypted-media; gyroscope; picture-in-picture; web-share\" referrerpolicy=\"strict-origin-when-cross-origin\" allowfullscreen><\/iframe><\/p>\n<p><span class=\"wysiwyg-flourish hourglass\"><span class=\"admin-placeholder\">hourglass Flourish Here<\/span><\/span><\/p>\n<h2 style=\"text-align: center;\">HARRY POTTER Y LA PIEDRA FILOSOFAL<\/h2>\n<hr class=\"short\" \/>\n<p style=\"text-align: center;\"><img loading=\"lazy\" decoding=\"async\" class=\"wp-image-1171 size-full aligncenter\" src=\"http:\/\/stage.wbstudiotour.co.uk\/wp-content\/uploads\/2019\/08\/HPSS_1.jpg\" alt=\"Still from Harry Potter and the Philosopher's Stone with Harry and Hagrid\" width=\"580\" height=\"380\" srcset=\"https:\/\/stage.wbstudiotour.co.uk\/wp-content\/uploads\/2019\/08\/HPSS_1.jpg 580w, https:\/\/stage.wbstudiotour.co.uk\/wp-content\/uploads\/2019\/08\/HPSS_1-300x197.jpg 300w\" sizes=\"auto, (max-width: 580px) 100vw, 580px\" \/><\/p>\n<p>El rodaje de Harry Potter y la Piedra Filosofal comenz\u00f3 el 29 de septiembre de 2000. El Gran Comedor fue uno de los primeros decorados que se construy\u00f3: un amplio e impresionante espacio con asientos para m\u00e1s de 400 ni\u00f1os. Este decorado se convertir\u00eda en un elemento fundamental de siete de las pel\u00edculas de Harry Potter (no aparece en Harry Potter y las Reliquias de la Muerte, Parte 1) y ahora se exhibe de forma permanente a los visitantes del Studio Tour.<\/p>\n<p>En las paredes del Gran Comedor hay varias antorchas (en perfecto funcionamiento) que representan las cuatro casas de Hogwarts: Gryffindor, Ravenclaw, Slytherin y Hufflepuff. Detr\u00e1s de la mesa de los profesores est\u00e1 el contador de Puntos de Casa, un complicado y hermoso artilugio que se construy\u00f3 para la primera pel\u00edcula. Cada reloj de arena contiene decenas de miles de cuentas de cristal indio. \u00a1Se rumorea que su construcci\u00f3n casi acaba con las reservas de cuentas del pa\u00eds!<\/p>\n<p><span class=\"wysiwyg-flourish hourglass\"><span class=\"admin-placeholder\">hourglass Flourish Here<\/span><\/span><\/p>\n<h2 style=\"text-align: center;\">HARRY POTTER Y LA C\u00c1MARA SECRETA<\/h2>\n<hr class=\"short\" \/>\n<p style=\"text-align: center;\"><img loading=\"lazy\" decoding=\"async\" class=\"alignnone size-full wp-image-1172 aligncenter\" src=\"http:\/\/stage.wbstudiotour.co.uk\/wp-content\/uploads\/2019\/08\/HPSS_2.jpg\" alt=\"Still from Harry Potter and the Chamber of Secrets with Harry dueling\" width=\"580\" height=\"380\" srcset=\"https:\/\/stage.wbstudiotour.co.uk\/wp-content\/uploads\/2019\/08\/HPSS_2.jpg 580w, https:\/\/stage.wbstudiotour.co.uk\/wp-content\/uploads\/2019\/08\/HPSS_2-300x197.jpg 300w\" sizes=\"auto, (max-width: 580px) 100vw, 580px\" \/><\/p>\n<p>La producci\u00f3n de Harry Potter y la C\u00e1mara Secreta comenz\u00f3 el lunes 19 de noviembre de 2001, tan solo tres d\u00edas despu\u00e9s del estreno mundial de la primera pel\u00edcula de Harry Potter.<\/p>\n<p>En esta pel\u00edcula hizo su debut Dobby, el elfo dom\u00e9stico. Rob Bliss, del departamento de arte de los estudios de Leavesden, se encarg\u00f3 de dise\u00f1ar el aspecto de Dobby, y el supervisor de efectos de criaturas Nick Dudman y su equipo crearon un impresionante modelo para que interactuase con los actores durante el rodaje. Esto supuso tres meses de trabajo, pero el Dobby que puede verse en las pel\u00edculas se cre\u00f3 por medio de im\u00e1genes creadas por ordenador.<\/p>\n<p>El emblem\u00e1tico decorado del despacho de Dumbledore se construy\u00f3 y cre\u00f3 para esta pel\u00edcula. El despacho est\u00e1 repleto de libros. \u00a1Pero muchos son en realidad gu\u00edas telef\u00f3nicas encuadernadas en cuero!<\/p>\n<p><span class=\"wysiwyg-flourish hourglass\"><span class=\"admin-placeholder\">hourglass Flourish Here<\/span><\/span><\/p>\n<h2 style=\"text-align: center;\">HARRY POTTER Y EL PRISIONERO DE AZKABAN<\/h2>\n<hr class=\"short\" \/>\n<p style=\"text-align: center;\"><img loading=\"lazy\" decoding=\"async\" class=\"alignnone size-full wp-image-1173 aligncenter\" src=\"http:\/\/stage.wbstudiotour.co.uk\/wp-content\/uploads\/2019\/08\/HPSS_3.jpg\" alt=\"Still from Harry Potter and the Prisoner of Azkaban with Hermonie, Ron and Harry looking out a window\" width=\"580\" height=\"380\" srcset=\"https:\/\/stage.wbstudiotour.co.uk\/wp-content\/uploads\/2019\/08\/HPSS_3.jpg 580w, https:\/\/stage.wbstudiotour.co.uk\/wp-content\/uploads\/2019\/08\/HPSS_3-300x197.jpg 300w\" sizes=\"auto, (max-width: 580px) 100vw, 580px\" \/><\/p>\n<p>El rodaje de Harry Potter y el prisionero de Azkaban comenz\u00f3 en los estudios de Leavesden el lunes 24 de febrero de 2003.<\/p>\n<p>Uno de los decorados m\u00e1s complicados de construir fue el Autob\u00fas Noct\u00e1mbulo, que debut\u00f3 en esta pel\u00edcula. Los espectadores pueden ver el autob\u00fas llevando a Harry por las calles de Londres. A pesar de sus tres pisos, no es un efecto generado por ordenador. El autob\u00fas se desplaza realmente por Londres, algo que requiri\u00f3 de mucha planificaci\u00f3n porque el veh\u00edculo estaba construido a partir de piezas de autobuses de dos pisos para crear uno de tres. La altura del autob\u00fas hizo necesaria una cuidadosa planificaci\u00f3n de la ruta por Londres. \u00a1Obviamente, hab\u00eda que evitar todos los puentes!<\/p>\n<p>Esta pel\u00edcula supone el debut en la gran pantalla de los dementores. El director Alfonso Cuar\u00f3n y el productor David Heyman experimentaron con diversos m\u00e9todos para crear la ilusi\u00f3n de que los dementores volaban de verdad. En un principio, unos especialistas en marionetas se encargaron de mover grandes trozos de tela en un tanque de agua, para crear la ilusi\u00f3n de que los dementores volaban. Pero finalmente este truco se consigui\u00f3 por medio de efectos visuales.<\/p>\n<p><span class=\"wysiwyg-flourish hourglass\"><span class=\"admin-placeholder\">hourglass Flourish Here<\/span><\/span><\/p>\n<h2 style=\"text-align: center;\">HARRY POTTER Y EL C\u00c1LIZ DE FUEGO<\/h2>\n<hr class=\"short\" \/>\n<p style=\"text-align: center;\"><img loading=\"lazy\" decoding=\"async\" class=\"alignnone size-full wp-image-1174 aligncenter\" src=\"http:\/\/stage.wbstudiotour.co.uk\/wp-content\/uploads\/2019\/08\/HPSS_4.jpg\" alt=\"Still of Harry from Harry Potter and the Goblet of Fire\" width=\"580\" height=\"380\" srcset=\"https:\/\/stage.wbstudiotour.co.uk\/wp-content\/uploads\/2019\/08\/HPSS_4.jpg 580w, https:\/\/stage.wbstudiotour.co.uk\/wp-content\/uploads\/2019\/08\/HPSS_4-300x197.jpg 300w\" sizes=\"auto, (max-width: 580px) 100vw, 580px\" \/><\/p>\n<p>El rodaje de Harry Potter y el C\u00e1liz de Fuego comenz\u00f3 el martes 4 de mayo de 2004.<\/p>\n<p>En los estudios se construy\u00f3 un gigantesco tanque de agua para filmar las escenas submarinas del torneo de los tres magos. Es el tanque de rodaje submarino m\u00e1s grande de Europa, con capacidad para m\u00e1s de dos millones de litros de agua.<\/p>\n<p>Daniel Radcliffe pas\u00f3 tanto tiempo sumergido en este tanque durante el rodaje que se sac\u00f3 el certificado de buceo PADI. Se invirti\u00f3 mucho tiempo en crear la ilusi\u00f3n de que el actor ten\u00eda manos palmeadas. Este efecto finalmente se consigui\u00f3 usando medias de mujer muy finas, que cubr\u00edan las manos y brazos de Daniel.<\/p>\n<p>Para esta pel\u00edcula, el equipo de efectos especiales de John Richardson construy\u00f3 un drag\u00f3n colacuerno h\u00fangaro totalmente operativo, que escup\u00eda fuego con un lanzallamas de m\u00e1s de 10 metros. Finalmente, los cineastas decidieron que el equipo de efectos visuales se encargar\u00eda de crear los dragones, pero el colacuerno se exhibi\u00f3 en Leicester Square con motivo del estreno en Londres de la pel\u00edcula.<\/p>\n<p><span class=\"wysiwyg-flourish hourglass\"><span class=\"admin-placeholder\">hourglass Flourish Here<\/span><\/span><\/p>\n<h2 style=\"text-align: center;\">HARRY POTTER Y LA ORDEN DEL F\u00c9NIX<\/h2>\n<hr class=\"short\" \/>\n<p style=\"text-align: center;\"><img loading=\"lazy\" decoding=\"async\" class=\"aligncenter wp-image-1175 size-full\" src=\"http:\/\/stage.wbstudiotour.co.uk\/wp-content\/uploads\/2019\/08\/HPSS_5.jpg\" alt=\"Still of Dumbledore\" width=\"580\" height=\"380\" srcset=\"https:\/\/stage.wbstudiotour.co.uk\/wp-content\/uploads\/2019\/08\/HPSS_5.jpg 580w, https:\/\/stage.wbstudiotour.co.uk\/wp-content\/uploads\/2019\/08\/HPSS_5-300x197.jpg 300w\" sizes=\"auto, (max-width: 580px) 100vw, 580px\" \/><\/p>\n<p>Harry Potter y la Orden del F\u00e9nix comenz\u00f3 a rodarse el lunes 6 de febrero de 2006.<\/p>\n<p>Es la primera pel\u00edcula en la que aparece en pantalla el Ministerio de Magia. Este decorado es el m\u00e1s grande de todos los que se crearon para las pel\u00edculas de Harry Potter. De hecho, dentro del Atrio del Ministerio de Magia hab\u00eda espacio para 50 autobuses de Londres, y su construcci\u00f3n dur\u00f3 22 semanas. Este decorado se inspira en la arquitectura victoriana de Londres, especialmente en sus azulejos. \u00a1Parecen reales, pero en realidad est\u00e1n hechos de fibra de densidad media!<\/p>\n<p>En la quinta pel\u00edcula tambi\u00e9n se utiliz\u00f3 por primera vez un decorado completo de pantalla azul, ya que toda la Sala de las Profec\u00edas se rod\u00f3 sobre un fondo de pantalla de este tipo.<\/p>\n<p>Se rodaron im\u00e1genes de cuarenta adorables gatitos para crear los llamativos platos del despacho de Umbridge. Todos se dieron en adopci\u00f3n, y sus due\u00f1os jam\u00e1s supieron del pasado cinematogr\u00e1fico de sus mascotas.<\/p>\n<p><span class=\"wysiwyg-flourish hourglass\"><span class=\"admin-placeholder\">hourglass Flourish Here<\/span><\/span><\/p>\n<h2 style=\"text-align: center;\">HARRY POTTER Y EL MISTERIO DEL PR\u00cdNCIPE<\/h2>\n<hr class=\"short\" \/>\n<p style=\"text-align: center;\"><img loading=\"lazy\" decoding=\"async\" class=\"aligncenter wp-image-1176 size-full\" src=\"http:\/\/stage.wbstudiotour.co.uk\/wp-content\/uploads\/2019\/08\/HPSS_6.jpg\" alt=\"Still of Malfoy from Harry Potter and the Half Blood Prince\" width=\"580\" height=\"380\" srcset=\"https:\/\/stage.wbstudiotour.co.uk\/wp-content\/uploads\/2019\/08\/HPSS_6.jpg 580w, https:\/\/stage.wbstudiotour.co.uk\/wp-content\/uploads\/2019\/08\/HPSS_6-300x197.jpg 300w\" sizes=\"auto, (max-width: 580px) 100vw, 580px\" \/><\/p>\n<p>El rodaje de la sexta pel\u00edcula de la saga, Harry Potter y el Misterio del Pr\u00edncipe, comenz\u00f3 el lunes 24 de septiembre de 2007.<\/p>\n<p>Durante la filmaci\u00f3n, Rupert Grint cumpli\u00f3 21 a\u00f1os. Los actores y el equipo lo celebraron con una fiesta infantil en la cafeter\u00eda del estudio.<\/p>\n<p>Para esta pel\u00edcula se incendi\u00f3 y destruy\u00f3 parcialmente una maqueta de la Madriguera. Despu\u00e9s, toda la parte interior del decorado se reconstruy\u00f3 de arriba abajo para convertirla en el plat\u00f3 de las \u00faltimas pel\u00edculas. Se aplic\u00f3 una mano de cal a las paredes chamuscadas y, por supuesto, se conservaron los toques familiares de los Weasley.<\/p>\n<p><span class=\"wysiwyg-flourish hourglass\"><span class=\"admin-placeholder\">hourglass Flourish Here<\/span><\/span><\/p>\n<h2 style=\"text-align: center;\">HARRY POTTER Y LAS RELIQUIAS DE LA MUERTE, PARTE 1 Y PARTE 2<\/h2>\n<hr class=\"short\" \/>\n<p style=\"text-align: center;\"><img loading=\"lazy\" decoding=\"async\" class=\"alignnone size-full wp-image-1177 aligncenter\" src=\"http:\/\/stage.wbstudiotour.co.uk\/wp-content\/uploads\/2019\/08\/HPSS_7b.jpg\" alt=\"Still of Harry from Harry Potter and the Deathly Hallows\" width=\"580\" height=\"380\" srcset=\"https:\/\/stage.wbstudiotour.co.uk\/wp-content\/uploads\/2019\/08\/HPSS_7b.jpg 580w, https:\/\/stage.wbstudiotour.co.uk\/wp-content\/uploads\/2019\/08\/HPSS_7b-300x197.jpg 300w\" sizes=\"auto, (max-width: 580px) 100vw, 580px\" \/><\/p>\n<p>El rodaje de la primera entrega de Harry Potter y las Reliquias de la Muerte comenz\u00f3 el jueves 19 de febrero de 2009. La segunda parte se film\u00f3 justo despu\u00e9s de la primera.<\/p>\n<p>Se necesitaron cinco camiones de 32 toneladas de poliestireno para crear los escombros de la destrucci\u00f3n de Hogwarts que se muestra al final de la pel\u00edcula.<\/p>\n<p>Daniel Radcliffe utiliz\u00f3 160 pares de gafas y unas 70 varitas durante el rodaje de toda la saga de Harry Potter. Durante diez a\u00f1os se crearon 588 impresionantes decorados en los estudios de Leavesden.<\/p>\n","protected":false},"excerpt":{"rendered":"<p>La saga de pel\u00edculas de Harry Potter se rod\u00f3 en Leavesden durante m\u00e1s de diez a\u00f1os. Como se segu\u00edan publicando los libros de la saga mientras se rodaban las pel\u00edculas, el equipo de producci\u00f3n conserv\u00f3 muchos de los decorados, atrezo y ropas que se crearon para las pel\u00edculas, por si volv\u00edan a ser necesarios en [&hellip;]<\/p>\n","protected":false},"author":6,"featured_media":3351,"parent":0,"menu_order":0,"comment_status":"closed","ping_status":"closed","template":"","meta":{"_acf_changed":false,"footnotes":""},"class_list":["post-816","page","type-page","status-publish","has-post-thumbnail","hentry"],"translation":{"provider":"WPGlobus","version":"3.0.2","language":"es","enabled_languages":["en","es","de","fr","it"],"languages":{"en":{"title":true,"content":true,"excerpt":false},"es":{"title":true,"content":true,"excerpt":false},"de":{"title":true,"content":true,"excerpt":false},"fr":{"title":true,"content":true,"excerpt":false},"it":{"title":true,"content":true,"excerpt":false}}},"acf":{"add_cross_sell_to_page":false,"add_newsletter_sign_up_next_to_cross_sell":false,"choose_sidebar_entries":[{"ID":152,"post_author":"6","post_date":"2019-06-17 18:21:25","post_date_gmt":"2019-06-17 18:21:25","post_content":"","post_title":"{:en}Getting Here{:}{:es}C\u00d3MO LLEGAR{:}{:de}ANREISE{:}{:fr}PLAN D'ACC\u00c8S{:}","post_excerpt":"","post_status":"publish","comment_status":"closed","ping_status":"closed","post_password":"","post_name":"getting-here","to_ping":"","pinged":"","post_modified":"2019-08-21 22:15:32","post_modified_gmt":"2019-08-21 21:15:32","post_content_filtered":"","post_parent":0,"guid":"http:\/\/stage.wbstudiotour.co.uk\/?post_type=wbstl_sidebar&#038;p=152","menu_order":0,"post_type":"wbstl_sidebar","post_mime_type":"","comment_count":"0","filter":"raw"},{"ID":161,"post_author":"6","post_date":"2019-06-17 18:25:14","post_date_gmt":"2019-06-17 18:25:14","post_content":"","post_title":"{:en}Explore the Tour{:}{:es}EXPLORAR EL TOUR{:}{:de}ENTDECKEN SIE DIE TOUR{:}{:fr}EXPLOREZ LE TOUR{:}","post_excerpt":"","post_status":"publish","comment_status":"closed","ping_status":"closed","post_password":"","post_name":"explore-the-tour","to_ping":"","pinged":"","post_modified":"2019-08-28 22:44:40","post_modified_gmt":"2019-08-28 21:44:40","post_content_filtered":"","post_parent":0,"guid":"http:\/\/stage.wbstudiotour.co.uk\/?post_type=wbstl_sidebar&#038;p=161","menu_order":0,"post_type":"wbstl_sidebar","post_mime_type":"","comment_count":"0","filter":"raw"},{"ID":157,"post_author":"6","post_date":"2019-06-17 18:23:26","post_date_gmt":"2019-06-17 18:23:26","post_content":"","post_title":"{:en}Enhance Your Visit{:}{:es}MEJORA TU VISITA{:}{:de}ENTSTANDEN SIE IHREN BESUCH{:}{:fr}ENRICHIR VOTRE VISITE{:}","post_excerpt":"","post_status":"publish","comment_status":"closed","ping_status":"closed","post_password":"","post_name":"enhance-your-visit","to_ping":"","pinged":"","post_modified":"2022-10-10 12:34:01","post_modified_gmt":"2022-10-10 11:34:01","post_content_filtered":"","post_parent":0,"guid":"http:\/\/stage.wbstudiotour.co.uk\/?post_type=wbstl_sidebar&#038;p=157","menu_order":0,"post_type":"wbstl_sidebar","post_mime_type":"","comment_count":"0","filter":"raw"}],"wbstl_use_fancy_lists":false,"wbstl_hero_video":"","wbstl_hv_mobile_placeholder":false,"wbstl_hv_tablet_placeholder":false,"wbstl_hv_subtitle":"","wbstl_hv_add_ticket_purchase_cta":false,"wbstl_ii_image":false,"wbstl_ii_content":"","add_cross_sell_to_page2":false,"wbstl_hv_title_color":"","wbstl_hv_text_color":"","wbstl_hv_show_video_overlay":true,"wbstl_hv_cta_button_text":"","wbstl_hv_cta_link":"","wbstl_hv_show_cta_note":false,"wbstl_hv_cta_note":"","wbstl_hv_cta_button_redeem_text":"wbstl_hv_cta_button_redeem_text","wbstl_hv_cta_redeem_link":""},"yoast_head":"<!-- This site is optimized with the Yoast SEO plugin v27.4 - https:\/\/yoast.com\/product\/yoast-seo-wordpress\/ -->\n<title>Nuestra Historia - Warner Bros. Studio Tour London<\/title>\n<meta name=\"robots\" content=\"index, follow, max-snippet:-1, max-image-preview:large, max-video-preview:-1\" \/>\n<link rel=\"canonical\" href=\"https:\/\/www.wbstudiotour.co.uk\/our-history\/\" \/>\n<meta property=\"og:locale\" content=\"es_ES\" \/>\n<meta property=\"og:type\" content=\"article\" \/>\n<meta property=\"og:title\" content=\"Nuestra Historia - Warner Bros. Studio Tour London\" \/>\n<meta property=\"og:url\" content=\"https:\/\/www.wbstudiotour.co.uk\/our-history\/\" \/>\n<meta property=\"og:site_name\" content=\"Warner Bros. Studio Tour London\" \/>\n<meta property=\"article:modified_time\" content=\"2025-04-04T09:53:44+00:00\" \/>\n<meta property=\"og:image\" content=\"https:\/\/www.wbstudiotour.co.uk\/wp-content\/uploads\/2019\/12\/header-entrance-with-people.jpg\" \/>\n\t<meta property=\"og:image:width\" content=\"1920\" \/>\n\t<meta property=\"og:image:height\" content=\"1166\" \/>\n\t<meta property=\"og:image:type\" content=\"image\/jpeg\" \/>\n<meta name=\"twitter:card\" content=\"summary_large_image\" \/>\n<script type=\"application\/ld+json\" class=\"yoast-schema-graph\">{\"@context\":\"https:\\\/\\\/schema.org\",\"@graph\":[{\"@type\":\"ImageObject\",\"inLanguage\":\"es-ES\",\"@id\":\"https:\\\/\\\/www.wbstudiotour.co.uk\\\/our-history\\\/#primaryimage\",\"url\":\"https:\\\/\\\/stage.wbstudiotour.co.uk\\\/wp-content\\\/uploads\\\/2019\\\/12\\\/header-entrance-with-people.jpg\",\"contentUrl\":\"https:\\\/\\\/stage.wbstudiotour.co.uk\\\/wp-content\\\/uploads\\\/2019\\\/12\\\/header-entrance-with-people.jpg\",\"width\":1920,\"height\":1166},{\"@type\":\"BreadcrumbList\",\"@id\":\"https:\\\/\\\/www.wbstudiotour.co.uk\\\/our-history\\\/#breadcrumb\",\"itemListElement\":[{\"@type\":\"ListItem\",\"position\":1,\"name\":\"Home\",\"item\":\"https:\\\/\\\/stage.wbstudiotour.co.uk\\\/\"},{\"@type\":\"ListItem\",\"position\":2,\"name\":\"About The Studio Tour\"}]},{\"@type\":\"WebSite\",\"@id\":\"https:\\\/\\\/www.wbstudiotour.co.uk\\\/fr\\\/#website\",\"url\":\"https:\\\/\\\/www.wbstudiotour.co.uk\\\/fr\\\/\",\"name\":\"Warner Bros. Studio Tour London\",\"description\":\"\",\"potentialAction\":[{\"@type\":\"SearchAction\",\"target\":{\"@type\":\"EntryPoint\",\"urlTemplate\":\"https:\\\/\\\/www.wbstudiotour.co.uk\\\/fr\\\/?s={search_term_string}\"},\"query-input\":{\"@type\":\"PropertyValueSpecification\",\"valueRequired\":true,\"valueName\":\"search_term_string\"}}],\"inLanguage\":\"es-ES\"}]}<\/script>\n<!-- \/ Yoast SEO plugin. -->","yoast_head_json":{"title":"Nuestra Historia - Warner Bros. Studio Tour London","robots":{"index":"index","follow":"follow","max-snippet":"max-snippet:-1","max-image-preview":"max-image-preview:large","max-video-preview":"max-video-preview:-1"},"canonical":"https:\/\/www.wbstudiotour.co.uk\/our-history\/","og_locale":"es_ES","og_type":"article","og_title":"Nuestra Historia - Warner Bros. Studio Tour London","og_url":"https:\/\/www.wbstudiotour.co.uk\/our-history\/","og_site_name":"Warner Bros. Studio Tour London","article_modified_time":"2025-04-04T09:53:44+00:00","og_image":[{"width":1920,"height":1166,"url":"https:\/\/www.wbstudiotour.co.uk\/wp-content\/uploads\/2019\/12\/header-entrance-with-people.jpg","type":"image\/jpeg"}],"twitter_card":"summary_large_image","schema":{"@context":"https:\/\/schema.org","@graph":[{"@type":"ImageObject","inLanguage":"es-ES","@id":"https:\/\/www.wbstudiotour.co.uk\/our-history\/#primaryimage","url":"https:\/\/stage.wbstudiotour.co.uk\/wp-content\/uploads\/2019\/12\/header-entrance-with-people.jpg","contentUrl":"https:\/\/stage.wbstudiotour.co.uk\/wp-content\/uploads\/2019\/12\/header-entrance-with-people.jpg","width":1920,"height":1166},{"@type":"BreadcrumbList","@id":"https:\/\/www.wbstudiotour.co.uk\/our-history\/#breadcrumb","itemListElement":[{"@type":"ListItem","position":1,"name":"Home","item":"https:\/\/stage.wbstudiotour.co.uk\/"},{"@type":"ListItem","position":2,"name":"About The Studio Tour"}]},{"@type":"WebSite","@id":"https:\/\/www.wbstudiotour.co.uk\/fr\/#website","url":"https:\/\/www.wbstudiotour.co.uk\/fr\/","name":"Warner Bros. Studio Tour London","description":"","potentialAction":[{"@type":"SearchAction","target":{"@type":"EntryPoint","urlTemplate":"https:\/\/www.wbstudiotour.co.uk\/fr\/?s={search_term_string}"},"query-input":{"@type":"PropertyValueSpecification","valueRequired":true,"valueName":"search_term_string"}}],"inLanguage":"es-ES"}]}},"_links":{"self":[{"href":"https:\/\/stage.wbstudiotour.co.uk\/es\/wp-json\/wp\/v2\/pages\/816","targetHints":{"allow":["GET"]}}],"collection":[{"href":"https:\/\/stage.wbstudiotour.co.uk\/es\/wp-json\/wp\/v2\/pages"}],"about":[{"href":"https:\/\/stage.wbstudiotour.co.uk\/es\/wp-json\/wp\/v2\/types\/page"}],"author":[{"embeddable":true,"href":"https:\/\/stage.wbstudiotour.co.uk\/es\/wp-json\/wp\/v2\/users\/6"}],"replies":[{"embeddable":true,"href":"https:\/\/stage.wbstudiotour.co.uk\/es\/wp-json\/wp\/v2\/comments?post=816"}],"version-history":[{"count":6,"href":"https:\/\/stage.wbstudiotour.co.uk\/es\/wp-json\/wp\/v2\/pages\/816\/revisions"}],"predecessor-version":[{"id":33854,"href":"https:\/\/stage.wbstudiotour.co.uk\/es\/wp-json\/wp\/v2\/pages\/816\/revisions\/33854"}],"wp:featuredmedia":[{"embeddable":true,"href":"https:\/\/stage.wbstudiotour.co.uk\/es\/wp-json\/wp\/v2\/media\/3351"}],"wp:attachment":[{"href":"https:\/\/stage.wbstudiotour.co.uk\/es\/wp-json\/wp\/v2\/media?parent=816"}],"curies":[{"name":"wp","href":"https:\/\/api.w.org\/{rel}","templated":true}]}}