{"id":823,"date":"2019-07-19T17:46:05","date_gmt":"2019-07-19T17:46:05","guid":{"rendered":"http:\/\/stage.wbstudiotour.co.uk\/?page_id=823"},"modified":"2025-02-26T12:06:48","modified_gmt":"2025-02-26T12:06:48","slug":"facilities","status":"publish","type":"page","link":"https:\/\/stage.wbstudiotour.co.uk\/es\/facilities\/","title":{"rendered":"Instalaciones"},"content":{"rendered":"<h2 class=\"wysiwyg-title\">Vest\u00ecbulo Del Studio Tour<\/h2>\n<h3 class=\"wysiwyg-subtitle\">Guardarropa<\/h3>\n<p>En el guardarropa puedes dejar tus abrigos y bolsas gratis. Si es posible, deja tambi\u00e9n all\u00ed tu cochecito de beb\u00e9, porque el espacio del Studio Tour es limitado. Ten en cuenta que los objetos se depositan bajo la responsabilidad del visitante.<\/p>\n<p>Cuando llegues al Studio Tour, tendr\u00e1s que pasar un control de seguridad y revisaremos tus bolsas antes de entrar. Te rogamos que colabores con nuestro personal durante este proceso.<\/p>\n<h3 class=\"wysiwyg-subtitle\">Cajero Autom\u00e1tico<\/h3>\n<p>En el vest\u00edbulo hay un cajero autom\u00e1tico en el que podr\u00e1s sacar dinero sin comisiones.<\/p>\n<h3 class=\"wysiwyg-subtitle\">Ba\u00f1os<\/h3>\n<p>Los aseos se encuentran en el vest\u00edbulo de la entrada. Hay cambiadores de beb\u00e9 en todos los bloques de aseos. Tambi\u00e9n hay un aseo adaptado con espacio para un discapacitado y hasta dos cuidadores.<\/p>\n<h3 class=\"wysiwyg-subtitle\">Comida y Bebida<\/h3>\n<p>Si llegas antes de la hora de tu visita, puedes visitar nuestro Caf\u00e9 del Studio o el Starbucks de nuestro vest\u00edbulo, donde se sirven comidas y bebidas.<\/p>\n<p>Los padres que vengan acompa\u00f1ados de ni\u00f1os peque\u00f1os pueden calentar los biberones con agua caliente en el caf\u00e9 del Studio.<\/p>\n<h3 class=\"wysiwyg-subtitle\">Compras<\/h3>\n<p>Puedes visitar la tienda del Studio cuando lo desees, antes de que comience tu visita o al finalizarla. Solo pueden acceder a la tienda del Studio las personas que tengan una entrada para el tour. Sin embargo, muchos de los art\u00edculos est\u00e1n disponibles en nuestra tienda online.<\/p>\n<hr \/>\n<h2 class=\"wysiwyg-title\">Dentro Del Studio Tour<\/h2>\n<h3 class=\"wysiwyg-subtitle\">Ba\u00f1os<\/h3>\n<p>Todos los aseos son de f\u00e1cil acceso y hay aseos para discapacitados en varios puntos del Studio Tour. Hay cambiadores de beb\u00e9 en todos los bloques de aseos.<\/p>\n<h3 class=\"wysiwyg-subtitle\">Sala Para Padres y Beb\u00e9s<\/h3>\n<p>Existe una zona privada para que los padres alimenten a sus hijos dotada de una silla de lactancia y cambiadores junto al caf\u00e9 del plat\u00f3. En el caf\u00e9 del plat\u00f3 podr\u00e1s calentar biberones con agua caliente.<\/p>\n<h3 class=\"wysiwyg-subtitle\">Comida y Bebida<\/h3>\n<p>Toma algo caliente, un bocadillo o un aperitivo en el nuevo caf\u00e9 del plat\u00f3, que est\u00e1 en el tramo central del Studio Tour. Cuenta con mesas interiores y al aire libre para que est\u00e9s c\u00f3modo sin importar el tiempo que haga.<\/p>\n<p>En el plat\u00f3 tendr\u00e1s la oportunidad de disfrutar de una espumosa cerveza de mantequilla, una bebida sin alcohol con sabor a mantecado y caramelo de mantequilla.<\/p>\n","protected":false},"excerpt":{"rendered":"<p>Vest\u00ecbulo Del Studio Tour Guardarropa En el guardarropa puedes dejar tus abrigos y bolsas gratis. Si es posible, deja tambi\u00e9n all\u00ed tu cochecito de beb\u00e9, porque el espacio del Studio Tour es limitado. Ten en cuenta que los objetos se depositan bajo la responsabilidad del visitante. Cuando llegues al Studio Tour, tendr\u00e1s que pasar un [&hellip;]<\/p>\n","protected":false},"author":6,"featured_media":3350,"parent":0,"menu_order":0,"comment_status":"closed","ping_status":"closed","template":"","meta":{"_acf_changed":false,"footnotes":""},"class_list":["post-823","page","type-page","status-publish","has-post-thumbnail","hentry"],"translation":{"provider":"WPGlobus","version":"3.0.2","language":"es","enabled_languages":["en","es","de","fr","it"],"languages":{"en":{"title":true,"content":true,"excerpt":false},"es":{"title":true,"content":true,"excerpt":false},"de":{"title":true,"content":true,"excerpt":false},"fr":{"title":true,"content":true,"excerpt":false},"it":{"title":true,"content":true,"excerpt":false}}},"acf":{"add_cross_sell_to_page":false,"add_newsletter_sign_up_next_to_cross_sell":false,"choose_sidebar_entries":[{"ID":787,"post_author":"6","post_date":"2019-07-17 21:36:06","post_date_gmt":"2019-07-17 21:36:06","post_content":"","post_title":"{:en}When You Arrive{:}{:es}CUANDO LLEGUES{:}{:de}WENN DU ANKOMMST{:}{:fr}QUAND VOUS ARRIVEZ{:}","post_excerpt":"","post_status":"publish","comment_status":"closed","ping_status":"closed","post_password":"","post_name":"when-you-arrive","to_ping":"","pinged":"","post_modified":"2019-12-05 15:08:06","post_modified_gmt":"2019-12-05 15:08:06","post_content_filtered":"","post_parent":0,"guid":"http:\/\/stage.wbstudiotour.co.uk\/?post_type=wbstl_sidebar&#038;p=787","menu_order":0,"post_type":"wbstl_sidebar","post_mime_type":"","comment_count":"0","filter":"raw"},{"ID":159,"post_author":"6","post_date":"2019-06-17 18:24:04","post_date_gmt":"2019-06-17 18:24:04","post_content":"","post_title":"{:en}Food & Drink{:}{:es}COMIDA Y BEBIDA{:}","post_excerpt":"","post_status":"publish","comment_status":"closed","ping_status":"closed","post_password":"","post_name":"food-drink","to_ping":"","pinged":"","post_modified":"2025-06-11 15:29:22","post_modified_gmt":"2025-06-11 14:29:22","post_content_filtered":"","post_parent":0,"guid":"http:\/\/stage.wbstudiotour.co.uk\/?post_type=wbstl_sidebar&#038;p=159","menu_order":0,"post_type":"wbstl_sidebar","post_mime_type":"","comment_count":"0","filter":"raw"}],"wbstl_use_fancy_lists":false,"wbstl_hero_video":"","wbstl_hv_mobile_placeholder":false,"wbstl_hv_tablet_placeholder":false,"wbstl_hv_subtitle":"","wbstl_hv_add_ticket_purchase_cta":false,"wbstl_ii_image":false,"wbstl_ii_content":"","add_cross_sell_to_page2":false,"wbstl_hv_cta_button_text":"","wbstl_hv_cta_link":"","wbstl_hv_show_cta_note":false,"wbstl_hv_cta_note":"","wbstl_hv_title_color":"","wbstl_hv_text_color":"","wbstl_hv_show_video_overlay":true,"wbstl_hv_cta_button_redeem_text":"wbstl_hv_cta_button_redeem_text","wbstl_hv_cta_redeem_link":""},"yoast_head":"<!-- This site is optimized with the Yoast SEO plugin v27.4 - https:\/\/yoast.com\/product\/yoast-seo-wordpress\/ -->\n<title>Instalaciones - Warner Bros. Studio Tour London<\/title>\n<meta name=\"robots\" content=\"index, follow, max-snippet:-1, max-image-preview:large, max-video-preview:-1\" \/>\n<link rel=\"canonical\" href=\"https:\/\/www.wbstudiotour.co.uk\/facilities\/\" \/>\n<meta property=\"og:locale\" content=\"es_ES\" \/>\n<meta property=\"og:type\" content=\"article\" \/>\n<meta property=\"og:title\" content=\"Instalaciones - Warner Bros. Studio Tour London\" \/>\n<meta property=\"og:url\" content=\"https:\/\/www.wbstudiotour.co.uk\/facilities\/\" \/>\n<meta property=\"og:site_name\" content=\"Warner Bros. Studio Tour London\" \/>\n<meta property=\"article:modified_time\" content=\"2025-02-26T12:06:48+00:00\" \/>\n<meta property=\"og:image\" content=\"https:\/\/www.wbstudiotour.co.uk\/wp-content\/uploads\/2019\/12\/header-facilities-entrance.jpg\" \/>\n\t<meta property=\"og:image:width\" content=\"1920\" \/>\n\t<meta property=\"og:image:height\" content=\"1039\" \/>\n\t<meta property=\"og:image:type\" content=\"image\/jpeg\" \/>\n<meta name=\"twitter:card\" content=\"summary_large_image\" \/>\n<script type=\"application\/ld+json\" class=\"yoast-schema-graph\">{\"@context\":\"https:\\\/\\\/schema.org\",\"@graph\":[{\"@type\":\"ImageObject\",\"inLanguage\":\"es-ES\",\"@id\":\"https:\\\/\\\/www.wbstudiotour.co.uk\\\/facilities\\\/#primaryimage\",\"url\":\"https:\\\/\\\/stage.wbstudiotour.co.uk\\\/wp-content\\\/uploads\\\/2019\\\/12\\\/header-facilities-entrance.jpg\",\"contentUrl\":\"https:\\\/\\\/stage.wbstudiotour.co.uk\\\/wp-content\\\/uploads\\\/2019\\\/12\\\/header-facilities-entrance.jpg\",\"width\":1920,\"height\":1039},{\"@type\":\"BreadcrumbList\",\"@id\":\"https:\\\/\\\/www.wbstudiotour.co.uk\\\/facilities\\\/#breadcrumb\",\"itemListElement\":[{\"@type\":\"ListItem\",\"position\":1,\"name\":\"Home\",\"item\":\"https:\\\/\\\/stage.wbstudiotour.co.uk\\\/\"},{\"@type\":\"ListItem\",\"position\":2,\"name\":\"Facilities\"}]},{\"@type\":\"WebSite\",\"@id\":\"https:\\\/\\\/www.wbstudiotour.co.uk\\\/fr\\\/#website\",\"url\":\"https:\\\/\\\/www.wbstudiotour.co.uk\\\/fr\\\/\",\"name\":\"Warner Bros. Studio Tour London\",\"description\":\"\",\"potentialAction\":[{\"@type\":\"SearchAction\",\"target\":{\"@type\":\"EntryPoint\",\"urlTemplate\":\"https:\\\/\\\/www.wbstudiotour.co.uk\\\/fr\\\/?s={search_term_string}\"},\"query-input\":{\"@type\":\"PropertyValueSpecification\",\"valueRequired\":true,\"valueName\":\"search_term_string\"}}],\"inLanguage\":\"es-ES\"}]}<\/script>\n<!-- \/ Yoast SEO plugin. -->","yoast_head_json":{"title":"Instalaciones - Warner Bros. Studio Tour London","robots":{"index":"index","follow":"follow","max-snippet":"max-snippet:-1","max-image-preview":"max-image-preview:large","max-video-preview":"max-video-preview:-1"},"canonical":"https:\/\/www.wbstudiotour.co.uk\/facilities\/","og_locale":"es_ES","og_type":"article","og_title":"Instalaciones - Warner Bros. Studio Tour London","og_url":"https:\/\/www.wbstudiotour.co.uk\/facilities\/","og_site_name":"Warner Bros. Studio Tour London","article_modified_time":"2025-02-26T12:06:48+00:00","og_image":[{"width":1920,"height":1039,"url":"https:\/\/www.wbstudiotour.co.uk\/wp-content\/uploads\/2019\/12\/header-facilities-entrance.jpg","type":"image\/jpeg"}],"twitter_card":"summary_large_image","schema":{"@context":"https:\/\/schema.org","@graph":[{"@type":"ImageObject","inLanguage":"es-ES","@id":"https:\/\/www.wbstudiotour.co.uk\/facilities\/#primaryimage","url":"https:\/\/stage.wbstudiotour.co.uk\/wp-content\/uploads\/2019\/12\/header-facilities-entrance.jpg","contentUrl":"https:\/\/stage.wbstudiotour.co.uk\/wp-content\/uploads\/2019\/12\/header-facilities-entrance.jpg","width":1920,"height":1039},{"@type":"BreadcrumbList","@id":"https:\/\/www.wbstudiotour.co.uk\/facilities\/#breadcrumb","itemListElement":[{"@type":"ListItem","position":1,"name":"Home","item":"https:\/\/stage.wbstudiotour.co.uk\/"},{"@type":"ListItem","position":2,"name":"Facilities"}]},{"@type":"WebSite","@id":"https:\/\/www.wbstudiotour.co.uk\/fr\/#website","url":"https:\/\/www.wbstudiotour.co.uk\/fr\/","name":"Warner Bros. Studio Tour London","description":"","potentialAction":[{"@type":"SearchAction","target":{"@type":"EntryPoint","urlTemplate":"https:\/\/www.wbstudiotour.co.uk\/fr\/?s={search_term_string}"},"query-input":{"@type":"PropertyValueSpecification","valueRequired":true,"valueName":"search_term_string"}}],"inLanguage":"es-ES"}]}},"_links":{"self":[{"href":"https:\/\/stage.wbstudiotour.co.uk\/es\/wp-json\/wp\/v2\/pages\/823","targetHints":{"allow":["GET"]}}],"collection":[{"href":"https:\/\/stage.wbstudiotour.co.uk\/es\/wp-json\/wp\/v2\/pages"}],"about":[{"href":"https:\/\/stage.wbstudiotour.co.uk\/es\/wp-json\/wp\/v2\/types\/page"}],"author":[{"embeddable":true,"href":"https:\/\/stage.wbstudiotour.co.uk\/es\/wp-json\/wp\/v2\/users\/6"}],"replies":[{"embeddable":true,"href":"https:\/\/stage.wbstudiotour.co.uk\/es\/wp-json\/wp\/v2\/comments?post=823"}],"version-history":[{"count":9,"href":"https:\/\/stage.wbstudiotour.co.uk\/es\/wp-json\/wp\/v2\/pages\/823\/revisions"}],"predecessor-version":[{"id":29756,"href":"https:\/\/stage.wbstudiotour.co.uk\/es\/wp-json\/wp\/v2\/pages\/823\/revisions\/29756"}],"wp:featuredmedia":[{"embeddable":true,"href":"https:\/\/stage.wbstudiotour.co.uk\/es\/wp-json\/wp\/v2\/media\/3350"}],"wp:attachment":[{"href":"https:\/\/stage.wbstudiotour.co.uk\/es\/wp-json\/wp\/v2\/media?parent=823"}],"curies":[{"name":"wp","href":"https:\/\/api.w.org\/{rel}","templated":true}]}}