{"id":1052,"date":"2019-08-15T20:50:53","date_gmt":"2019-08-15T19:50:53","guid":{"rendered":"http:\/\/stage.wbstudiotour.co.uk\/?page_id=1052"},"modified":"2025-09-10T13:06:33","modified_gmt":"2025-09-10T12:06:33","slug":"deluxe-tour","status":"publish","type":"page","link":"https:\/\/stage.wbstudiotour.co.uk\/fr\/deluxe-tour\/","title":{"rendered":"De Luxe Tour"},"content":{"rendered":"<p class=\"intro-p\">En tant que d\u00e9tenteur d&#8217;un billet Deluxe Tour, vous b\u00e9n\u00e9ficierez d&#8217;un traitement VIP pendant votre visite.<\/p>\n<p class=\"wysiwyg-intro\">Apr\u00e8s vous \u00eatre gar\u00e9 dans une zone prioritaire \u00e0 proximit\u00e9 de l&#8217;entr\u00e9e, vous serez dirig\u00e9 vers le point de rencontre du Deluxe Tour par un membre du personnel. Vous serez ensuite accompagn\u00e9 dans l&#8217;entr\u00e9e pour r\u00e9cup\u00e9rer vos billets et un cordon souvenir. Vous pourrez profiter d&#8217;un coin salon r\u00e9serv\u00e9 avant de rencontrer votre guide et le reste de votre groupe pour commencer votre voyage dans les coulisses de Harry Potter.<\/p>\n<p class=\"wysiwyg-intro\">Votre billet Deluxe inclut une visite guid\u00e9e de deux heures au c\u0153ur des v\u00e9ritables d\u00e9cors, entour\u00e9 d&#8217;accessoires et de costumes, au cours de laquelle vous apprendrez les secrets des coulisses dans les studios o\u00f9 tout a commenc\u00e9. Apr\u00e8s avoir foul\u00e9 le sol en pierre de la Grande Salle embl\u00e9matique de Poudlard, vous aurez l&#8217;opportunit\u00e9 unique de retourner devant les portes d&#8217;entr\u00e9e de l&#8217;\u00e9cole des sorciers pour prendre une photo exclusive, uniquement disponible dans votre forfait Deluxe.<\/p>\n<p class=\"wysiwyg-intro\">Pendant votre visite guid\u00e9e, vous explorerez les d\u00e9cors incroyables expos\u00e9s au Studio Tour, notamment la salle commune de Gryffondor, le bureau de Dumbledore et l&#8217;embl\u00e9matique Voie 9\u00be qui abrite la locomotive du Poudlard Express. Avant de continuer votre voyage, vous pourrez m\u00eame siroter une bi\u00e8raubeurre rafra\u00eechissante ou go\u00fbter une glace \u00e0 la bi\u00e8raubeurre, qui vous sera servie dans une coupe souvenir que vous pourrez rapporter chez vous !<\/p>\n<p class=\"wysiwyg-intro\">Apr\u00e8s avoir fl\u00e2n\u00e9 sur le Chemin de Traverse r\u00e9serv\u00e9 aux sorciers et jet\u00e9 un \u0153il dans la boutique d&#8217;Ollivander et chez Weasley, farces pour sorciers fac\u00e9tieux, vous pourrez vous \u00e9merveiller devant la maquette \u00e9poustouflante du ch\u00e2teau de Poudlard. \u00c0 la fin de votre visite guid\u00e9e, vous profiterez d&#8217;un repas chaud et d&#8217;une boisson servis \u00e0 une table r\u00e9serv\u00e9e dans l&#8217;un de nos caf\u00e9s. Vous aurez alors la possibilit\u00e9 d&#8217;entrer \u00e0 nouveau dans le Studio Tour pour revoir vos d\u00e9cors pr\u00e9f\u00e9r\u00e9s et prendre des photos souvenirs et des vid\u00e9os de vol en balai au-dessus de Londres comme les acteurs pendant le tournage.<\/p>\n<p class=\"wysiwyg-intro\">La visite se terminera dans l&#8217;entr\u00e9e du Studio Tour o\u00f9, apr\u00e8s avoir parcouru la boutique du studio, vous pourrez r\u00e9cup\u00e9rer un guide gratuit en souvenir de votre visite.<\/p>\n<p class=\"wysiwyg-intro\" style=\"text-align: center;\"><span class=\"btn btn--booking\"><a class=\"wbstl-btn yel\" href=\"https:\/\/tickets.wbstudiotour.co.uk\/webstore\/shop\/ViewItems.aspx?CG=HPTST2&#038;C=DLX1\">R\u00c9SERVER DES BILLETS DELUXE TOUR<\/a><\/span><\/p>\n","protected":false},"excerpt":{"rendered":"<p>En tant que d\u00e9tenteur d&#8217;un billet Deluxe Tour, vous b\u00e9n\u00e9ficierez d&#8217;un traitement VIP pendant votre visite. Apr\u00e8s vous \u00eatre gar\u00e9 dans une zone prioritaire \u00e0 proximit\u00e9 de l&#8217;entr\u00e9e, vous serez dirig\u00e9 vers le point de rencontre du Deluxe Tour par un membre du personnel. Vous serez ensuite accompagn\u00e9 dans l&#8217;entr\u00e9e pour r\u00e9cup\u00e9rer vos billets et [&hellip;]<\/p>\n","protected":false},"author":6,"featured_media":16768,"parent":0,"menu_order":0,"comment_status":"closed","ping_status":"closed","template":"","meta":{"_acf_changed":false,"footnotes":""},"class_list":["post-1052","page","type-page","status-publish","has-post-thumbnail","hentry"],"translation":{"provider":"WPGlobus","version":"3.0.2","language":"fr","enabled_languages":["en","es","de","fr","it"],"languages":{"en":{"title":true,"content":true,"excerpt":false},"es":{"title":true,"content":true,"excerpt":false},"de":{"title":true,"content":true,"excerpt":false},"fr":{"title":true,"content":true,"excerpt":false},"it":{"title":true,"content":true,"excerpt":false}}},"acf":{"add_cross_sell_to_page":{"ID":176,"post_author":"6","post_date":"2019-06-17 19:49:32","post_date_gmt":"2019-06-17 19:49:32","post_content":"","post_title":"{:en}Gift Tickets{:}{:es}LL\u00c9VATE UN POCO DE MAGIA{:}{:de}EIN ST\u00dcCK MAGIE KANN IHNEN GEH\u00d6REN{:}{:fr}EMPAREZ-VOUS D'UN PEU DE MAGIE{:}","post_excerpt":"","post_status":"publish","comment_status":"closed","ping_status":"closed","post_password":"","post_name":"gift-tickets","to_ping":"","pinged":"","post_modified":"2024-11-13 11:48:42","post_modified_gmt":"2024-11-13 11:48:42","post_content_filtered":"","post_parent":0,"guid":"http:\/\/stage.wbstudiotour.co.uk\/?post_type=wbstl_cross_sells&#038;p=176","menu_order":0,"post_type":"wbstl_cross_sells","post_mime_type":"","comment_count":"0","filter":"raw"},"add_newsletter_sign_up_next_to_cross_sell":true,"choose_sidebar_entries":[{"ID":152,"post_author":"6","post_date":"2019-06-17 18:21:25","post_date_gmt":"2019-06-17 18:21:25","post_content":"","post_title":"{:en}Getting Here{:}{:es}C\u00d3MO LLEGAR{:}{:de}ANREISE{:}{:fr}PLAN D'ACC\u00c8S{:}","post_excerpt":"","post_status":"publish","comment_status":"closed","ping_status":"closed","post_password":"","post_name":"getting-here","to_ping":"","pinged":"","post_modified":"2019-08-21 22:15:32","post_modified_gmt":"2019-08-21 21:15:32","post_content_filtered":"","post_parent":0,"guid":"http:\/\/stage.wbstudiotour.co.uk\/?post_type=wbstl_sidebar&#038;p=152","menu_order":0,"post_type":"wbstl_sidebar","post_mime_type":"","comment_count":"0","filter":"raw"},{"ID":161,"post_author":"6","post_date":"2019-06-17 18:25:14","post_date_gmt":"2019-06-17 18:25:14","post_content":"","post_title":"{:en}Explore the Tour{:}{:es}EXPLORAR EL TOUR{:}{:de}ENTDECKEN SIE DIE TOUR{:}{:fr}EXPLOREZ LE TOUR{:}","post_excerpt":"","post_status":"publish","comment_status":"closed","ping_status":"closed","post_password":"","post_name":"explore-the-tour","to_ping":"","pinged":"","post_modified":"2019-08-28 22:44:40","post_modified_gmt":"2019-08-28 21:44:40","post_content_filtered":"","post_parent":0,"guid":"http:\/\/stage.wbstudiotour.co.uk\/?post_type=wbstl_sidebar&#038;p=161","menu_order":0,"post_type":"wbstl_sidebar","post_mime_type":"","comment_count":"0","filter":"raw"}],"wbstl_use_fancy_lists":false,"wbstl_hero_video":"","wbstl_hv_mobile_placeholder":false,"wbstl_hv_tablet_placeholder":false,"wbstl_hv_subtitle":"","wbstl_hv_add_ticket_purchase_cta":false,"wbstl_ii_image":false,"wbstl_ii_content":"","add_cross_sell_to_page2":false,"wbstl_hv_cta_button_text":"","wbstl_hv_cta_link":"","wbstl_hv_show_cta_note":false,"wbstl_hv_cta_note":"","wbstl_hv_title_color":"","wbstl_hv_text_color":"","wbstl_hv_show_video_overlay":true,"wbstl_hv_cta_button_redeem_text":"wbstl_hv_cta_button_redeem_text","wbstl_hv_cta_redeem_link":""},"yoast_head":"<!-- This site is optimized with the Yoast SEO plugin v27.4 - https:\/\/yoast.com\/product\/yoast-seo-wordpress\/ -->\n<title>De Luxe Tour - Warner Bros. Studio Tour London<\/title>\n<meta name=\"robots\" content=\"index, follow, max-snippet:-1, max-image-preview:large, max-video-preview:-1\" \/>\n<link rel=\"canonical\" href=\"https:\/\/www.wbstudiotour.co.uk\/deluxe-tour\/\" \/>\n<meta property=\"og:locale\" content=\"fr_FR\" \/>\n<meta property=\"og:type\" content=\"article\" \/>\n<meta property=\"og:title\" content=\"De Luxe Tour - Warner Bros. Studio Tour London\" \/>\n<meta property=\"og:url\" content=\"https:\/\/www.wbstudiotour.co.uk\/deluxe-tour\/\" \/>\n<meta property=\"og:site_name\" content=\"Warner Bros. Studio Tour London\" \/>\n<meta property=\"article:modified_time\" content=\"2025-09-10T12:06:33+00:00\" \/>\n<meta property=\"og:image\" content=\"http:\/\/www.wbstudiotour.co.uk\/wp-content\/uploads\/2022\/03\/2019_dumbledoreoffice_1-copy-scaled-1.jpeg\" \/>\n\t<meta property=\"og:image:width\" content=\"2560\" \/>\n\t<meta property=\"og:image:height\" content=\"1707\" \/>\n\t<meta property=\"og:image:type\" content=\"image\/jpeg\" \/>\n<meta name=\"twitter:card\" content=\"summary_large_image\" \/>\n<script type=\"application\/ld+json\" class=\"yoast-schema-graph\">{\"@context\":\"https:\\\/\\\/schema.org\",\"@graph\":[{\"@type\":\"ImageObject\",\"inLanguage\":\"fr-FR\",\"@id\":\"https:\\\/\\\/www.wbstudiotour.co.uk\\\/deluxe-tour\\\/#primaryimage\",\"url\":\"https:\\\/\\\/stage.wbstudiotour.co.uk\\\/wp-content\\\/uploads\\\/2022\\\/03\\\/2019_dumbledoreoffice_1-copy-scaled-1.jpeg\",\"contentUrl\":\"https:\\\/\\\/stage.wbstudiotour.co.uk\\\/wp-content\\\/uploads\\\/2022\\\/03\\\/2019_dumbledoreoffice_1-copy-scaled-1.jpeg\",\"width\":2560,\"height\":1707,\"caption\":\"Deluxe Tour Dumbledore\"},{\"@type\":\"BreadcrumbList\",\"@id\":\"https:\\\/\\\/www.wbstudiotour.co.uk\\\/deluxe-tour\\\/#breadcrumb\",\"itemListElement\":[{\"@type\":\"ListItem\",\"position\":1,\"name\":\"Home\",\"item\":\"https:\\\/\\\/stage.wbstudiotour.co.uk\\\/\"},{\"@type\":\"ListItem\",\"position\":2,\"name\":\"Deluxe Tour\"}]},{\"@type\":\"WebSite\",\"@id\":\"https:\\\/\\\/www.wbstudiotour.co.uk\\\/fr\\\/#website\",\"url\":\"https:\\\/\\\/www.wbstudiotour.co.uk\\\/fr\\\/\",\"name\":\"Warner Bros. Studio Tour London\",\"description\":\"\",\"potentialAction\":[{\"@type\":\"SearchAction\",\"target\":{\"@type\":\"EntryPoint\",\"urlTemplate\":\"https:\\\/\\\/www.wbstudiotour.co.uk\\\/fr\\\/?s={search_term_string}\"},\"query-input\":{\"@type\":\"PropertyValueSpecification\",\"valueRequired\":true,\"valueName\":\"search_term_string\"}}],\"inLanguage\":\"fr-FR\"}]}<\/script>\n<!-- \/ Yoast SEO plugin. -->","yoast_head_json":{"title":"De Luxe Tour - Warner Bros. Studio Tour London","robots":{"index":"index","follow":"follow","max-snippet":"max-snippet:-1","max-image-preview":"max-image-preview:large","max-video-preview":"max-video-preview:-1"},"canonical":"https:\/\/www.wbstudiotour.co.uk\/deluxe-tour\/","og_locale":"fr_FR","og_type":"article","og_title":"De Luxe Tour - Warner Bros. Studio Tour London","og_url":"https:\/\/www.wbstudiotour.co.uk\/deluxe-tour\/","og_site_name":"Warner Bros. Studio Tour London","article_modified_time":"2025-09-10T12:06:33+00:00","og_image":[{"width":2560,"height":1707,"url":"http:\/\/www.wbstudiotour.co.uk\/wp-content\/uploads\/2022\/03\/2019_dumbledoreoffice_1-copy-scaled-1.jpeg","type":"image\/jpeg"}],"twitter_card":"summary_large_image","schema":{"@context":"https:\/\/schema.org","@graph":[{"@type":"ImageObject","inLanguage":"fr-FR","@id":"https:\/\/www.wbstudiotour.co.uk\/deluxe-tour\/#primaryimage","url":"https:\/\/stage.wbstudiotour.co.uk\/wp-content\/uploads\/2022\/03\/2019_dumbledoreoffice_1-copy-scaled-1.jpeg","contentUrl":"https:\/\/stage.wbstudiotour.co.uk\/wp-content\/uploads\/2022\/03\/2019_dumbledoreoffice_1-copy-scaled-1.jpeg","width":2560,"height":1707,"caption":"Deluxe Tour Dumbledore"},{"@type":"BreadcrumbList","@id":"https:\/\/www.wbstudiotour.co.uk\/deluxe-tour\/#breadcrumb","itemListElement":[{"@type":"ListItem","position":1,"name":"Home","item":"https:\/\/stage.wbstudiotour.co.uk\/"},{"@type":"ListItem","position":2,"name":"Deluxe Tour"}]},{"@type":"WebSite","@id":"https:\/\/www.wbstudiotour.co.uk\/fr\/#website","url":"https:\/\/www.wbstudiotour.co.uk\/fr\/","name":"Warner Bros. Studio Tour London","description":"","potentialAction":[{"@type":"SearchAction","target":{"@type":"EntryPoint","urlTemplate":"https:\/\/www.wbstudiotour.co.uk\/fr\/?s={search_term_string}"},"query-input":{"@type":"PropertyValueSpecification","valueRequired":true,"valueName":"search_term_string"}}],"inLanguage":"fr-FR"}]}},"_links":{"self":[{"href":"https:\/\/stage.wbstudiotour.co.uk\/fr\/wp-json\/wp\/v2\/pages\/1052","targetHints":{"allow":["GET"]}}],"collection":[{"href":"https:\/\/stage.wbstudiotour.co.uk\/fr\/wp-json\/wp\/v2\/pages"}],"about":[{"href":"https:\/\/stage.wbstudiotour.co.uk\/fr\/wp-json\/wp\/v2\/types\/page"}],"author":[{"embeddable":true,"href":"https:\/\/stage.wbstudiotour.co.uk\/fr\/wp-json\/wp\/v2\/users\/6"}],"replies":[{"embeddable":true,"href":"https:\/\/stage.wbstudiotour.co.uk\/fr\/wp-json\/wp\/v2\/comments?post=1052"}],"version-history":[{"count":14,"href":"https:\/\/stage.wbstudiotour.co.uk\/fr\/wp-json\/wp\/v2\/pages\/1052\/revisions"}],"predecessor-version":[{"id":36328,"href":"https:\/\/stage.wbstudiotour.co.uk\/fr\/wp-json\/wp\/v2\/pages\/1052\/revisions\/36328"}],"wp:featuredmedia":[{"embeddable":true,"href":"https:\/\/stage.wbstudiotour.co.uk\/fr\/wp-json\/wp\/v2\/media\/16768"}],"wp:attachment":[{"href":"https:\/\/stage.wbstudiotour.co.uk\/fr\/wp-json\/wp\/v2\/media?parent=1052"}],"curies":[{"name":"wp","href":"https:\/\/api.w.org\/{rel}","templated":true}]}}