{"id":153,"date":"2019-01-20T07:45:34","date_gmt":"2019-01-20T07:45:34","guid":{"rendered":"http:\/\/stage.wbstudiotour.co.uk\/?page_id=153"},"modified":"2026-03-24T11:12:49","modified_gmt":"2026-03-24T11:12:49","slug":"getting-here","status":"publish","type":"page","link":"https:\/\/stage.wbstudiotour.co.uk\/fr\/getting-here\/","title":{"rendered":"Plan D&#8217;Acc\u00e8s"},"content":{"rendered":"<h2>Navette depuis Watford Junction<\/h2>\n<p>Votre trajet jusqu\u2019au Studio Tour est neutre en carbone, car nos bus fonctionnent \u00e0 l\u2019\u00e9lectricit\u00e9. Ce trajet est inclus dans votre billet d\u2019entr\u00e9e.<\/p>\n<p>Des navettes r\u00e9guli\u00e8res circulent entre Watford Junction et le Studio Tour, pour un trajet d\u2019environ 15\u00a0minutes. Les bus partent au moins toutes les 30\u00a0minutes \u00e0 partir de 9\u00a0h\u00a020 (avec des services suppl\u00e9mentaires disponibles d\u00e8s 8\u00a0h\u00a015 lorsque la premi\u00e8re visite commence \u00e0 9\u00a0h). La derni\u00e8re navette de retour vers Watford Junction quittera le Studio Tour \u00e0 la fermeture du Tour. Pour plus d\u2019informations \u00e0 ce sujet, veuillez consulter le <a href=\"https:\/\/stage.wbstudiotour.co.uk\/opening-times\/\">calendrier des horaires d\u2019ouverture<\/a>.<\/p>\n<p><a href=\"https:\/\/stage.wbstudiotour.co.uk\/opening-times\/\">Cliquez ici<\/a> pour consulter notre suivi de bus en temps r\u00e9el.<\/p>\n<p>Veuillez noter que les trottinettes \u00e9lectriques ne sont pas autoris\u00e9es \u00e0 bord de notre navette ni sur le site du Studio Tour.<\/p>\n<hr \/>\n<h2>Voyager en train<\/h2>\n<p>La gare la plus proche du Studio Tour est celle de Watford Junction, o\u00f9 arrivent des trains directs en provenance des gares d&#8217;Euston \u00e0 Londres (20 minutes de trajet) et de New Street \u00e0 Birmingham (une heure de trajet).<\/p>\n<p>D&#8217;autres trains non directs partent de la gare d&#8217;Euston \u00e0 Londres, mais sachez qu&#8217;ils peuvent mettre plus de temps \u00e0 atteindre Watford Junction.<\/p>\n<p>Il est possible d&#8217;utiliser la carte Oyster entre les stations London Euston et Watford Junction.<\/p>\n<p><img loading=\"lazy\" decoding=\"async\" class=\"alignnone size-full wp-image-1122\" src=\"http:\/\/stage.wbstudiotour.co.uk\/wp-content\/uploads\/2019\/08\/map-getting-here.jpg\" alt=\"Map to Studio Tour\" width=\"1359\" height=\"1019\" srcset=\"https:\/\/stage.wbstudiotour.co.uk\/wp-content\/uploads\/2019\/08\/map-getting-here.jpg 1359w, https:\/\/stage.wbstudiotour.co.uk\/wp-content\/uploads\/2019\/08\/map-getting-here-300x225.jpg 300w, https:\/\/stage.wbstudiotour.co.uk\/wp-content\/uploads\/2019\/08\/map-getting-here-768x576.jpg 768w, https:\/\/stage.wbstudiotour.co.uk\/wp-content\/uploads\/2019\/08\/map-getting-here-1024x768.jpg 1024w\" sizes=\"auto, (max-width: 1359px) 100vw, 1359px\" \/><\/p>\n<hr \/>\n<h2>Voyager en voiture<\/h2>\n<h3>Parking<\/h3>\n<p>Le stationnement est gratuit dans notre parking situ\u00e9 juste \u00e0 l&#8217;ext\u00e9rieur du Studio Tour. Un certain nombre de places de stationnement pour personnes \u00e0 mobilit\u00e9 r\u00e9duite sont disponibles pr\u00e8s de l&#8217;entr\u00e9e principale \u00e0 la convenance des visiteurs qui y ont droit.<\/p>\n<p>Quand vous entrez dans le parking, pensez \u00e0 pr\u00e9parer votre confirmation de r\u00e9servation pour la montrer \u00e0 notre \u00e9quipe de voituriers. Si vous effectuez une visite au sein d&#8217;un groupe qui voyage s\u00e9par\u00e9ment, chaque v\u00e9hicule devra montrer une confirmation de r\u00e9servation \u00e0 l&#8217;entr\u00e9e du parking.<\/p>\n<h3>Parking prioritaire<\/h3>\n<p>Le parking prioritaire est situ\u00e9 \u00e0 proximit\u00e9 de l&#8217;entr\u00e9e du Studio Tour, et un billet peut \u00eatre achet\u00e9 en ligne avec vos billets du Studio Tour pour 10 \u00a3 suppl\u00e9mentaires.<\/p>\n<p>Le parking prioritaire est uniquement disponible sur r\u00e9servation avant votre visite, et ne peut pas \u00eatre achet\u00e9 le jour m\u00eame.<\/p>\n<p>Si vous avez choisi d&#8217;obtenir des billets \u00e9lectroniques, votre billet de parking prioritaire sera livr\u00e9 en pi\u00e8ce jointe avec vos billets d&#8217;admission. Si vous avez choisi d&#8217;obtenir vos billets par voie postale, vous recevrez un billet de parking prioritaire imprim\u00e9.<\/p>\n<p>Lors de votre arriv\u00e9e au Studio Tour, veuillez pr\u00e9senter votre billet de parking prioritaire ; vous recevrez un autocollant pour votre pare-brise et l&#8217;acc\u00e8s au parking prioritaire vous sera indiqu\u00e9.<\/p>\n<h3>Venir en utilisant un GPS<\/h3>\n<p>Notre code postal est WD25\u00a07LR. \u00c0 l\u2019approche du Studio Tour, des panneaux marron indiquant \u00ab\u00a0Warner Bros. Studio Tour\u00a0\u00bb vous guideront vers notre entr\u00e9e.<\/p>\n<p>Vous pouvez \u00e9galement vous rendre au Studio Tour \u00e0 l\u2019aide de l\u2019application What3Words avec les mots-cl\u00e9s <a href=\"https:\/\/what3words.com\/stocks.jelly.film\">\/\/\/stocks.jelly.film.<\/a><\/p>\n<h3>SE RENDRE EN TAXI<\/h3>\n<p>Warner Bros. Studio Tour London dispose d\u2019un point pour d\u00e9poser ou r\u00e9cup\u00e9rer les passagers, accessible avec le code postal WD25 7LR ou l\u2019application What3Words avec les mots-cl\u00e9s <a href=\"https:\/\/what3words.com\/stocks.jelly.film\">\/\/\/stocks.jelly.film.<\/a> Pour la s\u00e9curit\u00e9 de tous nos visiteurs, nous vous recommandons d\u2019utiliser uniquement des taxis autoris\u00e9s r\u00e9serv\u00e9s \u00e0 l\u2019avance. Le Studio Tour est bas\u00e9 \u00e0 Leavesden et plusieurs stations de taxis locaux desservent cette zone. Si vous avez besoin d\u2019aide, un membre de notre bureau d\u2019information se fera un plaisir de vous assister.<\/p>\n<h3>PRISE EN CHARGE PAR TAXI<\/h3>\n<p>Si un taxi vient vous chercher au Studio Tour, le point de prise en charge indiqu\u00e9 sur What3Words est <a href=\"https:\/\/what3words.com\/dame.palace.fairly\">\/\/\/dame.palace.fairly.<\/a><\/p>\n<hr \/>\n<h2>ITIN\u00c9RAIRE<\/h2>\n<h3>Depuis le nord<\/h3>\n<p>Prenez la sortie 6a sur la M1 et rejoignez la M25 (Heathrow). Prenez la sortie 20 sur la M25 et dirigez-vous vers le sud-est sur l&#8217;A41 en direction de Londres (NW &amp; C). Restez sur la voie de gauche au rond-point de Hunton Bridge. Mettez-vous sur la voie de gauche sur l&#8217;A405 (St Albans). Prenez \u00e0 gauche \u00e0 l&#8217;embranchement, puis la premi\u00e8re sortie au rond-point du Studio Tour.<\/p>\n<h3>Depuis la M25<\/h3>\n<p>Dans le sens des aiguilles d&#8217;une montre : Sortir de la M25 \u00e0 la jonction 19. Au rond-point de Hunton Bridge, prenez la deuxi\u00e8me sortie sur l&#8217;A41 (Central London) et prenez la voie de gauche pour l&#8217;A405 (St Albans). Prenez la bifurcation \u00e0 gauche et prenez la premi\u00e8re sortie au rond-point pour entrer dans le Studio Tour.<\/p>\n<p>Dans le sens inverse des aiguilles d&#8217;une montre : Sortez de la M25 \u00e0 la jonction 20 et dirigez-vous vers le sud-est sur l&#8217;A41 en direction de Londres (NW &amp; C). Restez sur la voie de gauche au rond-point de Hunton Bridge. Mettez-vous sur la voie de gauche pour l&#8217;A405 (St Albans). Prenez la bifurcation de gauche et prenez la premi\u00e8re sortie au rond-point pour entrer dans le Studio Tour.<\/p>\n<h3>Depuis Londres<\/h3>\n<p>Sortez de la M1 \u00e0 la sortie 5 et prenez l&#8217;A41 (North Watford) sur environ 3 miles. Au rond-point de Hunton Bridge, prenez la 4e sortie et revenez sur l&#8217;A41. Restez sur la voie de gauche et prenez la premi\u00e8re sortie. Gardez la gauche \u00e0 l&#8217;intersection en Y et prenez la premi\u00e8re sortie au rond-point pour entrer dans le Studio Tour.<\/p>\n<hr \/>\n<h2>Transferts en bus<\/h2>\n<p>Pour que votre voyage se d\u00e9roule sans encombre, pourquoi ne pas vous rendre directement du centre de Londres jusqu&#8217;au Studio Tour en bus ? Golden Tours, notre partenaire privil\u00e9gi\u00e9, propose des forfaits comprenant les billets de la visite et des aller-retour toutes les heures dans des bus sp\u00e9ciaux climatis\u00e9s. Des options comprenant uniquement le voyage sont \u00e9galement disponibles pour ceux qui ont d\u00e9j\u00e0 achet\u00e9 leurs billets.<\/p>\n<p><a class=\"wbstl-btn blue\" href=\"https:\/\/stage.wbstudiotour.co.uk\/golden-tours-leaving-site-2\/\" target=\"_blank\" rel=\"noopener noreferrer\">FORFAITS TRANSFERT EN BUS DEPUIS LONDRES + BILLET D\u2019ENTR\u00c9E<\/a><\/p>\n<p><a class=\"wbstl-btn blue\" href=\"https:\/\/stage.wbstudiotour.co.uk\/golden-tours-leaving-site-3\/\" target=\"_blank\" rel=\"noopener noreferrer\">TRANSFERT EN BUS DEPUIS LONDRES UNIQUEMENT*<\/a><\/p>\n<p><em>*Option de transfert uniquement disponible pour ceux qui ont d\u00e9j\u00e0 achet\u00e9 leurs billets d&#8217;entr\u00e9e au Studio Tour.<\/em><\/p>\n<hr \/>\n<h2>Voyager depuis un a\u00e9roport<\/h2>\n<p>Le Studio Tour est facilement accessible par la route et le rail depuis les quatre principaux a\u00e9roports de Londres :<\/p>\n<p>Londres Luton \u2013 27 kilom\u00e8tres<br \/>\nLondres Heathrow \u2013 37 kilom\u00e8tres<br \/>\nLondres Stansted \u2013 76 kilom\u00e8tres<br \/>\nLondres Gatwick \u2013 93 kilom\u00e8tres<\/p>\n","protected":false},"excerpt":{"rendered":"<p>Navette depuis Watford Junction Votre trajet jusqu\u2019au Studio Tour est neutre en carbone, car nos bus fonctionnent \u00e0 l\u2019\u00e9lectricit\u00e9. Ce trajet est inclus dans votre billet d\u2019entr\u00e9e. Des navettes r\u00e9guli\u00e8res circulent entre Watford Junction et le Studio Tour, pour un trajet d\u2019environ 15\u00a0minutes. Les bus partent au moins toutes les 30\u00a0minutes \u00e0 partir de 9\u00a0h\u00a020 [&hellip;]<\/p>\n","protected":false},"author":6,"featured_media":3359,"parent":0,"menu_order":0,"comment_status":"closed","ping_status":"closed","template":"","meta":{"_acf_changed":false,"footnotes":""},"class_list":["post-153","page","type-page","status-publish","has-post-thumbnail","hentry"],"translation":{"provider":"WPGlobus","version":"3.0.2","language":"fr","enabled_languages":["en","es","de","fr","it"],"languages":{"en":{"title":true,"content":true,"excerpt":false},"es":{"title":true,"content":true,"excerpt":false},"de":{"title":true,"content":true,"excerpt":false},"fr":{"title":true,"content":true,"excerpt":false},"it":{"title":true,"content":true,"excerpt":false}}},"acf":{"add_cross_sell_to_page":{"ID":182,"post_author":"6","post_date":"2019-06-17 19:51:50","post_date_gmt":"2019-06-17 19:51:50","post_content":"","post_title":"Bus Transfers","post_excerpt":"","post_status":"publish","comment_status":"closed","ping_status":"closed","post_password":"","post_name":"bus-transfers","to_ping":"","pinged":"","post_modified":"2021-12-03 12:18:39","post_modified_gmt":"2021-12-03 12:18:39","post_content_filtered":"","post_parent":0,"guid":"http:\/\/stage.wbstudiotour.co.uk\/?post_type=wbstl_cross_sells&#038;p=182","menu_order":0,"post_type":"wbstl_cross_sells","post_mime_type":"","comment_count":"0","filter":"raw"},"add_newsletter_sign_up_next_to_cross_sell":true,"choose_sidebar_entries":[{"ID":1123,"post_author":"6","post_date":"2019-08-16 17:06:07","post_date_gmt":"2019-08-16 16:06:07","post_content":"","post_title":"Bus Transfers","post_excerpt":"","post_status":"publish","comment_status":"closed","ping_status":"closed","post_password":"","post_name":"bus-transfers","to_ping":"","pinged":"","post_modified":"2025-03-24 12:23:22","post_modified_gmt":"2025-03-24 12:23:22","post_content_filtered":"","post_parent":0,"guid":"http:\/\/stage.wbstudiotour.co.uk\/?post_type=wbstl_sidebar&#038;p=1123","menu_order":0,"post_type":"wbstl_sidebar","post_mime_type":"","comment_count":"0","filter":"raw"},{"ID":161,"post_author":"6","post_date":"2019-06-17 18:25:14","post_date_gmt":"2019-06-17 18:25:14","post_content":"","post_title":"{:en}Explore the Tour{:}{:es}EXPLORAR EL TOUR{:}{:de}ENTDECKEN SIE DIE TOUR{:}{:fr}EXPLOREZ LE TOUR{:}","post_excerpt":"","post_status":"publish","comment_status":"closed","ping_status":"closed","post_password":"","post_name":"explore-the-tour","to_ping":"","pinged":"","post_modified":"2019-08-28 22:44:40","post_modified_gmt":"2019-08-28 21:44:40","post_content_filtered":"","post_parent":0,"guid":"http:\/\/stage.wbstudiotour.co.uk\/?post_type=wbstl_sidebar&#038;p=161","menu_order":0,"post_type":"wbstl_sidebar","post_mime_type":"","comment_count":"0","filter":"raw"},{"ID":787,"post_author":"6","post_date":"2019-07-17 21:36:06","post_date_gmt":"2019-07-17 21:36:06","post_content":"","post_title":"{:en}When You Arrive{:}{:es}CUANDO LLEGUES{:}{:de}WENN DU ANKOMMST{:}{:fr}QUAND VOUS ARRIVEZ{:}","post_excerpt":"","post_status":"publish","comment_status":"closed","ping_status":"closed","post_password":"","post_name":"when-you-arrive","to_ping":"","pinged":"","post_modified":"2019-12-05 15:08:06","post_modified_gmt":"2019-12-05 15:08:06","post_content_filtered":"","post_parent":0,"guid":"http:\/\/stage.wbstudiotour.co.uk\/?post_type=wbstl_sidebar&#038;p=787","menu_order":0,"post_type":"wbstl_sidebar","post_mime_type":"","comment_count":"0","filter":"raw"},{"ID":157,"post_author":"6","post_date":"2019-06-17 18:23:26","post_date_gmt":"2019-06-17 18:23:26","post_content":"","post_title":"{:en}Enhance Your Visit{:}{:es}MEJORA TU VISITA{:}{:de}ENTSTANDEN SIE IHREN BESUCH{:}{:fr}ENRICHIR VOTRE VISITE{:}","post_excerpt":"","post_status":"publish","comment_status":"closed","ping_status":"closed","post_password":"","post_name":"enhance-your-visit","to_ping":"","pinged":"","post_modified":"2022-10-10 12:34:01","post_modified_gmt":"2022-10-10 11:34:01","post_content_filtered":"","post_parent":0,"guid":"http:\/\/stage.wbstudiotour.co.uk\/?post_type=wbstl_sidebar&#038;p=157","menu_order":0,"post_type":"wbstl_sidebar","post_mime_type":"","comment_count":"0","filter":"raw"}],"wbstl_use_fancy_lists":false,"wbstl_hero_video":"","wbstl_hv_mobile_placeholder":false,"wbstl_hv_tablet_placeholder":false,"wbstl_hv_subtitle":"","wbstl_hv_add_ticket_purchase_cta":false,"wbstl_ii_image":"https:\/\/stage.wbstudiotour.co.uk\/wp-content\/uploads\/2019\/08\/Getting-Here.jpg","wbstl_ii_content":"","add_cross_sell_to_page2":false,"wbstl_hv_cta_button_text":"","wbstl_hv_cta_link":"","wbstl_hv_show_cta_note":false,"wbstl_hv_cta_note":"","wbstl_hv_title_color":"","wbstl_hv_text_color":"","wbstl_hv_show_video_overlay":true,"wbstl_hv_cta_button_redeem_text":"","wbstl_hv_cta_redeem_link":""},"yoast_head":"<!-- This site is optimized with the Yoast SEO plugin v27.4 - https:\/\/yoast.com\/product\/yoast-seo-wordpress\/ -->\n<title>How to get to Warner Bros. Studio Tour London - Warner Bros. Studio Tour London<\/title>\n<meta name=\"robots\" content=\"index, follow, max-snippet:-1, max-image-preview:large, max-video-preview:-1\" \/>\n<link rel=\"canonical\" href=\"https:\/\/stage.wbstudiotour.co.uk\/getting-here\/\" \/>\n<meta property=\"og:locale\" content=\"fr_FR\" \/>\n<meta property=\"og:type\" content=\"article\" \/>\n<meta property=\"og:title\" content=\"Getting to Warner Bros. Studio Tour London\" \/>\n<meta property=\"og:description\" content=\"Find out where to park, how to get here, where to drop off and train stations. See how you can get here from Euston or Watford Juction.\" \/>\n<meta property=\"og:url\" content=\"https:\/\/stage.wbstudiotour.co.uk\/getting-here\/\" \/>\n<meta property=\"og:site_name\" content=\"Warner Bros. Studio Tour London\" \/>\n<meta property=\"article:modified_time\" content=\"2026-03-24T11:12:49+00:00\" \/>\n<meta property=\"og:image\" content=\"http:\/\/stage.wbstudiotour.co.uk\/wp-content\/uploads\/2019\/12\/header-getting-here-hogwarts-express.jpg\" \/>\n\t<meta property=\"og:image:width\" content=\"2048\" \/>\n\t<meta property=\"og:image:height\" content=\"1365\" \/>\n\t<meta property=\"og:image:type\" content=\"image\/jpeg\" \/>\n<meta name=\"twitter:card\" content=\"summary_large_image\" \/>\n<meta name=\"twitter:title\" content=\"Getting to Warner Bros. Studio Tour London\" \/>\n<meta name=\"twitter:description\" content=\"Find out where to park, how to get here, where to drop off and train stations. See how you can get here from Euston or Watford Juction.\" \/>\n<meta name=\"twitter:image\" content=\"http:\/\/stage.wbstudiotour.co.uk\/wp-content\/uploads\/2019\/12\/header-getting-here-hogwarts-express.jpg\" \/>\n<script type=\"application\/ld+json\" class=\"yoast-schema-graph\">{\"@context\":\"https:\\\/\\\/schema.org\",\"@graph\":[{\"@type\":\"ImageObject\",\"inLanguage\":\"fr-FR\",\"@id\":\"https:\\\/\\\/stage.wbstudiotour.co.uk\\\/getting-here\\\/#primaryimage\",\"url\":\"https:\\\/\\\/stage.wbstudiotour.co.uk\\\/wp-content\\\/uploads\\\/2019\\\/12\\\/header-getting-here-hogwarts-express.jpg\",\"contentUrl\":\"https:\\\/\\\/stage.wbstudiotour.co.uk\\\/wp-content\\\/uploads\\\/2019\\\/12\\\/header-getting-here-hogwarts-express.jpg\",\"width\":2048,\"height\":1365},{\"@type\":\"BreadcrumbList\",\"@id\":\"https:\\\/\\\/stage.wbstudiotour.co.uk\\\/getting-here\\\/#breadcrumb\",\"itemListElement\":[{\"@type\":\"ListItem\",\"position\":1,\"name\":\"Home\",\"item\":\"https:\\\/\\\/stage.wbstudiotour.co.uk\\\/\"},{\"@type\":\"ListItem\",\"position\":2,\"name\":\"Getting Here\"}]},{\"@type\":\"WebSite\",\"@id\":\"https:\\\/\\\/www.wbstudiotour.co.uk\\\/fr\\\/#website\",\"url\":\"https:\\\/\\\/www.wbstudiotour.co.uk\\\/fr\\\/\",\"name\":\"Warner Bros. Studio Tour London\",\"description\":\"\",\"potentialAction\":[{\"@type\":\"SearchAction\",\"target\":{\"@type\":\"EntryPoint\",\"urlTemplate\":\"https:\\\/\\\/www.wbstudiotour.co.uk\\\/fr\\\/?s={search_term_string}\"},\"query-input\":{\"@type\":\"PropertyValueSpecification\",\"valueRequired\":true,\"valueName\":\"search_term_string\"}}],\"inLanguage\":\"fr-FR\"}]}<\/script>\n<!-- \/ Yoast SEO plugin. -->","yoast_head_json":{"title":"How to get to Warner Bros. Studio Tour London - Warner Bros. Studio Tour London","robots":{"index":"index","follow":"follow","max-snippet":"max-snippet:-1","max-image-preview":"max-image-preview:large","max-video-preview":"max-video-preview:-1"},"canonical":"https:\/\/stage.wbstudiotour.co.uk\/getting-here\/","og_locale":"fr_FR","og_type":"article","og_title":"Getting to Warner Bros. Studio Tour London","og_description":"Find out where to park, how to get here, where to drop off and train stations. See how you can get here from Euston or Watford Juction.","og_url":"https:\/\/stage.wbstudiotour.co.uk\/getting-here\/","og_site_name":"Warner Bros. Studio Tour London","article_modified_time":"2026-03-24T11:12:49+00:00","og_image":[{"width":2048,"height":1365,"url":"http:\/\/stage.wbstudiotour.co.uk\/wp-content\/uploads\/2019\/12\/header-getting-here-hogwarts-express.jpg","type":"image\/jpeg"}],"twitter_card":"summary_large_image","twitter_title":"Getting to Warner Bros. Studio Tour London","twitter_description":"Find out where to park, how to get here, where to drop off and train stations. See how you can get here from Euston or Watford Juction.","twitter_image":"http:\/\/stage.wbstudiotour.co.uk\/wp-content\/uploads\/2019\/12\/header-getting-here-hogwarts-express.jpg","schema":{"@context":"https:\/\/schema.org","@graph":[{"@type":"ImageObject","inLanguage":"fr-FR","@id":"https:\/\/stage.wbstudiotour.co.uk\/getting-here\/#primaryimage","url":"https:\/\/stage.wbstudiotour.co.uk\/wp-content\/uploads\/2019\/12\/header-getting-here-hogwarts-express.jpg","contentUrl":"https:\/\/stage.wbstudiotour.co.uk\/wp-content\/uploads\/2019\/12\/header-getting-here-hogwarts-express.jpg","width":2048,"height":1365},{"@type":"BreadcrumbList","@id":"https:\/\/stage.wbstudiotour.co.uk\/getting-here\/#breadcrumb","itemListElement":[{"@type":"ListItem","position":1,"name":"Home","item":"https:\/\/stage.wbstudiotour.co.uk\/"},{"@type":"ListItem","position":2,"name":"Getting Here"}]},{"@type":"WebSite","@id":"https:\/\/www.wbstudiotour.co.uk\/fr\/#website","url":"https:\/\/www.wbstudiotour.co.uk\/fr\/","name":"Warner Bros. Studio Tour London","description":"","potentialAction":[{"@type":"SearchAction","target":{"@type":"EntryPoint","urlTemplate":"https:\/\/www.wbstudiotour.co.uk\/fr\/?s={search_term_string}"},"query-input":{"@type":"PropertyValueSpecification","valueRequired":true,"valueName":"search_term_string"}}],"inLanguage":"fr-FR"}]}},"_links":{"self":[{"href":"https:\/\/stage.wbstudiotour.co.uk\/fr\/wp-json\/wp\/v2\/pages\/153","targetHints":{"allow":["GET"]}}],"collection":[{"href":"https:\/\/stage.wbstudiotour.co.uk\/fr\/wp-json\/wp\/v2\/pages"}],"about":[{"href":"https:\/\/stage.wbstudiotour.co.uk\/fr\/wp-json\/wp\/v2\/types\/page"}],"author":[{"embeddable":true,"href":"https:\/\/stage.wbstudiotour.co.uk\/fr\/wp-json\/wp\/v2\/users\/6"}],"replies":[{"embeddable":true,"href":"https:\/\/stage.wbstudiotour.co.uk\/fr\/wp-json\/wp\/v2\/comments?post=153"}],"version-history":[{"count":78,"href":"https:\/\/stage.wbstudiotour.co.uk\/fr\/wp-json\/wp\/v2\/pages\/153\/revisions"}],"predecessor-version":[{"id":37176,"href":"https:\/\/stage.wbstudiotour.co.uk\/fr\/wp-json\/wp\/v2\/pages\/153\/revisions\/37176"}],"wp:featuredmedia":[{"embeddable":true,"href":"https:\/\/stage.wbstudiotour.co.uk\/fr\/wp-json\/wp\/v2\/media\/3359"}],"wp:attachment":[{"href":"https:\/\/stage.wbstudiotour.co.uk\/fr\/wp-json\/wp\/v2\/media?parent=153"}],"curies":[{"name":"wp","href":"https:\/\/api.w.org\/{rel}","templated":true}]}}