{"id":155,"date":"2019-06-17T18:21:54","date_gmt":"2019-06-17T18:21:54","guid":{"rendered":"http:\/\/stage.wbstudiotour.co.uk\/?page_id=155"},"modified":"2025-07-01T12:04:02","modified_gmt":"2025-07-01T11:04:02","slug":"enhance-your-visit","status":"publish","type":"page","link":"https:\/\/stage.wbstudiotour.co.uk\/fr\/enhance-your-visit\/","title":{"rendered":"Enrichir Votre Visite"},"content":{"rendered":"<h2>Passeport D&#8217;Activit\u00e9s<\/h2>\n<p>Pendant votre visite, assurez-vous de r\u00e9cup\u00e9rer un passeport d&#8217;activit\u00e9s gratuit qui inclut une chasse amusante au Vif d&#8217;or, des \u00e9nigmes et des anecdotes pour enrichir votre visite. Le passeport comprend \u00e9galement un espace pour les tampons souvenirs que vous pouvez collecter \u00e0 diff\u00e9rents endroits cl\u00e9s tout au long de la visite, par exemple sur la Voie 9 \u00be et \u00e0 la banque Gringotts.<\/p>\n<p>Vous pouvez r\u00e9cup\u00e9rer un passeport en vous adressant \u00e0 un membre du personnel \u00e0 tout moment au Studio Tour.<\/p>\n<p><img loading=\"lazy\" decoding=\"async\" class=\"alignnone wp-image-18948 size-large\" src=\"http:\/\/stage.wbstudiotour.co.uk\/wp-content\/uploads\/2022\/10\/Activity-Passport-1024x726.jpg\" alt=\"Enhance your visit with a free activity passport\" width=\"1024\" height=\"726\" srcset=\"https:\/\/stage.wbstudiotour.co.uk\/wp-content\/uploads\/2022\/10\/Activity-Passport-1024x726.jpg 1024w, https:\/\/stage.wbstudiotour.co.uk\/wp-content\/uploads\/2022\/10\/Activity-Passport-300x213.jpg 300w, https:\/\/stage.wbstudiotour.co.uk\/wp-content\/uploads\/2022\/10\/Activity-Passport-768x545.jpg 768w, https:\/\/stage.wbstudiotour.co.uk\/wp-content\/uploads\/2022\/10\/Activity-Passport.jpg 1197w\" sizes=\"auto, (max-width: 1024px) 100vw, 1024px\" \/><\/p>\n<hr \/>\n<h2>Guide Souvenir<\/h2>\n<p>Notre guide souvenir est l&#8217;objet id\u00e9al avec lequel repartir pour vous rappeler votre visite au Studio Tour. Il comprend des informations d\u00e9taill\u00e9es sur les films de la saga Harry Potter, notamment de nombreux secrets de tournage.<\/p>\n<p>Vous pouvez r\u00e9server votre guide souvenir avec vos billets pour seulement <strong>9,95 \u00a3<\/strong> et le r\u00e9cup\u00e9rer au Studio Tour. Nous vous conseillons de le r\u00e9cup\u00e9rer au bureau d&#8217;informations en quittant le Studio Tour pour ne g\u00e2cher aucune surprise.<\/p>\n<p>Des guides souvenirs reli\u00e9s sont \u00e9galement disponibles pour <strong>14,95 \u00a3<\/strong>.<\/p>\n<hr \/>\n<h2>Guide Num\u00e9rique<\/h2>\n<p>Nos guides num\u00e9riques de poche regorgent d&#8217;anecdotes fascinantes sur les d\u00e9cors, costumes et accessoires expos\u00e9s au Studio Tour. Une option de sous-titr\u00e9 \u00e0 destination des personnes malentendantes est \u00e9galement disponible.<\/p>\n<p>Regardez des interviews in\u00e9dites de l&#8217;\u00e9quipe du film et des images exclusives des coulisses. Disponibles pour seulement <strong>5,25 \u00a3<\/strong>, les guides num\u00e9riques peuvent \u00eatre r\u00e9serv\u00e9s avec vos billets ou lou\u00e9s \u00e0 votre arriv\u00e9e.<\/p>\n<p>Nous proposons \u00e9galement un forfait de guides num\u00e9riques pour les groupes au prix de <strong>13,95 \u00a3<\/strong> (ce qui peut vous faire \u00e9conomiser jusqu&#8217;\u00e0 <strong>7,05 \u00a3<\/strong>). Le forfait pour les groupes est valable pour trois ou quatre visiteurs.<\/p>\n<p><iframe loading=\"lazy\" title=\"Digital Guide - Warner Bros. Studio Tour London\" width=\"848\" height=\"477\" src=\"https:\/\/www.youtube-nocookie.com\/embed\/Jr7Fu9fWjIg?feature=oembed\" frameborder=\"0\" allow=\"accelerometer; autoplay; clipboard-write; encrypted-media; gyroscope; picture-in-picture; web-share\" referrerpolicy=\"strict-origin-when-cross-origin\" allowfullscreen><\/iframe><\/p>\n<hr \/>\n<h2>Exp\u00e9rience D&#8217;\u00c9cran Vert<\/h2>\n<p>Saisissez cette chance de d\u00e9couvrir par vous-m\u00eame la technologie des fonds verts et enfourchez un balai au-dessus de Londres comme les acteurs pendant le tournage ! Apr\u00e8s avoir enfil\u00e9 une robe de Poudlard, vous pouvez monter sur un balai et voir comment Harry et ses amis ont r\u00e9ussi \u00e0 voler.<\/p>\n<p>Rentrez chez vous avec un souvenir de votre vol en balai gr\u00e2ce \u00e0 une photo, un DVD ou une cl\u00e9 USB HD (disponibles dans divers forfaits).<\/p>\n<p><img loading=\"lazy\" decoding=\"async\" class=\"alignnone wp-image-18959 size-full\" src=\"http:\/\/stage.wbstudiotour.co.uk\/wp-content\/uploads\/2022\/10\/Green-Screen-Experience-1.jpg\" alt=\"Green Screen Experience at Warner Bros. Studio Tour London\" width=\"1000\" height=\"713\" srcset=\"https:\/\/stage.wbstudiotour.co.uk\/wp-content\/uploads\/2022\/10\/Green-Screen-Experience-1.jpg 1000w, https:\/\/stage.wbstudiotour.co.uk\/wp-content\/uploads\/2022\/10\/Green-Screen-Experience-1-300x214.jpg 300w, https:\/\/stage.wbstudiotour.co.uk\/wp-content\/uploads\/2022\/10\/Green-Screen-Experience-1-768x548.jpg 768w\" sizes=\"auto, (max-width: 1000px) 100vw, 1000px\" \/><\/p>\n","protected":false},"excerpt":{"rendered":"<p>Passeport D&#8217;Activit\u00e9s Pendant votre visite, assurez-vous de r\u00e9cup\u00e9rer un passeport d&#8217;activit\u00e9s gratuit qui inclut une chasse amusante au Vif d&#8217;or, des \u00e9nigmes et des anecdotes pour enrichir votre visite. Le passeport comprend \u00e9galement un espace pour les tampons souvenirs que vous pouvez collecter \u00e0 diff\u00e9rents endroits cl\u00e9s tout au long de la visite, par exemple [&hellip;]<\/p>\n","protected":false},"author":6,"featured_media":1054,"parent":0,"menu_order":0,"comment_status":"closed","ping_status":"closed","template":"","meta":{"_acf_changed":false,"footnotes":""},"class_list":["post-155","page","type-page","status-publish","has-post-thumbnail","hentry"],"translation":{"provider":"WPGlobus","version":"3.0.2","language":"fr","enabled_languages":["en","es","de","fr","it"],"languages":{"en":{"title":true,"content":true,"excerpt":false},"es":{"title":true,"content":true,"excerpt":false},"de":{"title":true,"content":true,"excerpt":false},"fr":{"title":true,"content":true,"excerpt":false},"it":{"title":true,"content":true,"excerpt":false}}},"acf":{"add_cross_sell_to_page":false,"add_newsletter_sign_up_next_to_cross_sell":false,"choose_sidebar_entries":[{"ID":152,"post_author":"6","post_date":"2019-06-17 18:21:25","post_date_gmt":"2019-06-17 18:21:25","post_content":"","post_title":"{:en}Getting Here{:}{:es}C\u00d3MO LLEGAR{:}{:de}ANREISE{:}{:fr}PLAN D'ACC\u00c8S{:}","post_excerpt":"","post_status":"publish","comment_status":"closed","ping_status":"closed","post_password":"","post_name":"getting-here","to_ping":"","pinged":"","post_modified":"2019-08-21 22:15:32","post_modified_gmt":"2019-08-21 21:15:32","post_content_filtered":"","post_parent":0,"guid":"http:\/\/stage.wbstudiotour.co.uk\/?post_type=wbstl_sidebar&#038;p=152","menu_order":0,"post_type":"wbstl_sidebar","post_mime_type":"","comment_count":"0","filter":"raw"},{"ID":161,"post_author":"6","post_date":"2019-06-17 18:25:14","post_date_gmt":"2019-06-17 18:25:14","post_content":"","post_title":"{:en}Explore the Tour{:}{:es}EXPLORAR EL TOUR{:}{:de}ENTDECKEN SIE DIE TOUR{:}{:fr}EXPLOREZ LE TOUR{:}","post_excerpt":"","post_status":"publish","comment_status":"closed","ping_status":"closed","post_password":"","post_name":"explore-the-tour","to_ping":"","pinged":"","post_modified":"2019-08-28 22:44:40","post_modified_gmt":"2019-08-28 21:44:40","post_content_filtered":"","post_parent":0,"guid":"http:\/\/stage.wbstudiotour.co.uk\/?post_type=wbstl_sidebar&#038;p=161","menu_order":0,"post_type":"wbstl_sidebar","post_mime_type":"","comment_count":"0","filter":"raw"}],"wbstl_use_fancy_lists":false,"wbstl_hero_video":"","wbstl_hv_mobile_placeholder":false,"wbstl_hv_tablet_placeholder":false,"wbstl_hv_subtitle":"","wbstl_hv_add_ticket_purchase_cta":false,"wbstl_ii_image":false,"wbstl_ii_content":"","add_cross_sell_to_page2":false,"wbstl_hv_cta_button_text":"","wbstl_hv_cta_link":"","wbstl_hv_show_cta_note":false,"wbstl_hv_cta_note":"","wbstl_hv_title_color":"","wbstl_hv_text_color":"","wbstl_hv_show_video_overlay":true,"wbstl_hv_cta_button_redeem_text":"wbstl_hv_cta_button_redeem_text","wbstl_hv_cta_redeem_link":""},"yoast_head":"<!-- This site is optimized with the Yoast SEO plugin v27.4 - https:\/\/yoast.com\/product\/yoast-seo-wordpress\/ -->\n<title>Enrichir Votre Visite - Warner Bros. Studio Tour London<\/title>\n<meta name=\"robots\" content=\"index, follow, max-snippet:-1, max-image-preview:large, max-video-preview:-1\" \/>\n<link rel=\"canonical\" href=\"https:\/\/www.wbstudiotour.co.uk\/enhance-your-visit\/\" \/>\n<meta property=\"og:locale\" content=\"fr_FR\" \/>\n<meta property=\"og:type\" content=\"article\" \/>\n<meta property=\"og:title\" content=\"Enrichir Votre Visite - Warner Bros. Studio Tour London\" \/>\n<meta property=\"og:url\" content=\"https:\/\/www.wbstudiotour.co.uk\/enhance-your-visit\/\" \/>\n<meta property=\"og:site_name\" content=\"Warner Bros. Studio Tour London\" \/>\n<meta property=\"article:modified_time\" content=\"2025-07-01T11:04:02+00:00\" \/>\n<meta property=\"og:image\" content=\"http:\/\/www.wbstudiotour.co.uk\/wp-content\/uploads\/2019\/08\/Enhance-Hero.jpg\" \/>\n\t<meta property=\"og:image:width\" content=\"1920\" \/>\n\t<meta property=\"og:image:height\" content=\"1279\" \/>\n\t<meta property=\"og:image:type\" content=\"image\/jpeg\" \/>\n<meta name=\"twitter:card\" content=\"summary_large_image\" \/>\n<script type=\"application\/ld+json\" class=\"yoast-schema-graph\">{\"@context\":\"https:\\\/\\\/schema.org\",\"@graph\":[{\"@type\":\"ImageObject\",\"inLanguage\":\"fr-FR\",\"@id\":\"https:\\\/\\\/www.wbstudiotour.co.uk\\\/enhance-your-visit\\\/#primaryimage\",\"url\":\"https:\\\/\\\/stage.wbstudiotour.co.uk\\\/wp-content\\\/uploads\\\/2019\\\/08\\\/Enhance-Hero.jpg\",\"contentUrl\":\"https:\\\/\\\/stage.wbstudiotour.co.uk\\\/wp-content\\\/uploads\\\/2019\\\/08\\\/Enhance-Hero.jpg\",\"width\":1920,\"height\":1279},{\"@type\":\"BreadcrumbList\",\"@id\":\"https:\\\/\\\/www.wbstudiotour.co.uk\\\/enhance-your-visit\\\/#breadcrumb\",\"itemListElement\":[{\"@type\":\"ListItem\",\"position\":1,\"name\":\"Home\",\"item\":\"https:\\\/\\\/stage.wbstudiotour.co.uk\\\/\"},{\"@type\":\"ListItem\",\"position\":2,\"name\":\"Enhance Your Visit\"}]},{\"@type\":\"WebSite\",\"@id\":\"https:\\\/\\\/www.wbstudiotour.co.uk\\\/fr\\\/#website\",\"url\":\"https:\\\/\\\/www.wbstudiotour.co.uk\\\/fr\\\/\",\"name\":\"Warner Bros. Studio Tour London\",\"description\":\"\",\"potentialAction\":[{\"@type\":\"SearchAction\",\"target\":{\"@type\":\"EntryPoint\",\"urlTemplate\":\"https:\\\/\\\/www.wbstudiotour.co.uk\\\/fr\\\/?s={search_term_string}\"},\"query-input\":{\"@type\":\"PropertyValueSpecification\",\"valueRequired\":true,\"valueName\":\"search_term_string\"}}],\"inLanguage\":\"fr-FR\"}]}<\/script>\n<!-- \/ Yoast SEO plugin. -->","yoast_head_json":{"title":"Enrichir Votre Visite - Warner Bros. Studio Tour London","robots":{"index":"index","follow":"follow","max-snippet":"max-snippet:-1","max-image-preview":"max-image-preview:large","max-video-preview":"max-video-preview:-1"},"canonical":"https:\/\/www.wbstudiotour.co.uk\/enhance-your-visit\/","og_locale":"fr_FR","og_type":"article","og_title":"Enrichir Votre Visite - Warner Bros. Studio Tour London","og_url":"https:\/\/www.wbstudiotour.co.uk\/enhance-your-visit\/","og_site_name":"Warner Bros. Studio Tour London","article_modified_time":"2025-07-01T11:04:02+00:00","og_image":[{"width":1920,"height":1279,"url":"http:\/\/www.wbstudiotour.co.uk\/wp-content\/uploads\/2019\/08\/Enhance-Hero.jpg","type":"image\/jpeg"}],"twitter_card":"summary_large_image","schema":{"@context":"https:\/\/schema.org","@graph":[{"@type":"ImageObject","inLanguage":"fr-FR","@id":"https:\/\/www.wbstudiotour.co.uk\/enhance-your-visit\/#primaryimage","url":"https:\/\/stage.wbstudiotour.co.uk\/wp-content\/uploads\/2019\/08\/Enhance-Hero.jpg","contentUrl":"https:\/\/stage.wbstudiotour.co.uk\/wp-content\/uploads\/2019\/08\/Enhance-Hero.jpg","width":1920,"height":1279},{"@type":"BreadcrumbList","@id":"https:\/\/www.wbstudiotour.co.uk\/enhance-your-visit\/#breadcrumb","itemListElement":[{"@type":"ListItem","position":1,"name":"Home","item":"https:\/\/stage.wbstudiotour.co.uk\/"},{"@type":"ListItem","position":2,"name":"Enhance Your Visit"}]},{"@type":"WebSite","@id":"https:\/\/www.wbstudiotour.co.uk\/fr\/#website","url":"https:\/\/www.wbstudiotour.co.uk\/fr\/","name":"Warner Bros. Studio Tour London","description":"","potentialAction":[{"@type":"SearchAction","target":{"@type":"EntryPoint","urlTemplate":"https:\/\/www.wbstudiotour.co.uk\/fr\/?s={search_term_string}"},"query-input":{"@type":"PropertyValueSpecification","valueRequired":true,"valueName":"search_term_string"}}],"inLanguage":"fr-FR"}]}},"_links":{"self":[{"href":"https:\/\/stage.wbstudiotour.co.uk\/fr\/wp-json\/wp\/v2\/pages\/155","targetHints":{"allow":["GET"]}}],"collection":[{"href":"https:\/\/stage.wbstudiotour.co.uk\/fr\/wp-json\/wp\/v2\/pages"}],"about":[{"href":"https:\/\/stage.wbstudiotour.co.uk\/fr\/wp-json\/wp\/v2\/types\/page"}],"author":[{"embeddable":true,"href":"https:\/\/stage.wbstudiotour.co.uk\/fr\/wp-json\/wp\/v2\/users\/6"}],"replies":[{"embeddable":true,"href":"https:\/\/stage.wbstudiotour.co.uk\/fr\/wp-json\/wp\/v2\/comments?post=155"}],"version-history":[{"count":49,"href":"https:\/\/stage.wbstudiotour.co.uk\/fr\/wp-json\/wp\/v2\/pages\/155\/revisions"}],"predecessor-version":[{"id":34535,"href":"https:\/\/stage.wbstudiotour.co.uk\/fr\/wp-json\/wp\/v2\/pages\/155\/revisions\/34535"}],"wp:featuredmedia":[{"embeddable":true,"href":"https:\/\/stage.wbstudiotour.co.uk\/fr\/wp-json\/wp\/v2\/media\/1054"}],"wp:attachment":[{"href":"https:\/\/stage.wbstudiotour.co.uk\/fr\/wp-json\/wp\/v2\/media?parent=155"}],"curies":[{"name":"wp","href":"https:\/\/api.w.org\/{rel}","templated":true}]}}