{"id":788,"date":"2019-01-20T07:45:00","date_gmt":"2019-01-20T07:45:00","guid":{"rendered":"http:\/\/stage.wbstudiotour.co.uk\/?page_id=788"},"modified":"2024-10-23T10:32:01","modified_gmt":"2024-10-23T09:32:01","slug":"when-you-arrive","status":"publish","type":"page","link":"https:\/\/stage.wbstudiotour.co.uk\/fr\/when-you-arrive\/","title":{"rendered":"\u00c0 votre arriv\u00e9e"},"content":{"rendered":"<h2>Heure d&#8217;entr\u00e9e<\/h2>\n<p>The <a href=\"\/studio-shops\/\">Studio Shop<\/a> is available to access after your Studio Tour. Due to the one-way system in place, it is currently not possible to visit the shop before your allocated time slot.<\/p>\n<p>\u00c0 votre arriv\u00e9e au Studio Tour, vous et vos bagages serez contr\u00f4l\u00e9s avant l&#8217;entr\u00e9e. Nous vous demandons de ne pas apporter de bagages volumineux ou multiples. Veuillez en tenir compte lorsque vous planifierez votre heure d&#8217;arriv\u00e9e et que vous r\u00e9fl\u00e9chirez \u00e0 ce que vous devez apporter \u00e0 l&#8217;int\u00e9rieur. Certains articles sont interdits d&#8217;acc\u00e8s \u00e0 la visite. Pour plus d&#8217;informations, <a href=\"\/wp-content\/uploads\/2019\/09\/WBSTL-Prohibited-Items.pdf\" target=\"_blank\" rel=\"noopener noreferrer\">cliquez ici<\/a>. Nous vous demandons de bien vouloir aider notre personnel dans ce processus.<\/p>\n<hr \/>\n<h2 id=\"parking\">Parking<\/h2>\n<p>Le stationnement est gratuit dans notre parking situ\u00e9 directement \u00e0 l&#8217;ext\u00e9rieur du Studio Tour. En entrant dans le parking, veuillez vous assurer que vous avez votre confirmation de r\u00e9servation pr\u00eate \u00e0 \u00eatre pr\u00e9sent\u00e9e \u00e0 notre \u00e9quipe de stationnement. Si vous faites partie d&#8217;un groupe voyageant ind\u00e9pendamment, chaque v\u00e9hicule devra \u00eatre accompagn\u00e9 d&#8217;une confirmation de r\u00e9servation \u00e0 pr\u00e9senter \u00e0 l&#8217;entr\u00e9e du parking.<\/p>\n<p>Un certain nombre de places de stationnement pour personnes \u00e0 mobilit\u00e9 r\u00e9duite sont disponibles pr\u00e8s de l&#8217;entr\u00e9e principale \u00e0 la convenance des visiteurs qui y ont droit. Pensez \u00e0 pr\u00e9senter votre carte de stationnement le jour de votre visite et \u00e0 l&#8217;afficher sur votre pare-brise.<\/p>\n<p>Nous accueillons au Studio Tour tous les chiens guides enregistr\u00e9s, les chiens pour malentendants et les chiens d&#8217;assistance. Si vous souhaitez venir avec un chien guide, veuillez vous assurer d&#8217;emporter l&#8217;identification formelle du chien ainsi que tout document ou v\u00eatement n\u00e9cessaire. Si votre chien a besoin d&#8217;un bol d&#8217;eau, veuillez vous adresser \u00e0 un membre de notre personnel qui se fera un plaisir de vous en fournir un. Nous n&#8217;autorisons pas la pr\u00e9sence d&#8217;autres chiens ou animaux de compagnie dans l&#8217;attraction. Pour des raisons de s\u00e9curit\u00e9, ils ne peuvent pas \u00eatre laiss\u00e9s \u00e0 l&#8217;int\u00e9rieur des v\u00e9hicules. La nature de l&#8217;attraction implique que les visiteurs ne peuvent pas retourner au parking avant la fin de la visite.<\/p>\n<h3>Parking prioritaire<\/h3>\n<p>Le parking prioritaire est situ\u00e9 \u00e0 proximit\u00e9 de l&#8217;entr\u00e9e du Studio Tour, et un billet peut \u00eatre achet\u00e9 en ligne avec vos billets du Studio Tour pour 10 \u00a3 suppl\u00e9mentaires. <\/p>\n<p>Le parking prioritaire est uniquement disponible sur r\u00e9servation avant votre visite, et ne peut pas \u00eatre achet\u00e9 le jour m\u00eame. <\/p>\n<p>Si vous avez choisi d&#8217;obtenir des billets \u00e9lectroniques, votre billet de parking prioritaire sera livr\u00e9 en pi\u00e8ce jointe avec vos billets d&#8217;admission. Si vous avez choisi d&#8217;obtenir vos billets par voie postale, vous recevrez un billet de parking prioritaire imprim\u00e9. <\/p>\n<p>Lors de votre arriv\u00e9e au Studio Tour, veuillez pr\u00e9senter votre billet de parking prioritaire ; vous recevrez un autocollant pour votre pare-brise et l&#8217;acc\u00e8s au parking prioritaire vous sera indiqu\u00e9.<\/p>\n<div class=\"aligncenter size-full\"><iframe loading=\"lazy\" title=\"Arriving By Car - Warner Bros. Studio Tour London\" width=\"848\" height=\"477\" src=\"https:\/\/www.youtube-nocookie.com\/embed\/NrFPOyjIba4?feature=oembed\" frameborder=\"0\" allow=\"accelerometer; autoplay; clipboard-write; encrypted-media; gyroscope; picture-in-picture; web-share\" referrerpolicy=\"strict-origin-when-cross-origin\" allowfullscreen><\/iframe><\/div>\n<hr \/>\n<h2>D\u00e9pose-minute<\/h2>\n<p>M\u00eame si vous ne visitez pas le Studio Tour, vous pouvez d\u00e9poser des visiteurs dans notre parking. Pour conna\u00eetre l\u2019emplacement de notre zone de d\u00e9pose-minute, veuillez vous adresser aux membres de l\u2019\u00e9quipe de voituriers \u00e0 votre arriv\u00e9e.<\/p>\n<hr \/>\n<h2>R\u00e9cup\u00e9rer les billets<\/h2>\n<p>Si vous avez un courriel de confirmation de r\u00e9servation, vous pouvez r\u00e9cup\u00e9rer vos billets aux guichets ou aux distributeurs automatiques \u00e0 l\u2019ext\u00e9rieur de l\u2019entr\u00e9e principale. Si vous avez choisi de recevoir vos billets par courrier, vous pouvez entrer directement dans le Studio Tour \u00e0 votre arriv\u00e9e.<\/p>\n<p>Tous les billets du Warner Bros. Studio Tour London doivent \u00eatre r\u00e9serv\u00e9s. Seuls les visiteurs qui disposent d&#8217;une confirmation de r\u00e9servation peuvent entrer. Celle-ci sera v\u00e9rifi\u00e9e \u00e0 l&#8217;arriv\u00e9e avant d&#8217;entrer dans le parking.<\/p>\n<div class=\"aligncenter size-full\"><iframe loading=\"lazy\" title=\"Ticket Collection - Warner Bros. Studio Tour London\" width=\"848\" height=\"477\" src=\"https:\/\/www.youtube-nocookie.com\/embed\/EtIQvkoC4IU?feature=oembed\" frameborder=\"0\" allow=\"accelerometer; autoplay; clipboard-write; encrypted-media; gyroscope; picture-in-picture; web-share\" referrerpolicy=\"strict-origin-when-cross-origin\" allowfullscreen><\/iframe><\/div>\n<hr \/>\n<h2>Carte du Studio Tour<\/h2>\n<p>Utilisez cette carte pour planifier votre visite et pour vous rep\u00e9rer dans le Warner Bros. Studio Tour London. <a href=\"http:\/\/stage.wbstudiotour.co.uk\/wp-content\/uploads\/2019\/11\/wbstl-printable-map-2021.pdf\" target=\"_blank\" rel=\"noopener noreferrer\">T\u00e9l\u00e9chargez la carte.<\/a>.<\/p>\n<p><a href=\"http:\/\/stage.wbstudiotour.co.uk\/wp-content\/uploads\/2019\/11\/wbstl-printable-map-2021.pdf\" target=\"_blank\" rel=\"http:\/\/stage.wbstudiotour.co.uk\/wp-content\/uploads\/2019\/11\/wbstl-printable-map-2021.pdf noopener noreferrer\"><img loading=\"lazy\" decoding=\"async\" class=\"aligncenter wp-image-3043 size-large\" title=\"Warner Bros. Studio Tour Map\" src=\"http:\/\/stage.wbstudiotour.co.uk\/wp-content\/uploads\/2019\/11\/studio-tour-map.png\" alt=\"Warner Bros. Studio Tour Map\" width=\"1024\" height=\"845\" srcset=\"https:\/\/stage.wbstudiotour.co.uk\/wp-content\/uploads\/2019\/11\/studio-tour-map.png 10752w, https:\/\/stage.wbstudiotour.co.uk\/wp-content\/uploads\/2019\/11\/studio-tour-map-300x248.png 300w, https:\/\/stage.wbstudiotour.co.uk\/wp-content\/uploads\/2019\/11\/studio-tour-map-1024x845.png 1024w, https:\/\/stage.wbstudiotour.co.uk\/wp-content\/uploads\/2019\/11\/studio-tour-map-768x634.png 768w, https:\/\/stage.wbstudiotour.co.uk\/wp-content\/uploads\/2019\/11\/studio-tour-map-1536x1268.png 1536w, https:\/\/stage.wbstudiotour.co.uk\/wp-content\/uploads\/2019\/11\/studio-tour-map-2048x1690.png 2048w\" sizes=\"auto, (max-width: 1024px) 100vw, 1024px\" \/><\/a><\/p>\n<hr \/>\n<h2>Photos<\/h2>\n<p>La prise de photos et la capture d&#8217;images vid\u00e9o avec des appareils photo portatifs et des appareils mobiles sont autoris\u00e9es dans toutes les zones du Studio Tour, \u00e0 l&#8217;exception des zones de cin\u00e9ma d&#8217;avant-spectacle et des \u00e9crans verts. Veuillez noter qu&#8217;il est interdit de filmer \u00e0 l&#8217;aide de tr\u00e9pieds et d&#8217;autres \u00e9quipements photographiques sp\u00e9cialis\u00e9s.<\/p>\n<div class=\"aligncenter size-full\"><iframe loading=\"lazy\" title=\"Taking Photos - Warner Bros. Studio Tour London\" width=\"848\" height=\"477\" src=\"https:\/\/www.youtube-nocookie.com\/embed\/bUYhLzNkPdM?feature=oembed\" frameborder=\"0\" allow=\"accelerometer; autoplay; clipboard-write; encrypted-media; gyroscope; picture-in-picture; web-share\" referrerpolicy=\"strict-origin-when-cross-origin\" allowfullscreen><\/iframe><\/div>\n<hr \/>\n<h2 id=\"cloakroom\">Vestiaire<\/h2>\n<p>Les manteaux et les sacs peuvent \u00eatre laiss\u00e9s gratuitement dans notre vestiaire pendant la dur\u00e9e de votre visite. Veuillez noter que nous ne sommes pas en mesure de stocker de la nourriture dans notre vestiaire.<\/p>\n<div class=\"aligncenter size-full\"><iframe loading=\"lazy\" title=\"Cloakroom - Warner Bros. Studio Tour London\" width=\"848\" height=\"477\" src=\"https:\/\/www.youtube-nocookie.com\/embed\/ArrexCd08NE?feature=oembed\" frameborder=\"0\" allow=\"accelerometer; autoplay; clipboard-write; encrypted-media; gyroscope; picture-in-picture; web-share\" referrerpolicy=\"strict-origin-when-cross-origin\" allowfullscreen><\/iframe><\/div>\n","protected":false},"excerpt":{"rendered":"<p>Heure d&#8217;entr\u00e9e The Studio Shop is available to access after your Studio Tour. Due to the one-way system in place, it is currently not possible to visit the shop before your allocated time slot. \u00c0 votre arriv\u00e9e au Studio Tour, vous et vos bagages serez contr\u00f4l\u00e9s avant l&#8217;entr\u00e9e. Nous vous demandons de ne pas apporter [&hellip;]<\/p>\n","protected":false},"author":6,"featured_media":1258,"parent":0,"menu_order":0,"comment_status":"closed","ping_status":"closed","template":"","meta":{"_acf_changed":false,"footnotes":""},"class_list":["post-788","page","type-page","status-publish","has-post-thumbnail","hentry"],"translation":{"provider":"WPGlobus","version":"3.0.2","language":"fr","enabled_languages":["en","es","de","fr","it"],"languages":{"en":{"title":true,"content":true,"excerpt":false},"es":{"title":true,"content":true,"excerpt":false},"de":{"title":true,"content":true,"excerpt":false},"fr":{"title":true,"content":true,"excerpt":false},"it":{"title":true,"content":true,"excerpt":false}}},"acf":{"add_cross_sell_to_page":false,"add_newsletter_sign_up_next_to_cross_sell":true,"choose_sidebar_entries":[{"ID":159,"post_author":"6","post_date":"2019-06-17 18:24:04","post_date_gmt":"2019-06-17 18:24:04","post_content":"","post_title":"{:en}Food & Drink{:}{:es}COMIDA Y BEBIDA{:}","post_excerpt":"","post_status":"publish","comment_status":"closed","ping_status":"closed","post_password":"","post_name":"food-drink","to_ping":"","pinged":"","post_modified":"2025-06-11 15:29:22","post_modified_gmt":"2025-06-11 14:29:22","post_content_filtered":"","post_parent":0,"guid":"http:\/\/stage.wbstudiotour.co.uk\/?post_type=wbstl_sidebar&#038;p=159","menu_order":0,"post_type":"wbstl_sidebar","post_mime_type":"","comment_count":"0","filter":"raw"},{"ID":152,"post_author":"6","post_date":"2019-06-17 18:21:25","post_date_gmt":"2019-06-17 18:21:25","post_content":"","post_title":"{:en}Getting Here{:}{:es}C\u00d3MO LLEGAR{:}{:de}ANREISE{:}{:fr}PLAN D'ACC\u00c8S{:}","post_excerpt":"","post_status":"publish","comment_status":"closed","ping_status":"closed","post_password":"","post_name":"getting-here","to_ping":"","pinged":"","post_modified":"2019-08-21 22:15:32","post_modified_gmt":"2019-08-21 21:15:32","post_content_filtered":"","post_parent":0,"guid":"http:\/\/stage.wbstudiotour.co.uk\/?post_type=wbstl_sidebar&#038;p=152","menu_order":0,"post_type":"wbstl_sidebar","post_mime_type":"","comment_count":"0","filter":"raw"},{"ID":161,"post_author":"6","post_date":"2019-06-17 18:25:14","post_date_gmt":"2019-06-17 18:25:14","post_content":"","post_title":"{:en}Explore the Tour{:}{:es}EXPLORAR EL TOUR{:}{:de}ENTDECKEN SIE DIE TOUR{:}{:fr}EXPLOREZ LE TOUR{:}","post_excerpt":"","post_status":"publish","comment_status":"closed","ping_status":"closed","post_password":"","post_name":"explore-the-tour","to_ping":"","pinged":"","post_modified":"2019-08-28 22:44:40","post_modified_gmt":"2019-08-28 21:44:40","post_content_filtered":"","post_parent":0,"guid":"http:\/\/stage.wbstudiotour.co.uk\/?post_type=wbstl_sidebar&#038;p=161","menu_order":0,"post_type":"wbstl_sidebar","post_mime_type":"","comment_count":"0","filter":"raw"}],"wbstl_use_fancy_lists":false,"wbstl_hero_video":"","wbstl_hv_mobile_placeholder":false,"wbstl_hv_tablet_placeholder":false,"wbstl_hv_subtitle":"","wbstl_hv_add_ticket_purchase_cta":false,"wbstl_ii_image":false,"wbstl_ii_content":"","add_cross_sell_to_page2":false,"wbstl_hv_cta_button_text":"","wbstl_hv_cta_link":"","wbstl_hv_show_cta_note":false,"wbstl_hv_cta_note":"","wbstl_hv_title_color":"","wbstl_hv_text_color":"","wbstl_hv_show_video_overlay":true,"wbstl_hv_cta_button_redeem_text":"wbstl_hv_cta_button_redeem_text","wbstl_hv_cta_redeem_link":""},"yoast_head":"<!-- This site is optimized with the Yoast SEO plugin v27.4 - https:\/\/yoast.com\/product\/yoast-seo-wordpress\/ -->\n<title>\u00c0 votre arriv\u00e9e - Warner Bros. Studio Tour London<\/title>\n<meta name=\"robots\" content=\"index, follow, max-snippet:-1, max-image-preview:large, max-video-preview:-1\" \/>\n<link rel=\"canonical\" href=\"https:\/\/www.wbstudiotour.co.uk\/when-you-arrive\/\" \/>\n<meta property=\"og:locale\" content=\"fr_FR\" \/>\n<meta property=\"og:type\" content=\"article\" \/>\n<meta property=\"og:title\" content=\"\u00c0 votre arriv\u00e9e - Warner Bros. Studio Tour London\" \/>\n<meta property=\"og:url\" content=\"https:\/\/www.wbstudiotour.co.uk\/when-you-arrive\/\" \/>\n<meta property=\"og:site_name\" content=\"Warner Bros. Studio Tour London\" \/>\n<meta property=\"article:modified_time\" content=\"2024-10-23T09:32:01+00:00\" \/>\n<meta property=\"og:image\" content=\"http:\/\/www.wbstudiotour.co.uk\/wp-content\/uploads\/2019\/08\/When-You-Arrive.jpg\" \/>\n\t<meta property=\"og:image:width\" content=\"1920\" \/>\n\t<meta property=\"og:image:height\" content=\"1280\" \/>\n\t<meta property=\"og:image:type\" content=\"image\/jpeg\" \/>\n<meta name=\"twitter:card\" content=\"summary_large_image\" \/>\n<script type=\"application\/ld+json\" class=\"yoast-schema-graph\">{\"@context\":\"https:\\\/\\\/schema.org\",\"@graph\":[{\"@type\":\"ImageObject\",\"inLanguage\":\"fr-FR\",\"@id\":\"https:\\\/\\\/www.wbstudiotour.co.uk\\\/when-you-arrive\\\/#primaryimage\",\"url\":\"https:\\\/\\\/stage.wbstudiotour.co.uk\\\/wp-content\\\/uploads\\\/2019\\\/08\\\/When-You-Arrive.jpg\",\"contentUrl\":\"https:\\\/\\\/stage.wbstudiotour.co.uk\\\/wp-content\\\/uploads\\\/2019\\\/08\\\/When-You-Arrive.jpg\",\"width\":1920,\"height\":1280,\"caption\":\"Close up of Hogwarts model\"},{\"@type\":\"BreadcrumbList\",\"@id\":\"https:\\\/\\\/www.wbstudiotour.co.uk\\\/when-you-arrive\\\/#breadcrumb\",\"itemListElement\":[{\"@type\":\"ListItem\",\"position\":1,\"name\":\"Home\",\"item\":\"https:\\\/\\\/stage.wbstudiotour.co.uk\\\/\"},{\"@type\":\"ListItem\",\"position\":2,\"name\":\"When You Arrive\"}]},{\"@type\":\"WebSite\",\"@id\":\"https:\\\/\\\/www.wbstudiotour.co.uk\\\/fr\\\/#website\",\"url\":\"https:\\\/\\\/www.wbstudiotour.co.uk\\\/fr\\\/\",\"name\":\"Warner Bros. Studio Tour London\",\"description\":\"\",\"potentialAction\":[{\"@type\":\"SearchAction\",\"target\":{\"@type\":\"EntryPoint\",\"urlTemplate\":\"https:\\\/\\\/www.wbstudiotour.co.uk\\\/fr\\\/?s={search_term_string}\"},\"query-input\":{\"@type\":\"PropertyValueSpecification\",\"valueRequired\":true,\"valueName\":\"search_term_string\"}}],\"inLanguage\":\"fr-FR\"}]}<\/script>\n<!-- \/ Yoast SEO plugin. -->","yoast_head_json":{"title":"\u00c0 votre arriv\u00e9e - Warner Bros. Studio Tour London","robots":{"index":"index","follow":"follow","max-snippet":"max-snippet:-1","max-image-preview":"max-image-preview:large","max-video-preview":"max-video-preview:-1"},"canonical":"https:\/\/www.wbstudiotour.co.uk\/when-you-arrive\/","og_locale":"fr_FR","og_type":"article","og_title":"\u00c0 votre arriv\u00e9e - Warner Bros. Studio Tour London","og_url":"https:\/\/www.wbstudiotour.co.uk\/when-you-arrive\/","og_site_name":"Warner Bros. Studio Tour London","article_modified_time":"2024-10-23T09:32:01+00:00","og_image":[{"width":1920,"height":1280,"url":"http:\/\/www.wbstudiotour.co.uk\/wp-content\/uploads\/2019\/08\/When-You-Arrive.jpg","type":"image\/jpeg"}],"twitter_card":"summary_large_image","schema":{"@context":"https:\/\/schema.org","@graph":[{"@type":"ImageObject","inLanguage":"fr-FR","@id":"https:\/\/www.wbstudiotour.co.uk\/when-you-arrive\/#primaryimage","url":"https:\/\/stage.wbstudiotour.co.uk\/wp-content\/uploads\/2019\/08\/When-You-Arrive.jpg","contentUrl":"https:\/\/stage.wbstudiotour.co.uk\/wp-content\/uploads\/2019\/08\/When-You-Arrive.jpg","width":1920,"height":1280,"caption":"Close up of Hogwarts model"},{"@type":"BreadcrumbList","@id":"https:\/\/www.wbstudiotour.co.uk\/when-you-arrive\/#breadcrumb","itemListElement":[{"@type":"ListItem","position":1,"name":"Home","item":"https:\/\/stage.wbstudiotour.co.uk\/"},{"@type":"ListItem","position":2,"name":"When You Arrive"}]},{"@type":"WebSite","@id":"https:\/\/www.wbstudiotour.co.uk\/fr\/#website","url":"https:\/\/www.wbstudiotour.co.uk\/fr\/","name":"Warner Bros. Studio Tour London","description":"","potentialAction":[{"@type":"SearchAction","target":{"@type":"EntryPoint","urlTemplate":"https:\/\/www.wbstudiotour.co.uk\/fr\/?s={search_term_string}"},"query-input":{"@type":"PropertyValueSpecification","valueRequired":true,"valueName":"search_term_string"}}],"inLanguage":"fr-FR"}]}},"_links":{"self":[{"href":"https:\/\/stage.wbstudiotour.co.uk\/fr\/wp-json\/wp\/v2\/pages\/788","targetHints":{"allow":["GET"]}}],"collection":[{"href":"https:\/\/stage.wbstudiotour.co.uk\/fr\/wp-json\/wp\/v2\/pages"}],"about":[{"href":"https:\/\/stage.wbstudiotour.co.uk\/fr\/wp-json\/wp\/v2\/types\/page"}],"author":[{"embeddable":true,"href":"https:\/\/stage.wbstudiotour.co.uk\/fr\/wp-json\/wp\/v2\/users\/6"}],"replies":[{"embeddable":true,"href":"https:\/\/stage.wbstudiotour.co.uk\/fr\/wp-json\/wp\/v2\/comments?post=788"}],"version-history":[{"count":21,"href":"https:\/\/stage.wbstudiotour.co.uk\/fr\/wp-json\/wp\/v2\/pages\/788\/revisions"}],"predecessor-version":[{"id":28984,"href":"https:\/\/stage.wbstudiotour.co.uk\/fr\/wp-json\/wp\/v2\/pages\/788\/revisions\/28984"}],"wp:featuredmedia":[{"embeddable":true,"href":"https:\/\/stage.wbstudiotour.co.uk\/fr\/wp-json\/wp\/v2\/media\/1258"}],"wp:attachment":[{"href":"https:\/\/stage.wbstudiotour.co.uk\/fr\/wp-json\/wp\/v2\/media?parent=788"}],"curies":[{"name":"wp","href":"https:\/\/api.w.org\/{rel}","templated":true}]}}