{"id":816,"date":"2019-07-19T17:40:30","date_gmt":"2019-07-19T17:40:30","guid":{"rendered":"http:\/\/stage.wbstudiotour.co.uk\/?page_id=816"},"modified":"2025-04-04T10:53:44","modified_gmt":"2025-04-04T09:53:44","slug":"our-history","status":"publish","type":"page","link":"https:\/\/stage.wbstudiotour.co.uk\/fr\/our-history\/","title":{"rendered":"Notre Histoire"},"content":{"rendered":"<p>Les films Harry Potter ont \u00e9t\u00e9 tourn\u00e9s \u00e0 Leavesden pendant plus de dix ans. Comme les livres \u00e9taient toujours en cours d&#8217;\u00e9criture lors du tournage des premiers films, l&#8217;\u00e9quipe de production a conserv\u00e9 de nombreux d\u00e9cors, accessoires et costumes embl\u00e9matiques cr\u00e9\u00e9s sp\u00e9cialement pour l&#8217;occasion, au cas o\u00f9 ils en auraient besoin pour les films suivants.<\/p>\n<p>\u00c0 la fin du tournage de Harry Potter et les Reliques de la Mort &#8211; 2e partie, en 2010, l&#8217;\u00e9quipe du film s&#8217;est retrouv\u00e9e avec un tr\u00e9sor compos\u00e9 de milliers d&#8217;objets de grande qualit\u00e9, dont beaucoup n&#8217;auraient pas \u00e9t\u00e9 conserv\u00e9s sur un tournage classique.<\/p>\n<p>L&#8217;\u00e9quipe qui s&#8217;occupe du Warner Bros. Studio Tour London &#8211; The Making of Harry Potter voulait pr\u00e9server et exposer ces accessoires, costumes et d\u00e9cors embl\u00e9matiques pour que les fans de Harry Potter puissent vivre par eux-m\u00eames la magie des tournages. Plusieurs acteurs et membres de l&#8217;\u00e9quipe d&#8217;origine se sont retrouv\u00e9s pour rassembler les d\u00e9cors et partager leurs souvenirs du tournage. Le 31 mars 2012, le Studio Tour a ouvert ses portes.<\/p>\n<p>Situ\u00e9 \u00e0 c\u00f4t\u00e9 des studios de cin\u00e9ma o\u00f9 les huit films de la saga ont \u00e9t\u00e9 tourn\u00e9s, le Studio Tour propose aux visiteurs de d\u00e9couvrir deux plateaux de tournage et des d\u00e9cors ext\u00e9rieurs remplis d&#8217;objets d&#8217;origine, d&#8217;animatroniques et d&#8217;effets sp\u00e9ciaux \u00e0 couper le souffle.<\/p>\n<p><iframe loading=\"lazy\" title=\"Grand Opening of Warner Bros. Studio Tour London - The Making of Harry Potter\" width=\"848\" height=\"477\" src=\"https:\/\/www.youtube-nocookie.com\/embed\/8LG27MWzbL8?feature=oembed\" frameborder=\"0\" allow=\"accelerometer; autoplay; clipboard-write; encrypted-media; gyroscope; picture-in-picture; web-share\" referrerpolicy=\"strict-origin-when-cross-origin\" allowfullscreen><\/iframe><\/p>\n<p><span class=\"wysiwyg-flourish hourglass\"><span class=\"admin-placeholder\">hourglass Flourish Here<\/span><\/span><\/p>\n<h2 style=\"text-align: center;\">HARRY POTTER \u00c0 L&#8217;\u00c9COLE DES SORCIERS<\/h2>\n<hr class=\"short\" \/>\n<p style=\"text-align: center;\"><img loading=\"lazy\" decoding=\"async\" class=\"wp-image-1171 size-full aligncenter\" src=\"http:\/\/stage.wbstudiotour.co.uk\/wp-content\/uploads\/2019\/08\/HPSS_1.jpg\" alt=\"Still from Harry Potter and the Philosopher's Stone with Harry and Hagrid\" width=\"580\" height=\"380\" srcset=\"https:\/\/stage.wbstudiotour.co.uk\/wp-content\/uploads\/2019\/08\/HPSS_1.jpg 580w, https:\/\/stage.wbstudiotour.co.uk\/wp-content\/uploads\/2019\/08\/HPSS_1-300x197.jpg 300w\" sizes=\"auto, (max-width: 580px) 100vw, 580px\" \/><\/p>\n<p>Le tournage de Harry Potter \u00e0 l&#8217;\u00e9cole des sorciers a commenc\u00e9 vendredi 29 septembre 2000. La Grande Salle est l&#8217;un des premiers d\u00e9cors \u00e0 avoir \u00e9t\u00e9 construits, un lieu vaste et impressionnant qui peut accueillir plus de 400 enfants. Par la suite, c&#8217;est devenu un d\u00e9cor cl\u00e9 que l&#8217;on peut voir dans sept films de la saga (elle n&#8217;appara\u00eet pas dans Harry Potter et les Reliques de la Mort &#8211; 1re partie). Les visiteurs peuvent maintenant la d\u00e9couvrir au Studio Tour.<\/p>\n<p>Dans la Grande Salle se trouvent plusieurs flambeaux muraux (tous enti\u00e8rement fonctionnels) qui repr\u00e9sentent les quatre maisons de Poudlard : Gryffondor, Serdaigle, Serpentard et Poufsouffle. Derri\u00e8re la table des professeurs se trouvent les sabliers qui calculent les points des maisons. Ce superbe m\u00e9canisme a \u00e9t\u00e9 fabriqu\u00e9 pour le premier film. Chaque sablier contient dix mille perles indiennes en verre. On raconte que cela a provoqu\u00e9 une p\u00e9nurie nationale de perles !<\/p>\n<p><span class=\"wysiwyg-flourish hourglass\"><span class=\"admin-placeholder\">hourglass Flourish Here<\/span><\/span><\/p>\n<h2 style=\"text-align: center;\">HARRY POTTER ET LA CHAMBRE DES SECRETS<\/h2>\n<hr class=\"short\" \/>\n<p style=\"text-align: center;\"><img loading=\"lazy\" decoding=\"async\" class=\"alignnone size-full wp-image-1172 aligncenter\" src=\"http:\/\/stage.wbstudiotour.co.uk\/wp-content\/uploads\/2019\/08\/HPSS_2.jpg\" alt=\"Still from Harry Potter and the Chamber of Secrets with Harry dueling\" width=\"580\" height=\"380\" srcset=\"https:\/\/stage.wbstudiotour.co.uk\/wp-content\/uploads\/2019\/08\/HPSS_2.jpg 580w, https:\/\/stage.wbstudiotour.co.uk\/wp-content\/uploads\/2019\/08\/HPSS_2-300x197.jpg 300w\" sizes=\"auto, (max-width: 580px) 100vw, 580px\" \/><\/p>\n<p>La production de Harry Potter et la Chambre des Secrets a commenc\u00e9 lundi 19 novembre 2001, trois jours \u00e0 peine apr\u00e8s la sortie du premier Harry Potter.<\/p>\n<p>C&#8217;\u00e9tait la premi\u00e8re fois que le public d\u00e9couvrait Dobby, l&#8217;elfe de maison. Rod Bliss, de l&#8217;\u00e9quipe artistique des studios de Leavesden, \u00e9tait en charge de la conception de l&#8217;apparence du personnage. L&#8217;\u00e9quipe de Nick Dudman, le responsable de la conception des cr\u00e9atures, a cr\u00e9\u00e9 une maquette impressionnante pour que les acteurs puissent interagir avec quelque chose sur le plateau. Tout ce processus a pris trois mois et le Dobby que l&#8217;on peut voir dans les films a \u00e9t\u00e9 cr\u00e9\u00e9 en images de synth\u00e8se.<\/p>\n<p>Le d\u00e9cor embl\u00e9matique du bureau de Dumbledore a \u00e9t\u00e9 construit et cr\u00e9\u00e9 pour la premi\u00e8re fois pour les besoins de ce film. Le bureau est entour\u00e9 d&#8217;une grande biblioth\u00e8que dont les livres sont, pour la plupart, des annuaires t\u00e9l\u00e9phoniques recouverts de cuir !<\/p>\n<p><span class=\"wysiwyg-flourish hourglass\"><span class=\"admin-placeholder\">hourglass Flourish Here<\/span><\/span><\/p>\n<h2 style=\"text-align: center;\">HARRY POTTER ET LE PRISONNIER D&#8217;AZKABAN<\/h2>\n<hr class=\"short\" \/>\n<p style=\"text-align: center;\"><img loading=\"lazy\" decoding=\"async\" class=\"alignnone size-full wp-image-1173 aligncenter\" src=\"http:\/\/stage.wbstudiotour.co.uk\/wp-content\/uploads\/2019\/08\/HPSS_3.jpg\" alt=\"Still from Harry Potter and the Prisoner of Azkaban with Hermonie, Ron and Harry looking out a window\" width=\"580\" height=\"380\" srcset=\"https:\/\/stage.wbstudiotour.co.uk\/wp-content\/uploads\/2019\/08\/HPSS_3.jpg 580w, https:\/\/stage.wbstudiotour.co.uk\/wp-content\/uploads\/2019\/08\/HPSS_3-300x197.jpg 300w\" sizes=\"auto, (max-width: 580px) 100vw, 580px\" \/><\/p>\n<p>Le tournage de Harry Potter et le Prisonnier d&#8217;Azkaban a commenc\u00e9 lundi 24 f\u00e9vrier 2003 aux studios de Leavesden.<\/p>\n<p>L&#8217;un des \u00e9l\u00e9ments du d\u00e9cor les plus compliqu\u00e9s est le Magicobus de trois \u00e9tages, qui roule dans les rues de Londres. Malgr\u00e9 ses trois \u00e9tages, cette sc\u00e8ne n&#8217;a pas \u00e9t\u00e9 tourn\u00e9e en images de synth\u00e8se. Le bus a r\u00e9ellement circul\u00e9 dans Londres, ce qui a n\u00e9cessit\u00e9 beaucoup de pr\u00e9paration parce qu&#8217;il a \u00e9t\u00e9 sp\u00e9cialement construit avec des \u00e9l\u00e9ments issus de deux bus \u00e0 imp\u00e9riale. En prenant en compte la hauteur du bus, le parcours dans Londres a d\u00fb \u00eatre minutieusement planifi\u00e9. Il \u00e9tait vraiment hors de question d&#8217;emprunter des ponts !<\/p>\n<p>Ce film a marqu\u00e9 la premi\u00e8re apparition des D\u00e9traqueurs. Le r\u00e9alisateur, Alfonso Cuar\u00f3n, et le producteur, David Heyman, ont essay\u00e9 diff\u00e9rentes m\u00e9thodes pour donner l&#8217;impression que les D\u00e9traqueurs flottaient. Dans un premier temps, des marionnettistes \u00e9taient sur le plateau pour d\u00e9placer de grands v\u00eatements dans un aquarium. Mais l&#8217;effet a finalement \u00e9t\u00e9 cr\u00e9\u00e9 gr\u00e2ce aux effets sp\u00e9ciaux.<\/p>\n<p><span class=\"wysiwyg-flourish hourglass\"><span class=\"admin-placeholder\">hourglass Flourish Here<\/span><\/span><\/p>\n<h2 style=\"text-align: center;\">HARRY POTTER ET LA COUPE DE FEU<\/h2>\n<hr class=\"short\" \/>\n<p style=\"text-align: center;\"><img loading=\"lazy\" decoding=\"async\" class=\"alignnone size-full wp-image-1174 aligncenter\" src=\"http:\/\/stage.wbstudiotour.co.uk\/wp-content\/uploads\/2019\/08\/HPSS_4.jpg\" alt=\"Still of Harry from Harry Potter and the Goblet of Fire\" width=\"580\" height=\"380\" srcset=\"https:\/\/stage.wbstudiotour.co.uk\/wp-content\/uploads\/2019\/08\/HPSS_4.jpg 580w, https:\/\/stage.wbstudiotour.co.uk\/wp-content\/uploads\/2019\/08\/HPSS_4-300x197.jpg 300w\" sizes=\"auto, (max-width: 580px) 100vw, 580px\" \/><\/p>\n<p>Le tournage de Harry Potter et la Coupe de Feu a commenc\u00e9 mardi 4 mai 2004.<\/p>\n<p>Un aquarium g\u00e9ant a \u00e9t\u00e9 construit dans les studios pour filmer les sc\u00e8nes sous-marines du Tournoi des Trois Sorciers. C&#8217;est le plus grand aquarium de ce type en Europe. Il peut contenir plus de deux millions de litres d&#8217;eau.<\/p>\n<p>Pendant le tournage, Daniel Radcliffe a pass\u00e9 tellement de temps sous l&#8217;eau qu&#8217;il a obtenu son brevet de plong\u00e9e PADI ! Il a fallu beaucoup de temps pour trouver le moyen de lui donner des mains palm\u00e9es. L&#8217;\u00e9quipe a finalement utilis\u00e9 des collants tr\u00e8s fins, que Daniel portait sur les mains et les bras !<\/p>\n<p>Pour ce film, l&#8217;\u00e9quipe des effets sp\u00e9ciaux de John Richardson a construit un dragon Magyar \u00e0 pointes qui crachait r\u00e9ellement du feu, puisqu&#8217;il \u00e9tait \u00e9quip\u00e9 d&#8217;un lance-flammes de 11 m\u00e8tres. Les cin\u00e9astes ont finalement d\u00e9cid\u00e9 que les dragons seraient cr\u00e9\u00e9s par l&#8217;\u00e9quipe des effets sp\u00e9ciaux, mais le dragon a occup\u00e9 une place d&#8217;honneur lors de l&#8217;avant-premi\u00e8re londonienne, \u00e0 Leicester Square.<\/p>\n<p><span class=\"wysiwyg-flourish hourglass\"><span class=\"admin-placeholder\">hourglass Flourish Here<\/span><\/span><\/p>\n<h2 style=\"text-align: center;\">HARRY POTTER ET L&#8217;ORDRE DU PH\u00c9NIX<\/h2>\n<hr class=\"short\" \/>\n<p style=\"text-align: center;\"><img loading=\"lazy\" decoding=\"async\" class=\"aligncenter wp-image-1175 size-full\" src=\"http:\/\/stage.wbstudiotour.co.uk\/wp-content\/uploads\/2019\/08\/HPSS_5.jpg\" alt=\"Still of Dumbledore\" width=\"580\" height=\"380\" srcset=\"https:\/\/stage.wbstudiotour.co.uk\/wp-content\/uploads\/2019\/08\/HPSS_5.jpg 580w, https:\/\/stage.wbstudiotour.co.uk\/wp-content\/uploads\/2019\/08\/HPSS_5-300x197.jpg 300w\" sizes=\"auto, (max-width: 580px) 100vw, 580px\" \/><\/p>\n<p>Le tournage de Harry Potter et l&#8217;Ordre du Ph\u00e9nix a commenc\u00e9 lundi 6 f\u00e9vrier 2006.<\/p>\n<p>Dans ce film, le public a d\u00e9couvert le minist\u00e8re de la Magie. Ce d\u00e9cor est le plus grand de tous les films de la saga. Cinquante bus londoniens peuvent tenir dans l&#8217;Atrium du minist\u00e8re et il a fallu 22 semaines pour le construire. Ce d\u00e9cor a \u00e9t\u00e9 inspir\u00e9 par l&#8217;architecture victorienne de Londres, notamment les carreaux qui ont peut-\u00eatre l&#8217;air authentiques mais sont en r\u00e9alit\u00e9 en agglom\u00e9r\u00e9 !<\/p>\n<p>Lors du cinqui\u00e8me film, un d\u00e9cor sur fond bleu a \u00e9t\u00e9 utilis\u00e9 pour la premi\u00e8re fois pour la salle des Proph\u00e9ties.<\/p>\n<p>Quarante adorables chatons ont \u00e9t\u00e9 film\u00e9s pour les assiettes criardes du bureau d&#8217;Ombrage. Ces chatons ont ensuite \u00e9t\u00e9 adopt\u00e9s par de nouveaux ma\u00eetres qui ne connaissent pas leurs c\u00e9l\u00e8bres origines !<\/p>\n<p><span class=\"wysiwyg-flourish hourglass\"><span class=\"admin-placeholder\">hourglass Flourish Here<\/span><\/span><\/p>\n<h2 style=\"text-align: center;\">HARRY POTTER ET LE PRINCE DE SANG-M\u00caL\u00c9<\/h2>\n<hr class=\"short\" \/>\n<p style=\"text-align: center;\"><img loading=\"lazy\" decoding=\"async\" class=\"aligncenter wp-image-1176 size-full\" src=\"http:\/\/stage.wbstudiotour.co.uk\/wp-content\/uploads\/2019\/08\/HPSS_6.jpg\" alt=\"Still of Malfoy from Harry Potter and the Half Blood Prince\" width=\"580\" height=\"380\" srcset=\"https:\/\/stage.wbstudiotour.co.uk\/wp-content\/uploads\/2019\/08\/HPSS_6.jpg 580w, https:\/\/stage.wbstudiotour.co.uk\/wp-content\/uploads\/2019\/08\/HPSS_6-300x197.jpg 300w\" sizes=\"auto, (max-width: 580px) 100vw, 580px\" \/><\/p>\n<p>Pendant le tournage, Rupert Grint a f\u00eat\u00e9 ses 21 ans. Les acteurs et l&#8217;\u00e9quipe lui ont organis\u00e9 une f\u00eate pour enfants dans la cantine du studio.<\/p>\n<p>Dans ce film, un exemplaire du Terrier a \u00e9t\u00e9 incendi\u00e9 et en partie d\u00e9truit. Par la suite, toutes les parties int\u00e9rieures et ext\u00e9rieures du d\u00e9cor ont \u00e9t\u00e9 reconstruites pour les derniers films. Les murs calcin\u00e9s ont b\u00e9n\u00e9fici\u00e9 d&#8217;un nettoyage rapide et le d\u00e9cor a bien s\u00fbr conserv\u00e9 le style des Weasley.<\/p>\n<p><span class=\"wysiwyg-flourish hourglass\"><span class=\"admin-placeholder\">hourglass Flourish Here<\/span><\/span><\/p>\n<h2 style=\"text-align: center;\">HARRY POTTER ET LES RELIQUES DE LA MORT<\/h2>\n<hr class=\"short\" \/>\n<p style=\"text-align: center;\"><img loading=\"lazy\" decoding=\"async\" class=\"alignnone size-full wp-image-1177 aligncenter\" src=\"http:\/\/stage.wbstudiotour.co.uk\/wp-content\/uploads\/2019\/08\/HPSS_7b.jpg\" alt=\"Still of Harry from Harry Potter and the Deathly Hallows\" width=\"580\" height=\"380\" srcset=\"https:\/\/stage.wbstudiotour.co.uk\/wp-content\/uploads\/2019\/08\/HPSS_7b.jpg 580w, https:\/\/stage.wbstudiotour.co.uk\/wp-content\/uploads\/2019\/08\/HPSS_7b-300x197.jpg 300w\" sizes=\"auto, (max-width: 580px) 100vw, 580px\" \/><\/p>\n<p>Le tournage de Harry Potter et les Reliques de la Mort &#8211; 1re partie a d\u00e9but\u00e9 jeudi 19 f\u00e9vrier 2009. Sa suite, Harry Potter et les Reliques de la Mort \u2013 2e partie, a \u00e9t\u00e9 tourn\u00e9e directement apr\u00e8s.<\/p>\n<p>Cinq camions de 32 tonnes remplis de polystyr\u00e8ne ont \u00e9t\u00e9 n\u00e9cessaires pour cr\u00e9er les d\u00e9combres de la destruction de Poudlard \u00e0 la fin du dernier film.<\/p>\n<p>Daniel Radcliffe a utilis\u00e9 160 paires de lunettes et environ 70 baguettes pendant le tournage de la saga. Pendant les dix ann\u00e9es de production, 588 d\u00e9cors ont \u00e9t\u00e9 cr\u00e9\u00e9s aux studios de Leavesden.<\/p>\n","protected":false},"excerpt":{"rendered":"<p>Les films Harry Potter ont \u00e9t\u00e9 tourn\u00e9s \u00e0 Leavesden pendant plus de dix ans. Comme les livres \u00e9taient toujours en cours d&#8217;\u00e9criture lors du tournage des premiers films, l&#8217;\u00e9quipe de production a conserv\u00e9 de nombreux d\u00e9cors, accessoires et costumes embl\u00e9matiques cr\u00e9\u00e9s sp\u00e9cialement pour l&#8217;occasion, au cas o\u00f9 ils en auraient besoin pour les films suivants. [&hellip;]<\/p>\n","protected":false},"author":6,"featured_media":3351,"parent":0,"menu_order":0,"comment_status":"closed","ping_status":"closed","template":"","meta":{"_acf_changed":false,"footnotes":""},"class_list":["post-816","page","type-page","status-publish","has-post-thumbnail","hentry"],"translation":{"provider":"WPGlobus","version":"3.0.2","language":"fr","enabled_languages":["en","es","de","fr","it"],"languages":{"en":{"title":true,"content":true,"excerpt":false},"es":{"title":true,"content":true,"excerpt":false},"de":{"title":true,"content":true,"excerpt":false},"fr":{"title":true,"content":true,"excerpt":false},"it":{"title":true,"content":true,"excerpt":false}}},"acf":{"add_cross_sell_to_page":false,"add_newsletter_sign_up_next_to_cross_sell":false,"choose_sidebar_entries":[{"ID":152,"post_author":"6","post_date":"2019-06-17 18:21:25","post_date_gmt":"2019-06-17 18:21:25","post_content":"","post_title":"{:en}Getting Here{:}{:es}C\u00d3MO LLEGAR{:}{:de}ANREISE{:}{:fr}PLAN D'ACC\u00c8S{:}","post_excerpt":"","post_status":"publish","comment_status":"closed","ping_status":"closed","post_password":"","post_name":"getting-here","to_ping":"","pinged":"","post_modified":"2019-08-21 22:15:32","post_modified_gmt":"2019-08-21 21:15:32","post_content_filtered":"","post_parent":0,"guid":"http:\/\/stage.wbstudiotour.co.uk\/?post_type=wbstl_sidebar&#038;p=152","menu_order":0,"post_type":"wbstl_sidebar","post_mime_type":"","comment_count":"0","filter":"raw"},{"ID":161,"post_author":"6","post_date":"2019-06-17 18:25:14","post_date_gmt":"2019-06-17 18:25:14","post_content":"","post_title":"{:en}Explore the Tour{:}{:es}EXPLORAR EL TOUR{:}{:de}ENTDECKEN SIE DIE TOUR{:}{:fr}EXPLOREZ LE TOUR{:}","post_excerpt":"","post_status":"publish","comment_status":"closed","ping_status":"closed","post_password":"","post_name":"explore-the-tour","to_ping":"","pinged":"","post_modified":"2019-08-28 22:44:40","post_modified_gmt":"2019-08-28 21:44:40","post_content_filtered":"","post_parent":0,"guid":"http:\/\/stage.wbstudiotour.co.uk\/?post_type=wbstl_sidebar&#038;p=161","menu_order":0,"post_type":"wbstl_sidebar","post_mime_type":"","comment_count":"0","filter":"raw"},{"ID":157,"post_author":"6","post_date":"2019-06-17 18:23:26","post_date_gmt":"2019-06-17 18:23:26","post_content":"","post_title":"{:en}Enhance Your Visit{:}{:es}MEJORA TU VISITA{:}{:de}ENTSTANDEN SIE IHREN BESUCH{:}{:fr}ENRICHIR VOTRE VISITE{:}","post_excerpt":"","post_status":"publish","comment_status":"closed","ping_status":"closed","post_password":"","post_name":"enhance-your-visit","to_ping":"","pinged":"","post_modified":"2022-10-10 12:34:01","post_modified_gmt":"2022-10-10 11:34:01","post_content_filtered":"","post_parent":0,"guid":"http:\/\/stage.wbstudiotour.co.uk\/?post_type=wbstl_sidebar&#038;p=157","menu_order":0,"post_type":"wbstl_sidebar","post_mime_type":"","comment_count":"0","filter":"raw"}],"wbstl_use_fancy_lists":false,"wbstl_hero_video":"","wbstl_hv_mobile_placeholder":false,"wbstl_hv_tablet_placeholder":false,"wbstl_hv_subtitle":"","wbstl_hv_add_ticket_purchase_cta":false,"wbstl_ii_image":false,"wbstl_ii_content":"","add_cross_sell_to_page2":false,"wbstl_hv_title_color":"","wbstl_hv_text_color":"","wbstl_hv_show_video_overlay":true,"wbstl_hv_cta_button_text":"","wbstl_hv_cta_link":"","wbstl_hv_show_cta_note":false,"wbstl_hv_cta_note":"","wbstl_hv_cta_button_redeem_text":"wbstl_hv_cta_button_redeem_text","wbstl_hv_cta_redeem_link":""},"yoast_head":"<!-- This site is optimized with the Yoast SEO plugin v27.4 - https:\/\/yoast.com\/product\/yoast-seo-wordpress\/ -->\n<title>Notre Histoire - Warner Bros. Studio Tour London<\/title>\n<meta name=\"robots\" content=\"index, follow, max-snippet:-1, max-image-preview:large, max-video-preview:-1\" \/>\n<link rel=\"canonical\" href=\"https:\/\/www.wbstudiotour.co.uk\/our-history\/\" \/>\n<meta property=\"og:locale\" content=\"fr_FR\" \/>\n<meta property=\"og:type\" content=\"article\" \/>\n<meta property=\"og:title\" content=\"Notre Histoire - Warner Bros. Studio Tour London\" \/>\n<meta property=\"og:url\" content=\"https:\/\/www.wbstudiotour.co.uk\/our-history\/\" \/>\n<meta property=\"og:site_name\" content=\"Warner Bros. Studio Tour London\" \/>\n<meta property=\"article:modified_time\" content=\"2025-04-04T09:53:44+00:00\" \/>\n<meta property=\"og:image\" content=\"https:\/\/www.wbstudiotour.co.uk\/wp-content\/uploads\/2019\/12\/header-entrance-with-people.jpg\" \/>\n\t<meta property=\"og:image:width\" content=\"1920\" \/>\n\t<meta property=\"og:image:height\" content=\"1166\" \/>\n\t<meta property=\"og:image:type\" content=\"image\/jpeg\" \/>\n<meta name=\"twitter:card\" content=\"summary_large_image\" \/>\n<script type=\"application\/ld+json\" class=\"yoast-schema-graph\">{\"@context\":\"https:\\\/\\\/schema.org\",\"@graph\":[{\"@type\":\"ImageObject\",\"inLanguage\":\"fr-FR\",\"@id\":\"https:\\\/\\\/www.wbstudiotour.co.uk\\\/our-history\\\/#primaryimage\",\"url\":\"https:\\\/\\\/stage.wbstudiotour.co.uk\\\/wp-content\\\/uploads\\\/2019\\\/12\\\/header-entrance-with-people.jpg\",\"contentUrl\":\"https:\\\/\\\/stage.wbstudiotour.co.uk\\\/wp-content\\\/uploads\\\/2019\\\/12\\\/header-entrance-with-people.jpg\",\"width\":1920,\"height\":1166},{\"@type\":\"BreadcrumbList\",\"@id\":\"https:\\\/\\\/www.wbstudiotour.co.uk\\\/our-history\\\/#breadcrumb\",\"itemListElement\":[{\"@type\":\"ListItem\",\"position\":1,\"name\":\"Home\",\"item\":\"https:\\\/\\\/stage.wbstudiotour.co.uk\\\/\"},{\"@type\":\"ListItem\",\"position\":2,\"name\":\"About The Studio Tour\"}]},{\"@type\":\"WebSite\",\"@id\":\"https:\\\/\\\/www.wbstudiotour.co.uk\\\/fr\\\/#website\",\"url\":\"https:\\\/\\\/www.wbstudiotour.co.uk\\\/fr\\\/\",\"name\":\"Warner Bros. Studio Tour London\",\"description\":\"\",\"potentialAction\":[{\"@type\":\"SearchAction\",\"target\":{\"@type\":\"EntryPoint\",\"urlTemplate\":\"https:\\\/\\\/www.wbstudiotour.co.uk\\\/fr\\\/?s={search_term_string}\"},\"query-input\":{\"@type\":\"PropertyValueSpecification\",\"valueRequired\":true,\"valueName\":\"search_term_string\"}}],\"inLanguage\":\"fr-FR\"}]}<\/script>\n<!-- \/ Yoast SEO plugin. -->","yoast_head_json":{"title":"Notre Histoire - Warner Bros. Studio Tour London","robots":{"index":"index","follow":"follow","max-snippet":"max-snippet:-1","max-image-preview":"max-image-preview:large","max-video-preview":"max-video-preview:-1"},"canonical":"https:\/\/www.wbstudiotour.co.uk\/our-history\/","og_locale":"fr_FR","og_type":"article","og_title":"Notre Histoire - Warner Bros. Studio Tour London","og_url":"https:\/\/www.wbstudiotour.co.uk\/our-history\/","og_site_name":"Warner Bros. Studio Tour London","article_modified_time":"2025-04-04T09:53:44+00:00","og_image":[{"width":1920,"height":1166,"url":"https:\/\/www.wbstudiotour.co.uk\/wp-content\/uploads\/2019\/12\/header-entrance-with-people.jpg","type":"image\/jpeg"}],"twitter_card":"summary_large_image","schema":{"@context":"https:\/\/schema.org","@graph":[{"@type":"ImageObject","inLanguage":"fr-FR","@id":"https:\/\/www.wbstudiotour.co.uk\/our-history\/#primaryimage","url":"https:\/\/stage.wbstudiotour.co.uk\/wp-content\/uploads\/2019\/12\/header-entrance-with-people.jpg","contentUrl":"https:\/\/stage.wbstudiotour.co.uk\/wp-content\/uploads\/2019\/12\/header-entrance-with-people.jpg","width":1920,"height":1166},{"@type":"BreadcrumbList","@id":"https:\/\/www.wbstudiotour.co.uk\/our-history\/#breadcrumb","itemListElement":[{"@type":"ListItem","position":1,"name":"Home","item":"https:\/\/stage.wbstudiotour.co.uk\/"},{"@type":"ListItem","position":2,"name":"About The Studio Tour"}]},{"@type":"WebSite","@id":"https:\/\/www.wbstudiotour.co.uk\/fr\/#website","url":"https:\/\/www.wbstudiotour.co.uk\/fr\/","name":"Warner Bros. Studio Tour London","description":"","potentialAction":[{"@type":"SearchAction","target":{"@type":"EntryPoint","urlTemplate":"https:\/\/www.wbstudiotour.co.uk\/fr\/?s={search_term_string}"},"query-input":{"@type":"PropertyValueSpecification","valueRequired":true,"valueName":"search_term_string"}}],"inLanguage":"fr-FR"}]}},"_links":{"self":[{"href":"https:\/\/stage.wbstudiotour.co.uk\/fr\/wp-json\/wp\/v2\/pages\/816","targetHints":{"allow":["GET"]}}],"collection":[{"href":"https:\/\/stage.wbstudiotour.co.uk\/fr\/wp-json\/wp\/v2\/pages"}],"about":[{"href":"https:\/\/stage.wbstudiotour.co.uk\/fr\/wp-json\/wp\/v2\/types\/page"}],"author":[{"embeddable":true,"href":"https:\/\/stage.wbstudiotour.co.uk\/fr\/wp-json\/wp\/v2\/users\/6"}],"replies":[{"embeddable":true,"href":"https:\/\/stage.wbstudiotour.co.uk\/fr\/wp-json\/wp\/v2\/comments?post=816"}],"version-history":[{"count":6,"href":"https:\/\/stage.wbstudiotour.co.uk\/fr\/wp-json\/wp\/v2\/pages\/816\/revisions"}],"predecessor-version":[{"id":33854,"href":"https:\/\/stage.wbstudiotour.co.uk\/fr\/wp-json\/wp\/v2\/pages\/816\/revisions\/33854"}],"wp:featuredmedia":[{"embeddable":true,"href":"https:\/\/stage.wbstudiotour.co.uk\/fr\/wp-json\/wp\/v2\/media\/3351"}],"wp:attachment":[{"href":"https:\/\/stage.wbstudiotour.co.uk\/fr\/wp-json\/wp\/v2\/media?parent=816"}],"curies":[{"name":"wp","href":"https:\/\/api.w.org\/{rel}","templated":true}]}}