{"id":823,"date":"2019-07-19T17:46:05","date_gmt":"2019-07-19T17:46:05","guid":{"rendered":"http:\/\/stage.wbstudiotour.co.uk\/?page_id=823"},"modified":"2025-02-26T12:06:48","modified_gmt":"2025-02-26T12:06:48","slug":"facilities","status":"publish","type":"page","link":"https:\/\/stage.wbstudiotour.co.uk\/fr\/facilities\/","title":{"rendered":"\u00c9quipements"},"content":{"rendered":"<h2 class=\"wysiwyg-title\">Entr\u00e9e Du Studio Tour<\/h2>\n<h3 class=\"wysiwyg-subtitle\">Vestiaire<\/h3>\n<p>Les manteaux et les sacs peuvent \u00eatre d\u00e9pos\u00e9s au vestiaire gratuit. Nous vous prions, dans la mesure du possible, de laisser les poussettes et les landaus au vestiaire car l\u2019espace est limit\u00e9 \u00e0 l\u2019int\u00e9rieur du Studio Tour. Veuillez noter que les objets sont d\u00e9pos\u00e9s sous la responsabilit\u00e9 des visiteurs.<\/p>\n<p>\u00c0 votre arriv\u00e9e au Studio Tour, une fouille corporelle et une fouille de vos sacs seront effectu\u00e9es avant d&#8217;entrer. Nous vous demandons de bien vouloir coop\u00e9rer avec notre personnel durant cette proc\u00e9dure.<\/p>\n<h3 class=\"wysiwyg-subtitle\">Machine De Tr\u00e9sorerie<\/h3>\n<p>Vous trouverez un distributeur de billets \u00e0 l&#8217;entr\u00e9e pour effectuer des retraits sans frais.<\/p>\n<h3 class=\"wysiwyg-subtitle\">Toilettes<\/h3>\n<p>Des toilettes sont disponibles dans notre entr\u00e9e. Des espaces change b\u00e9b\u00e9 sont mis \u00e0 votre disposition dans chaque bloc sanitaire. Des toilettes accessibles aux personnes \u00e0 mobilit\u00e9 r\u00e9duite sont \u00e9galement disponibles. Elles peuvent accueillir jusqu&#8217;\u00e0 deux auxiliaires de vie.<\/p>\n<h3 class=\"wysiwyg-subtitle\">Nourriture Et Boisson<\/h3>\n<p>Si vous arrivez plus t\u00f4t que le cr\u00e9neau horaire qui vous est attribu\u00e9, n\u2019h\u00e9sitez pas \u00e0 vous rendre dans notre Studio Caf\u00e9 ou au Starbucks situ\u00e9s \u00e0 l\u2019entr\u00e9e, o\u00f9 des rafra\u00eechissements vous serons propos\u00e9s.<\/p>\n<p>Pour les parents accompagn\u00e9s de jeunes enfants, nous pouvons vous fournir de l&#8217;eau chaude pour r\u00e9chauffer les biberons dans le Studio Caf\u00e9.<\/p>\n<h3 class=\"wysiwyg-subtitle\">Achats<\/h3>\n<p>Vous pouvez d\u00e9couvrir les produits disponibles dans la boutique du studio quand bon vous semble, avant votre cr\u00e9neau horaire ou \u00e0 la fin de votre visite. Seuls les d\u00e9tenteurs de billets peuvent acc\u00e9der \u00e0 la boutique du Studio Tour. N\u00e9anmoins, beaucoup de ces objets sont vendus dans notre boutique en ligne.<\/p>\n<hr \/>\n<h2 class=\"wysiwyg-title\">\u00c0 L&#8217;Int\u00e9rieur Du Studio Tour<\/h2>\n<h3 class=\"wysiwyg-subtitle\">Toilettes<\/h3>\n<p>Toutes les toilettes sont facilement accessibles et des toilettes pour personnes \u00e0 mobilit\u00e9 r\u00e9duite sont disponibles \u00e0 intervalles r\u00e9guliers tout au long du Studio Tour. Des espaces change b\u00e9b\u00e9 sont mis \u00e0 votre disposition dans chaque bloc sanitaire.<\/p>\n<h3 class=\"wysiwyg-subtitle\">Salle Pour Parents Et B\u00e9b\u00e9s<\/h3>\n<p>Une zone priv\u00e9e o\u00f9 les parents peuvent allaiter, comprenant un fauteuil d&#8217;allaitement et des tables \u00e0 langer, se trouve \u00e0 c\u00f4t\u00e9 du caf\u00e9 des d\u00e9cors ext\u00e9rieurs. Nous pouvons vous fournir de l&#8217;eau chaude pour r\u00e9chauffer les biberons dans le caf\u00e9 des d\u00e9cors ext\u00e9rieurs.<\/p>\n<h3 class=\"wysiwyg-subtitle\">Nourriture et Boisson<\/h3>\n<p>Savourez un plat chaud, un sandwich ou un en-cas dans le caf\u00e9 des d\u00e9cors ext\u00e9rieurs, situ\u00e9 \u00e0 la moiti\u00e9 de la visite du Studio Tour. Des places assises \u00e0 l&#8217;int\u00e9rieur et l&#8217;ext\u00e9rieur sont disponibles pour que vous soyez confortablement install\u00e9 quelle que soit la m\u00e9t\u00e9o.<\/p>\n<p>Dans les d\u00e9cors ext\u00e9rieurs, vous aurez la possibilit\u00e9 de d\u00e9guster une bi\u00e8raubeurre mousseuse, une boisson sans alcool qui \u00e9voque le go\u00fbt des biscuits sabl\u00e9s et du caramel au sucre brun.<\/p>\n","protected":false},"excerpt":{"rendered":"<p>Entr\u00e9e Du Studio Tour Vestiaire Les manteaux et les sacs peuvent \u00eatre d\u00e9pos\u00e9s au vestiaire gratuit. Nous vous prions, dans la mesure du possible, de laisser les poussettes et les landaus au vestiaire car l\u2019espace est limit\u00e9 \u00e0 l\u2019int\u00e9rieur du Studio Tour. Veuillez noter que les objets sont d\u00e9pos\u00e9s sous la responsabilit\u00e9 des visiteurs. \u00c0 [&hellip;]<\/p>\n","protected":false},"author":6,"featured_media":3350,"parent":0,"menu_order":0,"comment_status":"closed","ping_status":"closed","template":"","meta":{"_acf_changed":false,"footnotes":""},"class_list":["post-823","page","type-page","status-publish","has-post-thumbnail","hentry"],"translation":{"provider":"WPGlobus","version":"3.0.2","language":"fr","enabled_languages":["en","es","de","fr","it"],"languages":{"en":{"title":true,"content":true,"excerpt":false},"es":{"title":true,"content":true,"excerpt":false},"de":{"title":true,"content":true,"excerpt":false},"fr":{"title":true,"content":true,"excerpt":false},"it":{"title":true,"content":true,"excerpt":false}}},"acf":{"add_cross_sell_to_page":false,"add_newsletter_sign_up_next_to_cross_sell":false,"choose_sidebar_entries":[{"ID":787,"post_author":"6","post_date":"2019-07-17 21:36:06","post_date_gmt":"2019-07-17 21:36:06","post_content":"","post_title":"{:en}When You Arrive{:}{:es}CUANDO LLEGUES{:}{:de}WENN DU ANKOMMST{:}{:fr}QUAND VOUS ARRIVEZ{:}","post_excerpt":"","post_status":"publish","comment_status":"closed","ping_status":"closed","post_password":"","post_name":"when-you-arrive","to_ping":"","pinged":"","post_modified":"2019-12-05 15:08:06","post_modified_gmt":"2019-12-05 15:08:06","post_content_filtered":"","post_parent":0,"guid":"http:\/\/stage.wbstudiotour.co.uk\/?post_type=wbstl_sidebar&#038;p=787","menu_order":0,"post_type":"wbstl_sidebar","post_mime_type":"","comment_count":"0","filter":"raw"},{"ID":159,"post_author":"6","post_date":"2019-06-17 18:24:04","post_date_gmt":"2019-06-17 18:24:04","post_content":"","post_title":"{:en}Food & Drink{:}{:es}COMIDA Y BEBIDA{:}","post_excerpt":"","post_status":"publish","comment_status":"closed","ping_status":"closed","post_password":"","post_name":"food-drink","to_ping":"","pinged":"","post_modified":"2025-06-11 15:29:22","post_modified_gmt":"2025-06-11 14:29:22","post_content_filtered":"","post_parent":0,"guid":"http:\/\/stage.wbstudiotour.co.uk\/?post_type=wbstl_sidebar&#038;p=159","menu_order":0,"post_type":"wbstl_sidebar","post_mime_type":"","comment_count":"0","filter":"raw"}],"wbstl_use_fancy_lists":false,"wbstl_hero_video":"","wbstl_hv_mobile_placeholder":false,"wbstl_hv_tablet_placeholder":false,"wbstl_hv_subtitle":"","wbstl_hv_add_ticket_purchase_cta":false,"wbstl_ii_image":false,"wbstl_ii_content":"","add_cross_sell_to_page2":false,"wbstl_hv_cta_button_text":"","wbstl_hv_cta_link":"","wbstl_hv_show_cta_note":false,"wbstl_hv_cta_note":"","wbstl_hv_title_color":"","wbstl_hv_text_color":"","wbstl_hv_show_video_overlay":true,"wbstl_hv_cta_button_redeem_text":"wbstl_hv_cta_button_redeem_text","wbstl_hv_cta_redeem_link":""},"yoast_head":"<!-- This site is optimized with the Yoast SEO plugin v27.4 - https:\/\/yoast.com\/product\/yoast-seo-wordpress\/ -->\n<title>\u00c9quipements - Warner Bros. Studio Tour London<\/title>\n<meta name=\"robots\" content=\"index, follow, max-snippet:-1, max-image-preview:large, max-video-preview:-1\" \/>\n<link rel=\"canonical\" href=\"https:\/\/www.wbstudiotour.co.uk\/facilities\/\" \/>\n<meta property=\"og:locale\" content=\"fr_FR\" \/>\n<meta property=\"og:type\" content=\"article\" \/>\n<meta property=\"og:title\" content=\"\u00c9quipements - Warner Bros. Studio Tour London\" \/>\n<meta property=\"og:url\" content=\"https:\/\/www.wbstudiotour.co.uk\/facilities\/\" \/>\n<meta property=\"og:site_name\" content=\"Warner Bros. Studio Tour London\" \/>\n<meta property=\"article:modified_time\" content=\"2025-02-26T12:06:48+00:00\" \/>\n<meta property=\"og:image\" content=\"https:\/\/www.wbstudiotour.co.uk\/wp-content\/uploads\/2019\/12\/header-facilities-entrance.jpg\" \/>\n\t<meta property=\"og:image:width\" content=\"1920\" \/>\n\t<meta property=\"og:image:height\" content=\"1039\" \/>\n\t<meta property=\"og:image:type\" content=\"image\/jpeg\" \/>\n<meta name=\"twitter:card\" content=\"summary_large_image\" \/>\n<script type=\"application\/ld+json\" class=\"yoast-schema-graph\">{\"@context\":\"https:\\\/\\\/schema.org\",\"@graph\":[{\"@type\":\"ImageObject\",\"inLanguage\":\"fr-FR\",\"@id\":\"https:\\\/\\\/www.wbstudiotour.co.uk\\\/facilities\\\/#primaryimage\",\"url\":\"https:\\\/\\\/stage.wbstudiotour.co.uk\\\/wp-content\\\/uploads\\\/2019\\\/12\\\/header-facilities-entrance.jpg\",\"contentUrl\":\"https:\\\/\\\/stage.wbstudiotour.co.uk\\\/wp-content\\\/uploads\\\/2019\\\/12\\\/header-facilities-entrance.jpg\",\"width\":1920,\"height\":1039},{\"@type\":\"BreadcrumbList\",\"@id\":\"https:\\\/\\\/www.wbstudiotour.co.uk\\\/facilities\\\/#breadcrumb\",\"itemListElement\":[{\"@type\":\"ListItem\",\"position\":1,\"name\":\"Home\",\"item\":\"https:\\\/\\\/stage.wbstudiotour.co.uk\\\/\"},{\"@type\":\"ListItem\",\"position\":2,\"name\":\"Facilities\"}]},{\"@type\":\"WebSite\",\"@id\":\"https:\\\/\\\/www.wbstudiotour.co.uk\\\/fr\\\/#website\",\"url\":\"https:\\\/\\\/www.wbstudiotour.co.uk\\\/fr\\\/\",\"name\":\"Warner Bros. Studio Tour London\",\"description\":\"\",\"potentialAction\":[{\"@type\":\"SearchAction\",\"target\":{\"@type\":\"EntryPoint\",\"urlTemplate\":\"https:\\\/\\\/www.wbstudiotour.co.uk\\\/fr\\\/?s={search_term_string}\"},\"query-input\":{\"@type\":\"PropertyValueSpecification\",\"valueRequired\":true,\"valueName\":\"search_term_string\"}}],\"inLanguage\":\"fr-FR\"}]}<\/script>\n<!-- \/ Yoast SEO plugin. -->","yoast_head_json":{"title":"\u00c9quipements - Warner Bros. Studio Tour London","robots":{"index":"index","follow":"follow","max-snippet":"max-snippet:-1","max-image-preview":"max-image-preview:large","max-video-preview":"max-video-preview:-1"},"canonical":"https:\/\/www.wbstudiotour.co.uk\/facilities\/","og_locale":"fr_FR","og_type":"article","og_title":"\u00c9quipements - Warner Bros. Studio Tour London","og_url":"https:\/\/www.wbstudiotour.co.uk\/facilities\/","og_site_name":"Warner Bros. Studio Tour London","article_modified_time":"2025-02-26T12:06:48+00:00","og_image":[{"width":1920,"height":1039,"url":"https:\/\/www.wbstudiotour.co.uk\/wp-content\/uploads\/2019\/12\/header-facilities-entrance.jpg","type":"image\/jpeg"}],"twitter_card":"summary_large_image","schema":{"@context":"https:\/\/schema.org","@graph":[{"@type":"ImageObject","inLanguage":"fr-FR","@id":"https:\/\/www.wbstudiotour.co.uk\/facilities\/#primaryimage","url":"https:\/\/stage.wbstudiotour.co.uk\/wp-content\/uploads\/2019\/12\/header-facilities-entrance.jpg","contentUrl":"https:\/\/stage.wbstudiotour.co.uk\/wp-content\/uploads\/2019\/12\/header-facilities-entrance.jpg","width":1920,"height":1039},{"@type":"BreadcrumbList","@id":"https:\/\/www.wbstudiotour.co.uk\/facilities\/#breadcrumb","itemListElement":[{"@type":"ListItem","position":1,"name":"Home","item":"https:\/\/stage.wbstudiotour.co.uk\/"},{"@type":"ListItem","position":2,"name":"Facilities"}]},{"@type":"WebSite","@id":"https:\/\/www.wbstudiotour.co.uk\/fr\/#website","url":"https:\/\/www.wbstudiotour.co.uk\/fr\/","name":"Warner Bros. Studio Tour London","description":"","potentialAction":[{"@type":"SearchAction","target":{"@type":"EntryPoint","urlTemplate":"https:\/\/www.wbstudiotour.co.uk\/fr\/?s={search_term_string}"},"query-input":{"@type":"PropertyValueSpecification","valueRequired":true,"valueName":"search_term_string"}}],"inLanguage":"fr-FR"}]}},"_links":{"self":[{"href":"https:\/\/stage.wbstudiotour.co.uk\/fr\/wp-json\/wp\/v2\/pages\/823","targetHints":{"allow":["GET"]}}],"collection":[{"href":"https:\/\/stage.wbstudiotour.co.uk\/fr\/wp-json\/wp\/v2\/pages"}],"about":[{"href":"https:\/\/stage.wbstudiotour.co.uk\/fr\/wp-json\/wp\/v2\/types\/page"}],"author":[{"embeddable":true,"href":"https:\/\/stage.wbstudiotour.co.uk\/fr\/wp-json\/wp\/v2\/users\/6"}],"replies":[{"embeddable":true,"href":"https:\/\/stage.wbstudiotour.co.uk\/fr\/wp-json\/wp\/v2\/comments?post=823"}],"version-history":[{"count":9,"href":"https:\/\/stage.wbstudiotour.co.uk\/fr\/wp-json\/wp\/v2\/pages\/823\/revisions"}],"predecessor-version":[{"id":29756,"href":"https:\/\/stage.wbstudiotour.co.uk\/fr\/wp-json\/wp\/v2\/pages\/823\/revisions\/29756"}],"wp:featuredmedia":[{"embeddable":true,"href":"https:\/\/stage.wbstudiotour.co.uk\/fr\/wp-json\/wp\/v2\/media\/3350"}],"wp:attachment":[{"href":"https:\/\/stage.wbstudiotour.co.uk\/fr\/wp-json\/wp\/v2\/media?parent=823"}],"curies":[{"name":"wp","href":"https:\/\/api.w.org\/{rel}","templated":true}]}}