{"id":11699,"date":"2021-08-09T10:49:26","date_gmt":"2021-08-09T09:49:26","guid":{"rendered":"https:\/\/stage.wbstudiotour.co.uk\/?page_id=11699"},"modified":"2024-02-06T14:55:57","modified_gmt":"2024-02-06T14:55:57","slug":"forbidden-forest","status":"publish","type":"page","link":"https:\/\/stage.wbstudiotour.co.uk\/it\/experience\/forbidden-forest\/","title":{"rendered":"Forbidden Forest"},"content":{"rendered":"","protected":false},"excerpt":{"rendered":"","protected":false},"author":6,"featured_media":101,"parent":764,"menu_order":0,"comment_status":"closed","ping_status":"closed","template":"pagetmplt-full-width.php","meta":{"_acf_changed":false,"footnotes":""},"class_list":["post-11699","page","type-page","status-publish","has-post-thumbnail","hentry"],"translation":{"provider":"WPGlobus","version":"3.0.2","language":"it","enabled_languages":["en","es","de","fr","it"],"languages":{"en":{"title":true,"content":false,"excerpt":false},"es":{"title":false,"content":false,"excerpt":false},"de":{"title":false,"content":false,"excerpt":false},"fr":{"title":false,"content":false,"excerpt":false},"it":{"title":false,"content":false,"excerpt":false}}},"acf":{"alternate_page_title":"","add_cross_sell_to_page":{"ID":176,"post_author":"6","post_date":"2019-06-17 19:49:32","post_date_gmt":"2019-06-17 19:49:32","post_content":"","post_title":"{:en}Gift Tickets{:}{:es}LL\u00c9VATE UN POCO DE MAGIA{:}{:de}EIN ST\u00dcCK MAGIE KANN IHNEN GEH\u00d6REN{:}{:fr}EMPAREZ-VOUS D'UN PEU DE MAGIE{:}","post_excerpt":"","post_status":"publish","comment_status":"closed","ping_status":"closed","post_password":"","post_name":"gift-tickets","to_ping":"","pinged":"","post_modified":"2024-11-13 11:48:42","post_modified_gmt":"2024-11-13 11:48:42","post_content_filtered":"","post_parent":0,"guid":"http:\/\/stage.wbstudiotour.co.uk\/?post_type=wbstl_cross_sells&#038;p=176","menu_order":0,"post_type":"wbstl_cross_sells","post_mime_type":"","comment_count":"0","filter":"raw"},"add_cross_sell_to_page2":false,"add_newsletter_sign_up_next_to_cross_sell":true,"fw_flexible_content":[{"acf_fc_layout":"single_column","section_title":"Step into the Forbidden Forest","background_color":"","use_accordion":false,"content":"<p style=\"font-size: 1.2em; line-height: 1.5;\">The Forbidden Forest may be strictly off-limits to Hogwarts students, but visitors to the Studio Tour are invited to defy Professor Dumbledore\u2019s orders and follow the footsteps of Harry, Ron and Hermione deep into the grounds of the Forbidden Forest.<\/p>\n"},{"acf_fc_layout":"2_columns","section_title":"","options":{"column_sizes":"1\/2 - 1\/2","background_color":"","flip_stacked_order_on_mobile":false},"content_left":"<p style=\"font-size: 1.2em; line-height: 1.5;\">Home to an abundance of creatures, the Forbidden Forest offers shelter and protection to Hippogriffs and Acromantula among many others. It\u2019s also well known to beloved half-giant Hagrid in his role as Care of Magical Creatures professor, see one of Rubeus Hagrid\u2019s original costumes on display, lantern in hand, to welcome you through the Hogwarts gates deep into the forest. Filled with 19 trees each with a diameter of over 12 feet, you can walk beneath the giant entwined roots on their journey and even control the weather using the same techniques created by filmmakers.<\/p>\n","content_right":"<p><img loading=\"lazy\" decoding=\"async\" class=\"aligncenter size-large wp-image-4846\" src=\"http:\/\/stage.wbstudiotour.co.uk\/wp-content\/uploads\/2020\/04\/video-call-background-forbidden-forest-1024x576.jpg\" alt=\"Video call background - Forbidden Forest\" width=\"1024\" height=\"576\" srcset=\"https:\/\/stage.wbstudiotour.co.uk\/wp-content\/uploads\/2020\/04\/video-call-background-forbidden-forest-1024x576.jpg 1024w, https:\/\/stage.wbstudiotour.co.uk\/wp-content\/uploads\/2020\/04\/video-call-background-forbidden-forest-300x169.jpg 300w, https:\/\/stage.wbstudiotour.co.uk\/wp-content\/uploads\/2020\/04\/video-call-background-forbidden-forest-768x432.jpg 768w, https:\/\/stage.wbstudiotour.co.uk\/wp-content\/uploads\/2020\/04\/video-call-background-forbidden-forest-1536x864.jpg 1536w, https:\/\/stage.wbstudiotour.co.uk\/wp-content\/uploads\/2020\/04\/video-call-background-forbidden-forest.jpg 1920w\" sizes=\"auto, (max-width: 1024px) 100vw, 1024px\" \/><\/p>\n"},{"acf_fc_layout":"single_column","section_title":"","background_color":"","use_accordion":false,"content":"<p style=\"font-size: 1.2em; line-height: 1.5;\">Amongst the imposing trees, you\u2019ll encounter a full-size model of Buckbeak and have the opportunity to bow to the majestic creature. See up close the incredible detail and craftsmanship that went into creating the magnificent Hippogriff. Each feather had to be individually inserted and glued by the Creature Effects team who were busy adding feathers right up until the final moment Buckbeak was needed on set for <em>Harry Potter and the Prisoner of Azkaban.<\/em><\/p>\n"},{"acf_fc_layout":"2_columns","section_title":"","options":{"column_sizes":"1\/2 - 1\/2","background_color":"","flip_stacked_order_on_mobile":false},"content_left":"<p><img loading=\"lazy\" decoding=\"async\" class=\"aligncenter size-large wp-image-1086\" src=\"http:\/\/stage.wbstudiotour.co.uk\/wp-content\/uploads\/2019\/06\/Aragog-1024x683.jpg\" alt=\"Aragog\" width=\"1024\" height=\"683\" srcset=\"https:\/\/stage.wbstudiotour.co.uk\/wp-content\/uploads\/2019\/06\/Aragog-1024x683.jpg 1024w, https:\/\/stage.wbstudiotour.co.uk\/wp-content\/uploads\/2019\/06\/Aragog-300x200.jpg 300w, https:\/\/stage.wbstudiotour.co.uk\/wp-content\/uploads\/2019\/06\/Aragog-768x512.jpg 768w, https:\/\/stage.wbstudiotour.co.uk\/wp-content\/uploads\/2019\/06\/Aragog.jpg 1920w\" sizes=\"auto, (max-width: 1024px) 100vw, 1024px\" \/><\/p>\n","content_right":"<p style=\"font-size: 1.2em; line-height: 1.5;\">As you venture deeper into the depths of the forest, you\u2019ll come face-to-face with Aragog, the Acromantula. Emerging from his dark lair, the enormous spider will appear before visitors along with spiderlings from his family. Created by Nick Dudman, Creature and Make-Up Effects Designer, with help from Production Designer Stuart Craig, Aragog had a leg span of over 18 feet and was even able to crawl out of a hole and deliver dialogue in <em>Harry Potter and the Chamber of Secrets.<\/em><\/p>\n"},{"acf_fc_layout":"2_columns","section_title":"","options":{"column_sizes":"1\/2 - 1\/2","background_color":"","flip_stacked_order_on_mobile":false},"content_left":"<p style=\"font-size: 1.2em; line-height: 1.5;\">Watch and learn how the Forbidden Forest was designed and built by many of the crew members who worked on the hugely successful magical film series. Including Oscar\u00ae and BAFTA winning Production Designer Stuart Craig, Construction Manager Paul Hayes, BAFTA winning Creature and Makeup Effects Designer Nick Dudman and BAFTA winning Special Effects Supervisor John Richardson.<\/p>\n","content_right":"<p><iframe loading=\"lazy\" title=\"Step into the Forbidden Forest | Warner Bros. Studio Tour London\" width=\"848\" height=\"477\" src=\"https:\/\/www.youtube-nocookie.com\/embed\/OJoidUnBcoI?feature=oembed\" frameborder=\"0\" allow=\"accelerometer; autoplay; clipboard-write; encrypted-media; gyroscope; picture-in-picture\" allowfullscreen><\/iframe><\/p>\n"}],"wbstl_hero_video":"","wbstl_hv_mobile_placeholder":false,"wbstl_hv_tablet_placeholder":false,"wbstl_hv_title_color":"","wbstl_hv_text_color":"","wbstl_hv_subtitle":"","wbstl_hv_add_ticket_purchase_cta":false,"wbstl_hv_cta_button_text":"","wbstl_hv_cta_link":"","wbstl_hv_show_cta_note":false,"wbstl_hv_cta_note":"","wbstl_ii_image":false,"wbstl_ii_content":"","wbstl_hv_show_video_overlay":true,"wbstl_hv_cta_button_redeem_text":"wbstl_hv_cta_button_redeem_text","wbstl_hv_cta_redeem_link":""},"yoast_head":"<!-- This site is optimized with the Yoast SEO plugin v27.4 - https:\/\/yoast.com\/product\/yoast-seo-wordpress\/ -->\n<title>Forbidden Forest - Warner Bros. Studio Tour London<\/title>\n<meta name=\"robots\" content=\"index, follow, max-snippet:-1, max-image-preview:large, max-video-preview:-1\" \/>\n<link rel=\"canonical\" href=\"https:\/\/www.wbstudiotour.co.uk\/experience\/forbidden-forest\/\" \/>\n<meta property=\"og:locale\" content=\"it_IT\" \/>\n<meta property=\"og:type\" content=\"article\" \/>\n<meta property=\"og:title\" content=\"Forbidden Forest - Warner Bros. Studio Tour London\" \/>\n<meta property=\"og:url\" content=\"https:\/\/www.wbstudiotour.co.uk\/experience\/forbidden-forest\/\" \/>\n<meta property=\"og:site_name\" content=\"Warner Bros. Studio Tour London\" \/>\n<meta property=\"article:modified_time\" content=\"2024-02-06T14:55:57+00:00\" \/>\n<meta property=\"og:image\" content=\"https:\/\/www.wbstudiotour.co.uk\/wp-content\/uploads\/2019\/06\/Forbidden-Forest.jpg\" \/>\n\t<meta property=\"og:image:width\" content=\"1920\" \/>\n\t<meta property=\"og:image:height\" content=\"1280\" \/>\n\t<meta property=\"og:image:type\" content=\"image\/jpeg\" \/>\n<meta name=\"twitter:card\" content=\"summary_large_image\" \/>\n<script type=\"application\/ld+json\" class=\"yoast-schema-graph\">{\"@context\":\"https:\\\/\\\/schema.org\",\"@graph\":[{\"@type\":\"ImageObject\",\"inLanguage\":\"it-IT\",\"@id\":\"https:\\\/\\\/www.wbstudiotour.co.uk\\\/experience\\\/forbidden-forest\\\/#primaryimage\",\"url\":\"https:\\\/\\\/stage.wbstudiotour.co.uk\\\/wp-content\\\/uploads\\\/2019\\\/06\\\/Forbidden-Forest.jpg\",\"contentUrl\":\"https:\\\/\\\/stage.wbstudiotour.co.uk\\\/wp-content\\\/uploads\\\/2019\\\/06\\\/Forbidden-Forest.jpg\",\"width\":1920,\"height\":1280,\"caption\":\"Forbidden Forest\"},{\"@type\":\"BreadcrumbList\",\"@id\":\"https:\\\/\\\/www.wbstudiotour.co.uk\\\/experience\\\/forbidden-forest\\\/#breadcrumb\",\"itemListElement\":[{\"@type\":\"ListItem\",\"position\":1,\"name\":\"Home\",\"item\":\"https:\\\/\\\/stage.wbstudiotour.co.uk\\\/\"},{\"@type\":\"ListItem\",\"position\":2,\"name\":\"The Experience\",\"item\":\"https:\\\/\\\/www.wbstudiotour.co.uk\\\/experience\\\/\"},{\"@type\":\"ListItem\",\"position\":3,\"name\":\"Forbidden Forest\"}]},{\"@type\":\"WebSite\",\"@id\":\"https:\\\/\\\/www.wbstudiotour.co.uk\\\/fr\\\/#website\",\"url\":\"https:\\\/\\\/www.wbstudiotour.co.uk\\\/fr\\\/\",\"name\":\"Warner Bros. Studio Tour London\",\"description\":\"\",\"potentialAction\":[{\"@type\":\"SearchAction\",\"target\":{\"@type\":\"EntryPoint\",\"urlTemplate\":\"https:\\\/\\\/www.wbstudiotour.co.uk\\\/fr\\\/?s={search_term_string}\"},\"query-input\":{\"@type\":\"PropertyValueSpecification\",\"valueRequired\":true,\"valueName\":\"search_term_string\"}}],\"inLanguage\":\"it-IT\"}]}<\/script>\n<!-- \/ Yoast SEO plugin. -->","yoast_head_json":{"title":"Forbidden Forest - Warner Bros. Studio Tour London","robots":{"index":"index","follow":"follow","max-snippet":"max-snippet:-1","max-image-preview":"max-image-preview:large","max-video-preview":"max-video-preview:-1"},"canonical":"https:\/\/www.wbstudiotour.co.uk\/experience\/forbidden-forest\/","og_locale":"it_IT","og_type":"article","og_title":"Forbidden Forest - Warner Bros. Studio Tour London","og_url":"https:\/\/www.wbstudiotour.co.uk\/experience\/forbidden-forest\/","og_site_name":"Warner Bros. Studio Tour London","article_modified_time":"2024-02-06T14:55:57+00:00","og_image":[{"width":1920,"height":1280,"url":"https:\/\/www.wbstudiotour.co.uk\/wp-content\/uploads\/2019\/06\/Forbidden-Forest.jpg","type":"image\/jpeg"}],"twitter_card":"summary_large_image","schema":{"@context":"https:\/\/schema.org","@graph":[{"@type":"ImageObject","inLanguage":"it-IT","@id":"https:\/\/www.wbstudiotour.co.uk\/experience\/forbidden-forest\/#primaryimage","url":"https:\/\/stage.wbstudiotour.co.uk\/wp-content\/uploads\/2019\/06\/Forbidden-Forest.jpg","contentUrl":"https:\/\/stage.wbstudiotour.co.uk\/wp-content\/uploads\/2019\/06\/Forbidden-Forest.jpg","width":1920,"height":1280,"caption":"Forbidden Forest"},{"@type":"BreadcrumbList","@id":"https:\/\/www.wbstudiotour.co.uk\/experience\/forbidden-forest\/#breadcrumb","itemListElement":[{"@type":"ListItem","position":1,"name":"Home","item":"https:\/\/stage.wbstudiotour.co.uk\/"},{"@type":"ListItem","position":2,"name":"The Experience","item":"https:\/\/www.wbstudiotour.co.uk\/experience\/"},{"@type":"ListItem","position":3,"name":"Forbidden Forest"}]},{"@type":"WebSite","@id":"https:\/\/www.wbstudiotour.co.uk\/fr\/#website","url":"https:\/\/www.wbstudiotour.co.uk\/fr\/","name":"Warner Bros. Studio Tour London","description":"","potentialAction":[{"@type":"SearchAction","target":{"@type":"EntryPoint","urlTemplate":"https:\/\/www.wbstudiotour.co.uk\/fr\/?s={search_term_string}"},"query-input":{"@type":"PropertyValueSpecification","valueRequired":true,"valueName":"search_term_string"}}],"inLanguage":"it-IT"}]}},"_links":{"self":[{"href":"https:\/\/stage.wbstudiotour.co.uk\/it\/wp-json\/wp\/v2\/pages\/11699","targetHints":{"allow":["GET"]}}],"collection":[{"href":"https:\/\/stage.wbstudiotour.co.uk\/it\/wp-json\/wp\/v2\/pages"}],"about":[{"href":"https:\/\/stage.wbstudiotour.co.uk\/it\/wp-json\/wp\/v2\/types\/page"}],"author":[{"embeddable":true,"href":"https:\/\/stage.wbstudiotour.co.uk\/it\/wp-json\/wp\/v2\/users\/6"}],"replies":[{"embeddable":true,"href":"https:\/\/stage.wbstudiotour.co.uk\/it\/wp-json\/wp\/v2\/comments?post=11699"}],"version-history":[{"count":5,"href":"https:\/\/stage.wbstudiotour.co.uk\/it\/wp-json\/wp\/v2\/pages\/11699\/revisions"}],"predecessor-version":[{"id":26635,"href":"https:\/\/stage.wbstudiotour.co.uk\/it\/wp-json\/wp\/v2\/pages\/11699\/revisions\/26635"}],"up":[{"embeddable":true,"href":"https:\/\/stage.wbstudiotour.co.uk\/it\/wp-json\/wp\/v2\/pages\/764"}],"wp:featuredmedia":[{"embeddable":true,"href":"https:\/\/stage.wbstudiotour.co.uk\/it\/wp-json\/wp\/v2\/media\/101"}],"wp:attachment":[{"href":"https:\/\/stage.wbstudiotour.co.uk\/it\/wp-json\/wp\/v2\/media?parent=11699"}],"curies":[{"name":"wp","href":"https:\/\/api.w.org\/{rel}","templated":true}]}}