{"id":16624,"date":"2022-03-25T08:38:22","date_gmt":"2022-03-25T08:38:22","guid":{"rendered":"https:\/\/stage.wbstudiotour.co.uk\/?page_id=16624"},"modified":"2025-12-03T14:46:45","modified_gmt":"2025-12-03T14:46:45","slug":"afternoon-tea","status":"publish","type":"page","link":"https:\/\/stage.wbstudiotour.co.uk\/it\/afternoon-tea\/","title":{"rendered":"Afternoon Tea"},"content":{"rendered":"<h2 class=\"serif-headline\" style=\"text-align: center;\">Afternoon Tea at The Hogwarts Table<\/h2>\n<hr \/>\n<p style=\"text-align: center;\">Enjoy a magical Afternoon Tea at The Hogwarts Table before or after your Studio Tour. Creatively designed and beautifully crafted by our talented pastry chefs, our Afternoon Tea features a spellbinding selection of indulgent sweets, savoury treats and delicious Butterbeer scones, served with an assortment of loose-leaf teas.\u00a0<strong>This dining experience does not take place in the Great Hall set.<\/strong><\/p>\n<p style=\"text-align: center;\">Want to make your Afternoon Tea truly magical? Upgrade with a glass of champagne for a touch of sparkle.<\/p>\n<p style=\"text-align: center;\">Little witches and wizards are welcome too, with our specially crafted Children\u2019s Afternoon Tea served in a miniature Hogwarts Trunk.<\/p>\n<p style=\"text-align: center;\">Afternoon Tea is available as an add-on when purchasing your Studio Tour tickets and cannot be booked separately. Afternoon Tea cannot be booked without Studio Tour entry.\u00a0 Each reservation lasts 90 minutes, so please plan your tour entry accordingly.<\/p>\n<p style=\"text-align: center;\"><strong><a class=\"wbstl-btn gold\" href=\"https:\/\/stage.wbstudiotour.co.uk\/tickets\/\">BOOK NOW<\/a><\/strong><\/p>\n<p style=\"text-align: center;\"><strong>Studio Tour tickets are required<\/strong><\/p>\n<p style=\"text-align: center;\"><strong>Important dining information<\/strong>:<br \/>\n<em>If you have any food allergies or intolerances, please <a href=\"mailto:TheHogwartsTable@wbstudiotour.co.uk\">contact us<\/a> at least 48 hours prior to the date of your visit.<br \/>\nWe allow a 20-minute arrival grace period. Please <a href=\"mailto:TheHogwartsTable@wbstudiotour.co.uk\">contact us<\/a> if you are running later than 20 minutes after your booked dining time.<br \/>\nTables are available for a maximum of six people.<\/em><\/p>\n<p style=\"text-align: center;\">Please note that menu options may change seasonally and are subject to availability.<\/p>\n<p style=\"text-align: center;\"><strong><a href=\"https:\/\/stage.wbstudiotour.co.uk\/afternoon-tea-terms-and-conditions\/\">Terms and Conditions<\/a><br \/>\n<\/strong><\/p>\n<ul id=\"gateway-page-links\">\n<li style=\"padding: 20px 10px 1px 10px; background-image: linear-gradient(rgba(0,0,0,.3), rgba(0,0,0,.4)), url('http:\/\/stage.wbstudiotour.co.uk\/wp-content\/uploads\/2022\/03\/Content-5-WBSTL230124_AfternoonTea_LR_4916-1.jpg'); width: 100%; background-position: middle;\">\n<h3>Afternoon Tea<\/h3>\n<p><a class=\"wbstl-btn wht\" href=\"http:\/\/stage.wbstudiotour.co.uk\/wp-content\/uploads\/2025\/03\/Afternoon_Tea_Menu.pdf\" target=\"_blank\" rel=\"noopener\">VIEW MENU<\/a><\/li>\n<li style=\"background-image: linear-gradient(rgba(0,0,0,.3), rgba(0,0,0,.4)), url('http:\/\/stage.wbstudiotour.co.uk\/wp-content\/uploads\/2024\/05\/WBSTL230124_AfternoonTea_LR_4971-1.jpg');\">\n<h3 style=\"padding: 0px 40px 0px 40px;\">Vegan Afternoon Tea<\/h3>\n<p><a class=\"wbstl-btn wht\" href=\"http:\/\/stage.wbstudiotour.co.uk\/wp-content\/uploads\/2025\/03\/Afternoon_Tea_Menu_VE.pdf\" target=\"_blank\" rel=\"noopener\">VIEW MENU<\/a><\/li>\n<li style=\"background-image: linear-gradient(rgba(0,0,0,.3), rgba(0,0,0,.4)), url('http:\/\/stage.wbstudiotour.co.uk\/wp-content\/uploads\/2022\/04\/IMG_0429-1-scaled.jpg');\">\n<h3>Vegetarian Afternoon Tea<\/h3>\n<p><a class=\"wbstl-btn wht\" href=\"http:\/\/stage.wbstudiotour.co.uk\/wp-content\/uploads\/2025\/03\/Afternoon_Tea_Menu_V.pdf\" target=\"_blank\" rel=\"noopener\">VIEW MENU<\/a><\/li>\n<li style=\"background-image: linear-gradient(rgba(0,0,0,.3), rgba(0,0,0,.4)), url('http:\/\/stage.wbstudiotour.co.uk\/wp-content\/uploads\/2024\/11\/WBSTL_AfternoonTea_23.01.24-4973-scaled-1.jpg');\">\n<h3>Afternoon Tea (Made Without Gluten)<\/h3>\n<p><a class=\"wbstl-btn wht\" href=\"http:\/\/stage.wbstudiotour.co.uk\/wp-content\/uploads\/2025\/03\/Afternoon_Tea_Menu_GF.pdf\" target=\"_blank\" rel=\"noopener\">VIEW MENU<\/a><\/li>\n<li style=\"background-image: linear-gradient(rgba(0,0,0,.3), rgba(0,0,0,.4)), url('http:\/\/stage.wbstudiotour.co.uk\/wp-content\/uploads\/2024\/11\/WBSTL_AfternoonTea_23.01.24-4978-scaled-1.jpg');\">\n<h3>Vegan Afternoon Tea (Made Without Gluten)<\/h3>\n<p><a class=\"wbstl-btn wht\" href=\"http:\/\/stage.wbstudiotour.co.uk\/wp-content\/uploads\/2025\/03\/Afternoon_Tea_Menu_GFVE.pdf\" target=\"_blank\" rel=\"noopener\">VIEW MENU<\/a><\/li>\n<li style=\"padding: 20px 10px 1px 10px; background-image: linear-gradient(rgba(0,0,0,.3), rgba(0,0,0,.4)), url('http:\/\/stage.wbstudiotour.co.uk\/wp-content\/uploads\/2025\/10\/Food-Hall-15-scaled.jpg'); width: 100%; background-position: middle;\">\n<h3>Children&#8217;s Afternoon Tea<\/h3>\n<p><a class=\"wbstl-btn wht\" href=\"http:\/\/stage.wbstudiotour.co.uk\/wp-content\/uploads\/2024\/08\/Childrens-afternoon-tea.pdf\" target=\"_blank\" rel=\"noopener\">VIEW MENU<\/a><\/li>\n<\/ul>\n<hr \/>\n<h5 style=\"text-align: center;\"><strong>The Hogwarts Table, located in the Food Hall<\/strong><\/h5>\n<p><img loading=\"lazy\" decoding=\"async\" class=\"alignnone size-full wp-image-34497\" src=\"http:\/\/stage.wbstudiotour.co.uk\/wp-content\/uploads\/2025\/06\/DATHT-jpeg-1-1.jpg\" alt=\"\" width=\"1602\" height=\"522\" srcset=\"https:\/\/stage.wbstudiotour.co.uk\/wp-content\/uploads\/2025\/06\/DATHT-jpeg-1-1.jpg 1602w, https:\/\/stage.wbstudiotour.co.uk\/wp-content\/uploads\/2025\/06\/DATHT-jpeg-1-1-300x98.jpg 300w, https:\/\/stage.wbstudiotour.co.uk\/wp-content\/uploads\/2025\/06\/DATHT-jpeg-1-1-1024x334.jpg 1024w, https:\/\/stage.wbstudiotour.co.uk\/wp-content\/uploads\/2025\/06\/DATHT-jpeg-1-1-768x250.jpg 768w, https:\/\/stage.wbstudiotour.co.uk\/wp-content\/uploads\/2025\/06\/DATHT-jpeg-1-1-1536x500.jpg 1536w\" sizes=\"auto, (max-width: 1602px) 100vw, 1602px\" \/><\/p>\n<hr \/>\n<h2 id=\"FAQ\" class=\"serif-headline\" style=\"text-align: center;\">AFTERNOON TEA FAQs<\/h2>\n<p>&nbsp;<\/p>\n<p><strong>Is Afternoon Tea at The\u00a0Hogwarts\u00a0Table in the Great Hall?<br \/>\n<\/strong>Afternoon Tea at The\u00a0Hogwarts\u00a0Table is\u00a0not\u00a0located within the Great Hall. While it draws inspiration from the iconic set, the dining location is in a separate, specially designed area within the Studio Tour Hub.<\/p>\n<p style=\"text-align: left;\"><strong>Do you accommodate allergies and intolerances?<\/strong><br \/>\nWe cannot guarantee that food will be prepared in an allergen-free space. If you, or someone you are booking for has any allergies and\/or dietary requirements, please <strong><a href=\"https:\/\/stage.wbstudiotour.co.uk\/contact-us\/contact-form\/\">contact us<\/a><\/strong> at least 48 hours before your visit.<\/p>\n<p style=\"text-align: left;\"><strong>Is your meat halal?<\/strong><br \/>\nOur meat suppliers are not Halal compliant, however, we are more than happy to provide a vegetarian alternative. If you require more information about accommodations for religious dietary laws, please <strong><a href=\"https:\/\/stage.wbstudiotour.co.uk\/contact-us\/contact-form\/\">contact us<\/a><\/strong> at least 48 hours before your visit.<\/p>\n<p style=\"text-align: left;\"><strong>I am bringing my child\/children, can you accommodate this?<\/strong><br \/>\nYes, we are delighted to offer a Children\u2019s Afternoon Tea \u2013 please see the menu <a href=\"http:\/\/stage.wbstudiotour.co.uk\/wp-content\/uploads\/2024\/08\/Childrens-afternoon-tea.pdf\"><b>here<\/b><\/a>. This option is available when booking at least one Adult\u2019s Afternoon Tea, paired with the applicable entry tickets. To book, please <strong><a href=\"https:\/\/stage.wbstudiotour.co.uk\/contact-us\/contact-form\/\">contact us<\/a><\/strong>\u00a0at least 48 hours before your visit.<\/p>\n<p style=\"text-align: left;\"><strong>Do you have decaf tea, coffee, or any other speciality teas?<\/strong><br \/>\nDecaf tea, coffee and a limited range of speciality teas are available. Please enquire when you arrive for your tea.<\/p>\n<p style=\"text-align: left;\"><strong>If I don&#8217;t finish my food, can I take it with me?<\/strong><br \/>\nYes, we are happy for guests to take their food with them. We have takeaway boxes available and we can store your leftovers for you until you finish the Studio Tour.<\/p>\n<p style=\"text-align: left;\"><strong>If I am running late, or early, can I still have my Afternoon Tea?<\/strong><br \/>\nWhile we will make every effort to accommodate adjustments to your reservation, please arrive at your scheduled time. We cannot guarantee a table if you arrive early or late. If you anticipate being late or early, <strong><a href=\"https:\/\/stage.wbstudiotour.co.uk\/contact-us\/contact-form\/\">contact us<\/a><\/strong>\u00a0as soon as possible so we can attempt to rearrange your seating. However, we are unable to promise availability outside your reserved time slot.<\/p>\n<p style=\"text-align: left;\"><strong>I don&#8217;t drink tea or coffee; do you have anything else?<\/strong><br \/>\nYes, we have a variety of soft drinks and juices available \u2013 subject to availability. Please be aware that these may be charged extra.<\/p>\n","protected":false},"excerpt":{"rendered":"<p>Afternoon Tea at The Hogwarts Table Enjoy a magical Afternoon Tea at The Hogwarts Table before or after your Studio Tour. Creatively designed and beautifully crafted by our talented pastry chefs, our Afternoon Tea features a spellbinding selection of indulgent sweets, savoury treats and delicious Butterbeer scones, served with an assortment of loose-leaf teas.\u00a0This dining [&hellip;]<\/p>\n","protected":false},"author":6,"featured_media":26704,"parent":0,"menu_order":0,"comment_status":"closed","ping_status":"closed","template":"pagetmplt-full-width.php","meta":{"_acf_changed":false,"footnotes":""},"class_list":["post-16624","page","type-page","status-publish","has-post-thumbnail","hentry"],"translation":{"provider":"WPGlobus","version":"3.0.2","language":"it","enabled_languages":["en","es","de","fr","it"],"languages":{"en":{"title":true,"content":true,"excerpt":false},"es":{"title":false,"content":false,"excerpt":false},"de":{"title":false,"content":false,"excerpt":false},"fr":{"title":false,"content":false,"excerpt":false},"it":{"title":false,"content":false,"excerpt":false}}},"acf":{"add_cross_sell_to_page":{"ID":176,"post_author":"6","post_date":"2019-06-17 19:49:32","post_date_gmt":"2019-06-17 19:49:32","post_content":"","post_title":"{:en}Gift Tickets{:}{:es}LL\u00c9VATE UN POCO DE MAGIA{:}{:de}EIN ST\u00dcCK MAGIE KANN IHNEN GEH\u00d6REN{:}{:fr}EMPAREZ-VOUS D'UN PEU DE MAGIE{:}","post_excerpt":"","post_status":"publish","comment_status":"closed","ping_status":"closed","post_password":"","post_name":"gift-tickets","to_ping":"","pinged":"","post_modified":"2024-11-13 11:48:42","post_modified_gmt":"2024-11-13 11:48:42","post_content_filtered":"","post_parent":0,"guid":"http:\/\/stage.wbstudiotour.co.uk\/?post_type=wbstl_cross_sells&#038;p=176","menu_order":0,"post_type":"wbstl_cross_sells","post_mime_type":"","comment_count":"0","filter":"raw"},"add_cross_sell_to_page2":{"ID":29373,"post_author":"48","post_date":"2024-11-13 10:37:03","post_date_gmt":"2024-11-13 10:37:03","post_content":"","post_title":"Tickets and Dinner Package","post_excerpt":"","post_status":"publish","comment_status":"closed","ping_status":"closed","post_password":"","post_name":"tickets-and-dinner-package","to_ping":"","pinged":"","post_modified":"2024-11-13 10:37:03","post_modified_gmt":"2024-11-13 10:37:03","post_content_filtered":"","post_parent":0,"guid":"https:\/\/stage.wbstudiotour.co.uk\/?post_type=wbstl_cross_sells&#038;p=29373","menu_order":0,"post_type":"wbstl_cross_sells","post_mime_type":"","comment_count":"0","filter":"raw"},"add_newsletter_sign_up_next_to_cross_sell":false,"choose_sidebar_entries":[{"ID":16632,"post_author":"6","post_date":"2022-04-06 12:57:57","post_date_gmt":"2022-04-06 11:57:57","post_content":"","post_title":"Afternoon Tea Menu","post_excerpt":"","post_status":"publish","comment_status":"closed","ping_status":"closed","post_password":"","post_name":"afternoon-tea-menu","to_ping":"","pinged":"","post_modified":"2024-02-19 11:57:42","post_modified_gmt":"2024-02-19 11:57:42","post_content_filtered":"","post_parent":0,"guid":"https:\/\/stage.wbstudiotour.co.uk\/?post_type=wbstl_sidebar&#038;p=16632","menu_order":0,"post_type":"wbstl_sidebar","post_mime_type":"","comment_count":"0","filter":"raw"},{"ID":16636,"post_author":"6","post_date":"2022-04-06 13:06:25","post_date_gmt":"2022-04-06 12:06:25","post_content":"","post_title":"Vegan Afternoon Tea Menu","post_excerpt":"","post_status":"publish","comment_status":"closed","ping_status":"closed","post_password":"","post_name":"vegan-afternoon-tea-menu","to_ping":"","pinged":"","post_modified":"2024-02-19 11:58:24","post_modified_gmt":"2024-02-19 11:58:24","post_content_filtered":"","post_parent":0,"guid":"https:\/\/stage.wbstudiotour.co.uk\/?post_type=wbstl_sidebar&#038;p=16636","menu_order":0,"post_type":"wbstl_sidebar","post_mime_type":"","comment_count":"0","filter":"raw"},{"ID":27128,"post_author":"48","post_date":"2024-05-17 09:10:47","post_date_gmt":"2024-05-17 08:10:47","post_content":"","post_title":"Vegetarian Afternoon Tea","post_excerpt":"","post_status":"publish","comment_status":"closed","ping_status":"closed","post_password":"","post_name":"vegetarian-afternoon-tea","to_ping":"","pinged":"","post_modified":"2024-05-17 09:12:49","post_modified_gmt":"2024-05-17 08:12:49","post_content_filtered":"","post_parent":0,"guid":"https:\/\/stage.wbstudiotour.co.uk\/?post_type=wbstl_sidebar&#038;p=27128","menu_order":0,"post_type":"wbstl_sidebar","post_mime_type":"","comment_count":"0","filter":"raw"},{"ID":20842,"post_author":"48","post_date":"2023-01-06 09:10:12","post_date_gmt":"2023-01-06 09:10:12","post_content":"","post_title":"Gluten Free Afternoon Tea Menu","post_excerpt":"","post_status":"publish","comment_status":"closed","ping_status":"closed","post_password":"","post_name":"gluten-free-afternoon-tea-menu","to_ping":"","pinged":"","post_modified":"2024-02-19 11:59:19","post_modified_gmt":"2024-02-19 11:59:19","post_content_filtered":"","post_parent":0,"guid":"https:\/\/stage.wbstudiotour.co.uk\/?post_type=wbstl_sidebar&#038;p=20842","menu_order":0,"post_type":"wbstl_sidebar","post_mime_type":"","comment_count":"0","filter":"raw"},{"ID":20844,"post_author":"48","post_date":"2023-01-06 09:10:44","post_date_gmt":"2023-01-06 09:10:44","post_content":"","post_title":"Gluten Free Vegan Afternoon Tea Menu","post_excerpt":"","post_status":"publish","comment_status":"closed","ping_status":"closed","post_password":"","post_name":"vegan-gluten-free-afternoon-tea-menu","to_ping":"","pinged":"","post_modified":"2024-02-19 12:01:47","post_modified_gmt":"2024-02-19 12:01:47","post_content_filtered":"","post_parent":0,"guid":"https:\/\/stage.wbstudiotour.co.uk\/?post_type=wbstl_sidebar&#038;p=20844","menu_order":0,"post_type":"wbstl_sidebar","post_mime_type":"","comment_count":"0","filter":"raw"}],"wbstl_use_fancy_lists":false,"wbstl_hero_video":"","wbstl_hv_mobile_placeholder":false,"wbstl_hv_tablet_placeholder":false,"wbstl_hv_title_color":"","wbstl_hv_text_color":"","wbstl_hv_subtitle":"","wbstl_hv_add_ticket_purchase_cta":false,"wbstl_hv_cta_button_text":"","wbstl_hv_cta_link":"","wbstl_hv_show_cta_note":false,"wbstl_hv_cta_note":"","wbstl_ii_image":false,"wbstl_ii_content":"","wbstl_hv_show_video_overlay":true,"wbstl_hv_cta_button_redeem_text":"wbstl_hv_cta_button_redeem_text","wbstl_hv_cta_redeem_link":"","alternate_page_title":"","fw_flexible_content":false},"yoast_head":"<!-- This site is optimized with the Yoast SEO plugin v27.4 - https:\/\/yoast.com\/product\/yoast-seo-wordpress\/ -->\n<title>Afternoon Tea - Warner Bros. Studio Tour London<\/title>\n<meta name=\"robots\" content=\"index, follow, max-snippet:-1, max-image-preview:large, max-video-preview:-1\" \/>\n<link rel=\"canonical\" href=\"https:\/\/www.wbstudiotour.co.uk\/afternoon-tea\/\" \/>\n<meta property=\"og:locale\" content=\"it_IT\" \/>\n<meta property=\"og:type\" content=\"article\" \/>\n<meta property=\"og:title\" content=\"Afternoon Tea - Warner Bros. Studio Tour London\" \/>\n<meta property=\"og:url\" content=\"https:\/\/www.wbstudiotour.co.uk\/afternoon-tea\/\" \/>\n<meta property=\"og:site_name\" content=\"Warner Bros. Studio Tour London\" \/>\n<meta property=\"article:modified_time\" content=\"2025-12-03T14:46:45+00:00\" \/>\n<meta property=\"og:image\" content=\"http:\/\/www.wbstudiotour.co.uk\/wp-content\/uploads\/2024\/02\/WBSTL_AfternoonTea_New_23.01.24_lowres-4928-1024x683.jpg\" \/>\n\t<meta property=\"og:image:width\" content=\"1024\" \/>\n\t<meta property=\"og:image:height\" content=\"683\" \/>\n\t<meta property=\"og:image:type\" content=\"image\/jpeg\" \/>\n<meta name=\"twitter:card\" content=\"summary_large_image\" \/>\n<script type=\"application\/ld+json\" class=\"yoast-schema-graph\">{\"@context\":\"https:\\\/\\\/schema.org\",\"@graph\":[{\"@type\":\"ImageObject\",\"inLanguage\":\"it-IT\",\"@id\":\"https:\\\/\\\/www.wbstudiotour.co.uk\\\/afternoon-tea\\\/#primaryimage\",\"url\":\"https:\\\/\\\/stage.wbstudiotour.co.uk\\\/wp-content\\\/uploads\\\/2024\\\/02\\\/WBSTL_AfternoonTea_New_23.01.24_lowres-4928.jpg\",\"contentUrl\":\"https:\\\/\\\/stage.wbstudiotour.co.uk\\\/wp-content\\\/uploads\\\/2024\\\/02\\\/WBSTL_AfternoonTea_New_23.01.24_lowres-4928.jpg\",\"width\":2400,\"height\":1600},{\"@type\":\"BreadcrumbList\",\"@id\":\"https:\\\/\\\/www.wbstudiotour.co.uk\\\/afternoon-tea\\\/#breadcrumb\",\"itemListElement\":[{\"@type\":\"ListItem\",\"position\":1,\"name\":\"Home\",\"item\":\"https:\\\/\\\/stage.wbstudiotour.co.uk\\\/\"},{\"@type\":\"ListItem\",\"position\":2,\"name\":\"Afternoon Tea\"}]},{\"@type\":\"WebSite\",\"@id\":\"https:\\\/\\\/www.wbstudiotour.co.uk\\\/fr\\\/#website\",\"url\":\"https:\\\/\\\/www.wbstudiotour.co.uk\\\/fr\\\/\",\"name\":\"Warner Bros. Studio Tour London\",\"description\":\"\",\"potentialAction\":[{\"@type\":\"SearchAction\",\"target\":{\"@type\":\"EntryPoint\",\"urlTemplate\":\"https:\\\/\\\/www.wbstudiotour.co.uk\\\/fr\\\/?s={search_term_string}\"},\"query-input\":{\"@type\":\"PropertyValueSpecification\",\"valueRequired\":true,\"valueName\":\"search_term_string\"}}],\"inLanguage\":\"it-IT\"}]}<\/script>\n<!-- \/ Yoast SEO plugin. -->","yoast_head_json":{"title":"Afternoon Tea - Warner Bros. Studio Tour London","robots":{"index":"index","follow":"follow","max-snippet":"max-snippet:-1","max-image-preview":"max-image-preview:large","max-video-preview":"max-video-preview:-1"},"canonical":"https:\/\/www.wbstudiotour.co.uk\/afternoon-tea\/","og_locale":"it_IT","og_type":"article","og_title":"Afternoon Tea - Warner Bros. Studio Tour London","og_url":"https:\/\/www.wbstudiotour.co.uk\/afternoon-tea\/","og_site_name":"Warner Bros. Studio Tour London","article_modified_time":"2025-12-03T14:46:45+00:00","og_image":[{"width":1024,"height":683,"url":"http:\/\/www.wbstudiotour.co.uk\/wp-content\/uploads\/2024\/02\/WBSTL_AfternoonTea_New_23.01.24_lowres-4928-1024x683.jpg","type":"image\/jpeg"}],"twitter_card":"summary_large_image","schema":{"@context":"https:\/\/schema.org","@graph":[{"@type":"ImageObject","inLanguage":"it-IT","@id":"https:\/\/www.wbstudiotour.co.uk\/afternoon-tea\/#primaryimage","url":"https:\/\/stage.wbstudiotour.co.uk\/wp-content\/uploads\/2024\/02\/WBSTL_AfternoonTea_New_23.01.24_lowres-4928.jpg","contentUrl":"https:\/\/stage.wbstudiotour.co.uk\/wp-content\/uploads\/2024\/02\/WBSTL_AfternoonTea_New_23.01.24_lowres-4928.jpg","width":2400,"height":1600},{"@type":"BreadcrumbList","@id":"https:\/\/www.wbstudiotour.co.uk\/afternoon-tea\/#breadcrumb","itemListElement":[{"@type":"ListItem","position":1,"name":"Home","item":"https:\/\/stage.wbstudiotour.co.uk\/"},{"@type":"ListItem","position":2,"name":"Afternoon Tea"}]},{"@type":"WebSite","@id":"https:\/\/www.wbstudiotour.co.uk\/fr\/#website","url":"https:\/\/www.wbstudiotour.co.uk\/fr\/","name":"Warner Bros. Studio Tour London","description":"","potentialAction":[{"@type":"SearchAction","target":{"@type":"EntryPoint","urlTemplate":"https:\/\/www.wbstudiotour.co.uk\/fr\/?s={search_term_string}"},"query-input":{"@type":"PropertyValueSpecification","valueRequired":true,"valueName":"search_term_string"}}],"inLanguage":"it-IT"}]}},"_links":{"self":[{"href":"https:\/\/stage.wbstudiotour.co.uk\/it\/wp-json\/wp\/v2\/pages\/16624","targetHints":{"allow":["GET"]}}],"collection":[{"href":"https:\/\/stage.wbstudiotour.co.uk\/it\/wp-json\/wp\/v2\/pages"}],"about":[{"href":"https:\/\/stage.wbstudiotour.co.uk\/it\/wp-json\/wp\/v2\/types\/page"}],"author":[{"embeddable":true,"href":"https:\/\/stage.wbstudiotour.co.uk\/it\/wp-json\/wp\/v2\/users\/6"}],"replies":[{"embeddable":true,"href":"https:\/\/stage.wbstudiotour.co.uk\/it\/wp-json\/wp\/v2\/comments?post=16624"}],"version-history":[{"count":71,"href":"https:\/\/stage.wbstudiotour.co.uk\/it\/wp-json\/wp\/v2\/pages\/16624\/revisions"}],"predecessor-version":[{"id":36931,"href":"https:\/\/stage.wbstudiotour.co.uk\/it\/wp-json\/wp\/v2\/pages\/16624\/revisions\/36931"}],"wp:featuredmedia":[{"embeddable":true,"href":"https:\/\/stage.wbstudiotour.co.uk\/it\/wp-json\/wp\/v2\/media\/26704"}],"wp:attachment":[{"href":"https:\/\/stage.wbstudiotour.co.uk\/it\/wp-json\/wp\/v2\/media?parent=16624"}],"curies":[{"name":"wp","href":"https:\/\/api.w.org\/{rel}","templated":true}]}}