{"id":69,"date":"2019-06-03T22:42:26","date_gmt":"2019-06-03T22:42:26","guid":{"rendered":"http:\/\/localhost:8888\/wbstl\/?page_id=69"},"modified":"2025-11-04T17:52:01","modified_gmt":"2025-11-04T17:52:01","slug":"additional-needs","status":"publish","type":"page","link":"https:\/\/stage.wbstudiotour.co.uk\/it\/additional-needs\/","title":{"rendered":"Esigenze Speciali"},"content":{"rendered":"<p>In tutto lo Studio Tour, il nostro staff cordiale e preparato sar\u00e0 a tua disposizione per aiutarti e per permetterti di vivere la miglior esperienza possibile.<\/p>\n<p><em>Per illustrarci eventuali esigenze particolari e poter fare in modo che tutte le aspettative siano soddisfatte, contatta il Team di Assistenza ai Visitatori allo +44 (0)800 640 4550.<\/em><\/p>\n<p style=\"font-weight: 400; text-align: center;\"><a class=\"wbstl-btn\" href=\"https:\/\/wbstudiotour.co.uk\/wp-content\/uploads\/2019\/12\/accessibility-guide.pdf\" target=\"_blank\" rel=\"noopener noreferrer\">ACCESSIBILITY GUIDE<\/a><\/p>\n<p style=\"font-weight: 400; text-align: center;\"><a class=\"wbstl-btn\" href=\"https:\/\/wbstudiotour.co.uk\/wp-content\/uploads\/2019\/12\/autism-guide.pdf\" target=\"_blank\" rel=\"noopener noreferrer\">AUTISM GUIDE<\/a><\/p>\n<hr \/>\n<h2>Prenotare I Biglietti<\/h2>\n<h3>Accompagnatori<\/h3>\n<p>Per ogni visitatore disabile pagante offriamo un biglietto accompagnatore omaggio, che puoi prenotare o aggiungere alla tua prenotazione attraverso il Team di Assistenza ai Visitatori. Ricorda che i bambini fino a 4 anni entrano gratis, quindi in questo caso non avranno diritto a un biglietto per accompagnatori. Gli accompagnatori devono fornire assistenza al visitatore. All&#8217;ingresso sar\u00e0 richiesta una prova di legittimit\u00e0. Al momento accettiamo i seguenti documenti:<\/p>\n<ul>\n<li>Lettera\/avviso di assegnazione di una pensione di invalidit\u00e0<\/li>\n<li>Una lettera del medico<\/li>\n<li>Il contrassegno di parcheggio per disabili azzurro o il Freedom Pass<\/li>\n<\/ul>\n<p>Se hai domande sulle prove di legittimit\u00e0, rivolgiti al Team di Assistenza ai Visitatori prima della visita.<\/p>\n<h3>Tour Nella Lingua Dei Segni Britannica (BSL)<\/h3>\n<p>Per assistere i visitatori sordi o ipoacusici offriamo delle visite nella lingua dei segni britannica senza costi aggiuntivi. L&#8217;interprete rimarr\u00e0 sul posto per tutta la durata della tua visita e ti aspetter\u00e0 all&#8217;ingresso.<\/p>\n<p>I tour in BSL sono disponibili in qualunque momento, sono soggetti a disponibilit\u00e0 e vanno prenotati con almeno 14 giorni di anticipo. Il modo pi\u00f9 semplice \u00e8 prenotarli quando acquisti il biglietto, ma si possono anche aggiungere in seguito dando sufficiente preavviso.<\/p>\n<p>Per aggiungere l&#8217;opzione BSL a una prenotazione esistente o per domande sull&#8217;acquisto di un biglietto con guida in BSL, contatta il Team di Assistenza ai Visitatori allo +44 (0)800 640 4550.<\/p>\n<h3><strong>Visite Con Audiodescrizione<\/strong><\/h3>\n<p>Per assistere i visitatori ipovedenti e non vedenti possiamo fornire un tour con audiodescrizione senza costi aggiuntivi. Un membro dello staff accompagner\u00e0 il tuo gruppo durante la visita per fornirvi delle informazioni aggiuntive sui set, sui costumi e sugli articoli di scena esposti.<\/p>\n<p id=\"access\">Queste visite sono soggette alla disponibilit\u00e0 dello staff e vanno prenotate con almeno 14 giorni di anticipo. Tieni a mente che possiamo accogliere fino a 8 persone per tour e in caso di disponibilit\u00e0 limitata potremmo chiederti di unirti ad altri visitatori. Per organizzare la tua visita, contatta il Team di Assistenza ai Visitatori allo +44 (0)800 640 4550.<\/p>\n<hr \/>\n<h2>Accesso<\/h2>\n<h3>Cani da Assistenza<\/h3>\n<p>Allo Studio Tour sono ammessi tutti i cani da assistenza completamente addestrati. A causa della natura del tour, non possiamo accogliere cani ancora in fase di addestramento.<\/p>\n<p>Se il tuo cane ha bisogno di una ciotola d&#8217;acqua, rivolgiti a un membro dello staff che sar\u00e0 lieto di fornirtene una. Non \u00e8 consentito l&#8217;accesso a cani o animali di altro tipo, che non possono nemmeno essere lasciati in auto per ragioni di sicurezza. Per come \u00e8 strutturata l&#8217;attrazione, i visitatori non potranno tornare al parcheggio fino alla fine del tour.<\/p>\n<h3>Sedie A Rotelle<\/h3>\n<p>Nello Studio Tour sono ammesse sedie a rotelle manuali ed elettriche, ma nel caso di gruppi numerosi richiediamo un certo preavviso per la limitata disponibilit\u00e0 di posti a sedere nel cinema all&#8217;inizio della visita. Per come \u00e8 strutturata l&#8217;attrazione, all&#8217;ultima parte del tour pu\u00f2 accedere simultaneamente solo un numero ridotto di visitatori in sedia a rotelle. Il nostro Team di Assistenza ai Visitatori sar\u00e0 lieto di chiarire questo punto e altri eventuali dubbi riguardanti l&#8217;accessibilit\u00e0 prima della prenotazione, quindi ti invitiamo a informarli delle tue esigenze specifiche.<\/p>\n<p>La maggior parte dello Studio Tour \u00e8 adatto alle sedie a rotelle, ma alcune parti, come l&#8217;acciottolato di Diagon Alley e il selciato della Sala Grande, possono presentare delle difficolt\u00e0. Al ponte di Hogwarts si pu\u00f2 accedere solo attraverso una breve scalinata. Non \u00e8 possibile offrire un accesso alternativo perch\u00e9 il ponte, in quanto parte del set originale, ha una superficie sconnessa non adatta alle sedie a rotelle. Anche il Nottetempo ha una breve piattaforma di imbarco che non \u00e8 accessibile in sedia a rotelle.<\/p>\n<p>La nostra area green screen offre ai visitatori due opportunit\u00e0 fotografiche completamente accessibili, compresa la possibilit\u00e0 di volare su una scopa come hanno fatto gli attori durante le riprese. I visitatori devono essere in grado di traslarsi sulla scopa. Su richiesta possiamo fornire delle cinture di sicurezza.<\/p>\n<h3>Veicoli Per La Mobilit\u00e0<\/h3>\n<p id=\"#guides\">Per ragioni di salute e di sicurezza, non possiamo consentire l&#8217;accesso all&#8217;attrazione a veicoli o scooter elettrici pi\u00f9 larghi di 86 cm. Abbiamo varie sedie a rotelle manuali disponibili gratuitamente per chi arriva utilizzando un veicolo per disabili o uno scooter elettrico di grandi dimensioni. Per consentire un&#8217;adeguata organizzazione, informa un membro del Team di Assistenza ai Visitatori prima del tuo arrivo.<\/p>\n<hr \/>\n<h2>Guide e Assistenza<\/h2>\n<h3>Guide Digitali<\/h3>\n<p>Le nostre Guide Digitali portatili offrono contenuti extra per lo Studio Tour, ma non fungono da guide audiodescrittive per ipovedenti o non vedenti.<\/p>\n<p>Nell&#8217;ingresso abbiamo a disposizione dei pannelli personali di induzione che possiamo fornirti al tuo arrivo. Per utilizzarli occorre prenotarli in anticipo tramite il Team di Assistenza ai Visitatori e occorre mettere le protesi acustiche in posizione &#8220;T&#8221;.<\/p>\n<p>Le nostre guide audiovisive portatili animano lo Studio Tour con affascinanti curiosit\u00e0 sulla realizzazione dei film, esclusive riprese dietro le quinte e interviste agli attori e allo staff. L&#8217;audio \u00e8 in inglese, ma sono anche disponibili in tedesco, francese, italiano, spagnolo, giapponese, mandarino, portoghese brasiliano e russo.<\/p>\n<p>Alcuni contenuti delle nostre Guide Digitali possono anche essere sottotitolati. Per ulteriori dettagli, parla con un membro dello staff al punto di ritiro all&#8217;inizio del tour.<\/p>\n<h3>Sottotitoli<\/h3>\n<p>I materiali audiovisivi della struttura non sono sottotitolati. Possiamo per\u00f2 fornirti un iPad portatile con la versione sottotitolata del video di presentazione per non udenti e ipoudenti. I dispositivi sono soggetti a disponibilit\u00e0 e vanno prenotati in anticipo contattando il nostro Team di Assistenza ai Visitatori allo +44 (0)800 640 4550. L&#8217;iPad va restituito a un membro dello staff quando si accede alla sezione guidata del tour nella Sala Grande.<\/p>\n<h3>Assistenze Audio<\/h3>\n<p>Ci sono pannelli di induzione disposti lungo tutto il percorso del tour e compatibili con la maggior parte delle protesi acustiche dotate dell&#8217;interruttore T. Possiamo anche fornire pannelli di induzione personali per le nostre Guide Digitali: puoi richiederli quando ritiri la tua Guida Digitale all&#8217;ingresso dello Studio Tour.<\/p>\n<p>Per i filmati iniziali sono disponibili dei paraorecchie a noleggio per i visitatori sensibili ai rumori forti. Rivolgiti a un membro dello staff quando arrivi.<\/p>\n<p id=\"arrival\">Se hai delle domande relative ai pannelli di induzione o all&#8217;uso delle protesi acustiche nello Studio Tour, contatta un membro del nostro team sul posto o chiamando lo +44 (0)800 640 4550.<\/p>\n<hr \/>\n<h2>All&#8217;Arrivo<\/h2>\n<h3>Parcheggio<\/h3>\n<p>C&#8217;\u00e8 un parcheggio gratuito appena fuori dallo Studio Tour. Per i visitatori muniti di apposito contrassegno, ci sono numerosi parcheggi blu per disabili vicino all&#8217;ingresso principale.<\/p>\n<p>Ricordati di portare il contrassegno di parcheggio per disabili per usufruire dei parcheggi riservati e di esporlo sul cruscotto il giorno della visita. Per ulteriori informazioni o per domande specifiche, rivolgiti allo staff del parcheggio quando arrivi.<\/p>\n<h3>Ritiro Biglietti<\/h3>\n<p>Per ritirare il tuo biglietto accompagnatore omaggio all&#8217;arrivo, dovrai fornire una prova di legittimit\u00e0 sotto forma di una lettera o un avviso di pensione di invalidit\u00e0. Accettiamo anche una lettera del tuo medico, un contrassegno di parcheggio per disabili azzurro o un Freedom Pass.<\/p>\n<h3>Bagni<\/h3>\n<p>Oltre ai bagni accessibili presenti in tutto lo Studio Tour, i visitatori possono usufruire della nostra struttura con accessibilit\u00e0 aggiuntiva Accessible Plus. Questo spazio completamente accessibile \u00e8 dotato di sollevatore, panca per cambiarsi regolabile in altezza, doccia, water e lavandino. La stanza \u00e8 sufficientemente grande per accogliere un ospite in sedia a rotelle e due accompagnatori. I visitatori sono pregati di portarsi le proprie imbracature per il sollevatore, poich\u00e9 non sono comprese.<\/p>\n<p>Se durante la visita dovessi avere bisogno di questo spazio, rivolgiti a un membro dello staff che potr\u00e0 guidarti alla struttura. Puoi trovare lo staff allo Sportello Informazioni all&#8217;ingresso e in tutto il Tour.<\/p>\n<p>Per ulteriori informazioni in merito a questo spazio o alle altre strutture accessibili, rivolgiti al Team di Assistenza ai Visitatori allo +44 (0)800 640 4550.<\/p>\n","protected":false},"excerpt":{"rendered":"<p>In tutto lo Studio Tour, il nostro staff cordiale e preparato sar\u00e0 a tua disposizione per aiutarti e per permetterti di vivere la miglior esperienza possibile. Per illustrarci eventuali esigenze particolari e poter fare in modo che tutte le aspettative siano soddisfatte, contatta il Team di Assistenza ai Visitatori allo . ACCESSIBILITY GUIDE AUTISM GUIDE [&hellip;]<\/p>\n","protected":false},"author":6,"featured_media":72,"parent":0,"menu_order":0,"comment_status":"closed","ping_status":"closed","template":"","meta":{"_acf_changed":false,"footnotes":""},"class_list":["post-69","page","type-page","status-publish","has-post-thumbnail","hentry"],"translation":{"provider":"WPGlobus","version":"3.0.2","language":"it","enabled_languages":["en","es","de","fr","it"],"languages":{"en":{"title":true,"content":true,"excerpt":false},"es":{"title":true,"content":true,"excerpt":false},"de":{"title":true,"content":true,"excerpt":false},"fr":{"title":true,"content":true,"excerpt":false},"it":{"title":true,"content":true,"excerpt":false}}},"acf":{"choose_sidebar_entries":[{"ID":157,"post_author":"6","post_date":"2019-06-17 18:23:26","post_date_gmt":"2019-06-17 18:23:26","post_content":"","post_title":"{:en}Enhance Your Visit{:}{:es}MEJORA TU VISITA{:}{:de}ENTSTANDEN SIE IHREN BESUCH{:}{:fr}ENRICHIR VOTRE VISITE{:}","post_excerpt":"","post_status":"publish","comment_status":"closed","ping_status":"closed","post_password":"","post_name":"enhance-your-visit","to_ping":"","pinged":"","post_modified":"2022-10-10 12:34:01","post_modified_gmt":"2022-10-10 11:34:01","post_content_filtered":"","post_parent":0,"guid":"http:\/\/stage.wbstudiotour.co.uk\/?post_type=wbstl_sidebar&#038;p=157","menu_order":0,"post_type":"wbstl_sidebar","post_mime_type":"","comment_count":"0","filter":"raw"},{"ID":152,"post_author":"6","post_date":"2019-06-17 18:21:25","post_date_gmt":"2019-06-17 18:21:25","post_content":"","post_title":"{:en}Getting Here{:}{:es}C\u00d3MO LLEGAR{:}{:de}ANREISE{:}{:fr}PLAN D'ACC\u00c8S{:}","post_excerpt":"","post_status":"publish","comment_status":"closed","ping_status":"closed","post_password":"","post_name":"getting-here","to_ping":"","pinged":"","post_modified":"2019-08-21 22:15:32","post_modified_gmt":"2019-08-21 21:15:32","post_content_filtered":"","post_parent":0,"guid":"http:\/\/stage.wbstudiotour.co.uk\/?post_type=wbstl_sidebar&#038;p=152","menu_order":0,"post_type":"wbstl_sidebar","post_mime_type":"","comment_count":"0","filter":"raw"},{"ID":159,"post_author":"6","post_date":"2019-06-17 18:24:04","post_date_gmt":"2019-06-17 18:24:04","post_content":"","post_title":"{:en}Food & Drink{:}{:es}COMIDA Y BEBIDA{:}","post_excerpt":"","post_status":"publish","comment_status":"closed","ping_status":"closed","post_password":"","post_name":"food-drink","to_ping":"","pinged":"","post_modified":"2025-06-11 15:29:22","post_modified_gmt":"2025-06-11 14:29:22","post_content_filtered":"","post_parent":0,"guid":"http:\/\/stage.wbstudiotour.co.uk\/?post_type=wbstl_sidebar&#038;p=159","menu_order":0,"post_type":"wbstl_sidebar","post_mime_type":"","comment_count":"0","filter":"raw"}],"add_cross_sell_to_page":{"ID":176,"post_author":"6","post_date":"2019-06-17 19:49:32","post_date_gmt":"2019-06-17 19:49:32","post_content":"","post_title":"{:en}Gift Tickets{:}{:es}LL\u00c9VATE UN POCO DE MAGIA{:}{:de}EIN ST\u00dcCK MAGIE KANN IHNEN GEH\u00d6REN{:}{:fr}EMPAREZ-VOUS D'UN PEU DE MAGIE{:}","post_excerpt":"","post_status":"publish","comment_status":"closed","ping_status":"closed","post_password":"","post_name":"gift-tickets","to_ping":"","pinged":"","post_modified":"2024-11-13 11:48:42","post_modified_gmt":"2024-11-13 11:48:42","post_content_filtered":"","post_parent":0,"guid":"http:\/\/stage.wbstudiotour.co.uk\/?post_type=wbstl_cross_sells&#038;p=176","menu_order":0,"post_type":"wbstl_cross_sells","post_mime_type":"","comment_count":"0","filter":"raw"},"add_newsletter_sign_up_next_to_cross_sell":true,"wbstl_use_fancy_lists":false,"wbstl_hero_video":"","wbstl_hv_mobile_placeholder":false,"wbstl_hv_tablet_placeholder":false,"wbstl_hv_subtitle":"","wbstl_hv_add_ticket_purchase_cta":false,"wbstl_ii_image":false,"wbstl_ii_content":"","add_cross_sell_to_page2":false,"wbstl_hv_cta_button_text":"","wbstl_hv_cta_link":"","wbstl_hv_show_cta_note":false,"wbstl_hv_cta_note":"","wbstl_hv_title_color":"","wbstl_hv_text_color":"","wbstl_hv_show_video_overlay":true,"wbstl_hv_cta_button_redeem_text":"wbstl_hv_cta_button_redeem_text","wbstl_hv_cta_redeem_link":""},"yoast_head":"<!-- This site is optimized with the Yoast SEO plugin v27.4 - https:\/\/yoast.com\/product\/yoast-seo-wordpress\/ -->\n<title>Tour Accessibility - Warner Bros. Studio Tour London<\/title>\n<meta name=\"robots\" content=\"index, follow, max-snippet:-1, max-image-preview:large, max-video-preview:-1\" \/>\n<link rel=\"canonical\" href=\"https:\/\/www.wbstudiotour.co.uk\/additional-needs\/\" \/>\n<meta property=\"og:locale\" content=\"it_IT\" \/>\n<meta property=\"og:type\" content=\"article\" \/>\n<meta property=\"og:title\" content=\"Esigenze Speciali - Warner Bros. Studio Tour London\" \/>\n<meta property=\"og:url\" content=\"https:\/\/www.wbstudiotour.co.uk\/additional-needs\/\" \/>\n<meta property=\"og:site_name\" content=\"Warner Bros. Studio Tour London\" \/>\n<meta property=\"article:modified_time\" content=\"2025-11-04T17:52:01+00:00\" \/>\n<meta property=\"og:image\" content=\"http:\/\/www.wbstudiotour.co.uk\/wp-content\/uploads\/2019\/06\/Additional-Needs.jpg\" \/>\n\t<meta property=\"og:image:width\" content=\"1919\" \/>\n\t<meta property=\"og:image:height\" content=\"881\" \/>\n\t<meta property=\"og:image:type\" content=\"image\/jpeg\" \/>\n<meta name=\"twitter:card\" content=\"summary_large_image\" \/>\n<script type=\"application\/ld+json\" class=\"yoast-schema-graph\">{\"@context\":\"https:\\\/\\\/schema.org\",\"@graph\":[{\"@type\":\"ImageObject\",\"inLanguage\":\"it-IT\",\"@id\":\"https:\\\/\\\/www.wbstudiotour.co.uk\\\/additional-needs\\\/#primaryimage\",\"url\":\"https:\\\/\\\/stage.wbstudiotour.co.uk\\\/wp-content\\\/uploads\\\/2019\\\/06\\\/Additional-Needs.jpg\",\"contentUrl\":\"https:\\\/\\\/stage.wbstudiotour.co.uk\\\/wp-content\\\/uploads\\\/2019\\\/06\\\/Additional-Needs.jpg\",\"width\":1919,\"height\":881,\"caption\":\"Wheelchair access to the ticket window\"},{\"@type\":\"BreadcrumbList\",\"@id\":\"https:\\\/\\\/www.wbstudiotour.co.uk\\\/additional-needs\\\/#breadcrumb\",\"itemListElement\":[{\"@type\":\"ListItem\",\"position\":1,\"name\":\"Home\",\"item\":\"https:\\\/\\\/stage.wbstudiotour.co.uk\\\/\"},{\"@type\":\"ListItem\",\"position\":2,\"name\":\"Additional Needs\"}]},{\"@type\":\"WebSite\",\"@id\":\"https:\\\/\\\/www.wbstudiotour.co.uk\\\/fr\\\/#website\",\"url\":\"https:\\\/\\\/www.wbstudiotour.co.uk\\\/fr\\\/\",\"name\":\"Warner Bros. Studio Tour London\",\"description\":\"\",\"potentialAction\":[{\"@type\":\"SearchAction\",\"target\":{\"@type\":\"EntryPoint\",\"urlTemplate\":\"https:\\\/\\\/www.wbstudiotour.co.uk\\\/fr\\\/?s={search_term_string}\"},\"query-input\":{\"@type\":\"PropertyValueSpecification\",\"valueRequired\":true,\"valueName\":\"search_term_string\"}}],\"inLanguage\":\"it-IT\"}]}<\/script>\n<!-- \/ Yoast SEO plugin. -->","yoast_head_json":{"title":"Tour Accessibility - Warner Bros. Studio Tour London","robots":{"index":"index","follow":"follow","max-snippet":"max-snippet:-1","max-image-preview":"max-image-preview:large","max-video-preview":"max-video-preview:-1"},"canonical":"https:\/\/www.wbstudiotour.co.uk\/additional-needs\/","og_locale":"it_IT","og_type":"article","og_title":"Esigenze Speciali - Warner Bros. Studio Tour London","og_url":"https:\/\/www.wbstudiotour.co.uk\/additional-needs\/","og_site_name":"Warner Bros. Studio Tour London","article_modified_time":"2025-11-04T17:52:01+00:00","og_image":[{"width":1919,"height":881,"url":"http:\/\/www.wbstudiotour.co.uk\/wp-content\/uploads\/2019\/06\/Additional-Needs.jpg","type":"image\/jpeg"}],"twitter_card":"summary_large_image","schema":{"@context":"https:\/\/schema.org","@graph":[{"@type":"ImageObject","inLanguage":"it-IT","@id":"https:\/\/www.wbstudiotour.co.uk\/additional-needs\/#primaryimage","url":"https:\/\/stage.wbstudiotour.co.uk\/wp-content\/uploads\/2019\/06\/Additional-Needs.jpg","contentUrl":"https:\/\/stage.wbstudiotour.co.uk\/wp-content\/uploads\/2019\/06\/Additional-Needs.jpg","width":1919,"height":881,"caption":"Wheelchair access to the ticket window"},{"@type":"BreadcrumbList","@id":"https:\/\/www.wbstudiotour.co.uk\/additional-needs\/#breadcrumb","itemListElement":[{"@type":"ListItem","position":1,"name":"Home","item":"https:\/\/stage.wbstudiotour.co.uk\/"},{"@type":"ListItem","position":2,"name":"Additional Needs"}]},{"@type":"WebSite","@id":"https:\/\/www.wbstudiotour.co.uk\/fr\/#website","url":"https:\/\/www.wbstudiotour.co.uk\/fr\/","name":"Warner Bros. Studio Tour London","description":"","potentialAction":[{"@type":"SearchAction","target":{"@type":"EntryPoint","urlTemplate":"https:\/\/www.wbstudiotour.co.uk\/fr\/?s={search_term_string}"},"query-input":{"@type":"PropertyValueSpecification","valueRequired":true,"valueName":"search_term_string"}}],"inLanguage":"it-IT"}]}},"_links":{"self":[{"href":"https:\/\/stage.wbstudiotour.co.uk\/it\/wp-json\/wp\/v2\/pages\/69","targetHints":{"allow":["GET"]}}],"collection":[{"href":"https:\/\/stage.wbstudiotour.co.uk\/it\/wp-json\/wp\/v2\/pages"}],"about":[{"href":"https:\/\/stage.wbstudiotour.co.uk\/it\/wp-json\/wp\/v2\/types\/page"}],"author":[{"embeddable":true,"href":"https:\/\/stage.wbstudiotour.co.uk\/it\/wp-json\/wp\/v2\/users\/6"}],"replies":[{"embeddable":true,"href":"https:\/\/stage.wbstudiotour.co.uk\/it\/wp-json\/wp\/v2\/comments?post=69"}],"version-history":[{"count":120,"href":"https:\/\/stage.wbstudiotour.co.uk\/it\/wp-json\/wp\/v2\/pages\/69\/revisions"}],"predecessor-version":[{"id":36722,"href":"https:\/\/stage.wbstudiotour.co.uk\/it\/wp-json\/wp\/v2\/pages\/69\/revisions\/36722"}],"wp:featuredmedia":[{"embeddable":true,"href":"https:\/\/stage.wbstudiotour.co.uk\/it\/wp-json\/wp\/v2\/media\/72"}],"wp:attachment":[{"href":"https:\/\/stage.wbstudiotour.co.uk\/it\/wp-json\/wp\/v2\/media?parent=69"}],"curies":[{"name":"wp","href":"https:\/\/api.w.org\/{rel}","templated":true}]}}