{"id":816,"date":"2019-07-19T17:40:30","date_gmt":"2019-07-19T17:40:30","guid":{"rendered":"http:\/\/stage.wbstudiotour.co.uk\/?page_id=816"},"modified":"2025-04-04T10:53:44","modified_gmt":"2025-04-04T09:53:44","slug":"our-history","status":"publish","type":"page","link":"https:\/\/stage.wbstudiotour.co.uk\/it\/our-history\/","title":{"rendered":"La Nostra Storia"},"content":{"rendered":"<p>La serie di film di Harry Potter si \u00e8 stabilita a Leavesden per oltre dieci anni. Siccome i film sono stati realizzati quando la pubblicazione dei libri era ancora in corso, il team di produzione ha conservato numerosi set, articoli di scena e costumi che erano stati creati appositamente per i film nel caso in cui si fossero resi necessari pi\u00f9 avanti nella serie.<\/p>\n<p>Una volta finite le riprese di &#8220;Harry Potter e i Doni della Morte \u2013 Parte 2&#8221;, nel 2010, il team di produzione si \u00e8 ritrovato con un tesoro di migliaia di splendide creazioni elaborate, molte delle quali non sarebbero state conservate in una produzione normale.<\/p>\n<p>Il team dietro al Warner Bros. Studio Tour London &#8211; The making of Harry Potter voleva conservare ed esporre questi articoli, costumi e set leggendari per permettere ai fan di Harry Potter di vivere in prima persona la magia della realizzazione dei film. Molti degli attori e membri dello staff originali sono tornati per riallestire i set e registrare i ricordi delle riprese, finch\u00e9 il 31 marzo 2012 lo Studio Tour ha aperto le porte al pubblico.<\/p>\n<p>Situato accanto agli studi cinematografici dove sono stati realizzati tutti gli otto film di Harry Potter, lo Studio Tour offre ai visitatori l&#8217;opportunit\u00e0 unica di esplorare due teatri di posa e un backlot pieni di set originali, creature in animatronica ed effetti speciali sorprendenti.<\/p>\n<p><iframe loading=\"lazy\" title=\"Grand Opening of Warner Bros. Studio Tour London - The Making of Harry Potter\" width=\"848\" height=\"477\" src=\"https:\/\/www.youtube-nocookie.com\/embed\/8LG27MWzbL8?feature=oembed\" frameborder=\"0\" allow=\"accelerometer; autoplay; clipboard-write; encrypted-media; gyroscope; picture-in-picture; web-share\" referrerpolicy=\"strict-origin-when-cross-origin\" allowfullscreen><\/iframe><\/p>\n<p><span class=\"wysiwyg-flourish hourglass\"><span class=\"admin-placeholder\">hourglass Flourish Here<\/span><\/span><\/p>\n<h2 style=\"text-align: center;\">HARRY POTTER E LA PIETRA FILOSOFALE<\/h2>\n<hr class=\"short\" \/>\n<p style=\"text-align: center;\"><img loading=\"lazy\" decoding=\"async\" class=\"wp-image-1171 size-full aligncenter\" src=\"http:\/\/stage.wbstudiotour.co.uk\/wp-content\/uploads\/2019\/08\/HPSS_1.jpg\" alt=\"Still from Harry Potter and the Philosopher's Stone with Harry and Hagrid\" width=\"580\" height=\"380\" srcset=\"https:\/\/stage.wbstudiotour.co.uk\/wp-content\/uploads\/2019\/08\/HPSS_1.jpg 580w, https:\/\/stage.wbstudiotour.co.uk\/wp-content\/uploads\/2019\/08\/HPSS_1-300x197.jpg 300w\" sizes=\"auto, (max-width: 580px) 100vw, 580px\" \/><\/p>\n<p>Le riprese di &#8220;Harry Potter e la Pietra Filosofale&#8221; sono iniziate venerd\u00ec 29 settembre 2000. La Sala Grande \u00e8 stata uno dei primi set a essere costruiti: uno spazio vasto e imponente in grado di ospitare pi\u00f9 di 400 bambini. In seguito \u00e8 diventato uno dei set principali della saga, tanto che \u00e8 comparso in sette film di Harry Potter (\u00e8 assente in &#8220;Harry Potter e i Doni della Morte \u2013 Parte 1&#8221;). Ora \u00e8 un ospite fisso dello Studio Tour, pronto a essere esplorato dai visitatori.<\/p>\n<p>Alle pareti della Sala Grande sono affisse numerose torce (tutte perfettamente funzionanti) che rappresentano le quattro case di Hogwarts: Grifondoro, Corvonero, Serpeverde e Tassorosso. Dietro al tavolo degli insegnanti si trova un elaborato Segnapunti delle Case, uno splendido meccanismo creato per il primo film. Ciascuna delle sue clessidre contiene migliaia di perline di vetro, che si dice siano andate quasi esaurite in tutto il paese!<\/p>\n<p><span class=\"wysiwyg-flourish hourglass\"><span class=\"admin-placeholder\">hourglass Flourish Here<\/span><\/span><\/p>\n<h2 style=\"text-align: center;\">HARRY POTTER E LA CAMERA DEI SEGRETI<\/h2>\n<hr class=\"short\" \/>\n<p style=\"text-align: center;\"><img loading=\"lazy\" decoding=\"async\" class=\"alignnone size-full wp-image-1172 aligncenter\" src=\"http:\/\/stage.wbstudiotour.co.uk\/wp-content\/uploads\/2019\/08\/HPSS_2.jpg\" alt=\"Still from Harry Potter and the Chamber of Secrets with Harry dueling\" width=\"580\" height=\"380\" srcset=\"https:\/\/stage.wbstudiotour.co.uk\/wp-content\/uploads\/2019\/08\/HPSS_2.jpg 580w, https:\/\/stage.wbstudiotour.co.uk\/wp-content\/uploads\/2019\/08\/HPSS_2-300x197.jpg 300w\" sizes=\"auto, (max-width: 580px) 100vw, 580px\" \/><\/p>\n<p>La produzione di &#8220;Harry Potter e la Camera dei Segreti&#8221; \u00e8 iniziata luned\u00ec 19 novembre 2001, solo tre giorni dopo l&#8217;uscita in inglese del primo film di Harry Potter.<\/p>\n<p>In questo capitolo il pubblico fa la conoscenza dell&#8217;elfo domestico Dobby. Rob Bliss, del reparto artistico degli Studi di Leavesden, era incaricato di idearne l&#8217;aspetto, mentre il responsabile degli effetti delle creature Nick Dudman e la sua squadra hanno creato un incredibile modellino per offrire al cast qualcosa con cui interagire sul set. L&#8217;intero processo ha richiesto tre mesi. Il Dobby definitivo che compare nei film \u00e8 stato creato in CGI (immagini generate al computer).<\/p>\n<p>Il leggendario set dello studio di Silente \u00e8 stato il primo ideato e realizzato per questo film. L&#8217;ufficio \u00e8 circondato da una grande collezione di libri che, in verit\u00e0, sono per la maggior parte elenchi del telefono rivestiti di pelle!<\/p>\n<p><span class=\"wysiwyg-flourish hourglass\"><span class=\"admin-placeholder\">hourglass Flourish Here<\/span><\/span><\/p>\n<h2 style=\"text-align: center;\">HARRY POTTER E IL PRIGIONIERO DI AZKABAN<\/h2>\n<hr class=\"short\" \/>\n<p style=\"text-align: center;\"><img loading=\"lazy\" decoding=\"async\" class=\"alignnone size-full wp-image-1173 aligncenter\" src=\"http:\/\/stage.wbstudiotour.co.uk\/wp-content\/uploads\/2019\/08\/HPSS_3.jpg\" alt=\"Still from Harry Potter and the Prisoner of Azkaban with Hermonie, Ron and Harry looking out a window\" width=\"580\" height=\"380\" srcset=\"https:\/\/stage.wbstudiotour.co.uk\/wp-content\/uploads\/2019\/08\/HPSS_3.jpg 580w, https:\/\/stage.wbstudiotour.co.uk\/wp-content\/uploads\/2019\/08\/HPSS_3-300x197.jpg 300w\" sizes=\"auto, (max-width: 580px) 100vw, 580px\" \/><\/p>\n<p>Le riprese di &#8220;Harry Potter e il Prigioniero di Azkaban&#8221; sono iniziate agli Studi di Leavesden luned\u00ec 24 febbraio 2003.<\/p>\n<p>Uno degli elementi scenici pi\u00f9 difficili da creare \u00e8 stato il Nottetempo, che ha esordito in questo film: gli spettatori vedono l&#8217;autobus che porta Harry per le strade di Londra. Nonostante i suoi tre piani, il mezzo non \u00e8 stato realizzato in CGI, ma \u00e8 davvero andato in giro per Londra. Questo ha richiesto un&#8217;attenta pianificazione: l&#8217;autobus \u00e8 stato appositamente costruito utilizzando componenti dei bus a due piani per crearne uno a tre piani. Vista l&#8217;altezza del mezzo, il percorso all&#8217;interno di Londra \u00e8 stato studiato con attenzione: i ponti erano fuori discussione, ovviamente!<\/p>\n<p>Questo film ha anche visto la prima apparizione dei Dissennatori. Il regista Alfonso Cuaron e il produttore David Heyman hanno tentato vari metodi per dare l&#8217;impressione che i Dissennatori fluttuassero in aria. All&#8217;inizio hanno chiamato sul set dei burattinai per manovrare dei grandi pezzi di stoffa in una vasca piena d&#8217;acqua e far cos\u00ec sembrare che i Dissennatori volassero. Alla fine, per\u00f2, questo effetto \u00e8 stato creato in post-produzione attraverso gli effetti visuali.<\/p>\n<p><span class=\"wysiwyg-flourish hourglass\"><span class=\"admin-placeholder\">hourglass Flourish Here<\/span><\/span><\/p>\n<h2 style=\"text-align: center;\">HARRY POTTER E IL CALICE DI FUOCO<\/h2>\n<hr class=\"short\" \/>\n<p style=\"text-align: center;\"><img loading=\"lazy\" decoding=\"async\" class=\"alignnone size-full wp-image-1174 aligncenter\" src=\"http:\/\/stage.wbstudiotour.co.uk\/wp-content\/uploads\/2019\/08\/HPSS_4.jpg\" alt=\"Still of Harry from Harry Potter and the Goblet of Fire\" width=\"580\" height=\"380\" srcset=\"https:\/\/stage.wbstudiotour.co.uk\/wp-content\/uploads\/2019\/08\/HPSS_4.jpg 580w, https:\/\/stage.wbstudiotour.co.uk\/wp-content\/uploads\/2019\/08\/HPSS_4-300x197.jpg 300w\" sizes=\"auto, (max-width: 580px) 100vw, 580px\" \/><\/p>\n<p>Le riprese di &#8220;Harry Potter e il Calice di Fuoco&#8221; sono iniziate marted\u00ec 4 maggio 2004.<\/p>\n<p>Negli studi \u00e8 stata installata una vasca d&#8217;acqua gigante per filmare le scene subacquee del Torneo Tremaghi. \u00c8 la vasca di ripresa subacquea pi\u00f9 grande d&#8217;Europa: pu\u00f2 contenere oltre due milioni di litri d&#8217;acqua.<\/p>\n<p>Durante le riprese, Daniel Radcliffe ha passato cos\u00ec tanto tempo sott&#8217;acqua da guadagnarsi una licenza da sub PADI. Si sono a lungo sperimentati vari modi per far sembrare che l&#8217;attore avesse le mani palmate. Alla fine quest&#8217;effetto \u00e8 stato realizzato usando dei collant sottilissimi che Daniel ha dovuto indossare sulle mani e sulle braccia!<\/p>\n<p>Per questo film, la squadra di effetti speciali di John Richardson ha costruito un drago Ungaro Spinato completamente funzionante che sputava fuoco grazie a un lanciafiamme da 10 metri. Alla fine i produttori hanno deciso di affidare la creazione dei draghi alla squadra di effetti visuali, ma in occasione della prima londinese del film il drago ha occupato il posto d&#8217;onore a Leicester Square.<\/p>\n<p><span class=\"wysiwyg-flourish hourglass\"><span class=\"admin-placeholder\">hourglass Flourish Here<\/span><\/span><\/p>\n<h2 style=\"text-align: center;\">HARRY POTTER E L&#8217;ORDINE DELLA FENICE<\/h2>\n<hr class=\"short\" \/>\n<p style=\"text-align: center;\"><img loading=\"lazy\" decoding=\"async\" class=\"aligncenter wp-image-1175 size-full\" src=\"http:\/\/stage.wbstudiotour.co.uk\/wp-content\/uploads\/2019\/08\/HPSS_5.jpg\" alt=\"Still of Dumbledore\" width=\"580\" height=\"380\" srcset=\"https:\/\/stage.wbstudiotour.co.uk\/wp-content\/uploads\/2019\/08\/HPSS_5.jpg 580w, https:\/\/stage.wbstudiotour.co.uk\/wp-content\/uploads\/2019\/08\/HPSS_5-300x197.jpg 300w\" sizes=\"auto, (max-width: 580px) 100vw, 580px\" \/><\/p>\n<p>Le riprese di &#8220;Harry Potter e l&#8217;Ordine della Fenice&#8221; sono iniziate luned\u00ec 6 febbraio 2006.<\/p>\n<p>In questo film si vede per la prima volta il Ministero della Magia. Si tratta del set pi\u00f9 grande realizzato per i film di Harry Potter: l&#8217;Atrio poteva contenere 50 autobus londinesi, e ci sono volute 22 settimane per costruirlo. I creatori si sono ispirati all&#8217;architettura vittoriana di Londra, soprattutto per le tegole, che sembrano originali ma sono in realt\u00e0 fatte di pannelli di fibra MDF!<\/p>\n<p>Il quinto film ha anche visto il primo set completamente in blue screen: la Stanza delle Profezie \u00e8 infatti stata girata interamente con questa tecnica.<\/p>\n<p>Per decorare i piatti nell&#8217;ufficio di Umbridge sono stati filmati quaranta teneri gattini, che poi sono stati adottati da padroni ignari dei loro esordi da star.<\/p>\n<p><span class=\"wysiwyg-flourish hourglass\"><span class=\"admin-placeholder\">hourglass Flourish Here<\/span><\/span><\/p>\n<h2 style=\"text-align: center;\">HARRY POTTER E IL PRINCIPE MEZZOSANGUE<\/h2>\n<hr class=\"short\" \/>\n<p style=\"text-align: center;\"><img loading=\"lazy\" decoding=\"async\" class=\"aligncenter wp-image-1176 size-full\" src=\"http:\/\/stage.wbstudiotour.co.uk\/wp-content\/uploads\/2019\/08\/HPSS_6.jpg\" alt=\"Still of Malfoy from Harry Potter and the Half Blood Prince\" width=\"580\" height=\"380\" srcset=\"https:\/\/stage.wbstudiotour.co.uk\/wp-content\/uploads\/2019\/08\/HPSS_6.jpg 580w, https:\/\/stage.wbstudiotour.co.uk\/wp-content\/uploads\/2019\/08\/HPSS_6-300x197.jpg 300w\" sizes=\"auto, (max-width: 580px) 100vw, 580px\" \/><\/p>\n<p>La lavorazione del sesto film, &#8220;Harry Potter e il Principe Mezzosangue&#8221;, \u00e8 iniziata luned\u00ec 24 settembre 2007.<\/p>\n<p>Durante le riprese Rupert Grint ha compiuto 21 anni e lo staff ha festeggiato nella mensa dello studio con un party a tema &#8220;bambini&#8221;.<\/p>\n<p>In questo film un modellino della Tana \u00e8 stato dato alle fiamme e distrutto. In seguito tutta la parte interna del set (dentro e fuori) \u00e8 stata ricostruita e riallestita nel backlot dello studio per gli ultimi film. Le pareti annerite sono state imbiancate con uno strato di calce e, ovviamente, il set ha mantenuto tutti i tipici tocchi dei Weasley.<\/p>\n<p><span class=\"wysiwyg-flourish hourglass\"><span class=\"admin-placeholder\">hourglass Flourish Here<\/span><\/span><\/p>\n<h2 style=\"text-align: center;\">HARRY POTTER E I DONI DELLA MORTE &#8211; PARTI 1 E 2<\/h2>\n<hr class=\"short\" \/>\n<p style=\"text-align: center;\"><img loading=\"lazy\" decoding=\"async\" class=\"alignnone size-full wp-image-1177 aligncenter\" src=\"http:\/\/stage.wbstudiotour.co.uk\/wp-content\/uploads\/2019\/08\/HPSS_7b.jpg\" alt=\"Still of Harry from Harry Potter and the Deathly Hallows\" width=\"580\" height=\"380\" srcset=\"https:\/\/stage.wbstudiotour.co.uk\/wp-content\/uploads\/2019\/08\/HPSS_7b.jpg 580w, https:\/\/stage.wbstudiotour.co.uk\/wp-content\/uploads\/2019\/08\/HPSS_7b-300x197.jpg 300w\" sizes=\"auto, (max-width: 580px) 100vw, 580px\" \/><\/p>\n<p>Le riprese di &#8220;Harry Potter e i Doni della Morte &#8211; Parte 1&#8221; sono iniziate marted\u00ec 19 febbraio 2009, e il secondo capitolo, &#8220;Harry Potter e i Doni della Morte &#8211; Parte 2&#8221; \u00e8 stato filmato appena ultimato il primo.<\/p>\n<p>Ci sono voluti cinque camion da 32 tonnellate di polistirene per creare tutte le macerie derivanti dalla distruzione di Hogwarts alla fine dell&#8217;ultimo film.<\/p>\n<p>Durante le riprese dell&#8217;intera saga, Daniel Radcliffe ha usato 160 paia di occhiali e 70 bacchette. Nei dieci anni delle riprese, agli studi di Leavesden \u00e8 stata creata l&#8217;incredibile quantit\u00e0 di 588 set.<\/p>\n","protected":false},"excerpt":{"rendered":"<p>La serie di film di Harry Potter si \u00e8 stabilita a Leavesden per oltre dieci anni. Siccome i film sono stati realizzati quando la pubblicazione dei libri era ancora in corso, il team di produzione ha conservato numerosi set, articoli di scena e costumi che erano stati creati appositamente per i film nel caso in [&hellip;]<\/p>\n","protected":false},"author":6,"featured_media":3351,"parent":0,"menu_order":0,"comment_status":"closed","ping_status":"closed","template":"","meta":{"_acf_changed":false,"footnotes":""},"class_list":["post-816","page","type-page","status-publish","has-post-thumbnail","hentry"],"translation":{"provider":"WPGlobus","version":"3.0.2","language":"it","enabled_languages":["en","es","de","fr","it"],"languages":{"en":{"title":true,"content":true,"excerpt":false},"es":{"title":true,"content":true,"excerpt":false},"de":{"title":true,"content":true,"excerpt":false},"fr":{"title":true,"content":true,"excerpt":false},"it":{"title":true,"content":true,"excerpt":false}}},"acf":{"add_cross_sell_to_page":false,"add_newsletter_sign_up_next_to_cross_sell":false,"choose_sidebar_entries":[{"ID":152,"post_author":"6","post_date":"2019-06-17 18:21:25","post_date_gmt":"2019-06-17 18:21:25","post_content":"","post_title":"{:en}Getting Here{:}{:es}C\u00d3MO LLEGAR{:}{:de}ANREISE{:}{:fr}PLAN D'ACC\u00c8S{:}","post_excerpt":"","post_status":"publish","comment_status":"closed","ping_status":"closed","post_password":"","post_name":"getting-here","to_ping":"","pinged":"","post_modified":"2019-08-21 22:15:32","post_modified_gmt":"2019-08-21 21:15:32","post_content_filtered":"","post_parent":0,"guid":"http:\/\/stage.wbstudiotour.co.uk\/?post_type=wbstl_sidebar&#038;p=152","menu_order":0,"post_type":"wbstl_sidebar","post_mime_type":"","comment_count":"0","filter":"raw"},{"ID":161,"post_author":"6","post_date":"2019-06-17 18:25:14","post_date_gmt":"2019-06-17 18:25:14","post_content":"","post_title":"{:en}Explore the Tour{:}{:es}EXPLORAR EL TOUR{:}{:de}ENTDECKEN SIE DIE TOUR{:}{:fr}EXPLOREZ LE TOUR{:}","post_excerpt":"","post_status":"publish","comment_status":"closed","ping_status":"closed","post_password":"","post_name":"explore-the-tour","to_ping":"","pinged":"","post_modified":"2019-08-28 22:44:40","post_modified_gmt":"2019-08-28 21:44:40","post_content_filtered":"","post_parent":0,"guid":"http:\/\/stage.wbstudiotour.co.uk\/?post_type=wbstl_sidebar&#038;p=161","menu_order":0,"post_type":"wbstl_sidebar","post_mime_type":"","comment_count":"0","filter":"raw"},{"ID":157,"post_author":"6","post_date":"2019-06-17 18:23:26","post_date_gmt":"2019-06-17 18:23:26","post_content":"","post_title":"{:en}Enhance Your Visit{:}{:es}MEJORA TU VISITA{:}{:de}ENTSTANDEN SIE IHREN BESUCH{:}{:fr}ENRICHIR VOTRE VISITE{:}","post_excerpt":"","post_status":"publish","comment_status":"closed","ping_status":"closed","post_password":"","post_name":"enhance-your-visit","to_ping":"","pinged":"","post_modified":"2022-10-10 12:34:01","post_modified_gmt":"2022-10-10 11:34:01","post_content_filtered":"","post_parent":0,"guid":"http:\/\/stage.wbstudiotour.co.uk\/?post_type=wbstl_sidebar&#038;p=157","menu_order":0,"post_type":"wbstl_sidebar","post_mime_type":"","comment_count":"0","filter":"raw"}],"wbstl_use_fancy_lists":false,"wbstl_hero_video":"","wbstl_hv_mobile_placeholder":false,"wbstl_hv_tablet_placeholder":false,"wbstl_hv_subtitle":"","wbstl_hv_add_ticket_purchase_cta":false,"wbstl_ii_image":false,"wbstl_ii_content":"","add_cross_sell_to_page2":false,"wbstl_hv_title_color":"","wbstl_hv_text_color":"","wbstl_hv_show_video_overlay":true,"wbstl_hv_cta_button_text":"","wbstl_hv_cta_link":"","wbstl_hv_show_cta_note":false,"wbstl_hv_cta_note":"","wbstl_hv_cta_button_redeem_text":"wbstl_hv_cta_button_redeem_text","wbstl_hv_cta_redeem_link":""},"yoast_head":"<!-- This site is optimized with the Yoast SEO plugin v27.4 - https:\/\/yoast.com\/product\/yoast-seo-wordpress\/ -->\n<title>La Nostra Storia - Warner Bros. Studio Tour London<\/title>\n<meta name=\"robots\" content=\"index, follow, max-snippet:-1, max-image-preview:large, max-video-preview:-1\" \/>\n<link rel=\"canonical\" href=\"https:\/\/www.wbstudiotour.co.uk\/our-history\/\" \/>\n<meta property=\"og:locale\" content=\"it_IT\" \/>\n<meta property=\"og:type\" content=\"article\" \/>\n<meta property=\"og:title\" content=\"La Nostra Storia - Warner Bros. Studio Tour London\" \/>\n<meta property=\"og:url\" content=\"https:\/\/www.wbstudiotour.co.uk\/our-history\/\" \/>\n<meta property=\"og:site_name\" content=\"Warner Bros. Studio Tour London\" \/>\n<meta property=\"article:modified_time\" content=\"2025-04-04T09:53:44+00:00\" \/>\n<meta property=\"og:image\" content=\"https:\/\/www.wbstudiotour.co.uk\/wp-content\/uploads\/2019\/12\/header-entrance-with-people.jpg\" \/>\n\t<meta property=\"og:image:width\" content=\"1920\" \/>\n\t<meta property=\"og:image:height\" content=\"1166\" \/>\n\t<meta property=\"og:image:type\" content=\"image\/jpeg\" \/>\n<meta name=\"twitter:card\" content=\"summary_large_image\" \/>\n<script type=\"application\/ld+json\" class=\"yoast-schema-graph\">{\"@context\":\"https:\\\/\\\/schema.org\",\"@graph\":[{\"@type\":\"ImageObject\",\"inLanguage\":\"it-IT\",\"@id\":\"https:\\\/\\\/www.wbstudiotour.co.uk\\\/our-history\\\/#primaryimage\",\"url\":\"https:\\\/\\\/stage.wbstudiotour.co.uk\\\/wp-content\\\/uploads\\\/2019\\\/12\\\/header-entrance-with-people.jpg\",\"contentUrl\":\"https:\\\/\\\/stage.wbstudiotour.co.uk\\\/wp-content\\\/uploads\\\/2019\\\/12\\\/header-entrance-with-people.jpg\",\"width\":1920,\"height\":1166},{\"@type\":\"BreadcrumbList\",\"@id\":\"https:\\\/\\\/www.wbstudiotour.co.uk\\\/our-history\\\/#breadcrumb\",\"itemListElement\":[{\"@type\":\"ListItem\",\"position\":1,\"name\":\"Home\",\"item\":\"https:\\\/\\\/stage.wbstudiotour.co.uk\\\/\"},{\"@type\":\"ListItem\",\"position\":2,\"name\":\"About The Studio Tour\"}]},{\"@type\":\"WebSite\",\"@id\":\"https:\\\/\\\/www.wbstudiotour.co.uk\\\/fr\\\/#website\",\"url\":\"https:\\\/\\\/www.wbstudiotour.co.uk\\\/fr\\\/\",\"name\":\"Warner Bros. Studio Tour London\",\"description\":\"\",\"potentialAction\":[{\"@type\":\"SearchAction\",\"target\":{\"@type\":\"EntryPoint\",\"urlTemplate\":\"https:\\\/\\\/www.wbstudiotour.co.uk\\\/fr\\\/?s={search_term_string}\"},\"query-input\":{\"@type\":\"PropertyValueSpecification\",\"valueRequired\":true,\"valueName\":\"search_term_string\"}}],\"inLanguage\":\"it-IT\"}]}<\/script>\n<!-- \/ Yoast SEO plugin. -->","yoast_head_json":{"title":"La Nostra Storia - Warner Bros. Studio Tour London","robots":{"index":"index","follow":"follow","max-snippet":"max-snippet:-1","max-image-preview":"max-image-preview:large","max-video-preview":"max-video-preview:-1"},"canonical":"https:\/\/www.wbstudiotour.co.uk\/our-history\/","og_locale":"it_IT","og_type":"article","og_title":"La Nostra Storia - Warner Bros. Studio Tour London","og_url":"https:\/\/www.wbstudiotour.co.uk\/our-history\/","og_site_name":"Warner Bros. Studio Tour London","article_modified_time":"2025-04-04T09:53:44+00:00","og_image":[{"width":1920,"height":1166,"url":"https:\/\/www.wbstudiotour.co.uk\/wp-content\/uploads\/2019\/12\/header-entrance-with-people.jpg","type":"image\/jpeg"}],"twitter_card":"summary_large_image","schema":{"@context":"https:\/\/schema.org","@graph":[{"@type":"ImageObject","inLanguage":"it-IT","@id":"https:\/\/www.wbstudiotour.co.uk\/our-history\/#primaryimage","url":"https:\/\/stage.wbstudiotour.co.uk\/wp-content\/uploads\/2019\/12\/header-entrance-with-people.jpg","contentUrl":"https:\/\/stage.wbstudiotour.co.uk\/wp-content\/uploads\/2019\/12\/header-entrance-with-people.jpg","width":1920,"height":1166},{"@type":"BreadcrumbList","@id":"https:\/\/www.wbstudiotour.co.uk\/our-history\/#breadcrumb","itemListElement":[{"@type":"ListItem","position":1,"name":"Home","item":"https:\/\/stage.wbstudiotour.co.uk\/"},{"@type":"ListItem","position":2,"name":"About The Studio Tour"}]},{"@type":"WebSite","@id":"https:\/\/www.wbstudiotour.co.uk\/fr\/#website","url":"https:\/\/www.wbstudiotour.co.uk\/fr\/","name":"Warner Bros. Studio Tour London","description":"","potentialAction":[{"@type":"SearchAction","target":{"@type":"EntryPoint","urlTemplate":"https:\/\/www.wbstudiotour.co.uk\/fr\/?s={search_term_string}"},"query-input":{"@type":"PropertyValueSpecification","valueRequired":true,"valueName":"search_term_string"}}],"inLanguage":"it-IT"}]}},"_links":{"self":[{"href":"https:\/\/stage.wbstudiotour.co.uk\/it\/wp-json\/wp\/v2\/pages\/816","targetHints":{"allow":["GET"]}}],"collection":[{"href":"https:\/\/stage.wbstudiotour.co.uk\/it\/wp-json\/wp\/v2\/pages"}],"about":[{"href":"https:\/\/stage.wbstudiotour.co.uk\/it\/wp-json\/wp\/v2\/types\/page"}],"author":[{"embeddable":true,"href":"https:\/\/stage.wbstudiotour.co.uk\/it\/wp-json\/wp\/v2\/users\/6"}],"replies":[{"embeddable":true,"href":"https:\/\/stage.wbstudiotour.co.uk\/it\/wp-json\/wp\/v2\/comments?post=816"}],"version-history":[{"count":6,"href":"https:\/\/stage.wbstudiotour.co.uk\/it\/wp-json\/wp\/v2\/pages\/816\/revisions"}],"predecessor-version":[{"id":33854,"href":"https:\/\/stage.wbstudiotour.co.uk\/it\/wp-json\/wp\/v2\/pages\/816\/revisions\/33854"}],"wp:featuredmedia":[{"embeddable":true,"href":"https:\/\/stage.wbstudiotour.co.uk\/it\/wp-json\/wp\/v2\/media\/3351"}],"wp:attachment":[{"href":"https:\/\/stage.wbstudiotour.co.uk\/it\/wp-json\/wp\/v2\/media?parent=816"}],"curies":[{"name":"wp","href":"https:\/\/api.w.org\/{rel}","templated":true}]}}