{"id":823,"date":"2019-07-19T17:46:05","date_gmt":"2019-07-19T17:46:05","guid":{"rendered":"http:\/\/stage.wbstudiotour.co.uk\/?page_id=823"},"modified":"2025-02-26T12:06:48","modified_gmt":"2025-02-26T12:06:48","slug":"facilities","status":"publish","type":"page","link":"https:\/\/stage.wbstudiotour.co.uk\/it\/facilities\/","title":{"rendered":"Strutture"},"content":{"rendered":"<h2 class=\"wysiwyg-title\">Ingresso Studio Tour<\/h2>\n<h3 class=\"wysiwyg-subtitle\">Guardaroba<\/h3>\n<p>Giacche e borse possono essere depositate gratuitamente al guardaroba. Ove possibile, ti preghiamo di lasciarvi anche carrozzine e passeggini, poich\u00e9 lo spazio nello Studio Tour \u00e8 limitato. Nota: decliniamo ogni responsabilit\u00e0 sugli oggetti consegnati.<\/p>\n<p>Quando arrivi allo Studio Tour, prima dell&#8217;ingresso \u00e8 previsto un controllo di sicurezza e l&#8217;ispezione delle borse. Sar\u00e0 gradita la tua collaborazione con lo staff durante questo processo.<\/p>\n<h3 class=\"wysiwyg-subtitle\">Sportelli Automatici<\/h3>\n<p>Nell&#8217;atrio c&#8217;\u00e8 uno sportello automatico per il prelievo gratuito di contanti.<\/p>\n<h3 class=\"wysiwyg-subtitle\">Bagni<\/h3>\n<p>I bagni si trovano all&#8217;ingresso. Tutti i bagni sono attrezzati con il necessario per cambiare i neonati. \u00c8 presente inoltre un bagno accessibile ai disabili e a un massimo di due accompagnatori.<\/p>\n<h3 class=\"wysiwyg-subtitle\">Cibo e bevande<\/h3>\n<p>Nel caso dovessi arrivare in anticipo rispetto all&#8217;orario di prenotazione, puoi usufruire dei servizi all&#8217;ingresso, offerti dallo Studio Caf\u00e9 o da Starbucks, dove viene offerta un&#8217;ampia gamma di opzioni per mangiare e bere.<\/p>\n<p>Per i genitori con bambini piccoli, lo Studio Caf\u00e9 offre la possibilit\u00e0 di avere acqua calda per scaldare i biberon.<\/p>\n<h3 class=\"wysiwyg-subtitle\">Shopping<\/h3>\n<p>Puoi dare un&#8217;occhiata ai prodotti disponibili nel Negozio dello Studio quando vuoi, sia prima dell&#8217;orario di prenotazione che al termine della visita. L&#8217;accesso al Negozio dello Studio Tour \u00e8 possibile solo per coloro che sono in possesso di biglietto. Tuttavia, molti dei prodotti sono anche disponibili nel nostro <a href=\"https:\/\/shop.wbstudiotour.co.uk\/\">Negozio Online<\/a>.<\/p>\n<hr \/>\n<h2 class=\"wysiwyg-title\">Nello Studio Tour<\/h2>\n<h3 class=\"wysiwyg-subtitle\">Bagni<\/h3>\n<p>Tutti i bagni sono facilmente accessibili e all&#8217;interno dello Studio Tour sono disponibili diversi servizi per disabili. Tutti i bagni sono attrezzati con il necessario per cambiare i neonati.<\/p>\n<h3 class=\"wysiwyg-subtitle\">Sala Per Genitori Con Bambini Piccoli<\/h3>\n<p>Accanto al Backlot Caf\u00e9 \u00e8 disponibile un&#8217;area privata per l&#8217;allattamento dotata di sedia apposita e fasciatoi. Il Backlot Caf\u00e9 pu\u00f2 fornire acqua calda per scaldare i biberon.<\/p>\n<h3 class=\"wysiwyg-subtitle\">Cibo e bevande<\/h3>\n<p class=\"wysiwyg-subtitle\">Il Backlot Caf\u00e9, che si trova a met\u00e0 dello Studio Tour, serve piatti caldi, panini e spuntini. Qualunque siano le condizioni atmosferiche, potrai decidere se sederti all&#8217;interno o all&#8217;esterno.<\/p>\n<p class=\"wysiwyg-subtitle\">Qui avrai anche la possibilit\u00e0 di goderti un bel boccale schiumoso di Burrobirra, la bevanda analcolica che ricorda il sapore del toffee e dei biscotti di pasta frolla.<\/p>\n","protected":false},"excerpt":{"rendered":"<p>Ingresso Studio Tour Guardaroba Giacche e borse possono essere depositate gratuitamente al guardaroba. Ove possibile, ti preghiamo di lasciarvi anche carrozzine e passeggini, poich\u00e9 lo spazio nello Studio Tour \u00e8 limitato. Nota: decliniamo ogni responsabilit\u00e0 sugli oggetti consegnati. Quando arrivi allo Studio Tour, prima dell&#8217;ingresso \u00e8 previsto un controllo di sicurezza e l&#8217;ispezione delle borse. [&hellip;]<\/p>\n","protected":false},"author":6,"featured_media":3350,"parent":0,"menu_order":0,"comment_status":"closed","ping_status":"closed","template":"","meta":{"_acf_changed":false,"footnotes":""},"class_list":["post-823","page","type-page","status-publish","has-post-thumbnail","hentry"],"translation":{"provider":"WPGlobus","version":"3.0.2","language":"it","enabled_languages":["en","es","de","fr","it"],"languages":{"en":{"title":true,"content":true,"excerpt":false},"es":{"title":true,"content":true,"excerpt":false},"de":{"title":true,"content":true,"excerpt":false},"fr":{"title":true,"content":true,"excerpt":false},"it":{"title":true,"content":true,"excerpt":false}}},"acf":{"add_cross_sell_to_page":false,"add_newsletter_sign_up_next_to_cross_sell":false,"choose_sidebar_entries":[{"ID":787,"post_author":"6","post_date":"2019-07-17 21:36:06","post_date_gmt":"2019-07-17 21:36:06","post_content":"","post_title":"{:en}When You Arrive{:}{:es}CUANDO LLEGUES{:}{:de}WENN DU ANKOMMST{:}{:fr}QUAND VOUS ARRIVEZ{:}","post_excerpt":"","post_status":"publish","comment_status":"closed","ping_status":"closed","post_password":"","post_name":"when-you-arrive","to_ping":"","pinged":"","post_modified":"2019-12-05 15:08:06","post_modified_gmt":"2019-12-05 15:08:06","post_content_filtered":"","post_parent":0,"guid":"http:\/\/stage.wbstudiotour.co.uk\/?post_type=wbstl_sidebar&#038;p=787","menu_order":0,"post_type":"wbstl_sidebar","post_mime_type":"","comment_count":"0","filter":"raw"},{"ID":159,"post_author":"6","post_date":"2019-06-17 18:24:04","post_date_gmt":"2019-06-17 18:24:04","post_content":"","post_title":"{:en}Food & Drink{:}{:es}COMIDA Y BEBIDA{:}","post_excerpt":"","post_status":"publish","comment_status":"closed","ping_status":"closed","post_password":"","post_name":"food-drink","to_ping":"","pinged":"","post_modified":"2025-06-11 15:29:22","post_modified_gmt":"2025-06-11 14:29:22","post_content_filtered":"","post_parent":0,"guid":"http:\/\/stage.wbstudiotour.co.uk\/?post_type=wbstl_sidebar&#038;p=159","menu_order":0,"post_type":"wbstl_sidebar","post_mime_type":"","comment_count":"0","filter":"raw"}],"wbstl_use_fancy_lists":false,"wbstl_hero_video":"","wbstl_hv_mobile_placeholder":false,"wbstl_hv_tablet_placeholder":false,"wbstl_hv_subtitle":"","wbstl_hv_add_ticket_purchase_cta":false,"wbstl_ii_image":false,"wbstl_ii_content":"","add_cross_sell_to_page2":false,"wbstl_hv_cta_button_text":"","wbstl_hv_cta_link":"","wbstl_hv_show_cta_note":false,"wbstl_hv_cta_note":"","wbstl_hv_title_color":"","wbstl_hv_text_color":"","wbstl_hv_show_video_overlay":true,"wbstl_hv_cta_button_redeem_text":"wbstl_hv_cta_button_redeem_text","wbstl_hv_cta_redeem_link":""},"yoast_head":"<!-- This site is optimized with the Yoast SEO plugin v27.4 - https:\/\/yoast.com\/product\/yoast-seo-wordpress\/ -->\n<title>Strutture - Warner Bros. Studio Tour London<\/title>\n<meta name=\"robots\" content=\"index, follow, max-snippet:-1, max-image-preview:large, max-video-preview:-1\" \/>\n<link rel=\"canonical\" href=\"https:\/\/www.wbstudiotour.co.uk\/facilities\/\" \/>\n<meta property=\"og:locale\" content=\"it_IT\" \/>\n<meta property=\"og:type\" content=\"article\" \/>\n<meta property=\"og:title\" content=\"Strutture - Warner Bros. Studio Tour London\" \/>\n<meta property=\"og:url\" content=\"https:\/\/www.wbstudiotour.co.uk\/facilities\/\" \/>\n<meta property=\"og:site_name\" content=\"Warner Bros. Studio Tour London\" \/>\n<meta property=\"article:modified_time\" content=\"2025-02-26T12:06:48+00:00\" \/>\n<meta property=\"og:image\" content=\"https:\/\/www.wbstudiotour.co.uk\/wp-content\/uploads\/2019\/12\/header-facilities-entrance.jpg\" \/>\n\t<meta property=\"og:image:width\" content=\"1920\" \/>\n\t<meta property=\"og:image:height\" content=\"1039\" \/>\n\t<meta property=\"og:image:type\" content=\"image\/jpeg\" \/>\n<meta name=\"twitter:card\" content=\"summary_large_image\" \/>\n<script type=\"application\/ld+json\" class=\"yoast-schema-graph\">{\"@context\":\"https:\\\/\\\/schema.org\",\"@graph\":[{\"@type\":\"ImageObject\",\"inLanguage\":\"it-IT\",\"@id\":\"https:\\\/\\\/www.wbstudiotour.co.uk\\\/facilities\\\/#primaryimage\",\"url\":\"https:\\\/\\\/stage.wbstudiotour.co.uk\\\/wp-content\\\/uploads\\\/2019\\\/12\\\/header-facilities-entrance.jpg\",\"contentUrl\":\"https:\\\/\\\/stage.wbstudiotour.co.uk\\\/wp-content\\\/uploads\\\/2019\\\/12\\\/header-facilities-entrance.jpg\",\"width\":1920,\"height\":1039},{\"@type\":\"BreadcrumbList\",\"@id\":\"https:\\\/\\\/www.wbstudiotour.co.uk\\\/facilities\\\/#breadcrumb\",\"itemListElement\":[{\"@type\":\"ListItem\",\"position\":1,\"name\":\"Home\",\"item\":\"https:\\\/\\\/stage.wbstudiotour.co.uk\\\/\"},{\"@type\":\"ListItem\",\"position\":2,\"name\":\"Facilities\"}]},{\"@type\":\"WebSite\",\"@id\":\"https:\\\/\\\/www.wbstudiotour.co.uk\\\/fr\\\/#website\",\"url\":\"https:\\\/\\\/www.wbstudiotour.co.uk\\\/fr\\\/\",\"name\":\"Warner Bros. Studio Tour London\",\"description\":\"\",\"potentialAction\":[{\"@type\":\"SearchAction\",\"target\":{\"@type\":\"EntryPoint\",\"urlTemplate\":\"https:\\\/\\\/www.wbstudiotour.co.uk\\\/fr\\\/?s={search_term_string}\"},\"query-input\":{\"@type\":\"PropertyValueSpecification\",\"valueRequired\":true,\"valueName\":\"search_term_string\"}}],\"inLanguage\":\"it-IT\"}]}<\/script>\n<!-- \/ Yoast SEO plugin. -->","yoast_head_json":{"title":"Strutture - Warner Bros. Studio Tour London","robots":{"index":"index","follow":"follow","max-snippet":"max-snippet:-1","max-image-preview":"max-image-preview:large","max-video-preview":"max-video-preview:-1"},"canonical":"https:\/\/www.wbstudiotour.co.uk\/facilities\/","og_locale":"it_IT","og_type":"article","og_title":"Strutture - Warner Bros. Studio Tour London","og_url":"https:\/\/www.wbstudiotour.co.uk\/facilities\/","og_site_name":"Warner Bros. Studio Tour London","article_modified_time":"2025-02-26T12:06:48+00:00","og_image":[{"width":1920,"height":1039,"url":"https:\/\/www.wbstudiotour.co.uk\/wp-content\/uploads\/2019\/12\/header-facilities-entrance.jpg","type":"image\/jpeg"}],"twitter_card":"summary_large_image","schema":{"@context":"https:\/\/schema.org","@graph":[{"@type":"ImageObject","inLanguage":"it-IT","@id":"https:\/\/www.wbstudiotour.co.uk\/facilities\/#primaryimage","url":"https:\/\/stage.wbstudiotour.co.uk\/wp-content\/uploads\/2019\/12\/header-facilities-entrance.jpg","contentUrl":"https:\/\/stage.wbstudiotour.co.uk\/wp-content\/uploads\/2019\/12\/header-facilities-entrance.jpg","width":1920,"height":1039},{"@type":"BreadcrumbList","@id":"https:\/\/www.wbstudiotour.co.uk\/facilities\/#breadcrumb","itemListElement":[{"@type":"ListItem","position":1,"name":"Home","item":"https:\/\/stage.wbstudiotour.co.uk\/"},{"@type":"ListItem","position":2,"name":"Facilities"}]},{"@type":"WebSite","@id":"https:\/\/www.wbstudiotour.co.uk\/fr\/#website","url":"https:\/\/www.wbstudiotour.co.uk\/fr\/","name":"Warner Bros. Studio Tour London","description":"","potentialAction":[{"@type":"SearchAction","target":{"@type":"EntryPoint","urlTemplate":"https:\/\/www.wbstudiotour.co.uk\/fr\/?s={search_term_string}"},"query-input":{"@type":"PropertyValueSpecification","valueRequired":true,"valueName":"search_term_string"}}],"inLanguage":"it-IT"}]}},"_links":{"self":[{"href":"https:\/\/stage.wbstudiotour.co.uk\/it\/wp-json\/wp\/v2\/pages\/823","targetHints":{"allow":["GET"]}}],"collection":[{"href":"https:\/\/stage.wbstudiotour.co.uk\/it\/wp-json\/wp\/v2\/pages"}],"about":[{"href":"https:\/\/stage.wbstudiotour.co.uk\/it\/wp-json\/wp\/v2\/types\/page"}],"author":[{"embeddable":true,"href":"https:\/\/stage.wbstudiotour.co.uk\/it\/wp-json\/wp\/v2\/users\/6"}],"replies":[{"embeddable":true,"href":"https:\/\/stage.wbstudiotour.co.uk\/it\/wp-json\/wp\/v2\/comments?post=823"}],"version-history":[{"count":9,"href":"https:\/\/stage.wbstudiotour.co.uk\/it\/wp-json\/wp\/v2\/pages\/823\/revisions"}],"predecessor-version":[{"id":29756,"href":"https:\/\/stage.wbstudiotour.co.uk\/it\/wp-json\/wp\/v2\/pages\/823\/revisions\/29756"}],"wp:featuredmedia":[{"embeddable":true,"href":"https:\/\/stage.wbstudiotour.co.uk\/it\/wp-json\/wp\/v2\/media\/3350"}],"wp:attachment":[{"href":"https:\/\/stage.wbstudiotour.co.uk\/it\/wp-json\/wp\/v2\/media?parent=823"}],"curies":[{"name":"wp","href":"https:\/\/api.w.org\/{rel}","templated":true}]}}